{"id":10000831,"date":"2021-11-23T18:12:06","date_gmt":"2021-11-23T16:12:06","guid":{"rendered":"https:\/\/www.fh-joanneum.at\/electronics-and-computer-engineering\/master\/?page_id=831"},"modified":"2021-11-24T09:54:29","modified_gmt":"2021-11-24T07:54:29","slug":"thomas-koeck","status":"publish","type":"page","link":"https:\/\/www.fh-joanneum.at\/power-electronic-engineering\/master\/nach-dem-studium\/absolventinnen-absolventen\/thomas-koeck\/","title":{"rendered":"Thomas K\u00f6ck, BSc MSc"},"content":{"rendered":"<div id=\"\" class=\"wp-block-text-content margin-bottom-normal\">\n    <div class=\"container-lg\">\n        <div class=\"row\">\n            <div class=\"col\">\n                <h4>Eckdaten<\/h4>\n<p><strong>Jobbezeichnung:<\/strong> R&amp;D Engineer Senior  <br>\n<strong>Unternehmen:<\/strong> <a href=\"https:\/\/ats.net\/de\/\" target=\"_blank\" rel=\"noopener noreferrer\">AT&amp;S Austria Technologie &amp; Systemtechnik AG<\/a>  <br>\n<strong>Ich arbeite in:<\/strong> Leoben, &Ouml;sterreich  <br>\n<strong>Ich arbeite hier seit:<\/strong> 2021 <br>\n<strong>Mein Kontakt:<\/strong> <a href=\"mailto:tk82@inode.at\">tk82@inode.at<\/a><\/p>\n<h4>Was ich mache:<\/h4>\n<ul>\n<li>Forschung im Bereich Embedding von aktiven elektronischen Halbleitern<\/li>\n<li>Embedding von Leistungshalbleitern (im Speziellen GaN und SiC Transistoren)<\/li>\n<li>Erh&ouml;hung der Packungsdichte und Zuverl&auml;ssigkeit bei Embedded Component Packages<\/li>\n<\/ul>\n<h4>Warum ich meinen Beruf liebe:<\/h4>\n<ul>\n<li>Freiheit, sich frei zu entwickeln<\/li>\n<li>Freiheit, um auch &uuml;ber den Tellerrand zu schauen und nicht im &bdquo;Kastendenken&ldquo; zu stecken und strikt nach Job-Description zu arbeiten<\/li>\n<li>Moderate Reiset&auml;tigkeit (ich durfte meine Kollegen schon im ersten Monat zu einem internationalen Projektmeeting begleiten) <\/li>\n<\/ul>\n<h4>Was ich an meinem Job nicht so mag:<\/h4>\n<p>Ich konnte die Arbeitswelt als Facharbeiter in der Produktion kennenlernen. Das lehrt einen auch mit negativen Dingen gut umzugehen beziehungsweise nicht aus jeder M&uuml;cke einen Elefanten zu machen.<\/p>\n<h4>Wichtige F&auml;higkeiten in meinem Job:<\/h4>\n<ul>\n<li>Interesse an der Leistungselektronik und ihrer gesamten Zusammenh&auml;nge (Materialien, Aufbau, Funktionsweise, &hellip;)<\/li>\n<li>Vernetztes Denken<\/li>\n<li>Praktische Begabung und gute Auffassungsgabe, um bei Versuchsaufbauten auch selbst praktisch mitarbeiten zu k&ouml;nnen<\/li>\n<\/ul>\n<h4>Mein bisher gr&ouml;&szlig;ter Erfolg:<\/h4>\n<p>Der Abschluss des Masterstudiums Electronics &amp; Computer Engineering ist mein bisher gr&ouml;&szlig;ter Erfolg. Das hat mir gezeigt, dass es auch im etwas h&ouml;heren Alter m&ouml;glich ist, ein Studium zu beginnen und abzuschlie&szlig;en.<\/p>\n<h4>So bin ich zu meinem Job gekommen:<\/h4>\n<p>Ich habe schon w&auml;hrend des Bachelorstudiums das Praktikum bei AT&amp;S absolviert und auch meine zweite Bachelorarbeit im Unternehmen gemacht. Nach unterschiedlichen T&auml;tigkeiten sowie Dienstgebern im und nach dem Masterstudium f&uuml;hrte 2021 eines zum anderen.<\/p>\n<h4>Das habe ich im Studium f&uuml;rs Berufsleben gelernt:<\/h4>\n<p>Im Studium habe ich die F&auml;higkeit erworben, methodisch Probleme und Aufgabenstellungen zu l&ouml;sen. Wichtig ist der richtige Umgang mit Fachliteratur sowie Publikationen, um Ergebnisse zu erreichen. Prinzipiell serviert das Studium fachlich und methodisch ein umfangreiches Paket, welches ausgezeichnet auf die Berufswelt vorbereitet. Dieses einzusetzen und zu erweitern ist dann die Kunst jedes bzw. jeder Einzelnen<\/p>\n<h4>Die Jobchancen in meinem Bereich:<\/h4>\n<p>Mit dem Abschluss des Studiums stehen T&uuml;r und Tor offen. Die entstehenden M&ouml;glichkeiten zu nutzen und erfolgreich umzusetzen, setzen allerdings auch die Bereitschaft voraus, vieles daf&uuml;r einzusetzen.<\/p>\n<h4>Ich bin:<\/h4>\n<p>Zuverl&auml;ssig, neugierig und bringe Kampfgeist mit<\/p>\n<h4>Ein paar abschlie&szlig;ende Gedanken<\/h4>\n<p>Nach Abschluss des Studiums habe ich mein gr&ouml;&szlig;tes Ziel erreicht und mich beruflich in einen Bereich katapultiert, in dem es Spa&szlig; macht, aufzustehen und zu arbeiten. Ich mache meinen Job, weil ich sehr gerne Aufgaben selbstst&auml;ndig und im Team l&ouml;se. Ich habe auch die M&ouml;glichkeit, um mich mit Themen, die mich in meinem Bereich besonders interessieren oder die Probleme bereiten, intensiver und l&auml;nger zu besch&auml;ftigen. <\/p>\n\n            <\/div>\n        <\/div>\n            <\/div>\n<\/div>\n\n","protected":false},"excerpt":{"rendered":"<p>Thomas K\u00f6ck hat sein gr\u00f6\u00dftes Ziel erreicht und forscht bei AT&amp;S unter anderem im Bereich Embedding von aktiven elektronischen Halbleitern.   <\/p>\n","protected":false},"author":27,"featured_media":10000832,"parent":10000329,"menu_order":21,"comment_status":"closed","ping_status":"closed","template":"template-absolvent.blade.php","meta":{"_acf_changed":false,"footnotes":""},"acf":[],"aioseo_notices":[],"_links":{"self":[{"href":"https:\/\/www.fh-joanneum.at\/power-electronic-engineering\/master\/wp-json\/wp\/v2\/pages\/10000831"}],"collection":[{"href":"https:\/\/www.fh-joanneum.at\/power-electronic-engineering\/master\/wp-json\/wp\/v2\/pages"}],"about":[{"href":"https:\/\/www.fh-joanneum.at\/power-electronic-engineering\/master\/wp-json\/wp\/v2\/types\/page"}],"author":[{"embeddable":true,"href":"https:\/\/www.fh-joanneum.at\/power-electronic-engineering\/master\/wp-json\/wp\/v2\/users\/27"}],"replies":[{"embeddable":true,"href":"https:\/\/www.fh-joanneum.at\/power-electronic-engineering\/master\/wp-json\/wp\/v2\/comments?post=10000831"}],"version-history":[{"count":0,"href":"https:\/\/www.fh-joanneum.at\/power-electronic-engineering\/master\/wp-json\/wp\/v2\/pages\/10000831\/revisions"}],"up":[{"embeddable":true,"href":"https:\/\/www.fh-joanneum.at\/power-electronic-engineering\/master\/wp-json\/wp\/v2\/pages\/10000329"}],"wp:featuredmedia":[{"embeddable":true,"href":"https:\/\/www.fh-joanneum.at\/power-electronic-engineering\/master\/wp-json\/wp\/v2\/media\/10000832"}],"wp:attachment":[{"href":"https:\/\/www.fh-joanneum.at\/power-electronic-engineering\/master\/wp-json\/wp\/v2\/media?parent=10000831"}],"curies":[{"name":"wp","href":"https:\/\/api.w.org\/{rel}","templated":true}]}}