{"id":10000250,"date":"2015-08-10T15:16:26","date_gmt":"2015-08-10T13:16:26","guid":{"rendered":"https:\/\/www.fh-joanneum.at\/produktionstechnik\/bachelor\/?page_id=250"},"modified":"2025-01-28T13:16:24","modified_gmt":"2025-01-28T12:16:24","slug":"voraussetzungen","status":"publish","type":"page","link":"https:\/\/www.fh-joanneum.at\/produktionstechnik\/bachelor\/vor-dem-studium\/voraussetzungen\/","title":{"rendered":"Voraussetzungen"},"content":{"rendered":"<div id=\"\" class=\"wp-block-text-content margin-bottom-none\">\n    <div class=\"container-lg\">\n        <div class=\"row\">\n            <div class=\"col\">\n                <div class=\"module-migration-headline\">\n<h3>Erf&uuml;lle ich die Voraussetzungen f&uuml;r das Studium?<\/h3>\n<\/div>\n\n            <\/div>\n        <\/div>\n            <\/div>\n<\/div>\n\n\n<div id=\"\" class=\"wp-block-text-content margin-bottom-normal\">\n    <div class=\"container-lg\">\n        <div class=\"row\">\n            <div class=\"col\">\n                <p>Deutsch ist Unterrichtssprache und deren Kenntnis (zumindest auf dem Level B2) wird als erforderlich vorausgesetzt.<\/p>\n<h4>Studieren mit Matura<\/h4>\n<p>Sie k&ouml;nnen sich f&uuml;r das Studium bewerben, wenn Sie<\/p>\n<ul>\n<li>die Matura einer Allgemeinbildenden oder Berufsbildenden h&ouml;heren Schule,<\/li>\n<li>eine Berufsreifepr&uuml;fung oder<\/li>\n<li>eine Lehre mit Matura<\/li>\n<\/ul>\n<p>haben.<\/p>\n\n            <\/div>\n        <\/div>\n            <\/div>\n<\/div>\n\n\n<div\n    id=\"\"\n    class=\"wp-block-tipp-box margin-bottom-normal\"\n>\n    <div class=\"container-lg\">\n        <div class=\"row\">\n            <div class=\"col\">\n                <div class=\"tipp-box border border-info\">\n                    <div class=\"tipp-box-inner p-2 p-md-3\">\n                        <h4 class=\"\">Hinweis<\/h4>\n                        <p>Absolvent:innen einer facheinschl\u00e4gigen HTL mit sehr gutem Abschluss wird nach individueller \u00dcberpr\u00fcfung durch die Studiengangsleitung ein Einstieg ins zweite Semester erm\u00f6glicht. <br \/>\nWenn Sie Fragen dazu haben, hilft Ihnen die Studiengangsleitung gerne weiter: <br \/>\nE: <a href=\"mailto:georg.wagner@fh-joanneum.at\" title=\"Studiengangsleitung per E-Mail kontaktieren\">georg.wagner@fh-joanneum.at<\/a>  <\/p>\n\n                    <\/div>\n                <\/div>\n            <\/div>\n        <\/div>\n    <\/div>\n<\/div>\n\n\n<div id=\"\" class=\"wp-block-text-content margin-bottom-normal\">\n    <div class=\"container-lg\">\n        <div class=\"row\">\n            <div class=\"col\">\n                <h4>Studieren ohne Matura<\/h4>\n<p>Haben Sie keine Matura oder Berufsreifepr&uuml;fung, brauchen Sie<\/p>\n<ul>\n<li>eine Studienberechtigungspr&uuml;fung oder<\/li>\n<li>eine einschl&auml;gige berufliche Qualifikation mit Zusatzpr&uuml;fungen.<\/li>\n<\/ul>\n<p>Bis zum Studienbeginn weisen Sie Ihre Pr&uuml;fungen nach.<\/p>\n\n            <\/div>\n        <\/div>\n            <\/div>\n<\/div>\n\n\n<div id=\"\" class=\"wp-block-text-content margin-bottom-normal\">\n    <div class=\"container-lg\">\n        <div class=\"row\">\n            <div class=\"col\">\n                <h5>Studienberechtigungspr&uuml;fung<\/h5>\n<p>Eine Studienberechtigungspr&uuml;fung besteht immer aus f&uuml;nf Teilpr&uuml;fungen. F&uuml;r das Studium &bdquo;Produktionstechnik und Organisation&ldquo; wird eine Studienberechtigungspr&uuml;fung der Studienrichtungsgruppe <strong>Ingenieurwissenschaftliche Studien<\/strong> zur G&auml;nze anerkannt.<\/p>\n\n            <\/div>\n        <\/div>\n            <\/div>\n<\/div>\n\n\n\n\n<div id=\"\" class=\"wp-block-text-content margin-bottom-normal\">\n    <div class=\"container-lg\">\n        <div class=\"row\">\n            <div class=\"col\">\n                <h5>Einschl&auml;gige berufliche Qualifikation mit Zusatzpr&uuml;fungen<\/h5>\n<p>Eine einschl&auml;gige berufliche Qualifikation ist<\/p>\n<ul>\n<li>ein Lehrberuf mit Lehrabschluss (z. B. Elektronik, Elektrotechnik, Informations- und Kommunikationstechnologien, Metalltechnik und Maschinebau u. a.) oder   <\/li>\n<li>eine abgeschlossene Ausbildung an einer Berufsbildenden Mittleren Schule (z. B. Chemische Betriebstechnik, Computer- und Kommunikationstechnik, Datenverarbeitung, Elektronik, Elektrotechnik, Feinwerktechnik, Flugtechnik, Maschinenbau, Mechatronik und Mikroelektronik).<\/li>\n<\/ul>\n<p>Sie m&uuml;ssen die F&auml;cher<\/p>\n<ul>\n<li>Deutsch (Aufsatz &uuml;ber ein allgemeines Thema),<\/li>\n<li>Mathematik 2,<\/li>\n<li>Physik und<\/li>\n<li>Lebende Fremdsprache<\/li>\n<\/ul>\n<p>absolvieren.<\/p>\n\n            <\/div>\n        <\/div>\n            <\/div>\n<\/div>\n\n\n<div\n    id=\"\"\n    class=\"wp-block-tipp-box margin-bottom-normal\"\n>\n    <div class=\"container-lg\">\n        <div class=\"row\">\n            <div class=\"col\">\n                <div class=\"tipp-box border border-warning\">\n                    <div class=\"tipp-box-inner p-2 p-md-3\">\n                        <h4 class=\"\">Tipp<\/h4>\n                        <p>Die Pr\u00fcfungen k\u00f6nnen Sie zum Beispiel im Rahmen des <a href=\"https:\/\/www.fh-joanneum.at\/weiterbildung\/studieren-ohne-matura\/\">Studienbef\u00e4higungslehrgang<\/a> an der FH JOANNEUM machen. Der Lehrgang dauert zwei Semester und ist berufsbegleitend. Sie haben die M\u00f6glichkeit, auch einzelne Zusatzpr\u00fcfungen an der FH JOANNEUM abzulegen.<\/p>\n\n                    <\/div>\n                <\/div>\n            <\/div>\n        <\/div>\n    <\/div>\n<\/div>\n\n\n<div id=\"\" class=\"wp-block-text-content margin-bottom-normal\">\n    <div class=\"container-lg\">\n        <div class=\"row\">\n            <div class=\"col\">\n                <h4>Sie sind keine &ouml;sterreichische Staatsb&uuml;rgerin oder kein &ouml;sterreichischer Staatsb&uuml;rger?<\/h4>\n<p>F&uuml;r Sie gibt es einige Besonderheiten zu beachten. Mehr Informationen dazu finden Sie in unter dem Men&uuml;punkt <a href=\"https:\/\/fh-joanneum.at\/produktionstechnik\/bachelor\/vor-dem-studium\/internationale-bewerberinnen\/\"><strong>Internationale Bewerber:innen.<\/strong><\/a><\/p>\n\n            <\/div>\n        <\/div>\n            <\/div>\n<\/div>\n","protected":false},"excerpt":{"rendered":"<p>Welche Voraussetzungen m\u00fcssen Sie f\u00fcr das Studium erf\u00fcllen? Welche Nachweise m\u00fcssen Sie f\u00fcr Ihre Studienberechtigung erbringen? K\u00f6nnen Sie auch ohne Matura studieren? Die Antworten auf diese Fragen geben wir Ihnen hier.<\/p>\n","protected":false},"author":12,"featured_media":0,"parent":10000246,"menu_order":16,"comment_status":"closed","ping_status":"closed","template":"","meta":{"_acf_changed":false,"footnotes":""},"acf":[],"aioseo_notices":[],"_links":{"self":[{"href":"https:\/\/www.fh-joanneum.at\/produktionstechnik\/bachelor\/wp-json\/wp\/v2\/pages\/10000250"}],"collection":[{"href":"https:\/\/www.fh-joanneum.at\/produktionstechnik\/bachelor\/wp-json\/wp\/v2\/pages"}],"about":[{"href":"https:\/\/www.fh-joanneum.at\/produktionstechnik\/bachelor\/wp-json\/wp\/v2\/types\/page"}],"author":[{"embeddable":true,"href":"https:\/\/www.fh-joanneum.at\/produktionstechnik\/bachelor\/wp-json\/wp\/v2\/users\/12"}],"replies":[{"embeddable":true,"href":"https:\/\/www.fh-joanneum.at\/produktionstechnik\/bachelor\/wp-json\/wp\/v2\/comments?post=10000250"}],"version-history":[{"count":2,"href":"https:\/\/www.fh-joanneum.at\/produktionstechnik\/bachelor\/wp-json\/wp\/v2\/pages\/10000250\/revisions"}],"predecessor-version":[{"id":10000673,"href":"https:\/\/www.fh-joanneum.at\/produktionstechnik\/bachelor\/wp-json\/wp\/v2\/pages\/10000250\/revisions\/10000673"}],"up":[{"embeddable":true,"href":"https:\/\/www.fh-joanneum.at\/produktionstechnik\/bachelor\/wp-json\/wp\/v2\/pages\/10000246"}],"wp:attachment":[{"href":"https:\/\/www.fh-joanneum.at\/produktionstechnik\/bachelor\/wp-json\/wp\/v2\/media?parent=10000250"}],"curies":[{"name":"wp","href":"https:\/\/api.w.org\/{rel}","templated":true}]}}