{"id":10000278,"date":"2015-08-10T15:19:48","date_gmt":"2015-08-10T13:19:48","guid":{"rendered":"https:\/\/www.fh-joanneum.at\/produktionstechnik\/bachelor\/?page_id=278"},"modified":"2024-09-05T14:42:07","modified_gmt":"2024-09-05T12:42:07","slug":"studienabschluss","status":"publish","type":"page","link":"https:\/\/www.fh-joanneum.at\/produktionstechnik\/bachelor\/im-studium\/studienabschluss\/","title":{"rendered":"Studienabschluss"},"content":{"rendered":"<div id=\"\" class=\"wp-block-text-content margin-bottom-none\">\n    <div class=\"container-lg\">\n        <div class=\"row\">\n            <div class=\"col\">\n                <div class=\"module-migration-headline\">\n<h3>Voraussetzungen f&uuml;r den Studienabschluss<\/h3>\n<\/div>\n\n            <\/div>\n        <\/div>\n            <\/div>\n<\/div>\n\n\n<div id=\"\" class=\"wp-block-text-content margin-bottom-normal\">\n    <div class=\"container-lg\">\n        <div class=\"row\">\n            <div class=\"col\">\n                <p>Um das Studium &bdquo;Produktionstechnik und Organisation&ldquo; positiv abzuschlie&szlig;en, m&uuml;ssen Sie:<\/p>\n<ul>\n<li>alle Lehrveranstaltungen positiv absolvieren<\/li>\n<li>die vorgegebene Praxis positiv abschlie&szlig;en<\/li>\n<li>zwei Bachelorarbeiten verfassen, die beide positiv bewertet werden m&uuml;ssen<\/li>\n<li>die Bachelorpr&uuml;fung positiv ablegen<\/li>\n<\/ul>\n<p>Ihr Titel nach dem Studienabschluss lautet &bdquo;Bachelor of Science in Engineering (BSc)&ldquo;.<\/p>\n\n            <\/div>\n        <\/div>\n            <\/div>\n<\/div>\n\n\n<div id=\"\" class=\"wp-block-text-content margin-bottom-none\">\n    <div class=\"container-lg\">\n        <div class=\"row\">\n            <div class=\"col\">\n                <div class=\"module-migration-headline\">\n<h4>Bachelorarbeiten<\/h4>\n<\/div>\n\n            <\/div>\n        <\/div>\n            <\/div>\n<\/div>\n\n\n<div id=\"\" class=\"wp-block-text-content margin-bottom-normal\">\n    <div class=\"container-lg\">\n        <div class=\"row\">\n            <div class=\"col\">\n                <p>Die erste Bachelorarbeit ist eine Pr&uuml;fungsarbeit die zeigt, dass unsere Studierenden in der Lage sind ihren individuellen Kompetenzaufbau im Wechsel von Theorie und Praxisphasen beschreiben und reflektieren zu k&ouml;nnen. Sie wird im Rahmen einer Lehrveranstaltung w&auml;hrend des f&uuml;nften und sechsten Semesters verfasst. F&uuml;r die Arbeit kann auf die in den vorangegangenen Semestern erstellten Praxisberichte zur&uuml;ckgegriffen werden.<\/p>\n<p>Die zweite Bachelorarbeit ist eine wissenschaftliche Arbeit zum Abschluss des Bachelorstudiums. Dabei werden alle von der Studierenden oder dem Studierenden w&auml;hrend der theoretischen und praktischen Ausbildung erworbenen F&auml;higkeiten durch die L&ouml;sung einer f&uuml;r den Ausbildungsbetrieb wesentlichen Fragestellung umgesetzt. Mit der zweiten Bachelorarbeit werden die erlangten beruflichen und akademischen Kompetenzen bewiesen.<\/p>\n<p>Gemeinsam mit dem Ausbildungsunternehmen und einer beziehungsweise einem Lehrenden werden im f&uuml;nften Semester eine betriebliche Aufgabenstellung und damit das Thema der zweiten Bachelorarbeit definiert. Die Arbeit wird im sechsten Semester w&auml;hrend der Praxis im Unternehmen und in der Lehrveranstaltung bearbeitet und verfasst. Der Gesamtumfang der Arbeit soll mindestens 200 Arbeitsstunden umfassen (8 ETCS). <\/p>\n<p>Vorbereitend und begleitend zur zweiten Bachelorarbeit bieten wir ein Seminar mit Individual- und Kleingruppen-Coaching zu den einzelnen Abschnitten, zur Vertiefung ausgew&auml;hlter technischer oder organisatorischer Aspekte sowie zur korrekten Verfassung und Pr&auml;sentation wissenschaftlicher Arbeiten an.<\/p>\n\n            <\/div>\n        <\/div>\n            <\/div>\n<\/div>\n\n\n<div id=\"\" class=\"wp-block-text-content margin-bottom-none\">\n    <div class=\"container-lg\">\n        <div class=\"row\">\n            <div class=\"col\">\n                <div class=\"module-migration-headline\">\n<h4>Bachelorpr&uuml;fung<\/h4>\n<\/div>\n\n            <\/div>\n        <\/div>\n            <\/div>\n<\/div>\n\n\n<div id=\"\" class=\"wp-block-text-content margin-bottom-normal\">\n    <div class=\"container-lg\">\n        <div class=\"row\">\n            <div class=\"col\">\n                <p>Die kommissionelle Pr&uuml;fung am Ende des sechsten Semesters setzt sich aus der Pr&auml;sentation der zweiten Bachelorarbeit und einem Pr&uuml;fungsgespr&auml;ch &uuml;ber deren Querverbindungen zu Teilgebieten des Studienplanes zusammen. Die Bachelorarbeit wird einem Pr&uuml;fungssenat, bestehend aus dem Vorsitz und jeweils einem Lehrenden oder einer Lehrenden aus dem Bereich Produktionstechnik und dem Bereich Produktionsorganisation, pr&auml;sentiert. Die Pr&uuml;fung ist &ouml;ffentlich.<\/p>\n\n            <\/div>\n        <\/div>\n            <\/div>\n<\/div>\n\n\n<div id=\"\" class=\"wp-block-text-content margin-bottom-none\">\n    <div class=\"container-lg\">\n        <div class=\"row\">\n            <div class=\"col\">\n                <div class=\"module-migration-headline\">\n<h3>Nach dem Bachelorabschluss<\/h3>\n<\/div>\n\n            <\/div>\n        <\/div>\n            <\/div>\n<\/div>\n\n\n<div id=\"\" class=\"wp-block-text-content margin-bottom-normal\">\n    <div class=\"container-lg\">\n        <div class=\"row\">\n            <div class=\"col\">\n                <p>Um das bereits erworbene Wissen auszubauen und mit einem Masterstudium weiter zu vertiefen, stehen nach dem Studium &bdquo;Produktionstechnik und Organisation&ldquo; folgende Masterstudieng&auml;nge an der FH JOANNEUM zur Verf&uuml;gung:<\/p>\n<ul>\n<li><a href=\"https:\/\/fh-joanneum.at\/engineering-and-production-management\/master\/\">&bdquo;Engineering and Product Management&ldquo; (MSc, Dual, Graz)<\/a><\/li>\n<li><a href=\"https:\/\/fh-joanneum.at\/energy-and-transport-management\/master\/\">&bdquo;Energy and Transport Management&ldquo; (MSc, Berufserm&ouml;glichend, Kapfenberg)<\/a><\/li>\n<li><a href=\"https:\/\/fh-joanneum.at\/international-industrial-management\/master\/\">&bdquo;International Industrial Management&ldquo; (DI, Vollzeit, Kapfenberg)<\/a><\/li>\n<li><a href=\"https:\/\/fh-joanneum.at\/international-industrial-management\/berufsbegleitend\/\">&bdquo;International Industrial Management&ldquo; (DI, Berufsbegleitend, Kapfenberg)<\/a><\/li>\n<li><a href=\"https:\/\/fh-joanneum.at\/advanced-electronic-engineering\/master\/\">&bdquo;Advanced Electronic Engineering&ldquo; (MSc, Berufserm&ouml;glichend, Kapfenberg)<\/a><\/li>\n<li><a href=\"https:\/\/fh-joanneum.at\/fahrzeugtechnik\/master\/\">&bdquo;Fahrzeugtechnik \/ Automotive Engineering&ldquo; (DI, Vollzeit, Graz)<\/a><\/li>\n<li><a href=\"https:\/\/fh-joanneum.at\/it-recht-und-management\/master\/\">&bdquo;IT-Recht und Management&ldquo; (MA, Berufsbegleitend, Kapfenberg<\/a><\/li>\n<li><a href=\"https:\/\/fh-joanneum.at\/luftfahrt\/master\/\">&bdquo;Luftfahrt \/ Aviation&ldquo; (MSc., Vollzeit, Graz)<\/a><\/li>\n<\/ul>\n<p>Auch technische und organisatorische Masterstudieng&auml;nge an anderen Hochschulen stehen den Absolventinnen und Absolventen offen.<\/p>\n\n            <\/div>\n        <\/div>\n            <\/div>\n<\/div>\n","protected":false},"excerpt":{"rendered":"<p>Mit Ihrem Abschluss legen Sie den Grundstein f\u00fcr Ihre berufliche Zukunft. Welche Voraussetzungen Sie f\u00fcr den erfolgreichen Abschluss Ihres Studiums ben\u00f6tigen und alles, was Sie sonst noch wissen sollten, verraten wir Ihnen hier.<\/p>\n","protected":false},"author":12,"featured_media":0,"parent":10000264,"menu_order":45,"comment_status":"closed","ping_status":"closed","template":"","meta":{"_acf_changed":false,"footnotes":""},"acf":[],"aioseo_notices":[],"_links":{"self":[{"href":"https:\/\/www.fh-joanneum.at\/produktionstechnik\/bachelor\/wp-json\/wp\/v2\/pages\/10000278"}],"collection":[{"href":"https:\/\/www.fh-joanneum.at\/produktionstechnik\/bachelor\/wp-json\/wp\/v2\/pages"}],"about":[{"href":"https:\/\/www.fh-joanneum.at\/produktionstechnik\/bachelor\/wp-json\/wp\/v2\/types\/page"}],"author":[{"embeddable":true,"href":"https:\/\/www.fh-joanneum.at\/produktionstechnik\/bachelor\/wp-json\/wp\/v2\/users\/12"}],"replies":[{"embeddable":true,"href":"https:\/\/www.fh-joanneum.at\/produktionstechnik\/bachelor\/wp-json\/wp\/v2\/comments?post=10000278"}],"version-history":[{"count":1,"href":"https:\/\/www.fh-joanneum.at\/produktionstechnik\/bachelor\/wp-json\/wp\/v2\/pages\/10000278\/revisions"}],"predecessor-version":[{"id":10000637,"href":"https:\/\/www.fh-joanneum.at\/produktionstechnik\/bachelor\/wp-json\/wp\/v2\/pages\/10000278\/revisions\/10000637"}],"up":[{"embeddable":true,"href":"https:\/\/www.fh-joanneum.at\/produktionstechnik\/bachelor\/wp-json\/wp\/v2\/pages\/10000264"}],"wp:attachment":[{"href":"https:\/\/www.fh-joanneum.at\/produktionstechnik\/bachelor\/wp-json\/wp\/v2\/media?parent=10000278"}],"curies":[{"name":"wp","href":"https:\/\/api.w.org\/{rel}","templated":true}]}}