{"id":10000611,"date":"2024-03-27T09:26:39","date_gmt":"2024-03-27T07:26:39","guid":{"rendered":"https:\/\/www.fh-joanneum.at\/produktionstechnik\/bachelor\/?page_id=611"},"modified":"2025-04-17T08:09:36","modified_gmt":"2025-04-17T06:09:36","slug":"ausbildungspartner-werden","status":"publish","type":"page","link":"https:\/\/www.fh-joanneum.at\/produktionstechnik\/bachelor\/im-studium\/ausbildungspartner-werden\/","title":{"rendered":"Ausbildungspartner werden"},"content":{"rendered":"<div id=\"\" class=\"wp-block-text-content margin-bottom-none\">\n    <div class=\"container-lg\">\n        <div class=\"row\">\n            <div class=\"col\">\n                <div class=\"module-migration-headline\">\n<h3>Ausbildungspartner werden<\/h3>\n<\/div>\n\n            <\/div>\n        <\/div>\n            <\/div>\n<\/div>\n\n\n<div id=\"\" class=\"wp-block-text-content margin-bottom-normal\">\n    <div class=\"container-lg\">\n        <div class=\"row\">\n            <div class=\"col\">\n                <p>Alle in- und ausl&auml;ndischen Industriebetriebe bzw. deren Niederlassungen oder Teile davon, die im Berufsfeld des Studiengangs t&auml;tig sind oder in diesen Bereichen Kompetenzen aufbauen m&ouml;chten, k&ouml;nnen ihm Rahmen der Ausbildungspartnerschaft mit uns zusammenarbeiten. Voraussetzung ist die Bereitschaft zur Besch&auml;ftigung und Ausbildung der Studierenden entsprechend dem Berufsfeld und laut Studienplan. Um ein die entsprechend breite F&auml;cherung der Ausbildung zu erm&ouml;glichen, ist eine Unternehmensgr&ouml;&szlig;e von 50+ Mitarbeiter:innen sinnvoll, in Ausnahmef&auml;llen werden auch kleinere Betriebe akzeptiert. Typische Branchen sind die Metalltechnische Industrie, Fahrzeugindustrie, Lebensmittel- und Getr&auml;nkeindustrie, Chemische und Pharmazeutische Industrie, Elektro- und Elektronikindustrie, Holz-, Papier- und Zellstoffindustrie, Glasindustrie, Baustoffindustrie, Textil- und Lederindustrie.<\/p>\n\n            <\/div>\n        <\/div>\n            <\/div>\n<\/div>\n\n\n<div\n    id=\"\"\n    class=\"wp-block-downloads margin-bottom-normal\"\n>\n    <div class=\"container-lg\">\n        <div class=\"row\">\n                                                                        <div class=\"col-12 col-md-6 mb-4\">\n                            <a\n                                download\n                                href=\"https:\/\/cdn3.fh-joanneum.at\/media\/sites\/13\/2024\/11\/03_Ihre-Firma-studiert-jetzt-PTO_download_02.pdf\"\n                                target=\"_blank\"\n                                class=\"d-block text-decoration-none major-text-color-hover border p-2\"\n                            >\n                                <div class=\"d-flex align-items-center\">\n                                    <?xml version=\"1.0\" encoding=\"UTF-8\"?>\n<svg class=\"me-2 flex-shrink-0\" xmlns=\"http:\/\/www.w3.org\/2000\/svg\"  width=\"44\" height=\"48\" viewBox=\"0 0 512 512\">\n      <path d=\"m21 53l0 406c0 29 24 53 54 53l170 0c6 0 11-5 11-11 0-6-5-10-11-10l-170 0c-18 0-32-15-32-32l0-363c9 7 20 11 32 11l352 0 0 128c0 6 4 10 10 10 6 0 11-4 11-10l0-150-373 0c-18 0-32-14-32-32 0-17 14-32 32-32l362 0c6 0 11-4 11-10 0-6-5-11-11-11l-362 0c-30 0-54 24-54 53z m342 459c-71 0-128-57-128-128 0-71 57-128 128-128 70 0 128 57 128 128 0 71-58 128-128 128z m-8-67c0 0 0 0 0 0l-43-43c-4-4-4-11 0-15 5-4 11-4 16 0l24 25 0-81c0-6 5-11 11-11 6 0 10 5 10 11l0 81 25-25c4-4 11-4 15 0 4 4 4 11 0 15l-43 43c0 0 0 0 0 0l-7 7z m8-168c-59 0-107 48-107 107 0 59 48 107 107 107 58 0 106-48 106-107 0-59-48-107-106-107z m-288-234l0 21 352 0 0-21z\"\/>\n<\/svg>                                    <div class=\"download-info\">\n                                        <span class=\"download-title fw-bold\">\n                                            Ausbildungspartner:in werden: Ihre Firma studiert jetzt PTO\n                                        <\/span>\n\n                                        <div class=\"download-meta\">\n                                            <span class=\"download-size\">507 kB<\/span>\n                                            <span class=\"download-cta\">PDF<\/span>\n                                        <\/div>\n                                    <\/div>\n                                <\/div>\n                            <\/a>\n                        <\/div>\n                                                        <\/div>\n    <\/div>\n<\/div>\n\n\n<div id=\"\" class=\"wp-block-text-content margin-bottom-normal\">\n    <div class=\"container-lg\">\n        <div class=\"row\">\n            <div class=\"col\">\n                <h3>Ausbildungsziel und Berufsfeld<\/h3>\n<p>Ziel des Studiums ist die akademische Qualifikation der Studierenden f&uuml;r Assistenzfunktionen sowie f&uuml;r die Mitarbeit bzw. selbstst&auml;ndige Bearbeitung von Teil- und Kleinprojekten im gesamten Berufsfeld der Produktionstechnik und -organisation. Dazu z&auml;hlen die produktionsnahen Unternehmens- und F&amp;E-Bereiche wie Fertigung- und Verfahrenstechnik, Qualit&auml;ts- und Umweltmanagement, Konstruktion und Vorrichtungsbau, Arbeitsplatzgestaltung, Anlagen- und Fabrikplanung, Simulation, Produktionsplanung, Arbeitsvorbereitung, Instandhaltung, Materialwirtschaft, Intralogistik etc.<br>\nIm Rahmen der dualen Ausbildung werden neben den fachlichen auch die methodischen Kompetenzen sowie Kooperations- und Kommunikationsf&auml;higkeiten der Studierenden aufgebaut und gest&auml;rkt.<\/p>\n<h3>Aufgaben der Studierenden<\/h3>\n<p>Im Ausbildungsunternehmen sind Studierende w&auml;hrend der Praxisphasen direkt im Berufsfeld besch&auml;ftigt und sammeln so die f&uuml;r den Studienerfolg n&ouml;tige Erfahrung. Dazu k&ouml;nnen Studierende in bestehende betriebseigene Trainee-Programme aufgenommen werden, oder es werden individuelle Ausbildungspl&auml;ne f&uuml;r sie erstellt. Die Studierenden werden so ganz gezielt auf bestimmte oder m&ouml;glichst flexibel auf verschiedene sp&auml;ter einmal zu besetzende Stellen im Unternehmen vorbereitet.<br>\nW&auml;hrend der Ausbildung arbeiten die Studierenden h&auml;ufig in Assistenzfunktionen oder in der Projektleitung (KVP-Projekte, Lager- oder Prozessoptimierung etc.), AbsolventInnen &uuml;bernehmen nach entsprechend weiterer beruflicher Praxis bzw. einem weiterf&uuml;hrenden Masterstudium oft leitende Funktionen in den produktionsnahen Unternehmens- und F&amp;E Bereichen.<br>\nDie Studierenden arbeiten nach dem Abschluss des ersten Studienjahres im Ausbildungspartnerunternehmen. Hier stehen verschiedene M&ouml;glichkeiten offen (z.B. Vollzeitkraft mit Freistellung f&uuml;r die Theoriephasen, Teilzeitkraft oder Werkstudent mit auf die Gesamtzeit von zwei Jahren gerechnet durchschnittlich ca. 20h\/Woche etc.). Zwischen den Praxisphasen im Unternehmen besuchen die Studierenden jeweils geblockt f&uuml;r ca. 3 Monate die Vorlesungen an der Hochschule. <\/p>\n\n            <\/div>\n        <\/div>\n            <\/div>\n<\/div>\n\n\n<div\n    id=\"\"\n    class=\"wp-block-content-image margin-bottom-normal\"\n>\n    <div class=\"container-lg\">\n        <div class=\"row\">\n            <div class=\"col-12\">\n                <div >\n\n                    <div class=\"image-wrapper\">\n                        <picture>\n                        <source\n                media=\"(max-width: 576px)\"\n                srcset=\"https:\/\/cdn3.fh-joanneum.at\/media\/sites\/13\/2025\/04\/Theorie-und-Praxis-PTO-2024-1-576x264.png, https:\/\/cdn3.fh-joanneum.at\/media\/sites\/13\/2025\/04\/Theorie-und-Praxis-PTO-2024-1-768x352.png 2x\"\n            \/>\n                    <source\n                media=\"(max-width: 768px)\"\n                srcset=\"https:\/\/cdn3.fh-joanneum.at\/media\/sites\/13\/2025\/04\/Theorie-und-Praxis-PTO-2024-1-768x352.png, https:\/\/cdn3.fh-joanneum.at\/media\/sites\/13\/2025\/04\/Theorie-und-Praxis-PTO-2024-1-1024x470.png 2x\"\n            \/>\n                    <source\n                media=\"(max-width: 1024px)\"\n                srcset=\"https:\/\/cdn3.fh-joanneum.at\/media\/sites\/13\/2025\/04\/Theorie-und-Praxis-PTO-2024-1-1024x470.png, https:\/\/cdn3.fh-joanneum.at\/media\/sites\/13\/2025\/04\/Theorie-und-Praxis-PTO-2024-1-1536x705.png 2x\"\n            \/>\n                    <source\n                media=\"(max-width: 1536px)\"\n                srcset=\"https:\/\/cdn3.fh-joanneum.at\/media\/sites\/13\/2025\/04\/Theorie-und-Praxis-PTO-2024-1-1536x705.png, https:\/\/cdn3.fh-joanneum.at\/media\/sites\/13\/2025\/04\/Theorie-und-Praxis-PTO-2024-1-2048x940.png 2x\"\n            \/>\n                    <source\n                media=\"(max-width: 2048px)\"\n                srcset=\"https:\/\/cdn3.fh-joanneum.at\/media\/sites\/13\/2025\/04\/Theorie-und-Praxis-PTO-2024-1-2048x940.png, https:\/\/cdn3.fh-joanneum.at\/media\/sites\/13\/2025\/04\/Theorie-und-Praxis-PTO-2024-1.png 2x\"\n            \/>\n                <img decoding=\"async\"\n        class=\"img-fluid @if ($image_credit || $media_subtitle) mb-2 @endif @if ($lightbox) modal-trigger @endif\" @click=\"modal = !modal\" aria-expanded=\"false\"\n        src=\"https:\/\/cdn3.fh-joanneum.at\/media\/sites\/13\/2025\/04\/Theorie-und-Praxis-PTO-2024-1.png\"\n        alt=\"\"\n        title=\"\"\n         loading=\"lazy\"             >\n<\/picture>\n\n                                                                    <\/div>\n\n                                    <\/div>\n\n            <\/div>\n        <\/div>\n    <\/div>\n<\/div>\n\n\n<div id=\"\" class=\"wp-block-text-content margin-bottom-normal\">\n    <div class=\"container-lg\">\n        <div class=\"row\">\n            <div class=\"col\">\n                <h3>Aufgaben der Ausbildungspartnerunternehmen<\/h3>\n<p>Die Unternehmen verpflichten sich den Studierenden gegen&uuml;ber, sie entsprechend dem Berufsfeld einzusetzen und sie bei der Erreichung des Ausbildungszieles zu unterst&uuml;tzten. Vonseiten des Unternehmens wird den Studierenden und der Hochschule eine Person genannt, die f&uuml;r Mentoring bzw. die organisatorische und inhaltliche Koordination der praktischen Ausbildung als Kontakt zur Verf&uuml;gung steht.<br>\nWeitere Aufgaben des Mentors sind die Wahl bzw. Gestaltung des individuellen Ausbildungsplanes gemeinsam mit den Studierenden und ggf. Lehrenden der Hochschule, die Pr&uuml;fung und Freigabe der von den Studierenden zu erstellenden Praxisdokumentation sowie die Ausstellung der Praxisbeurteilung. Dar&uuml;ber hinaus koordiniert er ggf. den Wechsel der Studierenden zwischen den Abteilungen oder Bereichen im Unternehmen. Einmal j&auml;hrlich findet ein Treffen von Mentoren und Lehrenden zum Informations- und Erfahrungsaustausch statt, anlassbezogene Treffen z.B. zur Besprechung der Bachelorarbeit werden nach Bedarf vereinbart.<\/p>\n<h3>Welche Kosten entstehen dem Ausbildungspartnerunternehmen?<\/h3>\n<p>Das Unternehmen tr&auml;gt nur die mit der Anstellung und dem Gehalt der Studierenden in Verbindung stehenden Kosten. Die tats&auml;chliche H&ouml;he des Entgelts h&auml;ngt von Branche, Vorbildung sowie beruflicher Erfahrung ab und erfolgt nach Vereinbarung zwischen Ausbildungsunternehmen und Studierenden. Die Einstufung erfolgt je nach deren pers&ouml;nlicher Situation, &uuml;blicherweise startend in den Verwendungsgruppen III &ndash; VI.<br>\nIm Rahmen der Ausbildung besteht f&uuml;r die Studierenden die M&ouml;glichkeit, die Zertifikatspr&uuml;fung &bdquo;Qualit&auml;tsmanager:in&ldquo; des T&Uuml;V Austria abzulegen. Die Kosten f&uuml;r Unterlagen und Pr&uuml;fung von ca. 400,- Euro &uuml;bernimmt gew&ouml;hnlich das Unternehmen. Ebenfalls ins Studium integriert ist die Ausbildung zur Sicherheitsvertrauensperson.<br>\nEs fallen keine Studiengeb&uuml;hren f&uuml;r EU-B&uuml;rger:innen an, Studierende haben den Mitgliedsbeitrag der &Ouml;H (ca. 22 Euro pro Semester) zu leisten.<\/p>\n\n            <\/div>\n        <\/div>\n            <\/div>\n<\/div>\n\n\n<div\n    id=\"\"\n    class=\"wp-block-tipp-box margin-bottom-normal\"\n>\n    <div class=\"container-lg\">\n        <div class=\"row\">\n            <div class=\"col\">\n                <div class=\"tipp-box border border-warning\">\n                    <div class=\"tipp-box-inner p-2 p-md-3\">\n                        <h4 class=\"\">Tipp<\/h4>\n                        <p><strong>Arbeiten und Studieren im Ausland:<\/strong><\/p>\n<p>F\u00fcr Unternehmen und Studierende besteht jederzeit die M\u00f6glichkeit, Praxisphasen in ausl\u00e4ndischen Firmen oder Niederlassungen zu vereinbaren. Mit Zustimmung ihrer Unternehmen k\u00f6nnen sich Studierende auch f\u00fcr ein Austauschsemester an einer Partneruniversit\u00e4t zu bewerben. Mehr Infos dazu <a href=\"https:\/\/www.fh-joanneum.at\/produktionstechnik\/bachelor\/im-studium\/auslandssemester\/\">finden Sie hier<\/a>.<\/p>\n\n                    <\/div>\n                <\/div>\n            <\/div>\n        <\/div>\n    <\/div>\n<\/div>\n\n\n<div id=\"\" class=\"wp-block-text-content margin-bottom-normal\">\n    <div class=\"container-lg\">\n        <div class=\"row\">\n            <div class=\"col\">\n                <h4>Kontakt:<\/h4>\n<p>DI Christine W&ouml;ls <br>\nE: <a href=\"mailto:christine.woels@fh-joanneum.at\">christine.woels@fh-joanneum.at<\/a> <br>\nT: +43 316 5453-6922<\/p>\n\n            <\/div>\n        <\/div>\n            <\/div>\n<\/div>\n","protected":false},"excerpt":{"rendered":"<p>Im Ausbildungsunternehmen sind Studierende w\u00e4hrend der Praxisphasen direkt im Berufsfeld besch\u00e4ftigt und sammeln so die f\u00fcr den Studienerfolg n\u00f6tige Erfahrung. Dazu k\u00f6nnen Studierende in bestehende betriebseigene Trainee-Programme aufgenommen werden, oder es werden individuelle Ausbildungspl\u00e4ne f\u00fcr sie erstellt.<\/p>\n","protected":false},"author":143,"featured_media":0,"parent":10000264,"menu_order":43,"comment_status":"closed","ping_status":"closed","template":"","meta":{"_acf_changed":false,"footnotes":""},"acf":[],"aioseo_notices":[],"_links":{"self":[{"href":"https:\/\/www.fh-joanneum.at\/produktionstechnik\/bachelor\/wp-json\/wp\/v2\/pages\/10000611"}],"collection":[{"href":"https:\/\/www.fh-joanneum.at\/produktionstechnik\/bachelor\/wp-json\/wp\/v2\/pages"}],"about":[{"href":"https:\/\/www.fh-joanneum.at\/produktionstechnik\/bachelor\/wp-json\/wp\/v2\/types\/page"}],"author":[{"embeddable":true,"href":"https:\/\/www.fh-joanneum.at\/produktionstechnik\/bachelor\/wp-json\/wp\/v2\/users\/143"}],"replies":[{"embeddable":true,"href":"https:\/\/www.fh-joanneum.at\/produktionstechnik\/bachelor\/wp-json\/wp\/v2\/comments?post=10000611"}],"version-history":[{"count":4,"href":"https:\/\/www.fh-joanneum.at\/produktionstechnik\/bachelor\/wp-json\/wp\/v2\/pages\/10000611\/revisions"}],"predecessor-version":[{"id":10000687,"href":"https:\/\/www.fh-joanneum.at\/produktionstechnik\/bachelor\/wp-json\/wp\/v2\/pages\/10000611\/revisions\/10000687"}],"up":[{"embeddable":true,"href":"https:\/\/www.fh-joanneum.at\/produktionstechnik\/bachelor\/wp-json\/wp\/v2\/pages\/10000264"}],"wp:attachment":[{"href":"https:\/\/www.fh-joanneum.at\/produktionstechnik\/bachelor\/wp-json\/wp\/v2\/media?parent=10000611"}],"curies":[{"name":"wp","href":"https:\/\/api.w.org\/{rel}","templated":true}]}}