{"id":10000089,"date":"2016-06-09T09:31:57","date_gmt":"2016-06-09T07:31:57","guid":{"rendered":"https:\/\/www.fh-joanneum.at\/public-communication\/postgraduate\/?page_id=89"},"modified":"2024-09-19T14:25:01","modified_gmt":"2024-09-19T12:25:01","slug":"bewerbung","status":"publish","type":"page","link":"https:\/\/www.fh-joanneum.at\/public-communication\/postgraduate\/vor-dem-studium\/bewerbung\/","title":{"rendered":"Bewerbung"},"content":{"rendered":"<div id=\"\" class=\"wp-block-text-content margin-bottom-none\">\n    <div class=\"container-lg\">\n        <div class=\"row\">\n            <div class=\"col\">\n                <div class=\"module-migration-headline\">\n<h3>Bewerbung<\/h3>\n<\/div>\n\n            <\/div>\n        <\/div>\n            <\/div>\n<\/div>\n\n\n<div id=\"\" class=\"wp-block-text-content margin-bottom-normal\">\n    <div class=\"container-lg\">\n        <div class=\"row\">\n            <div class=\"col\">\n                <h5>Die n&ouml;tigen Unterlagen:<\/h5>\n<ul>\n<li>unterzeichnetes Bewerbungsschreiben \/ Motivationsschreiben<\/li>\n<li>unterzeichneter Lebenslauf<\/li>\n<li>Nachweis &uuml;ber den Abschluss eines facheinschl&auml;gigen Bachelorstudiums oder einer gleichwertigen Ausbildung in Kopie<\/li>\n<li>Nachweis &uuml;ber mehrj&auml;hrige einschl&auml;gige Berufserfahrung<\/li>\n<li>Nachweis der Allgemeinen Universit&auml;tsreife oder Studienberechtigung in Kopie<\/li>\n<li>Kopie des Staatsb&uuml;rgerschaftsnachweises oder des Reisepasses<\/li>\n<\/ul>\n\n            <\/div>\n        <\/div>\n            <\/div>\n<\/div>\n\n\n<div\n    id=\"\"\n    class=\"wp-block-tipp-box margin-bottom-normal\"\n>\n    <div class=\"container-lg\">\n        <div class=\"row\">\n            <div class=\"col\">\n                <div class=\"tipp-box border border-info\">\n                    <div class=\"tipp-box-inner p-2 p-md-3\">\n                        <h4 class=\"\">Hinweis<\/h4>\n                        <p><strong>Welche Regeln gelten f\u00fcr internationalen Dokumente?<\/strong><\/p>\n<p>F\u00fcr nicht-\u00f6sterreichische Dokumente gibt es Sonderregeln. Diese m\u00fcssen Sie einhalten, damit Ihre Bewerbung akzeptiert werden kann. Welche Richtlinien einzuhalten sind, h\u00e4ngt davon ab, in welchem Land die Dokumente ausgestellt wurden: <a href=\"https:\/\/www.fh-joanneum.at\/beglaubigungs-und-uebersetzungsrichtlinien\/\">Beglaubigungs- und \u00dcbersetzungsrichtlinien nach L\u00e4ndern<\/a>. <\/p>\n\n                    <\/div>\n                <\/div>\n            <\/div>\n        <\/div>\n    <\/div>\n<\/div>\n\n\n<div\n    id=\"\"\n    class=\"wp-block-tipp-box margin-bottom-normal\"\n>\n    <div class=\"container-lg\">\n        <div class=\"row\">\n            <div class=\"col\">\n                <div class=\"tipp-box border border-warning\">\n                    <div class=\"tipp-box-inner p-2 p-md-3\">\n                        <h4 class=\"\">Tipp<\/h4>\n                        <p>Falls Sie die Dokumente (Bachelor- oder Diplomurkunde) zum Zeitpunkt der Bewerbung noch nicht haben, k\u00f6nnen Sie diese bis zum Studienbeginn nachreichen.<\/p>\n\n                    <\/div>\n                <\/div>\n            <\/div>\n        <\/div>\n    <\/div>\n<\/div>\n\n\n<div id=\"\" class=\"wp-block-text-content margin-bottom-normal\">\n    <div class=\"container-lg\">\n        <div class=\"row\">\n            <div class=\"col\">\n                <h4>Onlinebewerbung<\/h4>\n<h5><a href=\"https:\/\/www.fh-joanneum.at\/studium\/online-bewerbung\/\">Hier geht es zur Onlinebewerbung.<\/a><\/h5>\n\n            <\/div>\n        <\/div>\n            <\/div>\n<\/div>\n\n\n<div id=\"\" class=\"wp-block-text-content margin-bottom-normal\">\n    <div class=\"container-lg\">\n        <div class=\"row\">\n            <div class=\"col\">\n                <h4>Einladung zum pers&ouml;nlichen Gespr&auml;ch<\/h4>\n<p>Ihre Bewerbung wird von der Lehrgangsleitung &uuml;berpr&uuml;ft. Alle Bewerber:innen, die die formalen Voraussetzungen erf&uuml;llen, werden zu einem pers&ouml;nlichen Gespr&auml;ch eingeladen. Diese Gespr&auml;che finden laufend statt. <\/p>\n\n            <\/div>\n        <\/div>\n            <\/div>\n<\/div>\n","protected":false},"excerpt":{"rendered":"<p>Hier erfahren Sie, wie Sie sich f\u00fcr den Lehrgang bewerben.<\/p>\n","protected":false},"author":14,"featured_media":0,"parent":10000048,"menu_order":13,"comment_status":"closed","ping_status":"closed","template":"","meta":{"_acf_changed":false,"footnotes":""},"acf":[],"aioseo_notices":[],"_links":{"self":[{"href":"https:\/\/www.fh-joanneum.at\/public-communication\/postgraduate\/wp-json\/wp\/v2\/pages\/10000089"}],"collection":[{"href":"https:\/\/www.fh-joanneum.at\/public-communication\/postgraduate\/wp-json\/wp\/v2\/pages"}],"about":[{"href":"https:\/\/www.fh-joanneum.at\/public-communication\/postgraduate\/wp-json\/wp\/v2\/types\/page"}],"author":[{"embeddable":true,"href":"https:\/\/www.fh-joanneum.at\/public-communication\/postgraduate\/wp-json\/wp\/v2\/users\/14"}],"replies":[{"embeddable":true,"href":"https:\/\/www.fh-joanneum.at\/public-communication\/postgraduate\/wp-json\/wp\/v2\/comments?post=10000089"}],"version-history":[{"count":1,"href":"https:\/\/www.fh-joanneum.at\/public-communication\/postgraduate\/wp-json\/wp\/v2\/pages\/10000089\/revisions"}],"predecessor-version":[{"id":10000356,"href":"https:\/\/www.fh-joanneum.at\/public-communication\/postgraduate\/wp-json\/wp\/v2\/pages\/10000089\/revisions\/10000356"}],"up":[{"embeddable":true,"href":"https:\/\/www.fh-joanneum.at\/public-communication\/postgraduate\/wp-json\/wp\/v2\/pages\/10000048"}],"wp:attachment":[{"href":"https:\/\/www.fh-joanneum.at\/public-communication\/postgraduate\/wp-json\/wp\/v2\/media?parent=10000089"}],"curies":[{"name":"wp","href":"https:\/\/api.w.org\/{rel}","templated":true}]}}