{"id":10000149,"date":"2016-08-02T11:54:06","date_gmt":"2016-08-02T09:54:06","guid":{"rendered":"https:\/\/www.fh-joanneum.at\/public-communication\/postgraduate\/?page_id=149"},"modified":"2023-03-20T16:16:49","modified_gmt":"2023-03-20T15:16:49","slug":"absolventinnen-und-absolventen","status":"publish","type":"page","link":"https:\/\/www.fh-joanneum.at\/public-communication\/postgraduate\/nach-dem-studium\/absolventinnen-und-absolventen\/","title":{"rendered":"Absolvent:innen"},"content":{"rendered":"<div id=\"\" class=\"wp-block-text-content margin-bottom-none\">\n    <div class=\"container-lg\">\n        <div class=\"row\">\n            <div class=\"col\">\n                <div class=\"module-migration-headline\">\n<h3>Das machen unsere Absolvent:innen<\/h3>\n<\/div>\n\n            <\/div>\n        <\/div>\n            <\/div>\n<\/div>\n\n<div id=\"\" class=\"wp-block-list-of-graduates margin-bottom-normal\">\n  <div class=\"container-lg\">\n    <div class=\"row\">\n                        <div class=\"col-6 col-sm-4 col-md-6 col-lg-4 col-xl-4 mb-4\">\n            <a\n    href=\"https:\/\/www.fh-joanneum.at\/public-communication\/postgraduate\/nach-dem-studium\/absolventinnen-und-absolventen\/larissa-friedl\/\"\n    class=\"graduate-card bg-light\"\n>\n    <div class=\"border border-light h-100\">\n        <div class=\"image-wrapper\">\n            <picture>\n                        <source\n                media=\"(max-width: 437px)\"\n                srcset=\"https:\/\/cdn3.fh-joanneum.at\/media\/sites\/43\/2016\/08\/larissa-friedl.png, https:\/\/cdn3.fh-joanneum.at\/media\/sites\/43\/2016\/08\/larissa-friedl.png 2x\"\n            \/>\n                    <source\n                media=\"(max-width: 437px)\"\n                srcset=\"https:\/\/cdn3.fh-joanneum.at\/media\/sites\/43\/2016\/08\/larissa-friedl.png, https:\/\/cdn3.fh-joanneum.at\/media\/sites\/43\/2016\/08\/larissa-friedl.png 2x\"\n            \/>\n                    <source\n                media=\"(max-width: 437px)\"\n                srcset=\"https:\/\/cdn3.fh-joanneum.at\/media\/sites\/43\/2016\/08\/larissa-friedl.png, https:\/\/cdn3.fh-joanneum.at\/media\/sites\/43\/2016\/08\/larissa-friedl.png 2x\"\n            \/>\n                    <source\n                media=\"(max-width: 437px)\"\n                srcset=\"https:\/\/cdn3.fh-joanneum.at\/media\/sites\/43\/2016\/08\/larissa-friedl.png, https:\/\/cdn3.fh-joanneum.at\/media\/sites\/43\/2016\/08\/larissa-friedl.png 2x\"\n            \/>\n                    <source\n                media=\"(max-width: 437px)\"\n                srcset=\"https:\/\/cdn3.fh-joanneum.at\/media\/sites\/43\/2016\/08\/larissa-friedl.png, https:\/\/cdn3.fh-joanneum.at\/media\/sites\/43\/2016\/08\/larissa-friedl.png 2x\"\n            \/>\n                <img decoding=\"async\"\n        class=\"img-fluid\"\n        src=\"https:\/\/cdn3.fh-joanneum.at\/media\/sites\/43\/2016\/08\/larissa-friedl.png\"\n        alt=\"Larissa Friedl\"\n        title=\"\"\n         loading=\"lazy\"             >\n<\/picture>\n\n        <\/div>\n        <div class=\"p-2 p-xl-3\">\n            <h6>Mag. (FH) Larissa Friedl, MA<\/h6>\n            <p class=\"mb-0 hyphens\">\n                Larissa Friedl betreut als Marketing-Spezialistin digitale Portale f\u00fcr internationale Unternehmen.\n            <\/p>\n        <\/div>\n    <\/div>\n<\/a>\n          <\/div>\n                  <div class=\"col-6 col-sm-4 col-md-6 col-lg-4 col-xl-4 mb-4\">\n            <a\n    href=\"https:\/\/www.fh-joanneum.at\/public-communication\/postgraduate\/nach-dem-studium\/absolventinnen-und-absolventen\/thomas-maier\/\"\n    class=\"graduate-card bg-light\"\n>\n    <div class=\"border border-light h-100\">\n        <div class=\"image-wrapper\">\n            <picture>\n                        <source\n                media=\"(max-width: 400px)\"\n                srcset=\"https:\/\/cdn3.fh-joanneum.at\/media\/sites\/43\/2016\/08\/thomas-maier-2.jpg, https:\/\/cdn3.fh-joanneum.at\/media\/sites\/43\/2016\/08\/thomas-maier-2.jpg 2x\"\n            \/>\n                    <source\n                media=\"(max-width: 400px)\"\n                srcset=\"https:\/\/cdn3.fh-joanneum.at\/media\/sites\/43\/2016\/08\/thomas-maier-2.jpg, https:\/\/cdn3.fh-joanneum.at\/media\/sites\/43\/2016\/08\/thomas-maier-2.jpg 2x\"\n            \/>\n                    <source\n                media=\"(max-width: 400px)\"\n                srcset=\"https:\/\/cdn3.fh-joanneum.at\/media\/sites\/43\/2016\/08\/thomas-maier-2.jpg, https:\/\/cdn3.fh-joanneum.at\/media\/sites\/43\/2016\/08\/thomas-maier-2.jpg 2x\"\n            \/>\n                    <source\n                media=\"(max-width: 400px)\"\n                srcset=\"https:\/\/cdn3.fh-joanneum.at\/media\/sites\/43\/2016\/08\/thomas-maier-2.jpg, https:\/\/cdn3.fh-joanneum.at\/media\/sites\/43\/2016\/08\/thomas-maier-2.jpg 2x\"\n            \/>\n                    <source\n                media=\"(max-width: 400px)\"\n                srcset=\"https:\/\/cdn3.fh-joanneum.at\/media\/sites\/43\/2016\/08\/thomas-maier-2.jpg, https:\/\/cdn3.fh-joanneum.at\/media\/sites\/43\/2016\/08\/thomas-maier-2.jpg 2x\"\n            \/>\n                <img decoding=\"async\"\n        class=\"img-fluid\"\n        src=\"https:\/\/cdn3.fh-joanneum.at\/media\/sites\/43\/2016\/08\/thomas-maier-2.jpg\"\n        alt=\"Thomas Maier\"\n        title=\"\"\n         loading=\"lazy\"             >\n<\/picture>\n\n        <\/div>\n        <div class=\"p-2 p-xl-3\">\n            <h6>Thomas Meier, MA<\/h6>\n            <p class=\"mb-0 hyphens\">\n                Thomas \u201eTom\u201d Meier ist Pressesprecher des Landesfeuerwehrverbands Steiermark und sorgt \u00f6sterreichweit f\u00fcr eine Neupositionierung von Einsatzorganisationen im Kommunikationsbereich.\n            <\/p>\n        <\/div>\n    <\/div>\n<\/a>\n          <\/div>\n                  <div class=\"col-6 col-sm-4 col-md-6 col-lg-4 col-xl-4 mb-4\">\n            <a\n    href=\"https:\/\/www.fh-joanneum.at\/public-communication\/postgraduate\/nach-dem-studium\/absolventinnen-und-absolventen\/melanie-koch\/\"\n    class=\"graduate-card bg-light\"\n>\n    <div class=\"border border-light h-100\">\n        <div class=\"image-wrapper\">\n            <picture>\n                        <source\n                media=\"(max-width: 384px)\"\n                srcset=\"https:\/\/cdn3.fh-joanneum.at\/media\/sites\/43\/2016\/08\/melanie-koch.jpg, https:\/\/cdn3.fh-joanneum.at\/media\/sites\/43\/2016\/08\/melanie-koch-768x1152.jpg 2x\"\n            \/>\n                    <source\n                media=\"(max-width: 768px)\"\n                srcset=\"https:\/\/cdn3.fh-joanneum.at\/media\/sites\/43\/2016\/08\/melanie-koch-768x1152.jpg, https:\/\/cdn3.fh-joanneum.at\/media\/sites\/43\/2016\/08\/melanie-koch-683x1024.jpg 2x\"\n            \/>\n                    <source\n                media=\"(max-width: 683px)\"\n                srcset=\"https:\/\/cdn3.fh-joanneum.at\/media\/sites\/43\/2016\/08\/melanie-koch-683x1024.jpg, https:\/\/cdn3.fh-joanneum.at\/media\/sites\/43\/2016\/08\/melanie-koch.jpg 2x\"\n            \/>\n                    <source\n                media=\"(max-width: 1024px)\"\n                srcset=\"https:\/\/cdn3.fh-joanneum.at\/media\/sites\/43\/2016\/08\/melanie-koch.jpg, https:\/\/cdn3.fh-joanneum.at\/media\/sites\/43\/2016\/08\/melanie-koch.jpg 2x\"\n            \/>\n                    <source\n                media=\"(max-width: 1200px)\"\n                srcset=\"https:\/\/cdn3.fh-joanneum.at\/media\/sites\/43\/2016\/08\/melanie-koch.jpg, https:\/\/cdn3.fh-joanneum.at\/media\/sites\/43\/2016\/08\/melanie-koch.jpg 2x\"\n            \/>\n                <img decoding=\"async\"\n        class=\"img-fluid\"\n        src=\"https:\/\/cdn3.fh-joanneum.at\/media\/sites\/43\/2016\/08\/melanie-koch.jpg\"\n        alt=\"Melanie Koch\"\n        title=\"\"\n         loading=\"lazy\"             >\n<\/picture>\n\n        <\/div>\n        <div class=\"p-2 p-xl-3\">\n            <h6>Mag. (FH) Melanie Koch, MA<\/h6>\n            <p class=\"mb-0 hyphens\">\n                Melanie Koch leitet als Gesch\u00e4ftsf\u00fchrerin den Tourismusregionalverband S\u00fcdsteiermark und steht f\u00fcr eine nachhaltige Entwicklung der Region \u00ac\u2013 auch zum Thema Kommunikation.\r\n \n            <\/p>\n        <\/div>\n    <\/div>\n<\/a>\n          <\/div>\n                  <\/div>\n  <\/div>\n<\/div>\n\n","protected":false},"excerpt":{"rendered":"<p>Wir haben einige unserer ehemaligen Studierenden portraitiert. So k\u00f6nnen Sie sich selbst ein Bild \u00fcber die Berufs- und Karrierem\u00f6glichkeiten machen.<\/p>\n","protected":false},"author":14,"featured_media":0,"parent":10000050,"menu_order":32,"comment_status":"closed","ping_status":"closed","template":"","meta":{"_acf_changed":false,"footnotes":""},"acf":[],"aioseo_notices":[],"_links":{"self":[{"href":"https:\/\/www.fh-joanneum.at\/public-communication\/postgraduate\/wp-json\/wp\/v2\/pages\/10000149"}],"collection":[{"href":"https:\/\/www.fh-joanneum.at\/public-communication\/postgraduate\/wp-json\/wp\/v2\/pages"}],"about":[{"href":"https:\/\/www.fh-joanneum.at\/public-communication\/postgraduate\/wp-json\/wp\/v2\/types\/page"}],"author":[{"embeddable":true,"href":"https:\/\/www.fh-joanneum.at\/public-communication\/postgraduate\/wp-json\/wp\/v2\/users\/14"}],"replies":[{"embeddable":true,"href":"https:\/\/www.fh-joanneum.at\/public-communication\/postgraduate\/wp-json\/wp\/v2\/comments?post=10000149"}],"version-history":[{"count":0,"href":"https:\/\/www.fh-joanneum.at\/public-communication\/postgraduate\/wp-json\/wp\/v2\/pages\/10000149\/revisions"}],"up":[{"embeddable":true,"href":"https:\/\/www.fh-joanneum.at\/public-communication\/postgraduate\/wp-json\/wp\/v2\/pages\/10000050"}],"wp:attachment":[{"href":"https:\/\/www.fh-joanneum.at\/public-communication\/postgraduate\/wp-json\/wp\/v2\/media?parent=10000149"}],"curies":[{"name":"wp","href":"https:\/\/api.w.org\/{rel}","templated":true}]}}