{"id":10000161,"date":"2016-08-02T15:50:46","date_gmt":"2016-08-02T13:50:46","guid":{"rendered":"https:\/\/www.fh-joanneum.at\/public-communication\/postgraduate\/?page_id=161"},"modified":"2023-03-20T16:19:27","modified_gmt":"2023-03-20T15:19:27","slug":"melanie-koch","status":"publish","type":"page","link":"https:\/\/www.fh-joanneum.at\/public-communication\/postgraduate\/nach-dem-studium\/absolventinnen-und-absolventen\/melanie-koch\/","title":{"rendered":"Mag. (FH) Melanie Koch, MA"},"content":{"rendered":"<div id=\"\" class=\"wp-block-text-content margin-bottom-normal\">\n    <div class=\"container-lg\">\n        <div class=\"row\">\n            <div class=\"col\">\n                <h4>Eckdaten:<\/h4>\n<p><strong>Jobbezeichnung:<\/strong> Gesch&auml;ftsf&uuml;hrerin  <br>\n<strong>Unternehmen:<\/strong> Oststeiermark Tourismus   <br>\n<strong>Ich arbeite in:<\/strong> St. Johann bei Herberstein, Steiermark, &Ouml;sterreich  <br>\n<strong>Ich arbeite hier seit:<\/strong> August 2019    <\/p>\n<p><a href=\"mailto:m.koch@oststeiermark.com\" title=\"Send email to Melanie Koch\">Mein Kontakt<\/a>  <\/p>\n<p>Meine Social URLs:<\/p>\n<p><a href=\"https:\/\/www.facebook.com\/melanie.koch.566?ref=bookmarks\" target=\"_blank\" rel=\"noopener noreferrer\">Facebook<\/a> <br>\n<a href=\"https:\/\/www.instagram.com\/melaniekoch\/\" target=\"_blank\" rel=\"noopener noreferrer\">Instagram<\/a><\/p>\n<h4>Was ich mache:<\/h4>\n<ul>\n<li>Destinationsentwicklung<\/li>\n<li>Marketing und Presse<\/li>\n<li>Touristische Qualit&auml;tsverbesserung <\/li>\n<\/ul>\n<h4>Was ich an meinem Beruf liebe:<\/h4>\n<ul>\n<li>die Zusammenarbeit mit Menschen <\/li>\n<li>Ideen zur Weiterentwicklung einbringen<\/li>\n<li>&uuml;ber den Tellerrand hinausdenken<\/li>\n<\/ul>\n<h4>Wichtige F&auml;higkeiten in meinem Job:<\/h4>\n<ul>\n<li>Kommunikationsf&auml;higkeit<\/li>\n<li>Unternehmensf&uuml;hrung<\/li>\n<li>Kreativit&auml;t<\/li>\n<li>Fingerspitzengef&uuml;hl<\/li>\n<li>Hausverstand <\/li>\n<\/ul>\n<h4>Mein bisher gr&ouml;&szlig;ter Erfolg in meiner Karriere<\/h4>\n<p>Ich bin eine Vollbluttouristikerin. So habe ich zehn Jahre lang als Gesch&auml;ftsf&uuml;hrerin den Tourismusverband Murau-Kreischberg geleitet. Des Weiteren war Ich als Assistenz der Gesch&auml;ftsf&uuml;hrung im Managementteam der Planai-Hochwurzen-Bahnen t&auml;tig und freu mich jetzt den Regionalverband Oststeiermark leiten zu d&uuml;rfen. Aus jeder dieser T&auml;tigkeit habe ich wertvolle Erfahrungen und Kontakte zu gro&szlig;artigen Menschen f&uuml;r mich mitgenommen. <\/p>\n<h4>So bin ich zu meinem Job gekommen<\/h4>\n<p>Ich habe meine Vorg&auml;ngerin als Kollegin im Tourismus sehr gesch&auml;tzt. Umso mehr habe ich mich gefreut, als ich erfahren habe, dass ich ihre Stelle als Gesch&auml;ftsf&uuml;hrerin einnehmen darf. Hierf&uuml;r habe ich ein normales Bewerbungsverfahren durchlaufen. <\/p>\n<h4>Das habe ich im Studium f&uuml;rs Berufsleben gelernt<\/h4>\n<p>Der Masterlehrgang &bdquo;Public Communication&ldquo; hat mir erm&ouml;glicht, mein Wissen aus der Praxis mit der Theorie und vielen neuen Erkenntnissen zu untermauern. Dies hat mir nat&uuml;rlich im t&auml;glichen Berufsleben sehr geholfen, da das Studium berufsbegleitend war und ich die neuen Erkenntnisse gleich in der Praxis ausprobieren k&ouml;nnte. <\/p>\n<h4>Die Jobchancen in meinem Bereich<\/h4>\n<p>Ich habe mit unterschiedlichen Jobs begonnen, um zu sehen, was f&uuml;r mich passt und was ich gerne m&ouml;chte. Mit guten Ausbildungen und den pers&ouml;nlichen Zielen vor Augen ist alles m&ouml;glich. <\/p>\n<h3>Ich bin:<\/h3>\n<ul>\n<li>kommunikativ<\/li>\n<li>herzlich  <\/li>\n<li>zielstrebig  <\/li>\n<\/ul>\n<h4>Ich &uuml;ber meinen Job<\/h4>\n<p>Wichtig f&uuml;r mich ist, dass ich Spa&szlig; an meiner Arbeit habe. Man muss f&uuml;r sich immer neue Herausforderungen suchen und sich st&auml;ndig weiterentwickeln. Mit meiner T&auml;tigkeit im Oststeiermark Tourismus kann ich mich in die Region einbringen und diese gemeinsam mit vielen anderen Verantwortlichen weiterentwickeln. <\/p>\n<p>Man kann G&auml;ste nur begeistern, wenn man selbst voll und ganz hinter seinem Produkt steht und liebt, was man macht. Dann ist man authentisch und &uuml;berzeugend. Ich bin froh, ein Teil dieser Region zu sein und mitgestalten zu d&uuml;rfen. Ich kann jeder Absolventin und jedem Absolventen nur mitgeben, dass man alles im Berufsleben ausprobieren soll, was einem zusagt. Erst dann findet man seine wirkliche Berufung.<\/p>\n\n            <\/div>\n        <\/div>\n            <\/div>\n<\/div>\n\n","protected":false},"excerpt":{"rendered":"<p>Melanie Koch leitet als Gesch\u00e4ftsf\u00fchrerin den Tourismusregionalverband S\u00fcdsteiermark und steht f\u00fcr eine nachhaltige Entwicklung der Region \u00ac\u2013 auch zum Thema Kommunikation.<\/p>\n","protected":false},"author":12,"featured_media":10000162,"parent":10000149,"menu_order":0,"comment_status":"closed","ping_status":"closed","template":"template-absolvent.blade.php","meta":{"_acf_changed":false,"footnotes":""},"acf":[],"aioseo_notices":[],"_links":{"self":[{"href":"https:\/\/www.fh-joanneum.at\/public-communication\/postgraduate\/wp-json\/wp\/v2\/pages\/10000161"}],"collection":[{"href":"https:\/\/www.fh-joanneum.at\/public-communication\/postgraduate\/wp-json\/wp\/v2\/pages"}],"about":[{"href":"https:\/\/www.fh-joanneum.at\/public-communication\/postgraduate\/wp-json\/wp\/v2\/types\/page"}],"author":[{"embeddable":true,"href":"https:\/\/www.fh-joanneum.at\/public-communication\/postgraduate\/wp-json\/wp\/v2\/users\/12"}],"replies":[{"embeddable":true,"href":"https:\/\/www.fh-joanneum.at\/public-communication\/postgraduate\/wp-json\/wp\/v2\/comments?post=10000161"}],"version-history":[{"count":0,"href":"https:\/\/www.fh-joanneum.at\/public-communication\/postgraduate\/wp-json\/wp\/v2\/pages\/10000161\/revisions"}],"up":[{"embeddable":true,"href":"https:\/\/www.fh-joanneum.at\/public-communication\/postgraduate\/wp-json\/wp\/v2\/pages\/10000149"}],"wp:featuredmedia":[{"embeddable":true,"href":"https:\/\/www.fh-joanneum.at\/public-communication\/postgraduate\/wp-json\/wp\/v2\/media\/10000162"}],"wp:attachment":[{"href":"https:\/\/www.fh-joanneum.at\/public-communication\/postgraduate\/wp-json\/wp\/v2\/media?parent=10000161"}],"curies":[{"name":"wp","href":"https:\/\/api.w.org\/{rel}","templated":true}]}}