{"id":10000228,"date":"2018-06-14T11:43:26","date_gmt":"2018-06-14T09:43:26","guid":{"rendered":"https:\/\/www.fh-joanneum.at\/public-communication\/postgraduate\/?page_id=228"},"modified":"2020-07-09T10:30:28","modified_gmt":"2020-07-09T08:30:28","slug":"beruf-und-lehrgang-verbinden","status":"publish","type":"page","link":"https:\/\/www.fh-joanneum.at\/public-communication\/postgraduate\/im-studium\/beruf-und-lehrgang-verbinden\/","title":{"rendered":"Beruf und Lehrgang verbinden"},"content":{"rendered":"<div id=\"\" class=\"wp-block-text-content margin-bottom-normal\">\n    <div class=\"container-lg\">\n        <div class=\"row\">\n            <div class=\"col\">\n                <p>Wovon profitieren die Studierenden von &bdquo;Public Communication&rdquo; bereits w&auml;hrend des Studiums? Wie gestaltet sich die gemeinsame Arbeit mit Menschen unterschiedlichster Alters- und Berufsgruppen? Welche Rolle spielt ausgefeiltes Zeitmanagement und aus welchen Gr&uuml;nden haben die Studierenden sich f&uuml;r diesen Masterlehrgang entschieden? Erfahren sie aus erster Hand, wie sich das Leben am Lehrgang darstellt.<\/p>\n<h4>Erfahrungberichte<\/h4>\n\n            <\/div>\n        <\/div>\n            <\/div>\n<\/div>\n\n<div id=\"\" class=\"wp-block-list-of-graduates margin-bottom-normal\">\n  <div class=\"container-lg\">\n    <div class=\"row\">\n                        <div class=\"col-6 col-sm-4 col-md-6 col-lg-4 col-xl-4 mb-4\">\n            <a\n    href=\"https:\/\/www.fh-joanneum.at\/public-communication\/postgraduate\/im-studium\/beruf-und-lehrgang-verbinden\/sandra-suppan-ba-ma\/\"\n    class=\"graduate-card bg-light\"\n>\n    <div class=\"border border-light h-100\">\n        <div class=\"image-wrapper\">\n            <picture>\n                        <source\n                media=\"(max-width: 576px)\"\n                srcset=\"https:\/\/cdn3.fh-joanneum.at\/media\/sites\/43\/2020\/07\/sandra-suppan-ba-ma-2.gif, https:\/\/cdn3.fh-joanneum.at\/media\/sites\/43\/2020\/07\/sandra-suppan-ba-ma-2-768x512.gif 2x\"\n            \/>\n                    <source\n                media=\"(max-width: 768px)\"\n                srcset=\"https:\/\/cdn3.fh-joanneum.at\/media\/sites\/43\/2020\/07\/sandra-suppan-ba-ma-2-768x512.gif, https:\/\/cdn3.fh-joanneum.at\/media\/sites\/43\/2020\/07\/sandra-suppan-ba-ma-2.gif 2x\"\n            \/>\n                    <source\n                media=\"(max-width: 800px)\"\n                srcset=\"https:\/\/cdn3.fh-joanneum.at\/media\/sites\/43\/2020\/07\/sandra-suppan-ba-ma-2.gif, https:\/\/cdn3.fh-joanneum.at\/media\/sites\/43\/2020\/07\/sandra-suppan-ba-ma-2.gif 2x\"\n            \/>\n                    <source\n                media=\"(max-width: 800px)\"\n                srcset=\"https:\/\/cdn3.fh-joanneum.at\/media\/sites\/43\/2020\/07\/sandra-suppan-ba-ma-2.gif, https:\/\/cdn3.fh-joanneum.at\/media\/sites\/43\/2020\/07\/sandra-suppan-ba-ma-2.gif 2x\"\n            \/>\n                    <source\n                media=\"(max-width: 800px)\"\n                srcset=\"https:\/\/cdn3.fh-joanneum.at\/media\/sites\/43\/2020\/07\/sandra-suppan-ba-ma-2.gif, https:\/\/cdn3.fh-joanneum.at\/media\/sites\/43\/2020\/07\/sandra-suppan-ba-ma-2.gif 2x\"\n            \/>\n                <img decoding=\"async\"\n        class=\"img-fluid\"\n        src=\"https:\/\/cdn3.fh-joanneum.at\/media\/sites\/43\/2020\/07\/sandra-suppan-ba-ma-2.gif\"\n        alt=\"Sandra Suppan, BA, MA\"\n        title=\"\"\n         loading=\"lazy\"             >\n<\/picture>\n\n        <\/div>\n        <div class=\"p-2 p-xl-3\">\n            <h6>Sandra Suppan, BA, MA<\/h6>\n            <p class=\"mb-0 hyphens\">\n                Die Auswahl an Themengebieten und Vortragenden sowie die damit verbundene Aussicht auf spannende Diskussionen und neue Einblicke waren f\u00fcr Sandra Suppan die Hauptgr\u00fcnde, sich f\u00fcr den Lehrgang \u201ePublic Communication\u201c zu bewerben.\n            <\/p>\n        <\/div>\n    <\/div>\n<\/a>\n          <\/div>\n                  <div class=\"col-6 col-sm-4 col-md-6 col-lg-4 col-xl-4 mb-4\">\n            <a\n    href=\"https:\/\/www.fh-joanneum.at\/public-communication\/postgraduate\/im-studium\/beruf-und-lehrgang-verbinden\/angela-bischof-ba\/\"\n    class=\"graduate-card bg-light\"\n>\n    <div class=\"border border-light h-100\">\n        <div class=\"image-wrapper\">\n            <picture>\n                        <source\n                media=\"(max-width: 563px)\"\n                srcset=\"https:\/\/cdn3.fh-joanneum.at\/media\/sites\/43\/2020\/07\/angela-bischof-ba.jpg, https:\/\/cdn3.fh-joanneum.at\/media\/sites\/43\/2020\/07\/angela-bischof-ba-768x786.jpg 2x\"\n            \/>\n                    <source\n                media=\"(max-width: 768px)\"\n                srcset=\"https:\/\/cdn3.fh-joanneum.at\/media\/sites\/43\/2020\/07\/angela-bischof-ba-768x786.jpg, https:\/\/cdn3.fh-joanneum.at\/media\/sites\/43\/2020\/07\/angela-bischof-ba-1001x1024.jpg 2x\"\n            \/>\n                    <source\n                media=\"(max-width: 1001px)\"\n                srcset=\"https:\/\/cdn3.fh-joanneum.at\/media\/sites\/43\/2020\/07\/angela-bischof-ba-1001x1024.jpg, https:\/\/cdn3.fh-joanneum.at\/media\/sites\/43\/2020\/07\/angela-bischof-ba.jpg 2x\"\n            \/>\n                    <source\n                media=\"(max-width: 1501px)\"\n                srcset=\"https:\/\/cdn3.fh-joanneum.at\/media\/sites\/43\/2020\/07\/angela-bischof-ba.jpg, https:\/\/cdn3.fh-joanneum.at\/media\/sites\/43\/2020\/07\/angela-bischof-ba.jpg 2x\"\n            \/>\n                    <source\n                media=\"(max-width: 2001px)\"\n                srcset=\"https:\/\/cdn3.fh-joanneum.at\/media\/sites\/43\/2020\/07\/angela-bischof-ba.jpg, https:\/\/cdn3.fh-joanneum.at\/media\/sites\/43\/2020\/07\/angela-bischof-ba.jpg 2x\"\n            \/>\n                <img decoding=\"async\"\n        class=\"img-fluid\"\n        src=\"https:\/\/cdn3.fh-joanneum.at\/media\/sites\/43\/2020\/07\/angela-bischof-ba.jpg\"\n        alt=\"Angela Bischof, BA\"\n        title=\"\"\n         loading=\"lazy\"             >\n<\/picture>\n\n        <\/div>\n        <div class=\"p-2 p-xl-3\">\n            <h6>Angela Bischof, BA MA<\/h6>\n            <p class=\"mb-0 hyphens\">\n                \u201ePublic Communication\u201c bot Angela Bischof nicht nur die M\u00f6glichkeit, Erfahrungen auszutauschen und Kontakte zu Menschen zu kn\u00fcpfen, sondern auch den fachlichen Input der Vortragenden im Beruf umzusetzen.  \n            <\/p>\n        <\/div>\n    <\/div>\n<\/a>\n          <\/div>\n                  <div class=\"col-6 col-sm-4 col-md-6 col-lg-4 col-xl-4 mb-4\">\n            <a\n    href=\"https:\/\/www.fh-joanneum.at\/public-communication\/postgraduate\/im-studium\/beruf-und-lehrgang-verbinden\/maike-sophie-rindler\/\"\n    class=\"graduate-card bg-light\"\n>\n    <div class=\"border border-light h-100\">\n        <div class=\"image-wrapper\">\n            <picture>\n                        <source\n                media=\"(max-width: 432px)\"\n                srcset=\"https:\/\/cdn3.fh-joanneum.at\/media\/sites\/43\/2021\/01\/maike-sophie-rindler.jpg, https:\/\/cdn3.fh-joanneum.at\/media\/sites\/43\/2021\/01\/maike-sophie-rindler-768x1024.jpg 2x\"\n            \/>\n                    <source\n                media=\"(max-width: 768px)\"\n                srcset=\"https:\/\/cdn3.fh-joanneum.at\/media\/sites\/43\/2021\/01\/maike-sophie-rindler-768x1024.jpg, https:\/\/cdn3.fh-joanneum.at\/media\/sites\/43\/2021\/01\/maike-sophie-rindler-768x1024.jpg 2x\"\n            \/>\n                    <source\n                media=\"(max-width: 768px)\"\n                srcset=\"https:\/\/cdn3.fh-joanneum.at\/media\/sites\/43\/2021\/01\/maike-sophie-rindler-768x1024.jpg, https:\/\/cdn3.fh-joanneum.at\/media\/sites\/43\/2021\/01\/maike-sophie-rindler.jpg 2x\"\n            \/>\n                    <source\n                media=\"(max-width: 1152px)\"\n                srcset=\"https:\/\/cdn3.fh-joanneum.at\/media\/sites\/43\/2021\/01\/maike-sophie-rindler.jpg, https:\/\/cdn3.fh-joanneum.at\/media\/sites\/43\/2021\/01\/maike-sophie-rindler.jpg 2x\"\n            \/>\n                    <source\n                media=\"(max-width: 1536px)\"\n                srcset=\"https:\/\/cdn3.fh-joanneum.at\/media\/sites\/43\/2021\/01\/maike-sophie-rindler.jpg, https:\/\/cdn3.fh-joanneum.at\/media\/sites\/43\/2021\/01\/maike-sophie-rindler.jpg 2x\"\n            \/>\n                <img decoding=\"async\"\n        class=\"img-fluid\"\n        src=\"https:\/\/cdn3.fh-joanneum.at\/media\/sites\/43\/2021\/01\/maike-sophie-rindler.jpg\"\n        alt=\"Maike Sophie Rindler\"\n        title=\"\"\n         loading=\"lazy\"             >\n<\/picture>\n\n        <\/div>\n        <div class=\"p-2 p-xl-3\">\n            <h6>Maike Sophie Rindler, MA<\/h6>\n            <p class=\"mb-0 hyphens\">\n                Maike Sophie Rindler ist im Bereich Public Relations und Marketing bei JOANNEUM Research t\u00e4tig. Im Interview erz\u00e4hlt sie, wie sich Studium und Beruf vereinbaren lassen und warum der Masterlehrgang \u201ePublic Kommunikation\u201c die richtige Wahl war. \n            <\/p>\n        <\/div>\n    <\/div>\n<\/a>\n          <\/div>\n                  <div class=\"col-6 col-sm-4 col-md-6 col-lg-4 col-xl-4 mb-4\">\n            <a\n    href=\"https:\/\/www.fh-joanneum.at\/public-communication\/postgraduate\/im-studium\/beruf-und-lehrgang-verbinden\/peter-drechsler\/\"\n    class=\"graduate-card bg-light\"\n>\n    <div class=\"border border-light h-100\">\n        <div class=\"image-wrapper\">\n            <picture>\n                        <source\n                media=\"(max-width: 576px)\"\n                srcset=\"https:\/\/cdn3.fh-joanneum.at\/media\/sites\/43\/2023\/03\/peter-drechsler.jpg, https:\/\/cdn3.fh-joanneum.at\/media\/sites\/43\/2023\/03\/peter-drechsler-768x768.jpg 2x\"\n            \/>\n                    <source\n                media=\"(max-width: 768px)\"\n                srcset=\"https:\/\/cdn3.fh-joanneum.at\/media\/sites\/43\/2023\/03\/peter-drechsler-768x768.jpg, https:\/\/cdn3.fh-joanneum.at\/media\/sites\/43\/2023\/03\/peter-drechsler-1024x1024.jpg 2x\"\n            \/>\n                    <source\n                media=\"(max-width: 1024px)\"\n                srcset=\"https:\/\/cdn3.fh-joanneum.at\/media\/sites\/43\/2023\/03\/peter-drechsler-1024x1024.jpg, https:\/\/cdn3.fh-joanneum.at\/media\/sites\/43\/2023\/03\/peter-drechsler-1536x1536.jpg 2x\"\n            \/>\n                    <source\n                media=\"(max-width: 1536px)\"\n                srcset=\"https:\/\/cdn3.fh-joanneum.at\/media\/sites\/43\/2023\/03\/peter-drechsler-1536x1536.jpg, https:\/\/cdn3.fh-joanneum.at\/media\/sites\/43\/2023\/03\/peter-drechsler.jpg 2x\"\n            \/>\n                    <source\n                media=\"(max-width: 2048px)\"\n                srcset=\"https:\/\/cdn3.fh-joanneum.at\/media\/sites\/43\/2023\/03\/peter-drechsler.jpg, https:\/\/cdn3.fh-joanneum.at\/media\/sites\/43\/2023\/03\/peter-drechsler.jpg 2x\"\n            \/>\n                <img decoding=\"async\"\n        class=\"img-fluid\"\n        src=\"https:\/\/cdn3.fh-joanneum.at\/media\/sites\/43\/2023\/03\/peter-drechsler.jpg\"\n        alt=\"Peter Drechsler\"\n        title=\"\"\n         loading=\"lazy\"             >\n<\/picture>\n\n        <\/div>\n        <div class=\"p-2 p-xl-3\">\n            <h6>Peter Drechsler<\/h6>\n            <p class=\"mb-0 hyphens\">\n                F\u00fcr Pressesprecher Peter Drechsler ist es essenziell, effektive Kommunikation und erfolgreiches Marketing zu beherrschen. Der Lehrgang \u201ePublic Communication\u201c bietet ihm die M\u00f6glichkeit, sowohl theoretisches Wissen als auch praxisnahe Anwendungsbeispiele zu erlernen.\r\n\r\n\n            <\/p>\n        <\/div>\n    <\/div>\n<\/a>\n          <\/div>\n                  <div class=\"col-6 col-sm-4 col-md-6 col-lg-4 col-xl-4 mb-4\">\n            <a\n    href=\"https:\/\/www.fh-joanneum.at\/public-communication\/postgraduate\/im-studium\/beruf-und-lehrgang-verbinden\/mag-angela-moerixbauer-ma-2\/\"\n    class=\"graduate-card bg-light\"\n>\n    <div class=\"border border-light h-100\">\n        <div class=\"image-wrapper\">\n            <picture>\n                        <source\n                media=\"(max-width: 576px)\"\n                srcset=\"https:\/\/cdn3.fh-joanneum.at\/media\/sites\/43\/2021\/07\/mag-angela-moerixbauer-ma-scaled.jpg, https:\/\/cdn3.fh-joanneum.at\/media\/sites\/43\/2021\/07\/mag-angela-moerixbauer-ma-768x513.jpg 2x\"\n            \/>\n                    <source\n                media=\"(max-width: 768px)\"\n                srcset=\"https:\/\/cdn3.fh-joanneum.at\/media\/sites\/43\/2021\/07\/mag-angela-moerixbauer-ma-768x513.jpg, https:\/\/cdn3.fh-joanneum.at\/media\/sites\/43\/2021\/07\/mag-angela-moerixbauer-ma-1024x683.jpg 2x\"\n            \/>\n                    <source\n                media=\"(max-width: 1024px)\"\n                srcset=\"https:\/\/cdn3.fh-joanneum.at\/media\/sites\/43\/2021\/07\/mag-angela-moerixbauer-ma-1024x683.jpg, https:\/\/cdn3.fh-joanneum.at\/media\/sites\/43\/2021\/07\/mag-angela-moerixbauer-ma-1536x1025.jpg 2x\"\n            \/>\n                    <source\n                media=\"(max-width: 1536px)\"\n                srcset=\"https:\/\/cdn3.fh-joanneum.at\/media\/sites\/43\/2021\/07\/mag-angela-moerixbauer-ma-1536x1025.jpg, https:\/\/cdn3.fh-joanneum.at\/media\/sites\/43\/2021\/07\/mag-angela-moerixbauer-ma-2048x1367.jpg 2x\"\n            \/>\n                    <source\n                media=\"(max-width: 2048px)\"\n                srcset=\"https:\/\/cdn3.fh-joanneum.at\/media\/sites\/43\/2021\/07\/mag-angela-moerixbauer-ma-2048x1367.jpg, https:\/\/cdn3.fh-joanneum.at\/media\/sites\/43\/2021\/07\/mag-angela-moerixbauer-ma-scaled.jpg 2x\"\n            \/>\n                <img decoding=\"async\"\n        class=\"img-fluid\"\n        src=\"https:\/\/cdn3.fh-joanneum.at\/media\/sites\/43\/2021\/07\/mag-angela-moerixbauer-ma-scaled.jpg\"\n        alt=\"Mag. Angela M\u00f6rixbauer, MA\"\n        title=\"\"\n         loading=\"lazy\"             >\n<\/picture>\n\n        <\/div>\n        <div class=\"p-2 p-xl-3\">\n            <h6>Mag. Angela M\u00f6rixbauer, MA<\/h6>\n            <p class=\"mb-0 hyphens\">\n                Die selbstst\u00e4ndige Ern\u00e4hrungsexpertin Angela M\u00f6rixbauer sch\u00e4tzt an \u201aPublic Communication\u2018 die gute Mischung aus fundierter Theorie und Praxisbezug. Ihren Wunsch auch  Kommunikationsexpertin zu sein, hat sie sich durch den Lehrgang erf\u00fcllt.\n            <\/p>\n        <\/div>\n    <\/div>\n<\/a>\n          <\/div>\n                  <div class=\"col-6 col-sm-4 col-md-6 col-lg-4 col-xl-4 mb-4\">\n            <a\n    href=\"https:\/\/www.fh-joanneum.at\/public-communication\/postgraduate\/im-studium\/beruf-und-lehrgang-verbinden\/katharina-freidorfer\/\"\n    class=\"graduate-card bg-light\"\n>\n    <div class=\"border border-light h-100\">\n        <div class=\"image-wrapper\">\n            <picture>\n                        <source\n                media=\"(max-width: 411px)\"\n                srcset=\"https:\/\/cdn3.fh-joanneum.at\/media\/sites\/43\/2023\/05\/katharina-freidorfer-2-scaled.jpg, https:\/\/cdn3.fh-joanneum.at\/media\/sites\/43\/2023\/05\/katharina-freidorfer-2-768x1075.jpg 2x\"\n            \/>\n                    <source\n                media=\"(max-width: 768px)\"\n                srcset=\"https:\/\/cdn3.fh-joanneum.at\/media\/sites\/43\/2023\/05\/katharina-freidorfer-2-768x1075.jpg, https:\/\/cdn3.fh-joanneum.at\/media\/sites\/43\/2023\/05\/katharina-freidorfer-2-731x1024.jpg 2x\"\n            \/>\n                    <source\n                media=\"(max-width: 731px)\"\n                srcset=\"https:\/\/cdn3.fh-joanneum.at\/media\/sites\/43\/2023\/05\/katharina-freidorfer-2-731x1024.jpg, https:\/\/cdn3.fh-joanneum.at\/media\/sites\/43\/2023\/05\/katharina-freidorfer-2-1097x1536.jpg 2x\"\n            \/>\n                    <source\n                media=\"(max-width: 1097px)\"\n                srcset=\"https:\/\/cdn3.fh-joanneum.at\/media\/sites\/43\/2023\/05\/katharina-freidorfer-2-1097x1536.jpg, https:\/\/cdn3.fh-joanneum.at\/media\/sites\/43\/2023\/05\/katharina-freidorfer-2-1463x2048.jpg 2x\"\n            \/>\n                    <source\n                media=\"(max-width: 1463px)\"\n                srcset=\"https:\/\/cdn3.fh-joanneum.at\/media\/sites\/43\/2023\/05\/katharina-freidorfer-2-1463x2048.jpg, https:\/\/cdn3.fh-joanneum.at\/media\/sites\/43\/2023\/05\/katharina-freidorfer-2-scaled.jpg 2x\"\n            \/>\n                <img decoding=\"async\"\n        class=\"img-fluid\"\n        src=\"https:\/\/cdn3.fh-joanneum.at\/media\/sites\/43\/2023\/05\/katharina-freidorfer-2-scaled.jpg\"\n        alt=\"Katharina Freidorfer 1\"\n        title=\"\"\n         loading=\"lazy\"             >\n<\/picture>\n\n        <\/div>\n        <div class=\"p-2 p-xl-3\">\n            <h6>Katharina Freidorfer<\/h6>\n            <p class=\"mb-0 hyphens\">\n                Katharina Freidorfer ist in Konzernkommunikation der Steierm\u00e4rkischen Sparkasse t\u00e4tig. Der Lehrgang Public Communication erm\u00f6glicht ihr, einen noch umfassenderen Einblick in das gro\u00dfe Feld der professionellen Kommunikation sowie das Gelernte unmittelbar mit der Praxis zu verbinden.\n            <\/p>\n        <\/div>\n    <\/div>\n<\/a>\n          <\/div>\n                  <\/div>\n  <\/div>\n<\/div>\n\n","protected":false},"excerpt":{"rendered":"<p>Studierende von \u201ePublic Communication&#8221; berichten von ihren Erfahrungen am Lehrgang.<\/p>\n","protected":false},"author":103,"featured_media":0,"parent":10000049,"menu_order":15,"comment_status":"closed","ping_status":"closed","template":"","meta":{"_acf_changed":false,"footnotes":""},"acf":[],"aioseo_notices":[],"_links":{"self":[{"href":"https:\/\/www.fh-joanneum.at\/public-communication\/postgraduate\/wp-json\/wp\/v2\/pages\/10000228"}],"collection":[{"href":"https:\/\/www.fh-joanneum.at\/public-communication\/postgraduate\/wp-json\/wp\/v2\/pages"}],"about":[{"href":"https:\/\/www.fh-joanneum.at\/public-communication\/postgraduate\/wp-json\/wp\/v2\/types\/page"}],"author":[{"embeddable":true,"href":"https:\/\/www.fh-joanneum.at\/public-communication\/postgraduate\/wp-json\/wp\/v2\/users\/103"}],"replies":[{"embeddable":true,"href":"https:\/\/www.fh-joanneum.at\/public-communication\/postgraduate\/wp-json\/wp\/v2\/comments?post=10000228"}],"version-history":[{"count":0,"href":"https:\/\/www.fh-joanneum.at\/public-communication\/postgraduate\/wp-json\/wp\/v2\/pages\/10000228\/revisions"}],"up":[{"embeddable":true,"href":"https:\/\/www.fh-joanneum.at\/public-communication\/postgraduate\/wp-json\/wp\/v2\/pages\/10000049"}],"wp:attachment":[{"href":"https:\/\/www.fh-joanneum.at\/public-communication\/postgraduate\/wp-json\/wp\/v2\/media?parent=10000228"}],"curies":[{"name":"wp","href":"https:\/\/api.w.org\/{rel}","templated":true}]}}