{"id":10000308,"date":"2020-07-07T13:03:50","date_gmt":"2020-07-07T11:03:50","guid":{"rendered":"https:\/\/www.fh-joanneum.at\/public-communication\/postgraduate\/?page_id=308"},"modified":"2020-07-09T10:53:32","modified_gmt":"2020-07-09T08:53:32","slug":"sandra-suppan-ba-ma","status":"publish","type":"page","link":"https:\/\/www.fh-joanneum.at\/public-communication\/postgraduate\/im-studium\/beruf-und-lehrgang-verbinden\/sandra-suppan-ba-ma\/","title":{"rendered":"Sandra Suppan, BA, MA"},"content":{"rendered":"<div id=\"\" class=\"wp-block-text-content margin-bottom-normal\">\n    <div class=\"container-lg\">\n        <div class=\"row\">\n            <div class=\"col\">\n                <p><strong>Jobbezeichnung:<\/strong> Redakteurin<\/p>\n<p><strong>Unternehmen:<\/strong> <a href=\"http:\/\/steiermark.orf.at\/studio\/stories\/2820062\/\" target=\"_blank\" rel=\"noopener noreferrer\">ORF Steiermark<\/a><\/p>\n<p><strong>Ich arbeite in:<\/strong> Graz, &Ouml;sterreich    <\/p>\n<p><strong>Lehrgangsstart:<\/strong> 2017<\/p>\n<p><strong>Graduierung:<\/strong> 2019<\/p>\n<p><a href=\"mailto:sandra.suppan@orf.at\" title=\"E-Mail an Sandra Suppan senden\">Mein Kontakt<\/a>  <\/p>\n<p>Foto: &copy; Stefan Schintler<\/p>\n<h4>Meine Erfahrung<\/h4>\n<p>Als Journalistin hat mich die Auswahl an Themengebieten und Vortragenden gereizt. Das und die damit verbundene Aussicht auf spannende Diskussionen und neue Einblicke waren die Hauptgr&uuml;nde, mich f&uuml;r diesen Lehrgang zu bewerben. Ich bin nicht entt&auml;uscht worden. Zwischen meinem Bachelorstudium &bdquo;Journalismus und Public Relations (PR)&ldquo; an der FH JOANNEUM und der fachlichen Fortsetzung mit dem Masterlehrgang &bdquo;Public Communication&ldquo; lagen nur wenige Monate. Einige praktische Berufserfahrungen als freie Journalistin, Moderatorin und Texterin hatte ich schon w&auml;hrend meiner Bachelorzeit gesammelt. Zur&uuml;ck an der FH freute ich mich, das ein oder andere bekannte Gesicht am Podium zu entdecken &ndash; mit neuen Vortragsinhalten, versteht sich.<\/p>\n<p>Rhetorik, Pr&auml;sentation und Repr&auml;sentation stellten f&uuml;r mich besonders relevante Studieninhalte dar. Social Media, Marken- und Community-Building interessierten mich ebenfalls sehr. In all diesen Bereichen treten Neuerungen in immer k&uuml;rzeren Abst&auml;nden auf. Das macht die Gastvortr&auml;ge mit Tipps, Tricks und Anekdoten aus der Praxis besonders spannend und aufschlussreich. Ganz nebenbei feilte ich auch an meinem Englisch und lernte Medien, Politik und Wirtschaft im internationalen Kontext zu verstehen.<\/p>\n<p>Von visueller Kommunikation &uuml;ber Storytelling bis hin zur Medien- und Kommunikationssoziologie &ndash; ich habe es regelrecht genossen, den theoretischen Input auf den redaktionellen Alltag auszudehnen. Wer bei berufsbegleitender Weiterbildung und E-Learning an einen zweiw&ouml;chentlichen Wellness-Aufenthalt an der FH mit zwischengeschalteten virtuellen Kaffeekr&auml;nzchen denkt, irrt aber gewaltig. Was es alles zu lesen, schreiben und erarbeiten gibt, l&auml;sst sich nur mit guter Zeiteinteilung (der sich &uuml;brigens auch eine Lehrveranstaltung widmet) erledigen. <\/p>\n<p>Bachelor-Absolventinnen und -Absolventen, die einen intensiven und besonders breit gef&auml;cherten Einblick in die Medien- und Kommunikationsbranche werfen wollen, kann ich den Masterlehrgang &bdquo;Public Communication&rdquo; nur empfehlen.<\/p>\n\n            <\/div>\n        <\/div>\n            <\/div>\n<\/div>\n\n","protected":false},"excerpt":{"rendered":"<p>Die Auswahl an Themengebieten und Vortragenden sowie die damit verbundene Aussicht auf spannende Diskussionen und neue Einblicke waren f\u00fcr Sandra Suppan die Hauptgr\u00fcnde, sich f\u00fcr den Lehrgang \u201ePublic Communication\u201c zu bewerben.<\/p>\n","protected":false},"author":11,"featured_media":10000311,"parent":10000228,"menu_order":0,"comment_status":"closed","ping_status":"closed","template":"template-absolvent.blade.php","meta":{"_acf_changed":false,"footnotes":""},"acf":[],"aioseo_notices":[],"_links":{"self":[{"href":"https:\/\/www.fh-joanneum.at\/public-communication\/postgraduate\/wp-json\/wp\/v2\/pages\/10000308"}],"collection":[{"href":"https:\/\/www.fh-joanneum.at\/public-communication\/postgraduate\/wp-json\/wp\/v2\/pages"}],"about":[{"href":"https:\/\/www.fh-joanneum.at\/public-communication\/postgraduate\/wp-json\/wp\/v2\/types\/page"}],"author":[{"embeddable":true,"href":"https:\/\/www.fh-joanneum.at\/public-communication\/postgraduate\/wp-json\/wp\/v2\/users\/11"}],"replies":[{"embeddable":true,"href":"https:\/\/www.fh-joanneum.at\/public-communication\/postgraduate\/wp-json\/wp\/v2\/comments?post=10000308"}],"version-history":[{"count":0,"href":"https:\/\/www.fh-joanneum.at\/public-communication\/postgraduate\/wp-json\/wp\/v2\/pages\/10000308\/revisions"}],"up":[{"embeddable":true,"href":"https:\/\/www.fh-joanneum.at\/public-communication\/postgraduate\/wp-json\/wp\/v2\/pages\/10000228"}],"wp:featuredmedia":[{"embeddable":true,"href":"https:\/\/www.fh-joanneum.at\/public-communication\/postgraduate\/wp-json\/wp\/v2\/media\/10000311"}],"wp:attachment":[{"href":"https:\/\/www.fh-joanneum.at\/public-communication\/postgraduate\/wp-json\/wp\/v2\/media?parent=10000308"}],"curies":[{"name":"wp","href":"https:\/\/api.w.org\/{rel}","templated":true}]}}