{"id":10000320,"date":"2021-07-23T13:07:11","date_gmt":"2021-07-23T11:07:11","guid":{"rendered":"https:\/\/www.fh-joanneum.at\/public-communication\/postgraduate\/?page_id=320"},"modified":"2021-07-27T14:48:56","modified_gmt":"2021-07-27T12:48:56","slug":"mag-angela-moerixbauer-ma-2","status":"publish","type":"page","link":"https:\/\/www.fh-joanneum.at\/public-communication\/postgraduate\/im-studium\/beruf-und-lehrgang-verbinden\/mag-angela-moerixbauer-ma-2\/","title":{"rendered":"Mag. Angela M\u00f6rixbauer, MA"},"content":{"rendered":"<div id=\"\" class=\"wp-block-text-content margin-bottom-normal\">\n    <div class=\"container-lg\">\n        <div class=\"row\">\n            <div class=\"col\">\n                <h6>Warum haben Sie sich f&uuml;r das Studium entschieden?<\/h6>\n<p>Ich habe in meiner ersten Ausbildung vor mehr als 20 Jahren das Studium der Ern&auml;hrungswissenschaften abgeschlossen. Seit 18 Jahren bin ich nun selbstst&auml;ndig mit <a href=\"https:\/\/www.eatconsult.at\/home\" target=\"_blank\" rel=\"noopener noreferrer\">eatconsult<\/a>, einer Agentur f&uuml;r Ern&auml;hrungskommunikation, und berate Gesundheitsinstitutionen und zu Themen wie Lebensmittel und Ern&auml;hrung. Die Frage, wie ich Ern&auml;hrungsthemen f&uuml;r unterschiedliche Zielgruppen, Kan&auml;le und Ziele aufbereiten kann, hat mich fr&uuml;h besch&auml;ftigt. <\/p>\n<p>Seit Langem beobachten wir in unserer Branche, dass &bdquo;klassische&ldquo; Ern&auml;hrungskommunikation laufend scheitert. Immer noch geht diese zu h&auml;ufig an den Empf&auml;ngerinnen und Empf&auml;ngern vorbei, weil Botschaften nach dem &bdquo;Gie&szlig;kannenprinzip&ldquo; an die Allgemeinheit gesendet werden. Zudem fehlt Ern&auml;hrungsfachleuten h&auml;ufig die Kommunikationsexpertise, umgekehrt fehlt Kommunikationsfachleuten meist die Ern&auml;hrungsexpertise.<\/p>\n<p>Durch zahlreiche Fortbildungen und Learning by Doing im Zuge von Praxisprojekten habe ich mir mit der Zeit zwar Zusatzqualifikationen im Kommunikationsbereich angeeignet. Dennoch war da immer der Wunsch nach einer qualifizierten zweiten Ausbildung in diesem Feld; der Wunsch, strukturiert, intensiv und akademisch an das Thema &ouml;ffentliche Kommunikation heranzugehen; der Wunsch, mich mit gutem Gewissen als Ern&auml;hrungs- UND Kommunikationsexpertin bezeichnen zu k&ouml;nnen. <\/p>\n<p>Doch das eine Mal war das Angebot nicht berufsbegleitend, das andere Mal fehlten mir die zeitlichen Ressourcen. Als ich auf den Masterlehrgang &bdquo;Public Communication&ldquo; an der FH JOANNEUM stie&szlig;, hat alles zusammengepasst: der Zeitpunkt, das berufsbegleitende Format und die Studieninhalte.<\/p>\n<h6>Wie gut lie&szlig; sich das Studium mit Ihrem Beruf vereinbaren?<\/h6>\n<p>Das berufsbegleitende Format mit geblockten Pr&auml;senzzeiten an Freitagen und Samstagen im Zweiwochenrhythmus plus Online-Einheiten dazwischen ist mir sehr entgegengekommen. Zum einen, weil dadurch die Fahrtzeiten von Waidhofen\/Ybbs nach Graz in einem &uuml;berschaubaren Rahmen blieben, zum anderen, weil ich es terminlich gut mit meiner selbstst&auml;ndigen T&auml;tigkeit vereinbaren konnte. Ein Vollzeitstudium w&auml;re f&uuml;r mich nicht m&ouml;glich gewesen. <\/p>\n<h6>Warum w&uuml;rden Sie das Studium weiterempfehlen?<\/h6>\n<p>Das Studium hat mir pers&ouml;nlich eine gute Mischung aus fundierter Theorie und Praxisbezug geliefert. Gerade der praktische Bezug vieler Vortragenden, die selbst mitten in der Kommunikationspraxis stehen, war f&uuml;r mich wichtig. So konnte ich Ankn&uuml;pfungspunkte an meine eigene berufliche T&auml;tigkeit finden. <\/p>\n<p>Foto: &copy; Dominik Stixenberger<\/p>\n\n            <\/div>\n        <\/div>\n            <\/div>\n<\/div>\n\n","protected":false},"excerpt":{"rendered":"<p>Die selbstst\u00e4ndige Ern\u00e4hrungsexpertin Angela M\u00f6rixbauer sch\u00e4tzt an \u201aPublic Communication\u2018 die gute Mischung aus fundierter Theorie und Praxisbezug. Ihren Wunsch auch  Kommunikationsexpertin zu sein, hat sie sich durch den Lehrgang erf\u00fcllt.<\/p>\n","protected":false},"author":11,"featured_media":10000321,"parent":10000228,"menu_order":0,"comment_status":"closed","ping_status":"closed","template":"template-absolvent.blade.php","meta":{"_acf_changed":false,"footnotes":""},"acf":[],"aioseo_notices":[],"_links":{"self":[{"href":"https:\/\/www.fh-joanneum.at\/public-communication\/postgraduate\/wp-json\/wp\/v2\/pages\/10000320"}],"collection":[{"href":"https:\/\/www.fh-joanneum.at\/public-communication\/postgraduate\/wp-json\/wp\/v2\/pages"}],"about":[{"href":"https:\/\/www.fh-joanneum.at\/public-communication\/postgraduate\/wp-json\/wp\/v2\/types\/page"}],"author":[{"embeddable":true,"href":"https:\/\/www.fh-joanneum.at\/public-communication\/postgraduate\/wp-json\/wp\/v2\/users\/11"}],"replies":[{"embeddable":true,"href":"https:\/\/www.fh-joanneum.at\/public-communication\/postgraduate\/wp-json\/wp\/v2\/comments?post=10000320"}],"version-history":[{"count":0,"href":"https:\/\/www.fh-joanneum.at\/public-communication\/postgraduate\/wp-json\/wp\/v2\/pages\/10000320\/revisions"}],"up":[{"embeddable":true,"href":"https:\/\/www.fh-joanneum.at\/public-communication\/postgraduate\/wp-json\/wp\/v2\/pages\/10000228"}],"wp:featuredmedia":[{"embeddable":true,"href":"https:\/\/www.fh-joanneum.at\/public-communication\/postgraduate\/wp-json\/wp\/v2\/media\/10000321"}],"wp:attachment":[{"href":"https:\/\/www.fh-joanneum.at\/public-communication\/postgraduate\/wp-json\/wp\/v2\/media?parent=10000320"}],"curies":[{"name":"wp","href":"https:\/\/api.w.org\/{rel}","templated":true}]}}