{"id":10000329,"date":"2023-05-03T13:32:51","date_gmt":"2023-05-03T11:32:51","guid":{"rendered":"https:\/\/www.fh-joanneum.at\/public-communication\/postgraduate\/?page_id=329"},"modified":"2023-05-03T16:23:58","modified_gmt":"2023-05-03T14:23:58","slug":"katharina-freidorfer","status":"publish","type":"page","link":"https:\/\/www.fh-joanneum.at\/public-communication\/postgraduate\/im-studium\/beruf-und-lehrgang-verbinden\/katharina-freidorfer\/","title":{"rendered":"Katharina Freidorfer"},"content":{"rendered":"<div id=\"\" class=\"wp-block-text-content margin-bottom-normal\">\n    <div class=\"container-lg\">\n        <div class=\"row\">\n            <div class=\"col\">\n                <p><em>Foto: &copy; Werner Krug<\/em><\/p>\n<h6>Warum haben Sie sich f&uuml;r den Lehrgang Public Communication entschieden?<\/h6>\n<p>Im Rahmen meiner beruflichen Laufbahn konnte ich bereits unterschiedliche kommunikative Erfahrungen sammeln und meine Liebe zur Kommunikation in vielf&auml;ltigen Projekten ausleben. Und habe dabei gemerkt, in genau diesem Bereich bin ich richtig. Dennoch wollte ich meine berufliche Erfahrung um neue Perspektiven und strategische, aber auch wissenschaftliche Ans&auml;tze erweitern. Um so einen noch umfassenderen Einblick in das gro&szlig;e Feld der professionellen Kommunikation zu bekommen und diesen unmittelbar mit der Praxis zu verbinden. Au&szlig;erdem wollte ich die Chance nutzen, mich mit Menschen aus einer &auml;hnlichen Branche auszutauschen und auch so wieder Neues f&uuml;r mein eigenes Berufsfeld zu lernen. Die M&ouml;glichkeit, berufsbegleitend abends und am Wochenende zu studieren und so Studium und Berufs- und Privatleben zu vereinen, haben mich dann abschlie&szlig;end &uuml;berzeugt, dieses neue Kapitel in meinem Leben aufzuschlagen. <\/p>\n<h6>Welchen beruflichen Background haben Sie?<\/h6>\n<p>Seit rund sechs Jahren arbeite ich als Spezialistin f&uuml;r Kommunikation und PR in der Konzernkommunikation der Steierm&auml;rkischen Sparkasse. Dabei bin ich grob gesagt f&uuml;r unterschiedlichste Bereiche in der internen und externen Unternehmenskommunikation verantwortlich. Im Detail bedeutet das, dass sich eine vielf&auml;ltige und breite Palette an Kommunikationsthemen in meinem Verantwortungsbereich wiederfindet wie:<\/p>\n<ul>\n<li>die selbstst&auml;ndige Entwicklung und Umsetzung interner sowie externer Kommunikationsma&szlig;nahmen mit besonderem Fokus auf Videobotschaften und Podcasts<\/li>\n<li>die inhaltliche Bespielung unseres Intranets<\/li>\n<li>die Gesamtkoordination des digitalen Mitarbeiterportals (internes Facebook)<\/li>\n<li>die kommunikative Begleitung von Konzernprojekten<\/li>\n<li>die Planung und Organisation von internen und externen Events sowie Pressekonferenzen<\/li>\n<li>das Verfassen von (Presse-)Texten<\/li>\n<li>die strategische und redaktionelle Betreuung unserer Social Media Channels <\/li>\n<\/ul>\n<p>Davor hat mich mein Weg vom klassischen BWL-Studium &uuml;ber das Erg&auml;nzungsfach Medienwissenschaften sowie unterschiedliche berufliche Stationen, die r&uuml;ckblickend immer von meiner Leidenschaft f&uuml;r und meinem Anspruch an gute und professionelle Kommunikation geeint wurden, schlussendlich in die Konzernkommunikation der Steierm&auml;rkischen Sparkasse gef&uuml;hrt. Vorerst konnte ich als sogenannte Aushilfe bereits als Sch&uuml;lerin und dann als Studentin tiefere Einblicke in das &bdquo;System&ldquo; Steierm&auml;rkische Sparkasse in unterschiedlichen Abteilungen bekommen und interessante Erfahrungen sammeln, die mir den Einstieg in meinen heutigen Beruf enorm erleichtert haben. <\/p>\n<h6>Wie gut l&auml;sst sich das Studium mit dem Berufsleben vereinbaren?<\/h6>\n<p>Nat&uuml;rlich ist es anspruchsvoll und herausfordernd, das Studium mit dem Berufsleben zu verbinden. Als besonders unterst&uuml;tzend habe ich dabei seitens der FH JOANNEUM das Konzept aus digitaler und Pr&auml;senz-Lehre empfunden. Ebenso die Struktur und fr&uuml;hzeitige Organisation der Semestereinheiten, die eine l&auml;ngerfristige Planung und damit auch Vereinbarkeit mit dem Beruf in den meisten F&auml;llen gew&auml;hrleistet hat. Dennoch war f&uuml;r mich eine detaillierte Planung auch abseits der Lehrveranstaltungen das Wichtigste, um den Spagat zu meistern. Ebenso das Einr&auml;umen von Pausen und Erholungsm&ouml;glichkeiten, um weiterhin motiviert und energiegeladen an alle To-Do&rsquo;s heranzugehen.<\/p>\n<h6>Gibt es eine Lehrveranstaltung, die Sie besonders spannend finden (und warum)?<\/h6>\n<p>Ich sch&auml;tze besonders die Vielfalt an Lehrveranstaltungen. Dadurch konnte ich in unterschiedliche Bereiche des breiten Feldes von Public Communication hineinschnuppern, mich jedoch auch in der Materie vertiefen. Als besonders spannend habe ich auch die Lehrveranstaltungen mit externen Vortragenden empfunden, die neben dem theoretischen Input ihr Wissen auch immer wunderbar in die Praxis &uuml;bersetzt haben. Dabei ist mir besonders die Lehrveranstaltung Krisenkommunikation im Ged&auml;chtnis geblieben. Einerseits durch das enorme Wissen, die Inhalte und die Art der Vortr&auml;ge, andererseits speziell durch die Begeisterung, die der Vortragende f&uuml;r dieses Thema mitgebracht hat.<\/p>\n\n            <\/div>\n        <\/div>\n            <\/div>\n<\/div>\n\n","protected":false},"excerpt":{"rendered":"<p>Katharina Freidorfer ist in Konzernkommunikation der Steierm\u00e4rkischen Sparkasse t\u00e4tig. Der Lehrgang Public Communication erm\u00f6glicht ihr, einen noch umfassenderen Einblick in das gro\u00dfe Feld der professionellen Kommunikation sowie das Gelernte unmittelbar mit der Praxis zu verbinden.<\/p>\n","protected":false},"author":11,"featured_media":10000331,"parent":10000228,"menu_order":0,"comment_status":"closed","ping_status":"closed","template":"template-absolvent.blade.php","meta":{"_acf_changed":false,"footnotes":""},"acf":[],"aioseo_notices":[],"_links":{"self":[{"href":"https:\/\/www.fh-joanneum.at\/public-communication\/postgraduate\/wp-json\/wp\/v2\/pages\/10000329"}],"collection":[{"href":"https:\/\/www.fh-joanneum.at\/public-communication\/postgraduate\/wp-json\/wp\/v2\/pages"}],"about":[{"href":"https:\/\/www.fh-joanneum.at\/public-communication\/postgraduate\/wp-json\/wp\/v2\/types\/page"}],"author":[{"embeddable":true,"href":"https:\/\/www.fh-joanneum.at\/public-communication\/postgraduate\/wp-json\/wp\/v2\/users\/11"}],"replies":[{"embeddable":true,"href":"https:\/\/www.fh-joanneum.at\/public-communication\/postgraduate\/wp-json\/wp\/v2\/comments?post=10000329"}],"version-history":[{"count":0,"href":"https:\/\/www.fh-joanneum.at\/public-communication\/postgraduate\/wp-json\/wp\/v2\/pages\/10000329\/revisions"}],"up":[{"embeddable":true,"href":"https:\/\/www.fh-joanneum.at\/public-communication\/postgraduate\/wp-json\/wp\/v2\/pages\/10000228"}],"wp:featuredmedia":[{"embeddable":true,"href":"https:\/\/www.fh-joanneum.at\/public-communication\/postgraduate\/wp-json\/wp\/v2\/media\/10000331"}],"wp:attachment":[{"href":"https:\/\/www.fh-joanneum.at\/public-communication\/postgraduate\/wp-json\/wp\/v2\/media?parent=10000329"}],"curies":[{"name":"wp","href":"https:\/\/api.w.org\/{rel}","templated":true}]}}