{"id":10000294,"date":"2015-08-10T16:32:36","date_gmt":"2015-08-10T14:32:36","guid":{"rendered":"https:\/\/www.fh-joanneum.at\/radiologietechnologie\/bachelor\/?page_id=294"},"modified":"2025-11-03T13:39:30","modified_gmt":"2025-11-03T12:39:30","slug":"termine-fristen","status":"publish","type":"page","link":"https:\/\/www.fh-joanneum.at\/radiologietechnologie\/bachelor\/vor-dem-studium\/termine-fristen\/","title":{"rendered":"Termine"},"content":{"rendered":"\n\n<div id=\"\" class=\"wp-block-text-content margin-bottom-none\">\n    <div class=\"container-lg\">\n        <div class=\"row\">\n            <div class=\"col\">\n                <div class=\"module-migration-headline\">\n<h3>Termine<\/h3>\n<\/div>\n\n            <\/div>\n        <\/div>\n            <\/div>\n<\/div>\n\n\n<div\n        id=\"\"\n        class=\"wp-block-major-termine margin-bottom-normal\"\n    >\n        <div class=\"container-lg\">\n\n                            <div class=\"row \">\n                    <div class=\"col-12 \">\n                        <div class=\"mb-3\">\n                            <h3 class=\"border-bottom border-light\">2026<\/h3>\n                            <strong class=\"d-block mb-1\">Studienbeginn<\/strong>\n                                                            <p>14.09.2026<\/p>\n                                                    <\/div>\n\n                                                    \n                            <div x-data=\"{ open: 1 }\">\n                                                                    <div class=\"mb-2\">\n                                        \n                                        <button\n                                            id=\"item-2026-0-trigger\"\n                                            x-on:click=\"open === 0 ? open = null : open = 0\"\n                                            class=\"arrow-link large-arrow pb-2 border-bottom border-light major-text-color w-100\"\n                                            :class=\"open === 0 ? 'open' : ''\"\n                                            :aria-expanded=\"open === 0 ? 'true' : 'false'\"\n                                            aria-controls=\"item-2026-0\"\n                                        >\n                                            <h4\n                                                class=\"accordion-title mb-0 d-flex align-items-center justify-content-between w-100\">\n                                                <span>\n                                                    Bewerbung\n                                                    M\u00e4rz\n                                                <\/span>\n                                                <svg width=\"12\" height=\"24\" viewBox=\"0 0 9 15\" fill=\"none\" xmlns=\"http:\/\/www.w3.org\/2000\/svg\">\n<path id=\"accordion_chevron\" d=\"M1.5 1.5L7.5 7.5L1.5 13.5\" stroke=\"currentColor\" stroke-width=\"1.5\" stroke-linecap=\"round\"\/>\n<\/svg>                                            <\/h4>\n                                        <\/button>\n\n                                        <div\n                                            x-show=\"open === 0\"\n                                            class=\"row my-2 month-item-content\"\n                                            id=\"item-2026-0\"\n                                            aria-labelledby=\"item-2026-0-trigger\"\n                                        >\n                                                                                            <div class=\"col-12 col-md-6\">\n                                                    <strong\n                                                        class=\"d-block mb-1\">Bewerbungsperiode bis: <\/strong>\n                                                    <p>24.03.2026\n                                                    <\/p>\n                                                <\/div>\n                                            \n                                                                                            <div class=\"col-12 col-md-6\">\n                                                    <strong class=\"d-block mb-1\">Online-Test<\/strong>\n                                                    <p>21.04.2026\n                                                                                                                &#8211;\n                                                        23.04.2026\n                                                                                                            <\/p>\n                                                <\/div>\n                                            \n                                            \n                                            \n                                            \n                                            \n                                        <\/div>\n                                    <\/div>\n                                                                    <div class=\"mb-2\">\n                                        \n                                        <button\n                                            id=\"item-2026-1-trigger\"\n                                            x-on:click=\"open === 1 ? open = null : open = 1\"\n                                            class=\"arrow-link large-arrow pb-2 border-bottom border-light major-text-color w-100\"\n                                            :class=\"open === 1 ? 'open' : ''\"\n                                            :aria-expanded=\"open === 1 ? 'true' : 'false'\"\n                                            aria-controls=\"item-2026-1\"\n                                        >\n                                            <h4\n                                                class=\"accordion-title mb-0 d-flex align-items-center justify-content-between w-100\">\n                                                <span>\n                                                    Bewerbung\n                                                    April\n                                                <\/span>\n                                                <svg width=\"12\" height=\"24\" viewBox=\"0 0 9 15\" fill=\"none\" xmlns=\"http:\/\/www.w3.org\/2000\/svg\">\n<path id=\"accordion_chevron\" d=\"M1.5 1.5L7.5 7.5L1.5 13.5\" stroke=\"currentColor\" stroke-width=\"1.5\" stroke-linecap=\"round\"\/>\n<\/svg>                                            <\/h4>\n                                        <\/button>\n\n                                        <div\n                                            x-show=\"open === 1\"\n                                            class=\"row my-2 month-item-content\"\n                                            id=\"item-2026-1\"\n                                            aria-labelledby=\"item-2026-1-trigger\"\n                                        >\n                                                                                            <div class=\"col-12 col-md-6\">\n                                                    <strong\n                                                        class=\"d-block mb-1\">Bewerbungsperiode bis: <\/strong>\n                                                    <p>27.04.2026\n                                                    <\/p>\n                                                <\/div>\n                                            \n                                                                                            <div class=\"col-12 col-md-6\">\n                                                    <strong class=\"d-block mb-1\">Online-Test<\/strong>\n                                                    <p>19.05.2026\n                                                                                                            <\/p>\n                                                <\/div>\n                                            \n                                            \n                                            \n                                            \n                                            \n                                        <\/div>\n                                    <\/div>\n                                                                    <div class=\"mb-2\">\n                                        \n                                        <button\n                                            id=\"item-2026-2-trigger\"\n                                            x-on:click=\"open === 2 ? open = null : open = 2\"\n                                            class=\"arrow-link large-arrow pb-2 border-bottom border-light major-text-color w-100\"\n                                            :class=\"open === 2 ? 'open' : ''\"\n                                            :aria-expanded=\"open === 2 ? 'true' : 'false'\"\n                                            aria-controls=\"item-2026-2\"\n                                        >\n                                            <h4\n                                                class=\"accordion-title mb-0 d-flex align-items-center justify-content-between w-100\">\n                                                <span>\n                                                    Bewerbung\n                                                    Mai\n                                                <\/span>\n                                                <svg width=\"12\" height=\"24\" viewBox=\"0 0 9 15\" fill=\"none\" xmlns=\"http:\/\/www.w3.org\/2000\/svg\">\n<path id=\"accordion_chevron\" d=\"M1.5 1.5L7.5 7.5L1.5 13.5\" stroke=\"currentColor\" stroke-width=\"1.5\" stroke-linecap=\"round\"\/>\n<\/svg>                                            <\/h4>\n                                        <\/button>\n\n                                        <div\n                                            x-show=\"open === 2\"\n                                            class=\"row my-2 month-item-content\"\n                                            id=\"item-2026-2\"\n                                            aria-labelledby=\"item-2026-2-trigger\"\n                                        >\n                                                                                            <div class=\"col-12 col-md-6\">\n                                                    <strong\n                                                        class=\"d-block mb-1\">Bewerbungsperiode bis: <\/strong>\n                                                    <p>26.05.2026\n                                                    <\/p>\n                                                <\/div>\n                                            \n                                                                                            <div class=\"col-12 col-md-6\">\n                                                    <strong class=\"d-block mb-1\">Online-Test<\/strong>\n                                                    <p>23.06.2026\n                                                                                                            <\/p>\n                                                <\/div>\n                                            \n                                            \n                                            \n                                            \n                                            \n                                        <\/div>\n                                    <\/div>\n                                                            <\/div>\n                                            <\/div>\n                <\/div>\n                    <\/div>\n    <\/div>\n\n\n<div id=\"\" class=\"wp-block-text-content margin-bottom-normal\">\n    <div class=\"container-lg\">\n        <div class=\"row\">\n            <div class=\"col\">\n                <h4>Internationale Bewerber:innen<\/h4>\n<p>Informationen &uuml;ber die Bewerbungsfirsten f&uuml;r Internationale Bewerber:innen <a href=\"https:\/\/www.fh-joanneum.at\/international\/internationale-studierende\/vor-dem-studium\/internationale-bewerberinnen-bachelorstudium\/\">erhalten Sie hier<\/a>.<\/p>\n\n            <\/div>\n        <\/div>\n            <\/div>\n<\/div>\n\n\n<div\n    id=\"\"\n    class=\"wp-block-tipp-box margin-bottom-normal\"\n>\n    <div class=\"container-lg\">\n        <div class=\"row\">\n            <div class=\"col\">\n                <div class=\"tipp-box border border-info\">\n                    <div class=\"tipp-box-inner p-2 p-md-3\">\n                        <h4 class=\"\">Hinweis<\/h4>\n                        <p>Die Termine auf der Seite werden laufend aktualisiert. Weitere Termindetails erfahren Sie im Rahmen des Aufnahmeverfahrens.<\/p>\n\n                    <\/div>\n                <\/div>\n            <\/div>\n        <\/div>\n    <\/div>\n<\/div>\n\n\n<div\n    id=\"\"\n    class=\"wp-block-tipp-box margin-bottom-normal\"\n>\n    <div class=\"container-lg\">\n        <div class=\"row\">\n            <div class=\"col\">\n                <div class=\"tipp-box border border-warning\">\n                    <div class=\"tipp-box-inner p-2 p-md-3\">\n                        <h4 class=\"\">Tipp<\/h4>\n                        <p><strong>Die Einteilung des aktuellen Studienjahres finden Sie im <a href=\"https:\/\/www.fh-joanneum.at\/hochschule\/services\/akademischer-kalender\/\">Akademischen Kalender<\/a>.<\/strong><\/p>\n\n                    <\/div>\n                <\/div>\n            <\/div>\n        <\/div>\n    <\/div>\n<\/div>\n\n\n<div\n    id=\"\"\n    class=\"wp-block-tipp-box margin-bottom-normal\"\n>\n    <div class=\"container-lg\">\n        <div class=\"row\">\n            <div class=\"col\">\n                <div class=\"tipp-box border border-warning\">\n                    <div class=\"tipp-box-inner p-2 p-md-3\">\n                        <h4 class=\"\">Tipp<\/h4>\n                        <p>An der FH JOANNEUM gibt es je nach Studiengang mehrere Termine f\u00fcr das Aufnahmeverfahren. Damit bieten wir Ihnen flexible Bewerbungsm\u00f6glichkeiten, passend zu Ihrem ganz pers\u00f6nlichen Lebensmodell. Mehr dazu <a href=\"https:\/\/www.fh-joanneum.at\/topics\/unsere-bewerbungstermine\/\">erfahren Sie hier<\/a>. Die Chancen f\u00fcr eine Aufnahme sind bei allen Terminen gleich.<\/p>\n\n                    <\/div>\n                <\/div>\n            <\/div>\n        <\/div>\n    <\/div>\n<\/div>\n","protected":false},"excerpt":{"rendered":"<p>Welche Fristen und Termine m\u00fcssen Sie f\u00fcr Bewerbung und Aufnahmeverfahren \u2013 bis hin zum Studienbeginn beachten? Hier finden Sie detaillierte Informationen zu allen wichtigen Fristen und Terminen auf einen Blick.<\/p>\n","protected":false},"author":12,"featured_media":0,"parent":10000292,"menu_order":20,"comment_status":"closed","ping_status":"closed","template":"","meta":{"_acf_changed":false,"footnotes":""},"acf":[],"aioseo_notices":[],"_links":{"self":[{"href":"https:\/\/www.fh-joanneum.at\/radiologietechnologie\/bachelor\/wp-json\/wp\/v2\/pages\/10000294"}],"collection":[{"href":"https:\/\/www.fh-joanneum.at\/radiologietechnologie\/bachelor\/wp-json\/wp\/v2\/pages"}],"about":[{"href":"https:\/\/www.fh-joanneum.at\/radiologietechnologie\/bachelor\/wp-json\/wp\/v2\/types\/page"}],"author":[{"embeddable":true,"href":"https:\/\/www.fh-joanneum.at\/radiologietechnologie\/bachelor\/wp-json\/wp\/v2\/users\/12"}],"replies":[{"embeddable":true,"href":"https:\/\/www.fh-joanneum.at\/radiologietechnologie\/bachelor\/wp-json\/wp\/v2\/comments?post=10000294"}],"version-history":[{"count":7,"href":"https:\/\/www.fh-joanneum.at\/radiologietechnologie\/bachelor\/wp-json\/wp\/v2\/pages\/10000294\/revisions"}],"predecessor-version":[{"id":10001095,"href":"https:\/\/www.fh-joanneum.at\/radiologietechnologie\/bachelor\/wp-json\/wp\/v2\/pages\/10000294\/revisions\/10001095"}],"up":[{"embeddable":true,"href":"https:\/\/www.fh-joanneum.at\/radiologietechnologie\/bachelor\/wp-json\/wp\/v2\/pages\/10000292"}],"wp:attachment":[{"href":"https:\/\/www.fh-joanneum.at\/radiologietechnologie\/bachelor\/wp-json\/wp\/v2\/media?parent=10000294"}],"curies":[{"name":"wp","href":"https:\/\/api.w.org\/{rel}","templated":true}]}}