{"id":10000324,"date":"2015-08-10T16:35:20","date_gmt":"2015-08-10T14:35:20","guid":{"rendered":"https:\/\/www.fh-joanneum.at\/radiologietechnologie\/bachelor\/?page_id=324"},"modified":"2024-08-21T11:05:31","modified_gmt":"2024-08-21T09:05:31","slug":"studienabschluss","status":"publish","type":"page","link":"https:\/\/www.fh-joanneum.at\/radiologietechnologie\/bachelor\/im-studium\/studienabschluss\/","title":{"rendered":"Studienabschluss"},"content":{"rendered":"<div id=\"\" class=\"wp-block-text-content margin-bottom-none\">\n    <div class=\"container-lg\">\n        <div class=\"row\">\n            <div class=\"col\">\n                <div class=\"module-migration-headline\">\n<h3>Voraussetzungen f&uuml;r den Studienabschluss<\/h3>\n<\/div>\n\n            <\/div>\n        <\/div>\n            <\/div>\n<\/div>\n\n<div id=\"\" class=\"wp-block-text-content margin-bottom-normal\">\n    <div class=\"container-lg\">\n        <div class=\"row\">\n            <div class=\"col\">\n                <p>Um das Studium erfolgreich abzuschlie&szlig;en, m&uuml;ssen Sie:<\/p>\n<ul>\n<li>alle Lehrveranstaltungen und Berufspraktika positiv absolvieren<\/li>\n<li>zwei Bachelorarbeiten verfassen, die beide positiv bewertet werden m&uuml;ssen<\/li>\n<li>die kommissionelle Bachelorpr&uuml;fung positiv ablegen<\/li>\n<\/ul>\n<p>Ihr Titel nach dem Studienabschluss lautet &bdquo;Bachelor of Science in Health Studies(BSc)&ldquo;.<\/p>\n<p>Zus&auml;tzlich erlangen Sie nach dem Studienabschluss eine Berufsberechtigung. Voraussetzung f&uuml;r die Aus&uuml;bung des Gesundheitsberufes &bdquo;Radiologietechnologie&ldquo; ist die anschlie&szlig;ende Registrierung im Gesundheitsberuferegister.<\/p>\n\n            <\/div>\n        <\/div>\n            <\/div>\n<\/div>\n\n<div id=\"\" class=\"wp-block-text-content margin-bottom-none\">\n    <div class=\"container-lg\">\n        <div class=\"row\">\n            <div class=\"col\">\n                <div class=\"module-migration-headline\">\n<h4>Bachelorarbeiten<\/h4>\n<\/div>\n\n            <\/div>\n        <\/div>\n            <\/div>\n<\/div>\n\n<div id=\"\" class=\"wp-block-text-content margin-bottom-normal\">\n    <div class=\"container-lg\">\n        <div class=\"row\">\n            <div class=\"col\">\n                <p>Im Laufe des Bachelorstudiums m&uuml;ssen unsere Studierenden zwei eigenst&auml;ndige schriftliche Arbeiten verfassen. Die ersten Schritte des wissenschaftlichen Arbeitens werden ab dem ersten Semester im Rahmen der Erstellung der Berufspraktikumsreflexionen trainiert. Vorbereitende Lehrveranstaltungen zum Thema &bdquo;Wissenschaftliches Arbeiten, angewandte Methodik und Biostatistik&ldquo; finden im vierten und f&uuml;nften Semester statt. Im f&uuml;nften und sechsten Semester werden unsere Studierende individuell von den internen Betreuerinnen beziehungsweise Betreuern in Form von Beratungsstunden bei der Erstellung ihrer Bachelorarbeiten unterst&uuml;tzt. <\/p>\n<p>Die erste Bachelorarbeit besch&auml;ftigt sich mit der wissenschaftlichen Aufbereitung der Theorie. Bei der zweiten Bachelorarbeit wird das Ziel verfolgt, aus einem Thema Fragestellungen zu entwickeln und diese mit wissenschaftlichen Methoden empirisch zu bearbeiten. Dabei werden unterschiedliche Methoden &ndash; beispielsweise Fallstudien, Messungen etc. &ndash; angewandt. Bei komplexen Themen sind auch Gruppenarbeiten m&ouml;glich.<\/p>\n<p>Unsere &bdquo;Radiologietechnologie&ldquo;-Studierenden arbeiten im Rahmen ihrer Bachelorarbeit interdisziplin&auml;r mit verschiedenen Berufsgruppen zusammen. Sie arbeiten bei klinischen Studien mit oder bearbeiten wichtige wissenschaftliche Fragestellungen in Kooperation mit &ouml;ffentlichen und privaten Krankenanstalten, Radiologinnen und Radiologen, Forschungsstellen, diversen Medizintechnikunternehmen etc. Berufspolitische Themen k&ouml;nnen ebenfalls aufgegriffen und entsprechend wissenschaftlich aufbereitet werden.<\/p>\n\n            <\/div>\n        <\/div>\n            <\/div>\n<\/div>\n\n<div id=\"\" class=\"wp-block-text-content margin-bottom-none\">\n    <div class=\"container-lg\">\n        <div class=\"row\">\n            <div class=\"col\">\n                <div class=\"module-migration-headline\">\n<h4>Ergebnis einer Bachelorarbeit zur MRT-Sicherheit <\/h4>\n<\/div>\n\n            <\/div>\n        <\/div>\n            <\/div>\n<\/div>\n\n<!-- TODO:\n      Short Code und Cookie Notice anpassen\n      Barrierefreiheit Texte\n-->\n<div\n    id=\"\"\n    class=\"wp-block-video margin-bottom-normal\"\n>\n    <div class=\"container-lg\">\n        <div class=\"row\">\n            <div class=\"col\">\n\n                                    <div class='embed-container'> <div class=\"brlbs-cmpnt-container brlbs-cmpnt-content-blocker\" data-borlabs-cookie-content-blocker-id=\"youtube-content-blocker\" data-borlabs-cookie-content=\"PGlmcmFtZSBpZD0ndmlkZW8nIHNyYz0nLy93d3cueW91dHViZS5jb20vZW1iZWQvYkZEb3VpeFBkZkU\/cmVsPTAmY29udHJvbHM9MCZzaG93aW5mbz0wJmVuYWJsZWpzYXBpPTEmbW9kZXN0YnJhbmRpbmc9MScgZnJhbWVib3JkZXI9JzAnIGFsbG93ZnVsbHNjcmVlbj48L2lmcmFtZT4=\" ><div class=\"brlbs-cmpnt-cb-preset-b\"> <div class=\"brlbs-cmpnt-cb-thumbnail\" style=\"background-image: url('https:\/\/cdn.fh-joanneum.at\/media\/2021\/02\/conversory-fh-joanneum-video-overlay-bg.jpg')\"><\/div> <div class=\"brlbs-cmpnt-cb-main\"> <div class=\"brlbs-cmpnt-cb-content\"> <h4 class=\"brlbs-cmpnt-cb-description\">Mit dem Laden des Videos stimmen Sie der <a href=\"https:\/\/www.youtube.com\/intl\/ALL_at\/howyoutubeworks\/user-settings\/privacy\/\" target=\"_blank\">Datenschutzerkl\u00e4rung<\/a> von YouTube zu.<\/h4> <\/div> <div class=\"brlbs-cmpnt-cb-buttons\"> <a class=\"brlbs-cmpnt-cb-btn\" href=\"#\" data-borlabs-cookie-accept-service role=\"button\" style=\"display: inherit\">Video laden<\/a> <\/div> <\/div> <\/div><\/div><\/div>                            <\/div>\n        <\/div>\n    <\/div>\n<\/div>\n\n<div id=\"\" class=\"wp-block-text-content margin-bottom-none\">\n    <div class=\"container-lg\">\n        <div class=\"row\">\n            <div class=\"col\">\n                <div class=\"module-migration-headline\">\n<h4>Bachelorpr&uuml;fung<\/h4>\n<\/div>\n\n            <\/div>\n        <\/div>\n            <\/div>\n<\/div>\n\n<div id=\"\" class=\"wp-block-text-content margin-bottom-normal\">\n    <div class=\"container-lg\">\n        <div class=\"row\">\n            <div class=\"col\">\n                <p>Die Bachelorpr&uuml;fungen finden nach positivem Abschluss des sechsten Semesters, meist in den ersten beiden Juli-Wochen, statt. Im Rahmen der Bachelorpr&uuml;fung werden beide Bachelorarbeiten pr&auml;sentiert. Es werden fachliche Fragen zu den beiden Arbeiten von der Pr&uuml;fungskommission gestellt. Nach der Pr&auml;sentation gibt es ein Querverbindungsgespr&auml;ch zu einem radiologietechnologischen Fachbereich, welcher durch die Thematik der beiden Bachelorarbeiten vorgegeben wird.<\/p>\n<p>Die Pr&uuml;fungskommission besteht aus einem Pr&uuml;fungsvorsitz und mindestens zwei Pr&uuml;ferinnen beziehungsweise Pr&uuml;fern. Die Gr&ouml;&szlig;e der Pr&uuml;fungskommission h&auml;ngt vom jeweiligen Fachgebiet ab.<\/p>\n\n            <\/div>\n        <\/div>\n            <\/div>\n<\/div>\n\n<div id=\"\" class=\"wp-block-text-content margin-bottom-none\">\n    <div class=\"container-lg\">\n        <div class=\"row\">\n            <div class=\"col\">\n                <div class=\"module-migration-headline\">\n<h3>Nach dem Bachelorabschluss<\/h3>\n<\/div>\n\n            <\/div>\n        <\/div>\n            <\/div>\n<\/div>\n\n<div id=\"\" class=\"wp-block-text-content margin-bottom-normal\">\n    <div class=\"container-lg\">\n        <div class=\"row\">\n            <div class=\"col\">\n                <p>Nach dem Bachelorstudium haben Absolventinnen und Absolventen von &bdquo;Radiologietechnologie&ldquo; hervorragende Jobchancen. Aufgrund der rasanten Weiterentwicklung in der Medizintechnik steigt die Nachfrage nach dieser Berufsgruppe kontinuierlich.<\/p>\n<p>Mittlerweile gibt es auch schon ein buntes Portfolio an Masterstudieng&auml;ngen, welche spezifische Fachrichtungen abdecken. Masterstudieng&auml;nge werden sowohl in &Ouml;sterreich als auch auf internationaler Ebene angeboten.<br>\n&emsp;<\/p>\n\n            <\/div>\n        <\/div>\n            <\/div>\n<\/div>\n\n","protected":false},"excerpt":{"rendered":"<p>Mit Ihrem Abschluss legen Sie den Grundstein f\u00fcr Ihre berufliche Zukunft. Welche Voraussetzungen Sie f\u00fcr den erfolgreichen Abschluss Ihres Studiums ben\u00f6tigen und alles, was Sie sonst noch wissen sollten, verraten wir Ihnen hier.<\/p>\n","protected":false},"author":12,"featured_media":0,"parent":10000310,"menu_order":65,"comment_status":"closed","ping_status":"closed","template":"","meta":{"_acf_changed":false,"footnotes":""},"acf":[],"aioseo_notices":[],"_links":{"self":[{"href":"https:\/\/www.fh-joanneum.at\/radiologietechnologie\/bachelor\/wp-json\/wp\/v2\/pages\/10000324"}],"collection":[{"href":"https:\/\/www.fh-joanneum.at\/radiologietechnologie\/bachelor\/wp-json\/wp\/v2\/pages"}],"about":[{"href":"https:\/\/www.fh-joanneum.at\/radiologietechnologie\/bachelor\/wp-json\/wp\/v2\/types\/page"}],"author":[{"embeddable":true,"href":"https:\/\/www.fh-joanneum.at\/radiologietechnologie\/bachelor\/wp-json\/wp\/v2\/users\/12"}],"replies":[{"embeddable":true,"href":"https:\/\/www.fh-joanneum.at\/radiologietechnologie\/bachelor\/wp-json\/wp\/v2\/comments?post=10000324"}],"version-history":[{"count":1,"href":"https:\/\/www.fh-joanneum.at\/radiologietechnologie\/bachelor\/wp-json\/wp\/v2\/pages\/10000324\/revisions"}],"predecessor-version":[{"id":10000915,"href":"https:\/\/www.fh-joanneum.at\/radiologietechnologie\/bachelor\/wp-json\/wp\/v2\/pages\/10000324\/revisions\/10000915"}],"up":[{"embeddable":true,"href":"https:\/\/www.fh-joanneum.at\/radiologietechnologie\/bachelor\/wp-json\/wp\/v2\/pages\/10000310"}],"wp:attachment":[{"href":"https:\/\/www.fh-joanneum.at\/radiologietechnologie\/bachelor\/wp-json\/wp\/v2\/media?parent=10000324"}],"curies":[{"name":"wp","href":"https:\/\/api.w.org\/{rel}","templated":true}]}}