{"id":10000332,"date":"2016-08-10T16:35:53","date_gmt":"2016-08-10T14:35:53","guid":{"rendered":"https:\/\/www.fh-joanneum.at\/radiologietechnologie\/bachelor\/?page_id=332"},"modified":"2023-11-02T14:03:43","modified_gmt":"2023-11-02T12:03:43","slug":"absolventinnen-absolventen","status":"publish","type":"page","link":"https:\/\/www.fh-joanneum.at\/radiologietechnologie\/bachelor\/nach-dem-studium\/absolventinnen-absolventen\/","title":{"rendered":"Absolvent:innen"},"content":{"rendered":"<div id=\"\" class=\"wp-block-text-content margin-bottom-none\">\n    <div class=\"container-lg\">\n        <div class=\"row\">\n            <div class=\"col\">\n                <div class=\"module-migration-headline\">\n<h3>Was machen unsere Absolvent:innen?<\/h3>\n<\/div>\n\n            <\/div>\n        <\/div>\n            <\/div>\n<\/div>\n\n<div id=\"\" class=\"wp-block-list-of-graduates margin-bottom-normal\">\n  <div class=\"container-lg\">\n    <div class=\"row\">\n                        <div class=\"col-6 col-sm-4 col-md-6 col-lg-4 col-xl-4 mb-4\">\n            <a\n    href=\"https:\/\/www.fh-joanneum.at\/radiologietechnologie\/bachelor\/nach-dem-studium\/absolventinnen-absolventen\/thomas-zussner-bsc\/\"\n    class=\"graduate-card bg-light\"\n>\n    <div class=\"border border-light h-100\">\n        <div class=\"image-wrapper\">\n            <picture>\n                        <source\n                media=\"(max-width: 461px)\"\n                srcset=\"https:\/\/cdn3.fh-joanneum.at\/media\/sites\/26\/2019\/09\/thomas-zussner-bsc.jpg, https:\/\/cdn3.fh-joanneum.at\/media\/sites\/26\/2019\/09\/thomas-zussner-bsc-768x959.jpg 2x\"\n            \/>\n                    <source\n                media=\"(max-width: 768px)\"\n                srcset=\"https:\/\/cdn3.fh-joanneum.at\/media\/sites\/26\/2019\/09\/thomas-zussner-bsc-768x959.jpg, https:\/\/cdn3.fh-joanneum.at\/media\/sites\/26\/2019\/09\/thomas-zussner-bsc-820x1024.jpg 2x\"\n            \/>\n                    <source\n                media=\"(max-width: 820px)\"\n                srcset=\"https:\/\/cdn3.fh-joanneum.at\/media\/sites\/26\/2019\/09\/thomas-zussner-bsc-820x1024.jpg, https:\/\/cdn3.fh-joanneum.at\/media\/sites\/26\/2019\/09\/thomas-zussner-bsc.jpg 2x\"\n            \/>\n                    <source\n                media=\"(max-width: 1230px)\"\n                srcset=\"https:\/\/cdn3.fh-joanneum.at\/media\/sites\/26\/2019\/09\/thomas-zussner-bsc.jpg, https:\/\/cdn3.fh-joanneum.at\/media\/sites\/26\/2019\/09\/thomas-zussner-bsc.jpg 2x\"\n            \/>\n                    <source\n                media=\"(max-width: 1602px)\"\n                srcset=\"https:\/\/cdn3.fh-joanneum.at\/media\/sites\/26\/2019\/09\/thomas-zussner-bsc.jpg, https:\/\/cdn3.fh-joanneum.at\/media\/sites\/26\/2019\/09\/thomas-zussner-bsc.jpg 2x\"\n            \/>\n                <img decoding=\"async\"\n        class=\"img-fluid\"\n        src=\"https:\/\/cdn3.fh-joanneum.at\/media\/sites\/26\/2019\/09\/thomas-zussner-bsc.jpg\"\n        alt=\"Thomas Zussner, BSc\"\n        title=\"\"\n         loading=\"lazy\"             >\n<\/picture>\n\n        <\/div>\n        <div class=\"p-2 p-xl-3\">\n            <h6>Thomas Zussner, BSc MSc<\/h6>\n            <p class=\"mb-0 hyphens\">\n                Zu den Kernaufgaben von Thomas Zussner z\u00e4hlen die Planung, Implementierung und Durchf\u00fchrung wissenschaftlicher Untersuchungen am MR-Scanner. Er ist als Radiologietechnologe im MRI-Lab am Institut f\u00fcr Psychologie der Uni Graz t\u00e4tig.\n            <\/p>\n        <\/div>\n    <\/div>\n<\/a>\n          <\/div>\n                  <div class=\"col-6 col-sm-4 col-md-6 col-lg-4 col-xl-4 mb-4\">\n            <a\n    href=\"https:\/\/www.fh-joanneum.at\/radiologietechnologie\/bachelor\/nach-dem-studium\/absolventinnen-absolventen\/monika-dumanic-bsc-msc\/\"\n    class=\"graduate-card bg-light\"\n>\n    <div class=\"border border-light h-100\">\n        <div class=\"image-wrapper\">\n            <picture>\n                        <source\n                media=\"(max-width: 436px)\"\n                srcset=\"https:\/\/cdn3.fh-joanneum.at\/media\/sites\/26\/2021\/11\/monika-dumanic-bsc-msc-scaled.jpg, https:\/\/cdn3.fh-joanneum.at\/media\/sites\/26\/2021\/11\/monika-dumanic-bsc-msc-768x1014.jpg 2x\"\n            \/>\n                    <source\n                media=\"(max-width: 768px)\"\n                srcset=\"https:\/\/cdn3.fh-joanneum.at\/media\/sites\/26\/2021\/11\/monika-dumanic-bsc-msc-768x1014.jpg, https:\/\/cdn3.fh-joanneum.at\/media\/sites\/26\/2021\/11\/monika-dumanic-bsc-msc-776x1024.jpg 2x\"\n            \/>\n                    <source\n                media=\"(max-width: 776px)\"\n                srcset=\"https:\/\/cdn3.fh-joanneum.at\/media\/sites\/26\/2021\/11\/monika-dumanic-bsc-msc-776x1024.jpg, https:\/\/cdn3.fh-joanneum.at\/media\/sites\/26\/2021\/11\/monika-dumanic-bsc-msc-1164x1536.jpg 2x\"\n            \/>\n                    <source\n                media=\"(max-width: 1164px)\"\n                srcset=\"https:\/\/cdn3.fh-joanneum.at\/media\/sites\/26\/2021\/11\/monika-dumanic-bsc-msc-1164x1536.jpg, https:\/\/cdn3.fh-joanneum.at\/media\/sites\/26\/2021\/11\/monika-dumanic-bsc-msc-1551x2048.jpg 2x\"\n            \/>\n                    <source\n                media=\"(max-width: 1551px)\"\n                srcset=\"https:\/\/cdn3.fh-joanneum.at\/media\/sites\/26\/2021\/11\/monika-dumanic-bsc-msc-1551x2048.jpg, https:\/\/cdn3.fh-joanneum.at\/media\/sites\/26\/2021\/11\/monika-dumanic-bsc-msc-scaled.jpg 2x\"\n            \/>\n                <img decoding=\"async\"\n        class=\"img-fluid\"\n        src=\"https:\/\/cdn3.fh-joanneum.at\/media\/sites\/26\/2021\/11\/monika-dumanic-bsc-msc-scaled.jpg\"\n        alt=\"Monika Dumanic, BSc MSc\"\n        title=\"\"\n         loading=\"lazy\"             >\n<\/picture>\n\n        <\/div>\n        <div class=\"p-2 p-xl-3\">\n            <h6>Monika Dumanic, BSc MSc<\/h6>\n            <p class=\"mb-0 hyphens\">\n                Monika Dumanic besch\u00e4ftigt sich bei Canon Medical Systems nicht nur mit der Optimierung von CT-Systemen, sondern ist auch als Produktmanagerin im Bereich Healthcare IT t\u00e4tig.\n            <\/p>\n        <\/div>\n    <\/div>\n<\/a>\n          <\/div>\n                  <div class=\"col-6 col-sm-4 col-md-6 col-lg-4 col-xl-4 mb-4\">\n            <a\n    href=\"https:\/\/www.fh-joanneum.at\/radiologietechnologie\/bachelor\/nach-dem-studium\/absolventinnen-absolventen\/niklas-stockreiter-bsc-msc\/\"\n    class=\"graduate-card bg-light\"\n>\n    <div class=\"border border-light h-100\">\n        <div class=\"image-wrapper\">\n            <picture>\n                        <source\n                media=\"(max-width: 411px)\"\n                srcset=\"https:\/\/cdn3.fh-joanneum.at\/media\/sites\/26\/2019\/09\/niklas-stockreiter-bsc-msc.jpg, https:\/\/cdn3.fh-joanneum.at\/media\/sites\/26\/2019\/09\/niklas-stockreiter-bsc-msc-768x1075.jpg 2x\"\n            \/>\n                    <source\n                media=\"(max-width: 768px)\"\n                srcset=\"https:\/\/cdn3.fh-joanneum.at\/media\/sites\/26\/2019\/09\/niklas-stockreiter-bsc-msc-768x1075.jpg, https:\/\/cdn3.fh-joanneum.at\/media\/sites\/26\/2019\/09\/niklas-stockreiter-bsc-msc-731x1024.jpg 2x\"\n            \/>\n                    <source\n                media=\"(max-width: 731px)\"\n                srcset=\"https:\/\/cdn3.fh-joanneum.at\/media\/sites\/26\/2019\/09\/niklas-stockreiter-bsc-msc-731x1024.jpg, https:\/\/cdn3.fh-joanneum.at\/media\/sites\/26\/2019\/09\/niklas-stockreiter-bsc-msc.jpg 2x\"\n            \/>\n                    <source\n                media=\"(max-width: 1097px)\"\n                srcset=\"https:\/\/cdn3.fh-joanneum.at\/media\/sites\/26\/2019\/09\/niklas-stockreiter-bsc-msc.jpg, https:\/\/cdn3.fh-joanneum.at\/media\/sites\/26\/2019\/09\/niklas-stockreiter-bsc-msc.jpg 2x\"\n            \/>\n                    <source\n                media=\"(max-width: 1463px)\"\n                srcset=\"https:\/\/cdn3.fh-joanneum.at\/media\/sites\/26\/2019\/09\/niklas-stockreiter-bsc-msc.jpg, https:\/\/cdn3.fh-joanneum.at\/media\/sites\/26\/2019\/09\/niklas-stockreiter-bsc-msc.jpg 2x\"\n            \/>\n                <img decoding=\"async\"\n        class=\"img-fluid\"\n        src=\"https:\/\/cdn3.fh-joanneum.at\/media\/sites\/26\/2019\/09\/niklas-stockreiter-bsc-msc.jpg\"\n        alt=\"Niklas Stockreiter, BSc MSc\"\n        title=\"Niklas Stockreiter, BSc MSc\"\n         loading=\"lazy\"             >\n<\/picture>\n\n        <\/div>\n        <div class=\"p-2 p-xl-3\">\n            <h6>Niklas Stockreiter, BSc MSc MSc<\/h6>\n            <p class=\"mb-0 hyphens\">\n                Niklas Stockreiter liebt an seinem Job den Kontakt zu Patientinnen und Patienten ebenso wie die Bedienung komplexer radiologischer Ger\u00e4te. Er ist als Applikations- und Produktspezialist im Fachgebiet Radiologie bei der Firma Sanova Medical Systems t\u00e4tig.\n            <\/p>\n        <\/div>\n    <\/div>\n<\/a>\n          <\/div>\n                  <div class=\"col-6 col-sm-4 col-md-6 col-lg-4 col-xl-4 mb-4\">\n            <a\n    href=\"https:\/\/www.fh-joanneum.at\/radiologietechnologie\/bachelor\/nach-dem-studium\/absolventinnen-absolventen\/harald-kogelbauer-bsc-msc\/\"\n    class=\"graduate-card bg-light\"\n>\n    <div class=\"border border-light h-100\">\n        <div class=\"image-wrapper\">\n            <picture>\n                        <source\n                media=\"(max-width: 461px)\"\n                srcset=\"https:\/\/cdn3.fh-joanneum.at\/media\/sites\/26\/2019\/09\/harald-kogelbauer-bsc-msc-2.jpg, https:\/\/cdn3.fh-joanneum.at\/media\/sites\/26\/2019\/09\/harald-kogelbauer-bsc-msc-2-768x961.jpg 2x\"\n            \/>\n                    <source\n                media=\"(max-width: 768px)\"\n                srcset=\"https:\/\/cdn3.fh-joanneum.at\/media\/sites\/26\/2019\/09\/harald-kogelbauer-bsc-msc-2-768x961.jpg, https:\/\/cdn3.fh-joanneum.at\/media\/sites\/26\/2019\/09\/harald-kogelbauer-bsc-msc-2-819x1024.jpg 2x\"\n            \/>\n                    <source\n                media=\"(max-width: 819px)\"\n                srcset=\"https:\/\/cdn3.fh-joanneum.at\/media\/sites\/26\/2019\/09\/harald-kogelbauer-bsc-msc-2-819x1024.jpg, https:\/\/cdn3.fh-joanneum.at\/media\/sites\/26\/2019\/09\/harald-kogelbauer-bsc-msc-2.jpg 2x\"\n            \/>\n                    <source\n                media=\"(max-width: 1228px)\"\n                srcset=\"https:\/\/cdn3.fh-joanneum.at\/media\/sites\/26\/2019\/09\/harald-kogelbauer-bsc-msc-2.jpg, https:\/\/cdn3.fh-joanneum.at\/media\/sites\/26\/2019\/09\/harald-kogelbauer-bsc-msc-2.jpg 2x\"\n            \/>\n                    <source\n                media=\"(max-width: 1637px)\"\n                srcset=\"https:\/\/cdn3.fh-joanneum.at\/media\/sites\/26\/2019\/09\/harald-kogelbauer-bsc-msc-2.jpg, https:\/\/cdn3.fh-joanneum.at\/media\/sites\/26\/2019\/09\/harald-kogelbauer-bsc-msc-2.jpg 2x\"\n            \/>\n                <img decoding=\"async\"\n        class=\"img-fluid\"\n        src=\"https:\/\/cdn3.fh-joanneum.at\/media\/sites\/26\/2019\/09\/harald-kogelbauer-bsc-msc-2.jpg\"\n        alt=\"Harald Kogelbauer, BSc MSc 1\"\n        title=\"\"\n         loading=\"lazy\"             >\n<\/picture>\n\n        <\/div>\n        <div class=\"p-2 p-xl-3\">\n            <h6>Harald Kogelbauer, BSc MSc<\/h6>\n            <p class=\"mb-0 hyphens\">\n                Harald Kogelbauer arbeitet als Radiologietechnologe im Zentralr\u00f6ntgeninstitut des LKH Leoben und ist Co-Gr\u00fcnder der Medical 3D-Print.\n            <\/p>\n        <\/div>\n    <\/div>\n<\/a>\n          <\/div>\n                  <div class=\"col-6 col-sm-4 col-md-6 col-lg-4 col-xl-4 mb-4\">\n            <a\n    href=\"https:\/\/www.fh-joanneum.at\/radiologietechnologie\/bachelor\/nach-dem-studium\/absolventinnen-absolventen\/alexandra-poelzl\/\"\n    class=\"graduate-card bg-light\"\n>\n    <div class=\"border border-light h-100\">\n        <div class=\"image-wrapper\">\n            <picture>\n                        <source\n                media=\"(max-width: 418px)\"\n                srcset=\"https:\/\/cdn3.fh-joanneum.at\/media\/sites\/26\/2019\/08\/alexandra-poelzl.jpg, https:\/\/cdn3.fh-joanneum.at\/media\/sites\/26\/2019\/08\/alexandra-poelzl-768x1059.jpg 2x\"\n            \/>\n                    <source\n                media=\"(max-width: 768px)\"\n                srcset=\"https:\/\/cdn3.fh-joanneum.at\/media\/sites\/26\/2019\/08\/alexandra-poelzl-768x1059.jpg, https:\/\/cdn3.fh-joanneum.at\/media\/sites\/26\/2019\/08\/alexandra-poelzl-742x1024.jpg 2x\"\n            \/>\n                    <source\n                media=\"(max-width: 742px)\"\n                srcset=\"https:\/\/cdn3.fh-joanneum.at\/media\/sites\/26\/2019\/08\/alexandra-poelzl-742x1024.jpg, https:\/\/cdn3.fh-joanneum.at\/media\/sites\/26\/2019\/08\/alexandra-poelzl.jpg 2x\"\n            \/>\n                    <source\n                media=\"(max-width: 1114px)\"\n                srcset=\"https:\/\/cdn3.fh-joanneum.at\/media\/sites\/26\/2019\/08\/alexandra-poelzl.jpg, https:\/\/cdn3.fh-joanneum.at\/media\/sites\/26\/2019\/08\/alexandra-poelzl.jpg 2x\"\n            \/>\n                    <source\n                media=\"(max-width: 1160px)\"\n                srcset=\"https:\/\/cdn3.fh-joanneum.at\/media\/sites\/26\/2019\/08\/alexandra-poelzl.jpg, https:\/\/cdn3.fh-joanneum.at\/media\/sites\/26\/2019\/08\/alexandra-poelzl.jpg 2x\"\n            \/>\n                <img decoding=\"async\"\n        class=\"img-fluid\"\n        src=\"https:\/\/cdn3.fh-joanneum.at\/media\/sites\/26\/2019\/08\/alexandra-poelzl.jpg\"\n        alt=\"Alexandra P\u00f6lzl\"\n        title=\"\"\n         loading=\"lazy\"             >\n<\/picture>\n\n        <\/div>\n        <div class=\"p-2 p-xl-3\">\n            <h6>Alexandra P\u00f6lzl, BSc<\/h6>\n            <p class=\"mb-0 hyphens\">\n                Alexandra P\u00f6lzl arbeitet als Radiologietechnologin am Paul Scherrer Institut, einem der gr\u00f6\u00dften Forschungsinstitute in der Schweiz. \n            <\/p>\n        <\/div>\n    <\/div>\n<\/a>\n          <\/div>\n                  <div class=\"col-6 col-sm-4 col-md-6 col-lg-4 col-xl-4 mb-4\">\n            <a\n    href=\"https:\/\/www.fh-joanneum.at\/radiologietechnologie\/bachelor\/nach-dem-studium\/absolventinnen-absolventen\/andreas-krasser-bsc-msc-harald-kogelbauer-bsc-msc\/\"\n    class=\"graduate-card bg-light\"\n>\n    <div class=\"border border-light h-100\">\n        <div class=\"image-wrapper\">\n            <picture>\n                        <source\n                media=\"(max-width: 461px)\"\n                srcset=\"https:\/\/cdn3.fh-joanneum.at\/media\/sites\/26\/2019\/09\/andreas-krasser-bsc-msc-harald-kogelbauer-bsc-msc.jpg, https:\/\/cdn3.fh-joanneum.at\/media\/sites\/26\/2019\/09\/andreas-krasser-bsc-msc-harald-kogelbauer-bsc-msc-768x960.jpg 2x\"\n            \/>\n                    <source\n                media=\"(max-width: 768px)\"\n                srcset=\"https:\/\/cdn3.fh-joanneum.at\/media\/sites\/26\/2019\/09\/andreas-krasser-bsc-msc-harald-kogelbauer-bsc-msc-768x960.jpg, https:\/\/cdn3.fh-joanneum.at\/media\/sites\/26\/2019\/09\/andreas-krasser-bsc-msc-harald-kogelbauer-bsc-msc-819x1024.jpg 2x\"\n            \/>\n                    <source\n                media=\"(max-width: 819px)\"\n                srcset=\"https:\/\/cdn3.fh-joanneum.at\/media\/sites\/26\/2019\/09\/andreas-krasser-bsc-msc-harald-kogelbauer-bsc-msc-819x1024.jpg, https:\/\/cdn3.fh-joanneum.at\/media\/sites\/26\/2019\/09\/andreas-krasser-bsc-msc-harald-kogelbauer-bsc-msc.jpg 2x\"\n            \/>\n                    <source\n                media=\"(max-width: 1229px)\"\n                srcset=\"https:\/\/cdn3.fh-joanneum.at\/media\/sites\/26\/2019\/09\/andreas-krasser-bsc-msc-harald-kogelbauer-bsc-msc.jpg, https:\/\/cdn3.fh-joanneum.at\/media\/sites\/26\/2019\/09\/andreas-krasser-bsc-msc-harald-kogelbauer-bsc-msc.jpg 2x\"\n            \/>\n                    <source\n                media=\"(max-width: 1639px)\"\n                srcset=\"https:\/\/cdn3.fh-joanneum.at\/media\/sites\/26\/2019\/09\/andreas-krasser-bsc-msc-harald-kogelbauer-bsc-msc.jpg, https:\/\/cdn3.fh-joanneum.at\/media\/sites\/26\/2019\/09\/andreas-krasser-bsc-msc-harald-kogelbauer-bsc-msc.jpg 2x\"\n            \/>\n                <img decoding=\"async\"\n        class=\"img-fluid\"\n        src=\"https:\/\/cdn3.fh-joanneum.at\/media\/sites\/26\/2019\/09\/andreas-krasser-bsc-msc-harald-kogelbauer-bsc-msc.jpg\"\n        alt=\"Andreas Krasser, BSc MSc &amp;amp; Harald Kogelbauer, BSc MSc\"\n        title=\"\"\n         loading=\"lazy\"             >\n<\/picture>\n\n        <\/div>\n        <div class=\"p-2 p-xl-3\">\n            <h6>Andreas Krasser &amp; Harald Kogelbauer<\/h6>\n            <p class=\"mb-0 hyphens\">\n                Andreas Krasser und Harald Kogelbauer gr\u00fcndeten nach dem Bachelor- und Masterstudium 2017 das Unternehmen Medical 3D-Print.\n            <\/p>\n        <\/div>\n    <\/div>\n<\/a>\n          <\/div>\n                  <div class=\"col-6 col-sm-4 col-md-6 col-lg-4 col-xl-4 mb-4\">\n            <a\n    href=\"https:\/\/www.fh-joanneum.at\/radiologietechnologie\/bachelor\/nach-dem-studium\/absolventinnen-absolventen\/julia-tomanek-bsc\/\"\n    class=\"graduate-card bg-light\"\n>\n    <div class=\"border border-light h-100\">\n        <div class=\"image-wrapper\">\n            <picture>\n                        <source\n                media=\"(max-width: 416px)\"\n                srcset=\"https:\/\/cdn3.fh-joanneum.at\/media\/sites\/26\/2019\/09\/julia-tomanek-bsc.jpg, https:\/\/cdn3.fh-joanneum.at\/media\/sites\/26\/2019\/09\/julia-tomanek-bsc-768x1064.jpg 2x\"\n            \/>\n                    <source\n                media=\"(max-width: 768px)\"\n                srcset=\"https:\/\/cdn3.fh-joanneum.at\/media\/sites\/26\/2019\/09\/julia-tomanek-bsc-768x1064.jpg, https:\/\/cdn3.fh-joanneum.at\/media\/sites\/26\/2019\/09\/julia-tomanek-bsc-739x1024.jpg 2x\"\n            \/>\n                    <source\n                media=\"(max-width: 739px)\"\n                srcset=\"https:\/\/cdn3.fh-joanneum.at\/media\/sites\/26\/2019\/09\/julia-tomanek-bsc-739x1024.jpg, https:\/\/cdn3.fh-joanneum.at\/media\/sites\/26\/2019\/09\/julia-tomanek-bsc.jpg 2x\"\n            \/>\n                    <source\n                media=\"(max-width: 1109px)\"\n                srcset=\"https:\/\/cdn3.fh-joanneum.at\/media\/sites\/26\/2019\/09\/julia-tomanek-bsc.jpg, https:\/\/cdn3.fh-joanneum.at\/media\/sites\/26\/2019\/09\/julia-tomanek-bsc.jpg 2x\"\n            \/>\n                    <source\n                media=\"(max-width: 1479px)\"\n                srcset=\"https:\/\/cdn3.fh-joanneum.at\/media\/sites\/26\/2019\/09\/julia-tomanek-bsc.jpg, https:\/\/cdn3.fh-joanneum.at\/media\/sites\/26\/2019\/09\/julia-tomanek-bsc.jpg 2x\"\n            \/>\n                <img decoding=\"async\"\n        class=\"img-fluid\"\n        src=\"https:\/\/cdn3.fh-joanneum.at\/media\/sites\/26\/2019\/09\/julia-tomanek-bsc.jpg\"\n        alt=\"Julia Tomanek, BSc\"\n        title=\"\"\n         loading=\"lazy\"             >\n<\/picture>\n\n        <\/div>\n        <div class=\"p-2 p-xl-3\">\n            <h6>Julia Tomanek, BSc<\/h6>\n            <p class=\"mb-0 hyphens\">\n                Seit 2017 verst\u00e4rkt Julia Tomanek das Team des Instituts Radiologietechnologie an der FH JOANNEUM in Lehre und Forschung.\n            <\/p>\n        <\/div>\n    <\/div>\n<\/a>\n          <\/div>\n                  <div class=\"col-6 col-sm-4 col-md-6 col-lg-4 col-xl-4 mb-4\">\n            <a\n    href=\"https:\/\/www.fh-joanneum.at\/radiologietechnologie\/bachelor\/nach-dem-studium\/absolventinnen-absolventen\/andreas-krasser-bsc-msc\/\"\n    class=\"graduate-card bg-light\"\n>\n    <div class=\"border border-light h-100\">\n        <div class=\"image-wrapper\">\n            <picture>\n                        <source\n                media=\"(max-width: 436px)\"\n                srcset=\"https:\/\/cdn3.fh-joanneum.at\/media\/sites\/26\/2019\/09\/andreas-krasser-bsc-msc.jpg, https:\/\/cdn3.fh-joanneum.at\/media\/sites\/26\/2019\/09\/andreas-krasser-bsc-msc-768x1015.jpg 2x\"\n            \/>\n                    <source\n                media=\"(max-width: 768px)\"\n                srcset=\"https:\/\/cdn3.fh-joanneum.at\/media\/sites\/26\/2019\/09\/andreas-krasser-bsc-msc-768x1015.jpg, https:\/\/cdn3.fh-joanneum.at\/media\/sites\/26\/2019\/09\/andreas-krasser-bsc-msc-775x1024.jpg 2x\"\n            \/>\n                    <source\n                media=\"(max-width: 775px)\"\n                srcset=\"https:\/\/cdn3.fh-joanneum.at\/media\/sites\/26\/2019\/09\/andreas-krasser-bsc-msc-775x1024.jpg, https:\/\/cdn3.fh-joanneum.at\/media\/sites\/26\/2019\/09\/andreas-krasser-bsc-msc.jpg 2x\"\n            \/>\n                    <source\n                media=\"(max-width: 1163px)\"\n                srcset=\"https:\/\/cdn3.fh-joanneum.at\/media\/sites\/26\/2019\/09\/andreas-krasser-bsc-msc.jpg, https:\/\/cdn3.fh-joanneum.at\/media\/sites\/26\/2019\/09\/andreas-krasser-bsc-msc.jpg 2x\"\n            \/>\n                    <source\n                media=\"(max-width: 1550px)\"\n                srcset=\"https:\/\/cdn3.fh-joanneum.at\/media\/sites\/26\/2019\/09\/andreas-krasser-bsc-msc.jpg, https:\/\/cdn3.fh-joanneum.at\/media\/sites\/26\/2019\/09\/andreas-krasser-bsc-msc.jpg 2x\"\n            \/>\n                <img decoding=\"async\"\n        class=\"img-fluid\"\n        src=\"https:\/\/cdn3.fh-joanneum.at\/media\/sites\/26\/2019\/09\/andreas-krasser-bsc-msc.jpg\"\n        alt=\"Andreas Krasser, BSc MSc\"\n        title=\"\"\n         loading=\"lazy\"             >\n<\/picture>\n\n        <\/div>\n        <div class=\"p-2 p-xl-3\">\n            <h6>Andreas Krasser, BSc MSc<\/h6>\n            <p class=\"mb-0 hyphens\">\n                Andreas Krasser arbeitet als Radiologietechnologe bei der KAGes und ist Co-Gr\u00fcnder der Medical 3D-Print.\n            <\/p>\n        <\/div>\n    <\/div>\n<\/a>\n          <\/div>\n                  <\/div>\n  <\/div>\n<\/div>\n\n","protected":false},"excerpt":{"rendered":"<p>Wollen Sie mehr \u00fcber die Berufs- und Karrierewege unserer Absolvent:innen erfahren? Wir haben einige unserer ehemaligen Studierenden portraitiert, damit Sie sich selbst ein Bild machen k\u00f6nnen.<\/p>\n","protected":false},"author":12,"featured_media":0,"parent":10000328,"menu_order":72,"comment_status":"closed","ping_status":"closed","template":"","meta":{"_acf_changed":false,"footnotes":""},"acf":[],"aioseo_notices":[],"_links":{"self":[{"href":"https:\/\/www.fh-joanneum.at\/radiologietechnologie\/bachelor\/wp-json\/wp\/v2\/pages\/10000332"}],"collection":[{"href":"https:\/\/www.fh-joanneum.at\/radiologietechnologie\/bachelor\/wp-json\/wp\/v2\/pages"}],"about":[{"href":"https:\/\/www.fh-joanneum.at\/radiologietechnologie\/bachelor\/wp-json\/wp\/v2\/types\/page"}],"author":[{"embeddable":true,"href":"https:\/\/www.fh-joanneum.at\/radiologietechnologie\/bachelor\/wp-json\/wp\/v2\/users\/12"}],"replies":[{"embeddable":true,"href":"https:\/\/www.fh-joanneum.at\/radiologietechnologie\/bachelor\/wp-json\/wp\/v2\/comments?post=10000332"}],"version-history":[{"count":0,"href":"https:\/\/www.fh-joanneum.at\/radiologietechnologie\/bachelor\/wp-json\/wp\/v2\/pages\/10000332\/revisions"}],"up":[{"embeddable":true,"href":"https:\/\/www.fh-joanneum.at\/radiologietechnologie\/bachelor\/wp-json\/wp\/v2\/pages\/10000328"}],"wp:attachment":[{"href":"https:\/\/www.fh-joanneum.at\/radiologietechnologie\/bachelor\/wp-json\/wp\/v2\/media?parent=10000332"}],"curies":[{"name":"wp","href":"https:\/\/api.w.org\/{rel}","templated":true}]}}