{"id":10000692,"date":"2019-09-29T14:52:00","date_gmt":"2019-09-29T12:52:00","guid":{"rendered":"https:\/\/www.fh-joanneum.at\/radiologietechnologie\/bachelor\/?page_id=692"},"modified":"2019-09-30T17:53:17","modified_gmt":"2019-09-30T15:53:17","slug":"alexandra-poelzl","status":"publish","type":"page","link":"https:\/\/www.fh-joanneum.at\/radiologietechnologie\/bachelor\/nach-dem-studium\/absolventinnen-absolventen\/alexandra-poelzl\/","title":{"rendered":"Alexandra P\u00f6lzl, BSc"},"content":{"rendered":"<div id=\"\" class=\"wp-block-text-content margin-bottom-normal\">\n    <div class=\"container-lg\">\n        <div class=\"row\">\n            <div class=\"col\">\n                <h4>Eckdaten<\/h4>\n<p><strong>Jobbezeichnung:<\/strong> Radiologietechnologin <\/p>\n<p><strong>Unternehmen:<\/strong> Paul Scherrer Institut, Villigen, Schweiz <\/p>\n<p><strong>Ich arbeite hier seit:<\/strong> September 2018<\/p>\n<p><a href=\"mailto:poelzl.alexandra@gmx.at\" title=\"E-Mail an Alexandra P&ouml;lzl senden\">Mein Kontakt<\/a>   <\/p>\n<h4>Was ich mache<\/h4>\n<p>Das Paul Scherrer Institut ist das gr&ouml;&szlig;te Forschungsinstitut f&uuml;r Natur- und Ingenieurwissenschaften in der Schweiz und beinhaltet auch das Zentrum f&uuml;r Protonentherapie. Als Radiologietechnologin bin ich hier f&uuml;r die Durchf&uuml;hrung der Bestrahlung unserer Patientinnen und Patienten sowie f&uuml;r die Qualit&auml;tssicherung der Bestrahlungsger&auml;te und Computertomographen durch periodische Qualit&auml;tskontrollen zust&auml;ndig. Des Weiteren z&auml;hlt die Anfertigung von Moulagen und Planungsbildern zu meinem Aufgabengebiet. In Zusammenarbeit mit unseren Physikerinnen und Physikern bin ich au&szlig;erdem f&uuml;r die Verifikation der Bestrahlungspl&auml;ne verantwortlich.<\/p>\n<h4>Warum ich meinen Job liebe<\/h4>\n<p>Ich liebe an meinem Beruf, dass ich hier Menschen in einer sehr schwierigen Lebensphase begleiten und unterst&uuml;tzen darf sowie mit meiner Fachkompetenz einen Beitrag zur Genesung leisten kann. Dar&uuml;ber hinaus sch&auml;tze ich den Kontakt mit Menschen unterschiedlicher Kultur und Sprache sowohl bei unseren Patientinnen und Patienten als auch im interdisziplin&auml;ren Team. Das abwechslungsreiche Arbeitsfeld mit verantwortungsvollen Aufgaben und t&auml;glich neuen Herausforderungen machen meinen Beruf zus&auml;tzlich spannend. <\/p>\n<h4>Wichtige F&auml;higkeiten in meinem Job<\/h4>\n<ul>\n<li>Einf&uuml;hlungsverm&ouml;gen<\/li>\n<li>Kommunikationsst&auml;rke<\/li>\n<li>Teamf&auml;higkeit<\/li>\n<li>Belastbarkeit<\/li>\n<li>Flexibilit&auml;t<\/li>\n<li>Verantwortungsbewusstsein<\/li>\n<li>Gewissenhaftigkeit<\/li>\n<\/ul>\n<h4>Mein bisher gr&ouml;&szlig;ter Erfolg in meiner Karriere<\/h4>\n<p>Ich freue mich &uuml;ber jede positive R&uuml;ckmeldung der Patientinnen und Patienten, die bei uns behandelt wurden und sich hier stets wohl und gut aufgehoben gef&uuml;hlt haben. Einen weiteren kleinen Erfolg sehe ich in der erfolgreichen Anwendung sowie den Ausbau meiner Englisch- und Italienischsprachkenntnisse.<\/p>\n<h4>So bin ich zu meinem Job gekommen<\/h4>\n<ul>\n<li>Bewerbung auf eine ausgeschriebene Stelle mit anschlie&szlig;endem Bewerbungsgespr&auml;ch und Kurzpraktikum<\/li>\n<\/ul>\n<h4>Das habe ich im Studium f&uuml;rs Berufsleben gelernt<\/h4>\n<p>Aus dem Studium an der FH JOANNEUM konnte ich einiges an konkretem Fachwissen, vor allem in den Bereichen Bestrahlungsplanung, Durchf&uuml;hrung der Bestrahlung und Qualit&auml;tssicherung, mitnehmen, das ich anschlie&szlig;end in den Praktika anwenden konnte und das nun im Berufsleben sehr n&uuml;tzlich ist. Au&szlig;erdem haben die Vorlesungen zu den Themen Pathologie und Tumorlehre dazu beigetragen, ein Verst&auml;ndnis f&uuml;r die komplexe Entstehung von Erkrankungen zu entwickeln. Durchhalteverm&ouml;gen und eine genaue Arbeitsweise sowie das gute Zusammenarbeiten im Team waren weitere Punkte, die uns das Studium gelehrt hat. <\/p>\n<h4>Die Jobchancen in meinem Bereich<\/h4>\n<p>Ich sch&auml;tze die beruflichen Aussichten f&uuml;r Radiologietechnologinnen und Radiologietechnologen derzeit als sehr gut ein. Durch die breit gef&auml;cherte und praxisorientierte Ausbildung steht nach Abschluss des Studiums eine Vielzahl an T&auml;tigkeitsbereichen zur Verf&uuml;gung.<\/p>\n<h4>Ich bin<\/h4>\n<p>Ich bin eine sehr zuverl&auml;ssige und faire Person mit einer gewissenhaften Arbeitsweise. Zudem pflege ich einen freundlichen Umgang mit unseren Patientinnen und Patienten sowie auch eine gute Zusammenarbeit im Team.<\/p>\n<h4>Ich &uuml;ber meinen Job<\/h4>\n<p>Das Berufsfeld von Radiologietechnologinnen und Radiologietechnologen ist vielseitig und entwickelt sich st&auml;ndig weiter. F&uuml;r mich war bereits im Studium klar, dass mich der Fachbereich Strahlentherapie besonders interessiert, weshalb ich auch sehr froh bin hier Fu&szlig; gefasst zu haben. Der Umgang mit unseren Patientinnen und Patienten sowie das Arbeiten im interdisziplin&auml;ren Team und die Kombination aus Medizin und Technik bereiten mir dabei besonders Freude. <\/p>\n\n            <\/div>\n        <\/div>\n            <\/div>\n<\/div>\n\n<div\n    id=\"\"\n    class=\"wp-block-tipp-box margin-bottom-normal\"\n>\n    <div class=\"container-lg\">\n        <div class=\"row\">\n            <div class=\"col\">\n                <div class=\"tipp-box border border-warning\">\n                    <div class=\"tipp-box-inner p-2 p-md-3\">\n                        <h4 class=\"\">Tipp<\/h4>\n                        <p>Zuk\u00fcnftigen Studentinnen und Studenten m\u00f6chte ich mit auf den Weg geben, sich nicht vom eigenen Weg abbringen zu lassen, langfristige Ziele zu setzen und diese mit Engagement und Durchhalteverm\u00f6gen zu erreichen versuchen.<\/p>\n\n                    <\/div>\n                <\/div>\n            <\/div>\n        <\/div>\n    <\/div>\n<\/div>\n\n","protected":false},"excerpt":{"rendered":"<p>Alexandra P\u00f6lzl arbeitet als Radiologietechnologin am Paul Scherrer Institut, einem der gr\u00f6\u00dften Forschungsinstitute in der Schweiz. <\/p>\n","protected":false},"author":11,"featured_media":10000693,"parent":10000332,"menu_order":11,"comment_status":"closed","ping_status":"closed","template":"template-absolvent.blade.php","meta":{"_acf_changed":false,"footnotes":""},"acf":[],"aioseo_notices":[],"_links":{"self":[{"href":"https:\/\/www.fh-joanneum.at\/radiologietechnologie\/bachelor\/wp-json\/wp\/v2\/pages\/10000692"}],"collection":[{"href":"https:\/\/www.fh-joanneum.at\/radiologietechnologie\/bachelor\/wp-json\/wp\/v2\/pages"}],"about":[{"href":"https:\/\/www.fh-joanneum.at\/radiologietechnologie\/bachelor\/wp-json\/wp\/v2\/types\/page"}],"author":[{"embeddable":true,"href":"https:\/\/www.fh-joanneum.at\/radiologietechnologie\/bachelor\/wp-json\/wp\/v2\/users\/11"}],"replies":[{"embeddable":true,"href":"https:\/\/www.fh-joanneum.at\/radiologietechnologie\/bachelor\/wp-json\/wp\/v2\/comments?post=10000692"}],"version-history":[{"count":0,"href":"https:\/\/www.fh-joanneum.at\/radiologietechnologie\/bachelor\/wp-json\/wp\/v2\/pages\/10000692\/revisions"}],"up":[{"embeddable":true,"href":"https:\/\/www.fh-joanneum.at\/radiologietechnologie\/bachelor\/wp-json\/wp\/v2\/pages\/10000332"}],"wp:featuredmedia":[{"embeddable":true,"href":"https:\/\/www.fh-joanneum.at\/radiologietechnologie\/bachelor\/wp-json\/wp\/v2\/media\/10000693"}],"wp:attachment":[{"href":"https:\/\/www.fh-joanneum.at\/radiologietechnologie\/bachelor\/wp-json\/wp\/v2\/media?parent=10000692"}],"curies":[{"name":"wp","href":"https:\/\/api.w.org\/{rel}","templated":true}]}}