{"id":10000768,"date":"2019-09-19T12:37:54","date_gmt":"2019-09-19T10:37:54","guid":{"rendered":"https:\/\/www.fh-joanneum.at\/radiologietechnologie\/bachelor\/?page_id=768"},"modified":"2019-09-19T17:19:15","modified_gmt":"2019-09-19T15:19:15","slug":"harald-kogelbauer-bsc-msc","status":"publish","type":"page","link":"https:\/\/www.fh-joanneum.at\/radiologietechnologie\/bachelor\/nach-dem-studium\/absolventinnen-absolventen\/harald-kogelbauer-bsc-msc\/","title":{"rendered":"Harald Kogelbauer, BSc MSc"},"content":{"rendered":"<div id=\"\" class=\"wp-block-text-content margin-bottom-normal\">\n    <div class=\"container-lg\">\n        <div class=\"row\">\n            <div class=\"col\">\n                <h4>Eckdaten<\/h4>\n<p><strong>Jobbezeichnung:<\/strong> Radiologietechnologe, nebenberuflich Lehrender an der FH JOANNEUM<\/p>\n<p><strong>Unternehmen:<\/strong> KAGes &ndash; LKH Hochsteiermark, Medical 3D-Print<\/p>\n<p><strong>Ich arbeite in:<\/strong> Leoben, &Ouml;sterreich <\/p>\n<p><strong>Ich arbeite hier seit:<\/strong> 2019<\/p>\n<p>Mein Kontakt:<\/p>\n<ul>\n<li><a href=\"mailto:Harald.kogelbauer@fh-joanneum.at\">Harald.kogelbauer@fh-joanneum.at<\/a><\/li>\n<li><a href=\"https:\/\/www.medical-3dprint.at\/\" target=\"_blank\" rel=\"noopener noreferrer\">www.medical-3dprint.at\/<\/a><\/li>\n<\/ul>\n<h4>Was ich mache:<\/h4>\n<ul>\n<li>Radiologietechnologe am LKH Leoben: konventionelles R&ouml;ntgen, Computertomografie, Angiographie, &hellip;<\/li>\n<li>Nebenberuflich Vortragender: Radiologie in der Chirurgie, Innovationen in der Radiologietechnologie.<\/li>\n<li>Nebenberuflich selbstst&auml;ndig mit Medical 3D-Print: Erstellung von medizinischen 3D-Drucken zur Operationsplanung.<\/li>\n<\/ul>\n<h4>An meinem Job liebe ich:<\/h4>\n<ul>\n<li>die Arbeit mit Patientinnen und Patienten<\/li>\n<li>die Anwendung komplexer, modernster Medizintechnik<\/li>\n<li>als Lehrender mit Studierenden zu arbeiten<\/li>\n<\/ul>\n<h4>Wichtige F&auml;higkeiten in meinem Job:<\/h4>\n<ul>\n<li>Bereitschaft f&uuml;r flexibles und intensives Arbeiten<\/li>\n<li>technisches Interesse<\/li>\n<li>hohe Sozialkompetenz und Einf&uuml;hlungsverm&ouml;gen<\/li>\n<\/ul>\n<h4>Mein bisher gr&ouml;&szlig;ter Erfolg \/ mein tollstes Erlebnis<\/h4>\n<p>Zu meinen absoluten Highlights z&auml;hlen Momente aus dem t&auml;glichen Berufsleben, bei denen ich Patientinnen und Patienten in ihrer Ausnahmesituation w&auml;hrend der Untersuchung mit wenigen S&auml;tzen oder einfachen Taten ein L&auml;cheln ins Gesicht zaubern kann.<\/p>\n<h4>Wie ich diesen Job bekommen habe<\/h4>\n<p>Ich habe ich mich als fest angestellter Berufssanit&auml;ter f&uuml;r das Radiologietechnologie-Studium an der FH JOANNEUM entscheiden. Nach meinem Bachelorabschluss habe ich mich am LKH Graz, Universit&auml;tsklinikum f&uuml;r Chirurgie, beworben und danach dort &uuml;ber vier Jahre gearbeitet. Als meine erste Tochter zur Welt kam, bin ich mit meiner Familie zur&uuml;ck in unsere Heimat gezogen. Innerhalb der KAGes hatte ich die M&ouml;glichkeit, mich ins LKH Leoben versetzen lassen, wo ich im Zentralr&ouml;ntgeninstitut t&auml;tig bin.<\/p>\n<h4>Was ich im Studium f&uuml;r den Job gelernt habe<\/h4>\n<p>Alle Inhalte des Studiums sind immer wieder relevant f&uuml;r die Praxis. Wissen aus Strahlenschutzvorlesungen ist t&auml;glich notwendig, um bestm&ouml;glichen Strahlenschutz bei den Untersuchungen zu gew&auml;hrleisten. Medizinische Inhalte des Studiums wie Anatomie, Pathologie, Physiologie, etc. helfen einen besseren Einblick in die Abl&auml;ufe und Entscheidungen des Alltags zu bekommen. Und technischer Background ist etwa bei Reparatur- und Wartungsarbeiten oder bei Probleml&ouml;sungen von Nutzen. <\/p>\n<h4>Die Jobchancen in meinem Bereich<\/h4>\n<p>Derzeit sind die Jobchancen &ouml;sterreichweit sehr gut. Radiologietechnologinnen Radiologietechnologen sind prinzipiell &uuml;berall gesucht. In vielen Abteilungen herrscht sogar akuter Personalmangel.<\/p>\n<h4>Ich bin:<\/h4>\n<ul>\n<li>zielstrebig<\/li>\n<li>kreativ und innovativ<\/li>\n<li>sehr gut im Umgang mit Patientinnen und Patienten<\/li>\n<\/ul>\n<h4>Ausblick<\/h4>\n\n            <\/div>\n        <\/div>\n            <\/div>\n<\/div>\n\n<div\n    id=\"\"\n    class=\"wp-block-blockquote margin-bottom-normal\"\n>\n    <div class=\"container-lg\">\n        <div class=\"row\">\n            <div class=\"col\">\n                <div class=\"d-block mb-2 fs-5 major-text-color\">Sei immer bem\u00fcht, in der Radiologie mit der geringstm\u00f6glichen Strahlendosis f\u00fcr befundbare Bildqualit\u00e4t zu sorgen.<br \/>\r\n<\/div>\n                <span class=\"d-flex justify-content-end\">Harald Kogelbauer<\/span>\n            <\/div>\n        <\/div>\n    <\/div>\n<\/div>\n\n<div id=\"\" class=\"wp-block-text-content margin-bottom-normal\">\n    <div class=\"container-lg\">\n        <div class=\"row\">\n            <div class=\"col\">\n                <p>Neben meiner beruflichen T&auml;tigkeit habe ich an der technischen Universit&auml;t Kaiserslautern (D) ein Masterstudium in medizinischer Physik abgeschlossen. Ich m&ouml;chte mit meiner Zusatzausbildung im Bereich der Strahlenphysik die Ausbildung von Radiologietechnologen stets weiterentwickeln und mein Wissen in die Praxis einflie&szlig;en lassen. In meinem derzeitigen Berufsleben am LKH Leoben kann ich bei Fragen rund um das Thema Strahlenschutz sowohl Kolleginnen und Kollegen als auch &Auml;rztinnen und &Auml;rzten mit Rat und Tat zur Seite stehen.<\/p>\n<p>Vom Start ins Berufsleben beim Roten Kreuz bis zum Masterstudium der Medizinphysik und der Gr&uuml;ndung einer eigenen Firma war es ein weiter und oft anstrengender Weg. Ich m&ouml;chte an dieser Stelle meiner Familie und meiner Frau f&uuml;r die vielen Zuspr&uuml;che und die endlose Unterst&uuml;tzung auf diesem Weg Danke sagen. Ihr seid die Besten!<\/p>\n\n            <\/div>\n        <\/div>\n            <\/div>\n<\/div>\n\n","protected":false},"excerpt":{"rendered":"<p>Harald Kogelbauer arbeitet als Radiologietechnologe im Zentralr\u00f6ntgeninstitut des LKH Leoben und ist Co-Gr\u00fcnder der Medical 3D-Print.<\/p>\n","protected":false},"author":11,"featured_media":10000781,"parent":10000332,"menu_order":9,"comment_status":"closed","ping_status":"closed","template":"template-absolvent.blade.php","meta":{"_acf_changed":false,"footnotes":""},"acf":[],"aioseo_notices":[],"_links":{"self":[{"href":"https:\/\/www.fh-joanneum.at\/radiologietechnologie\/bachelor\/wp-json\/wp\/v2\/pages\/10000768"}],"collection":[{"href":"https:\/\/www.fh-joanneum.at\/radiologietechnologie\/bachelor\/wp-json\/wp\/v2\/pages"}],"about":[{"href":"https:\/\/www.fh-joanneum.at\/radiologietechnologie\/bachelor\/wp-json\/wp\/v2\/types\/page"}],"author":[{"embeddable":true,"href":"https:\/\/www.fh-joanneum.at\/radiologietechnologie\/bachelor\/wp-json\/wp\/v2\/users\/11"}],"replies":[{"embeddable":true,"href":"https:\/\/www.fh-joanneum.at\/radiologietechnologie\/bachelor\/wp-json\/wp\/v2\/comments?post=10000768"}],"version-history":[{"count":0,"href":"https:\/\/www.fh-joanneum.at\/radiologietechnologie\/bachelor\/wp-json\/wp\/v2\/pages\/10000768\/revisions"}],"up":[{"embeddable":true,"href":"https:\/\/www.fh-joanneum.at\/radiologietechnologie\/bachelor\/wp-json\/wp\/v2\/pages\/10000332"}],"wp:featuredmedia":[{"embeddable":true,"href":"https:\/\/www.fh-joanneum.at\/radiologietechnologie\/bachelor\/wp-json\/wp\/v2\/media\/10000781"}],"wp:attachment":[{"href":"https:\/\/www.fh-joanneum.at\/radiologietechnologie\/bachelor\/wp-json\/wp\/v2\/media?parent=10000768"}],"curies":[{"name":"wp","href":"https:\/\/api.w.org\/{rel}","templated":true}]}}