{"id":10000803,"date":"2019-09-10T15:26:24","date_gmt":"2019-09-10T13:26:24","guid":{"rendered":"https:\/\/www.fh-joanneum.at\/radiologietechnologie\/bachelor\/?page_id=803"},"modified":"2021-11-03T14:38:12","modified_gmt":"2021-11-03T12:38:12","slug":"niklas-stockreiter-bsc-msc","status":"publish","type":"page","link":"https:\/\/www.fh-joanneum.at\/radiologietechnologie\/bachelor\/nach-dem-studium\/absolventinnen-absolventen\/niklas-stockreiter-bsc-msc\/","title":{"rendered":"Niklas Stockreiter, BSc MSc MSc"},"content":{"rendered":"<div id=\"\" class=\"wp-block-text-content margin-bottom-normal\">\n    <div class=\"container-lg\">\n        <div class=\"row\">\n            <div class=\"col\">\n                <h4>Eckdaten<\/h4>\n<p><strong>Jobbezeichnung:<\/strong> Applikations- und Produktspezialist Radiologie<\/p>\n<p><strong>Unternehmen:<\/strong> Sanova Medical Systems <\/p>\n<p><strong>Ich arbeite in:<\/strong> Wien, &Ouml;sterreich<\/p>\n<p><strong>Ich arbeite hier seit:<\/strong> 2019<\/p>\n<p>Mein Kontakt:  <br>\n<a href=\"mailto:stockreiter.niklas@gmail.com\">Stockreiter Niklas<\/a><\/p>\n<p>&ndash;<\/p>\n<h4>Was ich mache:<\/h4>\n<ul>\n<li>Schulungen bei &Auml;rzten \/ &Auml;rztinnen, Radiologietechnologen \/ Radiologietechnologinnen oder Pflegepersonal f&uuml;r verschiedenste radiologische Produkte<\/li>\n<li>Patienten \/ Patientinnen- bzw. Anwenderbegleitung in radiologischen Instituten bei neu erworbenen Ger&auml;ten und Produkten<\/li>\n<li>Remote support bei Fragen zu den medizinischen Ger&auml;ten und Problembehebung bei St&ouml;rungen<br>\nUnterst&uuml;tzende Funktion bei Verkaufsgespr&auml;chen &ndash; Beantwortung der technischen Fragen zum jeweiligen Produkt<\/li>\n<\/ul>\n<h4>An meinem Job liebe ich:<\/h4>\n<ul>\n<li>Die Arbeit an der Schnittstelle Mensch-Medizin-Technik<\/li>\n<li>Die abwechslungsreiche T&auml;tigkeit und partielle Reisebereitschaft<\/li>\n<li>Das Kennenlernen neuer Menschen und der Aufbau meines beruflichen Netzwerkes<\/li>\n<\/ul>\n<h4>Was ich an meinem Job nicht so mag:<\/h4>\n<ul>\n<li>Die Suche nach Parkpl&auml;tzen &#128521;<\/li>\n<li>Das Autofahren zu Sto&szlig;zeiten &#128521;<\/li>\n<\/ul>\n<h4>Wichtige F&auml;higkeiten in meinem Job:<\/h4>\n<ul>\n<li>Respektvoller Umgang mit Kunden \/ Kundinnen und Patienten \/ Patientinnen, sowie Kollegen \/ Kolleginnen<\/li>\n<li>Arbeits- und Privatleben voneinander abgrenzen zu k&ouml;nnen<\/li>\n<li>Professionelles &amp; sicheres Auftreten<\/li>\n<li>Selbstst&auml;ndiges Zeit- und Terminmanagement<\/li>\n<li>Verst&auml;ndnis f&uuml;r klinische Prozesse <\/li>\n<\/ul>\n<h4>Mein bisher gr&ouml;&szlig;ter Erfolg \/ mein tollstes Erlebnis<\/h4>\n<p>Neben den beiden berufsbegleitend abgeschlossenen Masterstudieng&auml;ngen &ldquo;Digital Healthcare&rdquo; und &ldquo;Gesundheitsf&ouml;rderung &amp; Personalmanagement&rdquo; bin ich stolz darauf, meine neuerworbenen Kentnisse auch beruflich ad&auml;quat umsetzen zu k&ouml;nnen. <\/p>\n<p>Es war schon seit Beginn des Radiologietechnologie-Studiums ein Ziel von mir, eines Tages im radiologischen Au&szlig;endienst als Applikationsspezialist zu arbeiten &ndash; daher freue ich mich umso mehr, dass mir dies bereits jetzt schon gelungen ist.<\/p>\n<h4>Wie ich diesen Job bekommen habe<\/h4>\n<p>Durch eine spontane Bewerbung w&auml;hrend der Corona-Pandemie &amp; durch gezielte Aus- &amp; Weiterbildung ;).<\/p>\n<h4>Was ich im Studium f&uuml;r den Job gelernt habe<\/h4>\n<p>Abgesehen von den Basics wie Anatomie, Pathologie, Strahlenphysik, etc., die im Bachelorstudium &bdquo;Radiologietechnologie&ldquo; vermittelt werden, bin ich &uuml;ber die Anzahl der verschiedenen Praktika froh, da sie die M&ouml;glichkeit bieten, die eigenen Interessen zu &bdquo;finden&ldquo; und den Umgang mit kranken Menschen zu lernen. <\/p>\n<h4>Die Jobchancen in meinem Bereich<\/h4>\n<p>Nach erfolgreichem Abschluss des Studiums stehen die Chancen sehr gut f&uuml;r einen abwechslungsreichen Job in der Radiologie.<\/p>\n<h4>Ich bin:<\/h4>\n<ul>\n<li>zielstrebig<\/li>\n<li>pflichtbewusst<\/li>\n<li>humorvoll<\/li>\n<\/ul>\n\n            <\/div>\n        <\/div>\n            <\/div>\n<\/div>\n\n<div\n    id=\"\"\n    class=\"wp-block-blockquote margin-bottom-normal\"\n>\n    <div class=\"container-lg\">\n        <div class=\"row\">\n            <div class=\"col\">\n                <div class=\"d-block mb-2 fs-5 major-text-color\">Das Studium \u201eRadiologietechnologie\u201c richtet sich an alle, die sich f\u00fcr Medizin und Technik interessieren. Die Jobaussichten nach erfolgreichem Abschluss sind sehr gut und die verschiedenen Bereiche der Radiologie sorgen f\u00fcr Abwechslung im Berufsleben. Ebenso eignet sich dieses Studium als gute Basis f\u00fcr weiterf\u00fchrende Masterstudieng\u00e4nge, die sich noch tiefer mit der Schnittstelle Medizin &#038; Technik besch\u00e4ftigen, ohne sich dabei auf den Bereich der Radiologie zu beschr\u00e4nken. Somit ergibt sich nicht nur ein breit gef\u00e4chertes Berufsfeld, sondern man kann pers\u00f6nliche oder berufliche Interessen weiterverfolgen.<\/div>\n                <span class=\"d-flex justify-content-end\">Niklas Stockreiter<\/span>\n            <\/div>\n        <\/div>\n    <\/div>\n<\/div>\n\n","protected":false},"excerpt":{"rendered":"<p>Niklas Stockreiter liebt an seinem Job den Kontakt zu Patientinnen und Patienten ebenso wie die Bedienung komplexer radiologischer Ger\u00e4te. Er ist als Applikations- und Produktspezialist im Fachgebiet Radiologie bei der Firma Sanova Medical Systems t\u00e4tig.<\/p>\n","protected":false},"author":11,"featured_media":10000804,"parent":10000332,"menu_order":8,"comment_status":"closed","ping_status":"closed","template":"template-absolvent.blade.php","meta":{"_acf_changed":false,"footnotes":""},"acf":[],"aioseo_notices":[],"_links":{"self":[{"href":"https:\/\/www.fh-joanneum.at\/radiologietechnologie\/bachelor\/wp-json\/wp\/v2\/pages\/10000803"}],"collection":[{"href":"https:\/\/www.fh-joanneum.at\/radiologietechnologie\/bachelor\/wp-json\/wp\/v2\/pages"}],"about":[{"href":"https:\/\/www.fh-joanneum.at\/radiologietechnologie\/bachelor\/wp-json\/wp\/v2\/types\/page"}],"author":[{"embeddable":true,"href":"https:\/\/www.fh-joanneum.at\/radiologietechnologie\/bachelor\/wp-json\/wp\/v2\/users\/11"}],"replies":[{"embeddable":true,"href":"https:\/\/www.fh-joanneum.at\/radiologietechnologie\/bachelor\/wp-json\/wp\/v2\/comments?post=10000803"}],"version-history":[{"count":0,"href":"https:\/\/www.fh-joanneum.at\/radiologietechnologie\/bachelor\/wp-json\/wp\/v2\/pages\/10000803\/revisions"}],"up":[{"embeddable":true,"href":"https:\/\/www.fh-joanneum.at\/radiologietechnologie\/bachelor\/wp-json\/wp\/v2\/pages\/10000332"}],"wp:featuredmedia":[{"embeddable":true,"href":"https:\/\/www.fh-joanneum.at\/radiologietechnologie\/bachelor\/wp-json\/wp\/v2\/media\/10000804"}],"wp:attachment":[{"href":"https:\/\/www.fh-joanneum.at\/radiologietechnologie\/bachelor\/wp-json\/wp\/v2\/media?parent=10000803"}],"curies":[{"name":"wp","href":"https:\/\/api.w.org\/{rel}","templated":true}]}}