{"id":52,"date":"2024-06-27T08:32:19","date_gmt":"2024-06-27T08:32:19","guid":{"rendered":"https:\/\/www.fh-joanneum.at\/smart-production-services\/berufsbegleitend\/?page_id=52"},"modified":"2024-06-27T08:32:22","modified_gmt":"2024-06-27T08:32:22","slug":"studienplan","status":"publish","type":"page","link":"https:\/\/www.fh-joanneum.at\/smart-production-services\/berufsbegleitend\/im-studium\/studienplan\/","title":{"rendered":"Studienplan"},"content":{"rendered":"<div\n    id=\"\"\n    class=\"wp-block-curriculum margin-bottom-normal\"\n>\n    <div class=\"container-lg\">\n        <div class=\"row\">\n                            <div\n    id=\"\"\n    class=\"wp-block-curriculum margin-bottom-normal\"\n>\n    <div class=\"container-lg\">\n        <div class=\"row\">\n            <div class=\"col\">\n                <div class=\"tipp-box border border-warning\">\n                    <div class=\"tipp-box-inner p-2 p-md-3\">\n                        <h4 class=\"\">Information<\/h4>\n                        Dieser Studienplan wird in K\u00fcrze online verf\u00fcgbar sein.\n                                                                                                                                                                \n                    <\/div>\n                <\/div>\n            <\/div>\n        <\/div>\n    <\/div>\n<\/div>\n            \n                    <\/div>\n    <\/div>\n<\/div>\n","protected":false},"excerpt":{"rendered":"<p>Um die vielseitige und praxisbezogene Ausbildung bestm\u00f6glich abzubilden, sind alle Inhalte des Studiums in themenbezogene Module zusammengefasst. Eine \u00dcbersicht aller Module mit zugeh\u00f6rigen Lehrveranstaltungen finden Sie hier.<\/p>\n","protected":false},"author":143,"featured_media":0,"parent":11,"menu_order":20,"comment_status":"closed","ping_status":"closed","template":"","meta":{"_acf_changed":false,"footnotes":""},"acf":[],"aioseo_notices":[],"_links":{"self":[{"href":"https:\/\/www.fh-joanneum.at\/smart-production-services\/berufsbegleitend\/wp-json\/wp\/v2\/pages\/52"}],"collection":[{"href":"https:\/\/www.fh-joanneum.at\/smart-production-services\/berufsbegleitend\/wp-json\/wp\/v2\/pages"}],"about":[{"href":"https:\/\/www.fh-joanneum.at\/smart-production-services\/berufsbegleitend\/wp-json\/wp\/v2\/types\/page"}],"author":[{"embeddable":true,"href":"https:\/\/www.fh-joanneum.at\/smart-production-services\/berufsbegleitend\/wp-json\/wp\/v2\/users\/143"}],"replies":[{"embeddable":true,"href":"https:\/\/www.fh-joanneum.at\/smart-production-services\/berufsbegleitend\/wp-json\/wp\/v2\/comments?post=52"}],"version-history":[{"count":1,"href":"https:\/\/www.fh-joanneum.at\/smart-production-services\/berufsbegleitend\/wp-json\/wp\/v2\/pages\/52\/revisions"}],"predecessor-version":[{"id":53,"href":"https:\/\/www.fh-joanneum.at\/smart-production-services\/berufsbegleitend\/wp-json\/wp\/v2\/pages\/52\/revisions\/53"}],"up":[{"embeddable":true,"href":"https:\/\/www.fh-joanneum.at\/smart-production-services\/berufsbegleitend\/wp-json\/wp\/v2\/pages\/11"}],"wp:attachment":[{"href":"https:\/\/www.fh-joanneum.at\/smart-production-services\/berufsbegleitend\/wp-json\/wp\/v2\/media?parent=52"}],"curies":[{"name":"wp","href":"https:\/\/api.w.org\/{rel}","templated":true}]}}