{"id":10000083,"date":"2020-03-20T15:22:37","date_gmt":"2020-03-20T14:22:37","guid":{"rendered":"https:\/\/www.fh-joanneum.at\/software-and-digital-experience-engineering\/master\/?page_id=83"},"modified":"2024-07-17T08:59:15","modified_gmt":"2024-07-17T06:59:15","slug":"absolventinnen-absolventen","status":"publish","type":"page","link":"https:\/\/www.fh-joanneum.at\/software-and-digital-experience-engineering\/master\/nach-dem-studium\/absolventinnen-absolventen\/","title":{"rendered":"Absolvent:innen"},"content":{"rendered":"<div id=\"\" class=\"wp-block-text-content margin-bottom-none\">\n    <div class=\"container-lg\">\n        <div class=\"row\">\n            <div class=\"col\">\n                <div class=\"module-migration-headline\">\n<h3>Das machen unsere Absolvent:innen.<\/h3>\n<\/div>\n\n            <\/div>\n        <\/div>\n            <\/div>\n<\/div>\n\n\n<div id=\"\" class=\"wp-block-list-of-graduates margin-bottom-normal\">\n  <div class=\"container-lg\">\n    <div class=\"row\">\n                        <div class=\"col-6 col-sm-4 col-md-6 col-lg-4 col-xl-4 mb-4\">\n            <a\n    href=\"https:\/\/www.fh-joanneum.at\/software-and-digital-experience-engineering\/master\/nach-dem-studium\/absolventinnen-absolventen\/di-fh-markus-temmel\/\"\n    class=\"graduate-card bg-light\"\n>\n    <div class=\"border border-light h-100\">\n        <div class=\"image-wrapper\">\n            <picture>\n                        <source\n                media=\"(max-width: 532px)\"\n                srcset=\"https:\/\/cdn3.fh-joanneum.at\/media\/sites\/80\/2022\/03\/di-fh-markus-temmel-2.jpg, https:\/\/cdn3.fh-joanneum.at\/media\/sites\/80\/2022\/03\/di-fh-markus-temmel-2-768x832.jpg 2x\"\n            \/>\n                    <source\n                media=\"(max-width: 768px)\"\n                srcset=\"https:\/\/cdn3.fh-joanneum.at\/media\/sites\/80\/2022\/03\/di-fh-markus-temmel-2-768x832.jpg, https:\/\/cdn3.fh-joanneum.at\/media\/sites\/80\/2022\/03\/di-fh-markus-temmel-2-945x1024.jpg 2x\"\n            \/>\n                    <source\n                media=\"(max-width: 945px)\"\n                srcset=\"https:\/\/cdn3.fh-joanneum.at\/media\/sites\/80\/2022\/03\/di-fh-markus-temmel-2-945x1024.jpg, https:\/\/cdn3.fh-joanneum.at\/media\/sites\/80\/2022\/03\/di-fh-markus-temmel-2-1418x1536.jpg 2x\"\n            \/>\n                    <source\n                media=\"(max-width: 1418px)\"\n                srcset=\"https:\/\/cdn3.fh-joanneum.at\/media\/sites\/80\/2022\/03\/di-fh-markus-temmel-2-1418x1536.jpg, https:\/\/cdn3.fh-joanneum.at\/media\/sites\/80\/2022\/03\/di-fh-markus-temmel-2.jpg 2x\"\n            \/>\n                    <source\n                media=\"(max-width: 1535px)\"\n                srcset=\"https:\/\/cdn3.fh-joanneum.at\/media\/sites\/80\/2022\/03\/di-fh-markus-temmel-2.jpg, https:\/\/cdn3.fh-joanneum.at\/media\/sites\/80\/2022\/03\/di-fh-markus-temmel-2.jpg 2x\"\n            \/>\n                <img decoding=\"async\"\n        class=\"img-fluid\"\n        src=\"https:\/\/cdn3.fh-joanneum.at\/media\/sites\/80\/2022\/03\/di-fh-markus-temmel-2.jpg\"\n        alt=\"DI (FH) Markus Temmel\"\n        title=\"\"\n         loading=\"lazy\"             >\n<\/picture>\n\n        <\/div>\n        <div class=\"p-2 p-xl-3\">\n            <h6>DI (FH) Markus Temmel<\/h6>\n            <p class=\"mb-0 hyphens\">\n                Seit Anfang 2022 ist Markus Temmel Gesch\u00e4ftsf\u00fchrer bei TCM International \u2212 Tool Consulting &amp; Management. Er war schon w\u00e4hrend seines Studiums bei TCM t\u00e4tig und hat seine gesamte Berufslaufbahn im Unternehmen absolviert. \n            <\/p>\n        <\/div>\n    <\/div>\n<\/a>\n          <\/div>\n                  <div class=\"col-6 col-sm-4 col-md-6 col-lg-4 col-xl-4 mb-4\">\n            <a\n    href=\"https:\/\/www.fh-joanneum.at\/software-and-digital-experience-engineering\/master\/nach-dem-studium\/absolventinnen-absolventen\/di-fh-mario-fraiss\/\"\n    class=\"graduate-card bg-light\"\n>\n    <div class=\"border border-light h-100\">\n        <div class=\"image-wrapper\">\n            <picture>\n                        <source\n                media=\"(max-width: 576px)\"\n                srcset=\"https:\/\/cdn3.fh-joanneum.at\/media\/sites\/80\/2020\/03\/di-fh-mario-fraiss1.jpg, https:\/\/cdn3.fh-joanneum.at\/media\/sites\/80\/2020\/03\/di-fh-mario-fraiss1-768x768.jpg 2x\"\n            \/>\n                    <source\n                media=\"(max-width: 768px)\"\n                srcset=\"https:\/\/cdn3.fh-joanneum.at\/media\/sites\/80\/2020\/03\/di-fh-mario-fraiss1-768x768.jpg, https:\/\/cdn3.fh-joanneum.at\/media\/sites\/80\/2020\/03\/di-fh-mario-fraiss1.jpg 2x\"\n            \/>\n                    <source\n                media=\"(max-width: 1024px)\"\n                srcset=\"https:\/\/cdn3.fh-joanneum.at\/media\/sites\/80\/2020\/03\/di-fh-mario-fraiss1.jpg, https:\/\/cdn3.fh-joanneum.at\/media\/sites\/80\/2020\/03\/di-fh-mario-fraiss1.jpg 2x\"\n            \/>\n                    <source\n                media=\"(max-width: 1024px)\"\n                srcset=\"https:\/\/cdn3.fh-joanneum.at\/media\/sites\/80\/2020\/03\/di-fh-mario-fraiss1.jpg, https:\/\/cdn3.fh-joanneum.at\/media\/sites\/80\/2020\/03\/di-fh-mario-fraiss1.jpg 2x\"\n            \/>\n                    <source\n                media=\"(max-width: 1024px)\"\n                srcset=\"https:\/\/cdn3.fh-joanneum.at\/media\/sites\/80\/2020\/03\/di-fh-mario-fraiss1.jpg, https:\/\/cdn3.fh-joanneum.at\/media\/sites\/80\/2020\/03\/di-fh-mario-fraiss1.jpg 2x\"\n            \/>\n                <img decoding=\"async\"\n        class=\"img-fluid\"\n        src=\"https:\/\/cdn3.fh-joanneum.at\/media\/sites\/80\/2020\/03\/di-fh-mario-fraiss1.jpg\"\n        alt=\"DI (FH) Mario Frai\u00df\"\n        title=\"\"\n         loading=\"lazy\"             >\n<\/picture>\n\n        <\/div>\n        <div class=\"p-2 p-xl-3\">\n            <h6>DI (FH) Mario Frai\u00df<\/h6>\n            <p class=\"mb-0 hyphens\">\n                Mario Frai\u00df hat nach dem Studium den Sprung in die Selbstst\u00e4ndigkeit gewagt und die FRAISS IT GmbH gegr\u00fcndet. Drei Co-Founder unterst\u00fctzen ihn als CEO.\n            <\/p>\n        <\/div>\n    <\/div>\n<\/a>\n          <\/div>\n                  <div class=\"col-6 col-sm-4 col-md-6 col-lg-4 col-xl-4 mb-4\">\n            <a\n    href=\"https:\/\/www.fh-joanneum.at\/software-and-digital-experience-engineering\/master\/nach-dem-studium\/absolventinnen-absolventen\/di-stefan-krausler-bsc\/\"\n    class=\"graduate-card bg-light\"\n>\n    <div class=\"border border-light h-100\">\n        <div class=\"image-wrapper\">\n            <picture>\n                        <source\n                media=\"(max-width: 420px)\"\n                srcset=\"https:\/\/cdn3.fh-joanneum.at\/media\/sites\/80\/2020\/03\/di-stefan-krausler-bsc.jpg, https:\/\/cdn3.fh-joanneum.at\/media\/sites\/80\/2020\/03\/di-stefan-krausler-bsc.jpg 2x\"\n            \/>\n                    <source\n                media=\"(max-width: 420px)\"\n                srcset=\"https:\/\/cdn3.fh-joanneum.at\/media\/sites\/80\/2020\/03\/di-stefan-krausler-bsc.jpg, https:\/\/cdn3.fh-joanneum.at\/media\/sites\/80\/2020\/03\/di-stefan-krausler-bsc.jpg 2x\"\n            \/>\n                    <source\n                media=\"(max-width: 420px)\"\n                srcset=\"https:\/\/cdn3.fh-joanneum.at\/media\/sites\/80\/2020\/03\/di-stefan-krausler-bsc.jpg, https:\/\/cdn3.fh-joanneum.at\/media\/sites\/80\/2020\/03\/di-stefan-krausler-bsc.jpg 2x\"\n            \/>\n                    <source\n                media=\"(max-width: 420px)\"\n                srcset=\"https:\/\/cdn3.fh-joanneum.at\/media\/sites\/80\/2020\/03\/di-stefan-krausler-bsc.jpg, https:\/\/cdn3.fh-joanneum.at\/media\/sites\/80\/2020\/03\/di-stefan-krausler-bsc.jpg 2x\"\n            \/>\n                    <source\n                media=\"(max-width: 420px)\"\n                srcset=\"https:\/\/cdn3.fh-joanneum.at\/media\/sites\/80\/2020\/03\/di-stefan-krausler-bsc.jpg, https:\/\/cdn3.fh-joanneum.at\/media\/sites\/80\/2020\/03\/di-stefan-krausler-bsc.jpg 2x\"\n            \/>\n                <img decoding=\"async\"\n        class=\"img-fluid\"\n        src=\"https:\/\/cdn3.fh-joanneum.at\/media\/sites\/80\/2020\/03\/di-stefan-krausler-bsc.jpg\"\n        alt=\"DI Stefan Krausler, BSc\"\n        title=\"\"\n         loading=\"lazy\"             >\n<\/picture>\n\n        <\/div>\n        <div class=\"p-2 p-xl-3\">\n            <h6>DI Stefan Krausler, BSc<\/h6>\n            <p class=\"mb-0 hyphens\">\n                Stefan Krausler ist als Softwareentwickler bei der Inari Software GmbH besch\u00e4ftigt und hat vorerst sein Karriereziel erreicht. F\u00fcr Studierende hat er wichtige Tipps.\n            <\/p>\n        <\/div>\n    <\/div>\n<\/a>\n          <\/div>\n                  <div class=\"col-6 col-sm-4 col-md-6 col-lg-4 col-xl-4 mb-4\">\n            <a\n    href=\"https:\/\/www.fh-joanneum.at\/software-and-digital-experience-engineering\/master\/nach-dem-studium\/absolventinnen-absolventen\/di-fh-patrick-luley\/\"\n    class=\"graduate-card bg-light\"\n>\n    <div class=\"border border-light h-100\">\n        <div class=\"image-wrapper\">\n            <picture>\n                        <source\n                media=\"(max-width: 576px)\"\n                srcset=\"https:\/\/cdn3.fh-joanneum.at\/media\/sites\/80\/2020\/03\/di-fh-patrick-luley-2.jpg, https:\/\/cdn3.fh-joanneum.at\/media\/sites\/80\/2020\/03\/di-fh-patrick-luley-2-768x768.jpg 2x\"\n            \/>\n                    <source\n                media=\"(max-width: 768px)\"\n                srcset=\"https:\/\/cdn3.fh-joanneum.at\/media\/sites\/80\/2020\/03\/di-fh-patrick-luley-2-768x768.jpg, https:\/\/cdn3.fh-joanneum.at\/media\/sites\/80\/2020\/03\/di-fh-patrick-luley-2-1024x1024.jpg 2x\"\n            \/>\n                    <source\n                media=\"(max-width: 1024px)\"\n                srcset=\"https:\/\/cdn3.fh-joanneum.at\/media\/sites\/80\/2020\/03\/di-fh-patrick-luley-2-1024x1024.jpg, https:\/\/cdn3.fh-joanneum.at\/media\/sites\/80\/2020\/03\/di-fh-patrick-luley-2.jpg 2x\"\n            \/>\n                    <source\n                media=\"(max-width: 1536px)\"\n                srcset=\"https:\/\/cdn3.fh-joanneum.at\/media\/sites\/80\/2020\/03\/di-fh-patrick-luley-2.jpg, https:\/\/cdn3.fh-joanneum.at\/media\/sites\/80\/2020\/03\/di-fh-patrick-luley-2.jpg 2x\"\n            \/>\n                    <source\n                media=\"(max-width: 2048px)\"\n                srcset=\"https:\/\/cdn3.fh-joanneum.at\/media\/sites\/80\/2020\/03\/di-fh-patrick-luley-2.jpg, https:\/\/cdn3.fh-joanneum.at\/media\/sites\/80\/2020\/03\/di-fh-patrick-luley-2.jpg 2x\"\n            \/>\n                <img decoding=\"async\"\n        class=\"img-fluid\"\n        src=\"https:\/\/cdn3.fh-joanneum.at\/media\/sites\/80\/2020\/03\/di-fh-patrick-luley-2.jpg\"\n        alt=\"DI (FH) Patrick Luley\"\n        title=\"\"\n         loading=\"lazy\"             >\n<\/picture>\n\n        <\/div>\n        <div class=\"p-2 p-xl-3\">\n            <h6>DI (FH) Patrick Luley<\/h6>\n            <p class=\"mb-0 hyphens\">\n                Seit fast zwei Jahrzehnten arbeitet Patrick Luley bei der JOANNEUM RESEARCH Forschungsgesellschaft mbH.\n            <\/p>\n        <\/div>\n    <\/div>\n<\/a>\n          <\/div>\n                  <\/div>\n  <\/div>\n<\/div>\n\n\n<div id=\"\" class=\"wp-block-text-content margin-bottom-normal\">\n    <div class=\"container-lg\">\n        <div class=\"row\">\n            <div class=\"col\">\n                <h3>Unsere Absolvent:innen im Videoportrait<\/h3>\n<p>Wir haben unsere Absolvent:innen gefragt, warum es sich in jedem Fall auszahlt, einen der Studieng&auml;nge unseres Instituts &bdquo;Wirtschaftsinformatik&rdquo; zu studieren. Verschaffen Sie sich einen lebendigen Einblick &uuml;ber die vielf&auml;ltigen M&ouml;glichkeiten, die Ihnen unsere Studieng&auml;nge f&uuml;r Ihre Karriere er&ouml;ffnen.<\/p>\n\n            <\/div>\n        <\/div>\n            <\/div>\n<\/div>\n\n\n<div id=\"\" class=\"wp-block-links-block margin-bottom-normal\">\n    <div class=\"container-lg\">\n        <div class=\"row\">\n            <div class=\"col-12\">\n                <div>\n                    <h4><\/h4>\n                    \n                <\/div>\n            <\/div>\n                            <div class=\"col-12\">\n                    <div class=\" border-top py-3\">\n                                                    <a href=\"https:\/\/www.youtube.com\/playlist?list=PLukgyEIYDTccGfZujeAdB4oEHSgLM1s84\" target=\"_blank\" class=\"link arrow-link large-arrow major-text-color-hover text-decoration-none\" data-analytics=\"\" rel=\"noopener noreferrer\">\n                                <div class=\"link-content w-100\">\n                                    <div class=\"d-flex align-items-center\">\n                                        <h5 class=\"w-100  mb-0 me-2 \">\n                                            Wirtschaftsinformatik auf YouTube<\/h5>\n                                        <svg width=\"9\" height=\"15\" viewbox=\"0 0 9 15\" fill=\"none\" xmlns=\"http:\/\/www.w3.org\/2000\/svg\">\n    <path id=\"chevron_right\" d=\"M1.5 1.5L7.5 7.5L1.5 13.5\" stroke=\"\" stroke-width=\"1.5\" stroke-linecap=\"round\"><\/path>\n<\/svg>                                    <\/div>\n                                    \n                                <\/div>\n                            <\/a>\n                                            <\/div>\n                <\/div>\n                            <div class=\"col-12\">\n                    <div class=\" border-bottom  border-top py-3\">\n                                                    <a href=\"https:\/\/www.linkedin.com\/authwall?trk=bf&amp;amp;trkInfo=AQEKUEG9KpprpAAAAZC_fEnAdU_fp30J5thO1Fqmqt-YAQsPfCv2eSZmPCPHOMpl-X2x6WpXWomWEDKhytPP6YNAkngF_OeP_iWuALOECcNKz4PRXUV875A7Lzo1PthAsrzG9EQ=&amp;amp;original_referer=&amp;amp;sessionRedirect=https%3A%2F%2Fwww.linkedin.com%2Fcompany%2Ffh-joanneum-institut-wirtschaftsinformatik-und-data-science%2F\" target=\"_blank\" class=\"link arrow-link large-arrow major-text-color-hover text-decoration-none\" data-analytics=\"\" rel=\"noopener noreferrer\">\n                                <div class=\"link-content w-100\">\n                                    <div class=\"d-flex align-items-center\">\n                                        <h5 class=\"w-100  mb-0 me-2 \">\n                                            Wirtschaftsinformatik auf LinkedIn<\/h5>\n                                        <svg width=\"9\" height=\"15\" viewbox=\"0 0 9 15\" fill=\"none\" xmlns=\"http:\/\/www.w3.org\/2000\/svg\">\n    <path id=\"chevron_right\" d=\"M1.5 1.5L7.5 7.5L1.5 13.5\" stroke=\"\" stroke-width=\"1.5\" stroke-linecap=\"round\"><\/path>\n<\/svg>                                    <\/div>\n                                    \n                                <\/div>\n                            <\/a>\n                                            <\/div>\n                <\/div>\n                    <\/div>\n    <\/div>\n<\/div>\n","protected":false},"excerpt":{"rendered":"<p>Wir haben einige unserer ehemaligen Studierenden portraitiert. So k\u00f6nnen Sie sich selbst ein Bild \u00fcber die Berufs- und Karrierem\u00f6glichkeiten machen.<\/p>\n","protected":false},"author":11,"featured_media":0,"parent":10000049,"menu_order":50,"comment_status":"closed","ping_status":"closed","template":"","meta":{"_acf_changed":false,"footnotes":""},"acf":[],"aioseo_notices":[],"_links":{"self":[{"href":"https:\/\/www.fh-joanneum.at\/software-and-digital-experience-engineering\/master\/wp-json\/wp\/v2\/pages\/10000083"}],"collection":[{"href":"https:\/\/www.fh-joanneum.at\/software-and-digital-experience-engineering\/master\/wp-json\/wp\/v2\/pages"}],"about":[{"href":"https:\/\/www.fh-joanneum.at\/software-and-digital-experience-engineering\/master\/wp-json\/wp\/v2\/types\/page"}],"author":[{"embeddable":true,"href":"https:\/\/www.fh-joanneum.at\/software-and-digital-experience-engineering\/master\/wp-json\/wp\/v2\/users\/11"}],"replies":[{"embeddable":true,"href":"https:\/\/www.fh-joanneum.at\/software-and-digital-experience-engineering\/master\/wp-json\/wp\/v2\/comments?post=10000083"}],"version-history":[{"count":1,"href":"https:\/\/www.fh-joanneum.at\/software-and-digital-experience-engineering\/master\/wp-json\/wp\/v2\/pages\/10000083\/revisions"}],"predecessor-version":[{"id":10000169,"href":"https:\/\/www.fh-joanneum.at\/software-and-digital-experience-engineering\/master\/wp-json\/wp\/v2\/pages\/10000083\/revisions\/10000169"}],"up":[{"embeddable":true,"href":"https:\/\/www.fh-joanneum.at\/software-and-digital-experience-engineering\/master\/wp-json\/wp\/v2\/pages\/10000049"}],"wp:attachment":[{"href":"https:\/\/www.fh-joanneum.at\/software-and-digital-experience-engineering\/master\/wp-json\/wp\/v2\/media?parent=10000083"}],"curies":[{"name":"wp","href":"https:\/\/api.w.org\/{rel}","templated":true}]}}