{"id":10000092,"date":"2020-03-20T16:11:02","date_gmt":"2020-03-20T15:11:02","guid":{"rendered":"https:\/\/www.fh-joanneum.at\/software-and-digital-experience-engineering\/master\/?page_id=92"},"modified":"2020-03-20T16:11:30","modified_gmt":"2020-03-20T15:11:30","slug":"di-fh-mario-fraiss","status":"publish","type":"page","link":"https:\/\/www.fh-joanneum.at\/software-and-digital-experience-engineering\/master\/nach-dem-studium\/absolventinnen-absolventen\/di-fh-mario-fraiss\/","title":{"rendered":"DI (FH) Mario Frai\u00df"},"content":{"rendered":"<div id=\"\" class=\"wp-block-text-content margin-bottom-normal\">\n    <div class=\"container-lg\">\n        <div class=\"row\">\n            <div class=\"col\">\n                <h4>Eckdaten<\/h4>\n<p><strong>Jobbezeichnung:<\/strong> CEO und Founder  <br>\n<strong>Unternehmen:<\/strong> FRAISS IT GmbH  <br>\n<strong>Ich arbeite in:<\/strong> Graz, &Ouml;sterreich  <br>\n<strong>Ich arbeite hier seit:<\/strong> 2009<\/p>\n<p>Mein Kontakt: <a href=\"mailto:mario.fraiss@fraiss.com\">mario.fraiss@fraiss.com<\/a>  <br>\nMeine Social URLs:<\/p>\n<ul>\n<li><a href=\"https:\/\/fraiss.com\" target=\"_blank\" rel=\"noopener noreferrer\">https:\/\/fraiss.com<\/a><\/li>\n<li><a href=\"https:\/\/www.linkedin.com\/in\/mariofraiss\/\" target=\"_blank\" rel=\"noopener noreferrer\">www.linkedin.com\/in\/mariofraiss\/<\/a><\/li>\n<\/ul>\n<h4>Was ich mache:<\/h4>\n<ul>\n<li>Auf- und Ausbau strategischer Partnerschaften<\/li>\n<li>Erschlie&szlig;en von neuen Kundinnen und Kunden sowie Gesch&auml;ftsfeldern<\/li>\n<li>Gestaltung der Unternehmensvision und Zukunftsstrategie<\/li>\n<\/ul>\n<h4>Warum ich meinen Job liebe:<\/h4>\n<ul>\n<li>Ich habe drei gro&szlig;artige Co-Founder, die mich in der F&uuml;hrung unterst&uuml;tzen.<\/li>\n<li>Ich &bdquo;arbeite&ldquo; t&auml;glich mit vielen Freunden zusammen, sodass sich Arbeit nicht wie Arbeit anf&uuml;hlt.<\/li>\n<li>Es gibt die M&ouml;glichkeit zur Selbstverwirklichung auf unterschiedlichen Ebenen.<\/li>\n<\/ul>\n<h4>Was ich an meinem Job nicht so mag:<\/h4>\n<ul>\n<li>Kundinnen, Kunden oder Partner, die unsere Mitarbeiterinnen und Mitarbeiter nicht wertsch&auml;tzen oder respektieren<\/li>\n<li>&Uuml;berb&uuml;rokratisierung und k&uuml;nstliche Komplexit&auml;t in unterschiedlichen Bereichen<\/li>\n<li>unehrliche oder unzuverl&auml;ssige Gesch&auml;ftspartner<\/li>\n<\/ul>\n<h4>Wichtige F&auml;higkeiten in meinem Job:<\/h4>\n<ul>\n<li>Durchhalteverm&ouml;gen und Konsequenz<\/li>\n<li>F&uuml;hrungsqualit&auml;t und Durchsetzungsverm&ouml;gen<\/li>\n<li>F&auml;higkeit zur Selbstorganisation und Strukturiertheit<\/li>\n<\/ul>\n<h4>Mein bisher gr&ouml;&szlig;ter Erfolg<\/h4>\n<p>Ich bin stolz auf das, was innerhalb der letzten zehn Jahre entstanden und gewachsen ist. Darauf, den Weg aus dem sprichw&ouml;rtlichen Wohnzimmerb&uuml;ro hin zu einem erfolgreichen Unternehmen geschafft zu haben. Stolz darauf, bei all dem am Boden geblieben zu sein und dabei die Ziele nie aus den Augen verloren zu haben.<\/p>\n<h4>So bin ich zu meinem Job gekommen<\/h4>\n<p>Das ist einfach beantwortet: durch die Entscheidung, in die Selbstst&auml;ndigkeit zu gehen. Der Weg war gepr&auml;gt mit den richtigen Menschen, Ausdauer, Erfolgen sowie Misserfolgen, Learnings und der richtigen Portion an Gl&uuml;ck.<\/p>\n<h4>Das habe ich im Studium f&uuml;rs Berufsleben gelernt<\/h4>\n<p>Im Studium habe ich aus den unterschiedlichen Bereichen wichtiges Basiswissen erworben, um als Allrounder zu gelten. Erg&auml;nzend waren besonders Lehrveranstaltungen in den Bereichen Softwareentwicklung, Management und Unternehmensf&uuml;hrung ein wichtiger Grundstein f&uuml;r meinen jetzigen Beruf.<\/p>\n<h4>Die Jobchancen in meinem Bereich<\/h4>\n<p>Schwierige Frage. Ich glaube nicht, dass jede beziehungsweise jeder zur Unternehmerin beziehungsweise zum Unternehmer geboren ist. Dazu geh&ouml;ren eine Menge an Eigenschaften, die man mitbringen sollte, und nat&uuml;rlich auch das richtige Timing. Die Chancen auf hervorragende Jobs im IT- oder Digitalisierungsbereich sch&auml;tze ich als sehr hoch ein, denn die Welt wird immer digitaler und Automation h&auml;lt &uuml;berall Einzug.<\/p>\n<h4>Ich bin &hellip;<\/h4>\n<ul>\n<li>zielstrebig<\/li>\n<li>ausdauernd<\/li>\n<li>vision&auml;r<\/li>\n<\/ul>\n<h4>Ich &uuml;ber meinen Job<\/h4>\n<p>Ich darf mich sehr gl&uuml;cklich sch&auml;tzen. Denn in meiner t&auml;glichen Arbeit kann ich mich meist ausschlie&szlig;lich mit Themen auseinandersetzen, die mich interessieren und bin dabei umgeben von Menschen, die ich sehr wertsch&auml;tze. Ich freue mich schon jetzt auf die n&auml;chsten zehn Jahre FRAISS, auf die bevorstehende Internationalisierung, den Aufbau von Joint Ventures und weiteres gesundes Wachstum von innen heraus. Digitalisierung und IT sind sehr spannende Felder, denn tagt&auml;glich gibt es Ver&auml;nderungen und Entwicklungen, die die Arbeit immer wieder aufs Neue interessant werden lassen. Besonders wichtig ist mir dabei die Tatsache, dass ich mich auf mein Team verlassen kann und alle an einem Strang ziehen. <\/p>\n<p>Was ich allen Absolventinnen und Absolventen rate, die den Weg in die Selbstst&auml;ndigkeit gehen m&ouml;chten oder gehen: Geht diesen Weg nicht alleine, sucht euch Mitstreiterinnen oder Mitstreiter, dann geht vieles einfacher und ihr habt jemanden, der euch bei einem &bdquo;Durchh&auml;nger&ldquo; wiederaufbaut.<\/p>\n<p>An dieser Stelle ein Danke an meine drei Mitgr&uuml;nderinnen und Mitbegr&uuml;nder, die &uuml;ber die Jahre zu einem festen Bestandteil des F&uuml;hrungsteams wurden, und ohne die FRAISS heute nicht das w&auml;re, was es ist.<\/p>\n\n            <\/div>\n        <\/div>\n            <\/div>\n<\/div>\n\n","protected":false},"excerpt":{"rendered":"<p>Mario Frai\u00df hat nach dem Studium den Sprung in die Selbstst\u00e4ndigkeit gewagt und die FRAISS IT GmbH gegr\u00fcndet. Drei Co-Founder unterst\u00fctzen ihn als CEO.<\/p>\n","protected":false},"author":11,"featured_media":10000093,"parent":10000083,"menu_order":7,"comment_status":"closed","ping_status":"closed","template":"template-absolvent.blade.php","meta":{"_acf_changed":false,"footnotes":""},"acf":[],"aioseo_notices":[],"_links":{"self":[{"href":"https:\/\/www.fh-joanneum.at\/software-and-digital-experience-engineering\/master\/wp-json\/wp\/v2\/pages\/10000092"}],"collection":[{"href":"https:\/\/www.fh-joanneum.at\/software-and-digital-experience-engineering\/master\/wp-json\/wp\/v2\/pages"}],"about":[{"href":"https:\/\/www.fh-joanneum.at\/software-and-digital-experience-engineering\/master\/wp-json\/wp\/v2\/types\/page"}],"author":[{"embeddable":true,"href":"https:\/\/www.fh-joanneum.at\/software-and-digital-experience-engineering\/master\/wp-json\/wp\/v2\/users\/11"}],"replies":[{"embeddable":true,"href":"https:\/\/www.fh-joanneum.at\/software-and-digital-experience-engineering\/master\/wp-json\/wp\/v2\/comments?post=10000092"}],"version-history":[{"count":0,"href":"https:\/\/www.fh-joanneum.at\/software-and-digital-experience-engineering\/master\/wp-json\/wp\/v2\/pages\/10000092\/revisions"}],"up":[{"embeddable":true,"href":"https:\/\/www.fh-joanneum.at\/software-and-digital-experience-engineering\/master\/wp-json\/wp\/v2\/pages\/10000083"}],"wp:featuredmedia":[{"embeddable":true,"href":"https:\/\/www.fh-joanneum.at\/software-and-digital-experience-engineering\/master\/wp-json\/wp\/v2\/media\/10000093"}],"wp:attachment":[{"href":"https:\/\/www.fh-joanneum.at\/software-and-digital-experience-engineering\/master\/wp-json\/wp\/v2\/media?parent=10000092"}],"curies":[{"name":"wp","href":"https:\/\/api.w.org\/{rel}","templated":true}]}}