{"id":10000126,"date":"2022-03-17T14:39:38","date_gmt":"2022-03-17T13:39:38","guid":{"rendered":"https:\/\/www.fh-joanneum.at\/software-and-digital-experience-engineering\/master\/?page_id=126"},"modified":"2022-03-17T14:42:15","modified_gmt":"2022-03-17T13:42:15","slug":"di-fh-markus-temmel","status":"publish","type":"page","link":"https:\/\/www.fh-joanneum.at\/software-and-digital-experience-engineering\/master\/nach-dem-studium\/absolventinnen-absolventen\/di-fh-markus-temmel\/","title":{"rendered":"DI (FH) Markus Temmel"},"content":{"rendered":"<div id=\"\" class=\"wp-block-text-content margin-bottom-normal\">\n    <div class=\"container-lg\">\n        <div class=\"row\">\n            <div class=\"col\">\n                <h4>Eckdaten<\/h4>\n<p><strong>Jobbezeichnung:<\/strong> Gesch&auml;ftsf&uuml;hrer  <br>\n<strong>Unternehmen:<\/strong> <a href=\"https:\/\/www.tcm-international.com\/\" target=\"_blank\" rel=\"noopener noreferrer\">TCM International &minus; Tool Consulting &amp; Management<\/a>  <br>\n<strong>Ich arbeite in:<\/strong> Stainz, &Ouml;sterreich und dem Rest der Welt  <br>\n<strong>Ich arbeite hier seit:<\/strong> 2004    <\/p>\n<p><a href=\"mailto:mtemmel@tcm-international.com\"><strong>Mein Kontakt<\/strong><\/a>  <br>\n<a href=\"https:\/\/www.linkedin.com\/in\/markus-temmel-723855227\" target=\"_blank\" rel=\"noopener noreferrer\">LinkedIn<\/a><\/p>\n<h4>Was ich mache:<\/h4>\n<ul>\n<li>Unternehmensf&uuml;hrung<\/li>\n<li>Unternehmensentwicklung<\/li>\n<li>Sicherstellung des wirtschaftlichen Erfolgs<\/li>\n<\/ul>\n<h4>Was ich an meinem Beruf liebe:<\/h4>\n<ul>\n<li>Vielfallt<\/li>\n<li>Gestaltungsm&ouml;glichkeit<\/li>\n<li>Internationalit&auml;t<\/li>\n<\/ul>\n<h4>Was ich an meinem Job nicht so mag:<\/h4>\n<p>Es k&ouml;nnten weniger Kilometer pro Jahr sein ;-).<\/p>\n<h4>Wichtige F&auml;higkeiten in meinem Job:<\/h4>\n<ul>\n<li>vernetztes Denken und Kreativit&auml;t<\/li>\n<li>Fachkenntnis und Entschlusskraft<\/li>\n<li>mit Menschen umgehen k&ouml;nnen und wollen<\/li>\n<\/ul>\n<h4>Mein bisher gr&ouml;&szlig;ter Erfolg \/ mein tollstes Erlebnis:<\/h4>\n<p>Zu sehen, dass etwas Neues, beispielsweise ein Produkt, ein Ablauf, eine Verhandlungsargumentation etc. in der Praxis funktioniert. Das ist der Punkt, wo die Idee zum Erfolg wird.<\/p>\n<h4>So bin ich zu meinem Job gekommen:<\/h4>\n<p>Ein Freund hat mich als &bdquo;Legion&auml;r&ldquo; zu einem Firmenfu&szlig;ballturnier geholt. Dort habe ich den Firmengr&uuml;nder von TCM kennengelernt und mit ihm meinen praktischen Teil der Diplomarbeit vereinbart :-).<\/p>\n<h4>Das habe ich im Studium f&uuml;rs Berufsleben gelernt:<\/h4>\n<p>Methodenkenntnis und die F&auml;higkeit, sich neue Inhalte selbst anzueignen. Das ist das Wesentliche, denn man hat mit dem Studium nicht f&uuml;r alle Zeit ausgelernt.  <\/p>\n<h4>Die Jobchancen in meinem Bereich:<\/h4>\n<p>Das geht wohl nur Schritt f&uuml;r Schritt, so wie es auch bei mir der Fall war. <\/p>\n<h4>Ich bin:<\/h4>\n<ul>\n<li>zielorientiert<\/li>\n<li>vision&auml;r<\/li>\n<li>diplomatisch<\/li>\n<\/ul>\n\n            <\/div>\n        <\/div>\n            <\/div>\n<\/div>\n\n<div\n    id=\"\"\n    class=\"wp-block-blockquote margin-bottom-normal\"\n>\n    <div class=\"container-lg\">\n        <div class=\"row\">\n            <div class=\"col\">\n                <div class=\"d-block mb-2 fs-5 major-text-color\">F\u00fcr mich ist es schwer vorstellbar, in starren Konzernstrukturen zu arbeiten. Die Gestaltungsm\u00f6glichkeit und Freiheit ist bei TCM gegeben und f\u00fcr mich ein ma\u00dfgebliches Kriterium. Viele Jahre sp\u00e4ter w\u00fcrde ich die Entscheidung wieder so treffen. <br \/>\r\nVerschiedene Kundensegmente werden sich in den kommenden Jahren massiv ver\u00e4ndern. Fertigungsprozesse werden komplett anders ablaufen und die Digitalisierung wird ihren Schriftzug hinterlassen. Wir wollen dabei federf\u00fchrend sein.<br \/>\r\n<\/div>\n                <span class=\"d-flex justify-content-end\">Markus Temmel<\/span>\n            <\/div>\n        <\/div>\n    <\/div>\n<\/div>\n\n","protected":false},"excerpt":{"rendered":"<p>Seit Anfang 2022 ist Markus Temmel Gesch\u00e4ftsf\u00fchrer bei TCM International \u2212 Tool Consulting &amp; Management. Er war schon w\u00e4hrend seines Studiums bei TCM t\u00e4tig und hat seine gesamte Berufslaufbahn im Unternehmen absolviert. <\/p>\n","protected":false},"author":11,"featured_media":10000127,"parent":10000083,"menu_order":6,"comment_status":"closed","ping_status":"closed","template":"template-absolvent.blade.php","meta":{"_acf_changed":false,"footnotes":""},"acf":[],"aioseo_notices":[],"_links":{"self":[{"href":"https:\/\/www.fh-joanneum.at\/software-and-digital-experience-engineering\/master\/wp-json\/wp\/v2\/pages\/10000126"}],"collection":[{"href":"https:\/\/www.fh-joanneum.at\/software-and-digital-experience-engineering\/master\/wp-json\/wp\/v2\/pages"}],"about":[{"href":"https:\/\/www.fh-joanneum.at\/software-and-digital-experience-engineering\/master\/wp-json\/wp\/v2\/types\/page"}],"author":[{"embeddable":true,"href":"https:\/\/www.fh-joanneum.at\/software-and-digital-experience-engineering\/master\/wp-json\/wp\/v2\/users\/11"}],"replies":[{"embeddable":true,"href":"https:\/\/www.fh-joanneum.at\/software-and-digital-experience-engineering\/master\/wp-json\/wp\/v2\/comments?post=10000126"}],"version-history":[{"count":0,"href":"https:\/\/www.fh-joanneum.at\/software-and-digital-experience-engineering\/master\/wp-json\/wp\/v2\/pages\/10000126\/revisions"}],"up":[{"embeddable":true,"href":"https:\/\/www.fh-joanneum.at\/software-and-digital-experience-engineering\/master\/wp-json\/wp\/v2\/pages\/10000083"}],"wp:featuredmedia":[{"embeddable":true,"href":"https:\/\/www.fh-joanneum.at\/software-and-digital-experience-engineering\/master\/wp-json\/wp\/v2\/media\/10000127"}],"wp:attachment":[{"href":"https:\/\/www.fh-joanneum.at\/software-and-digital-experience-engineering\/master\/wp-json\/wp\/v2\/media?parent=10000126"}],"curies":[{"name":"wp","href":"https:\/\/api.w.org\/{rel}","templated":true}]}}