{"id":10000313,"date":"2015-08-10T13:50:01","date_gmt":"2015-08-10T11:50:01","guid":{"rendered":"https:\/\/www.fh-joanneum.at\/internettechnik\/bachelor\/?page_id=313"},"modified":"2025-01-28T12:49:46","modified_gmt":"2025-01-28T11:49:46","slug":"voraussetzungen","status":"publish","type":"page","link":"https:\/\/www.fh-joanneum.at\/software-design-and-cloud-computing\/bachelor\/vor-dem-studium\/voraussetzungen\/","title":{"rendered":"Voraussetzungen"},"content":{"rendered":"<div id=\"\" class=\"wp-block-text-content margin-bottom-none\">\n    <div class=\"container-lg\">\n        <div class=\"row\">\n            <div class=\"col\">\n                <div class=\"module-migration-headline\">\n<h3>Erf&uuml;lle ich die Voraussetzungen f&uuml;r das Studium?<\/h3>\n<\/div>\n\n            <\/div>\n        <\/div>\n            <\/div>\n<\/div>\n\n\n<div id=\"\" class=\"wp-block-text-content margin-bottom-normal\">\n    <div class=\"container-lg\">\n        <div class=\"row\">\n            <div class=\"col\">\n                <p>Deutsch ist Unterrichtssprache und deren Kenntnis (zumindest auf dem Level B2) wird als erforderlich vorausgesetzt.<\/p>\n<h4>Studieren mit Matura<\/h4>\n<p>Sie k&ouml;nnen sich f&uuml;r das Studium bewerben, wenn Sie<\/p>\n<ul>\n<li>die Matura einer Allgemeinbildenden oder Berufsbildenden h&ouml;heren Schule,<\/li>\n<li>eine Berufsreifepr&uuml;fung oder<\/li>\n<li>eine Lehre mit Matura<\/li>\n<\/ul>\n<p>haben.<\/p>\n\n            <\/div>\n        <\/div>\n            <\/div>\n<\/div>\n\n\n<div\n    id=\"\"\n    class=\"wp-block-tipp-box margin-bottom-normal\"\n>\n    <div class=\"container-lg\">\n        <div class=\"row\">\n            <div class=\"col\">\n                <div class=\"tipp-box border border-info\">\n                    <div class=\"tipp-box-inner p-2 p-md-3\">\n                        <h4 class=\"\">Hinweis<\/h4>\n                        <p>Der Quereinstieg in das zweite Semester, in Einzelf\u00e4llen auch in das dritte Semester, ist m\u00f6glich f\u00fcr Absolvent:innen einer HTL der Fachrichtungen EDVO, Elektro- und Nachrichtentechnik, Informationstechnik oder von HTL-Kollegs, Fachrichtung Betriebsinformatik. <br \/>\nSie k\u00f6nnen auch nach Abschluss Ihres Zivil- oder Pr\u00e4senzdienstes in das zweite Semester einsteigen und die fehlenden Pr\u00fcfungen innerhalb eines Semesters ablegen. <br \/> Wenn Sie dazu Fragen haben, hilft Ihnen die Studiengangsleitung gerne weiter:   <br \/>\nE: <a href=\"mailto:itm@fh-joanneum.at\">itm@fh-joanneum.at<\/a> <br \/>\nT: <a href=\"tel:+433836336008374\">+43 3836 33600 \u2013 8374<\/a> <\/p>\n\n                    <\/div>\n                <\/div>\n            <\/div>\n        <\/div>\n    <\/div>\n<\/div>\n\n\n<div\n    id=\"\"\n    class=\"wp-block-tipp-box margin-bottom-normal\"\n>\n    <div class=\"container-lg\">\n        <div class=\"row\">\n            <div class=\"col\">\n                <div class=\"tipp-box border border-warning\">\n                    <div class=\"tipp-box-inner p-2 p-md-3\">\n                        <h4 class=\"\">Tipp<\/h4>\n                        <p>Zivil- und Pr\u00e4senzdiener:innen haben die M\u00f6glichkeit, ohne Zeitverlust mit dem berufsbegleitenden Studium <a href=\"https:\/\/www.fh-joanneum.at\/software-design\/bachelor\/\">\u201eSoftware Design and Cloud Computing\u201c<\/a> im ersten und \/ oder zweiten Semester parallel zu beginnen und nach Abschluss des Zivil- oder Pr\u00e4senzdienstes das gleichnamige Vollzeitstudium aufzunehmen.<\/p>\n\n                    <\/div>\n                <\/div>\n            <\/div>\n        <\/div>\n    <\/div>\n<\/div>\n\n\n<div id=\"\" class=\"wp-block-text-content margin-bottom-normal\">\n    <div class=\"container-lg\">\n        <div class=\"row\">\n            <div class=\"col\">\n                <h4>Studieren ohne Matura<\/h4>\n<p>Haben Sie keine Matura oder Berufsreifepr&uuml;fung, brauchen Sie<\/p>\n<ul>\n<li>eine Studienberechtigungspr&uuml;fung oder<\/li>\n<li>eine einschl&auml;gige berufliche Qualifikation mit Zusatzpr&uuml;fungen.<\/li>\n<\/ul>\n<p>Bis zum Studienbeginn weisen Sie Ihre Pr&uuml;fungen nach.<\/p>\n\n            <\/div>\n        <\/div>\n            <\/div>\n<\/div>\n\n\n<div id=\"\" class=\"wp-block-text-content margin-bottom-normal\">\n    <div class=\"container-lg\">\n        <div class=\"row\">\n            <div class=\"col\">\n                <h5>Studienberechtigungspr&uuml;fung<\/h5>\n<p>Eine Studienberechtigungspr&uuml;fung besteht immer aus f&uuml;nf Teilpr&uuml;fungen. F&uuml;r das Studium &bdquo;Software Design and Cloud Computing&ldquo; wird eine Studienberechtigungspr&uuml;fung der Studienrichtungsgruppen <strong>Ingenieurwissenschaftliche Studien<\/strong> oder <strong>Naturwissenschaftliche Studien<\/strong> zur G&auml;nze anerkannt.<\/p>\n\n            <\/div>\n        <\/div>\n            <\/div>\n<\/div>\n\n\n\n\n<div id=\"\" class=\"wp-block-text-content margin-bottom-normal\">\n    <div class=\"container-lg\">\n        <div class=\"row\">\n            <div class=\"col\">\n                <h5>Einschl&auml;gige berufliche Qualifikation mit Zusatzpr&uuml;fungen<\/h5>\n<p>Eine einschl&auml;gige berufliche Qualifikation ist<\/p>\n<ul>\n<li>ein Lehrberuf mit Lehrabschluss (z. B. IT, Bau, B&uuml;ro, Chemie, Elektronik \/ Elektrotechnik \/ Mechatronik, Maschinenbau, Druck \/ Papier \/ Multimedia u. a.) oder   <\/li>\n<li>eine abgeschlossene Ausbildung an einer Berufsbildenden Mittleren Schule (z. B. Fachschule f&uuml;r Nachrichtentechnik und Elektronik, Computer- und Kommunikationstechnik, Elektrotechnik, u. a.). <\/li>\n<\/ul>\n<p>Sie m&uuml;ssen die F&auml;cher<\/p>\n<ul>\n<li>Deutsch (Aufsatz &uuml;ber ein allgemeines Thema),<\/li>\n<li>Englisch,<\/li>\n<li>Mathematik und<\/li>\n<li>Physik   <\/li>\n<\/ul>\n<p>absolvieren.<\/p>\n\n            <\/div>\n        <\/div>\n            <\/div>\n<\/div>\n\n\n<div\n    id=\"\"\n    class=\"wp-block-tipp-box margin-bottom-normal\"\n>\n    <div class=\"container-lg\">\n        <div class=\"row\">\n            <div class=\"col\">\n                <div class=\"tipp-box border border-warning\">\n                    <div class=\"tipp-box-inner p-2 p-md-3\">\n                        <h4 class=\"\">Tipp<\/h4>\n                        <p>Die Pr\u00fcfungen k\u00f6nnen Sie zum Beispiel im Rahmen des <a href=\"https:\/\/www.fh-joanneum.at\/weiterbildung\/studieren-ohne-matura\/\">Studienbef\u00e4higungslehrgang<\/a> an der FH JOANNEUM machen. Der Lehrgang dauert zwei Semester und ist berufsbegleitend. Sie haben die M\u00f6glichkeit, auch einzelne Zusatzpr\u00fcfungen an der FH JOANNEUM abzulegen.<\/p>\n\n                    <\/div>\n                <\/div>\n            <\/div>\n        <\/div>\n    <\/div>\n<\/div>\n\n\n<div id=\"\" class=\"wp-block-text-content margin-bottom-normal\">\n    <div class=\"container-lg\">\n        <div class=\"row\">\n            <div class=\"col\">\n                <h4>Sie sind keine &ouml;sterreichische Staatsb&uuml;rgerin oder kein &ouml;sterreichischer Staatsb&uuml;rger?<\/h4>\n<p>F&uuml;r Sie gibt es einige Besonderheiten zu beachten. Mehr Informationen dazu finden Sie in unter dem Men&uuml;punkt <a href=\"https:\/\/fh-joanneum.at\/internettechnik\/bachelor\/vor-dem-studium\/internationale-bewerberinnen\/\"><strong>Internationale Bewerber:innen<\/strong>.<\/a><\/p>\n\n            <\/div>\n        <\/div>\n            <\/div>\n<\/div>\n","protected":false},"excerpt":{"rendered":"<p>Welche Voraussetzungen m\u00fcssen Sie f\u00fcr das Studium erf\u00fcllen? Welche Nachweise m\u00fcssen Sie f\u00fcr Ihre Studienberechtigung erbringen? K\u00f6nnen Sie auch ohne Matura studieren? Die Antworten auf diese Fragen geben wir Ihnen hier.<\/p>\n","protected":false},"author":12,"featured_media":0,"parent":10000301,"menu_order":20,"comment_status":"closed","ping_status":"closed","template":"","meta":{"_acf_changed":false,"footnotes":""},"acf":[],"aioseo_notices":[],"_links":{"self":[{"href":"https:\/\/www.fh-joanneum.at\/software-design-and-cloud-computing\/bachelor\/wp-json\/wp\/v2\/pages\/10000313"}],"collection":[{"href":"https:\/\/www.fh-joanneum.at\/software-design-and-cloud-computing\/bachelor\/wp-json\/wp\/v2\/pages"}],"about":[{"href":"https:\/\/www.fh-joanneum.at\/software-design-and-cloud-computing\/bachelor\/wp-json\/wp\/v2\/types\/page"}],"author":[{"embeddable":true,"href":"https:\/\/www.fh-joanneum.at\/software-design-and-cloud-computing\/bachelor\/wp-json\/wp\/v2\/users\/12"}],"replies":[{"embeddable":true,"href":"https:\/\/www.fh-joanneum.at\/software-design-and-cloud-computing\/bachelor\/wp-json\/wp\/v2\/comments?post=10000313"}],"version-history":[{"count":3,"href":"https:\/\/www.fh-joanneum.at\/software-design-and-cloud-computing\/bachelor\/wp-json\/wp\/v2\/pages\/10000313\/revisions"}],"predecessor-version":[{"id":10000875,"href":"https:\/\/www.fh-joanneum.at\/software-design-and-cloud-computing\/bachelor\/wp-json\/wp\/v2\/pages\/10000313\/revisions\/10000875"}],"up":[{"embeddable":true,"href":"https:\/\/www.fh-joanneum.at\/software-design-and-cloud-computing\/bachelor\/wp-json\/wp\/v2\/pages\/10000301"}],"wp:attachment":[{"href":"https:\/\/www.fh-joanneum.at\/software-design-and-cloud-computing\/bachelor\/wp-json\/wp\/v2\/media?parent=10000313"}],"curies":[{"name":"wp","href":"https:\/\/api.w.org\/{rel}","templated":true}]}}