{"id":10000327,"date":"2015-08-10T13:50:02","date_gmt":"2015-08-10T11:50:02","guid":{"rendered":"https:\/\/www.fh-joanneum.at\/internettechnik\/bachelor\/?page_id=327"},"modified":"2025-03-07T08:59:35","modified_gmt":"2025-03-07T07:59:35","slug":"das-studium","status":"publish","type":"page","link":"https:\/\/www.fh-joanneum.at\/software-design-and-cloud-computing\/bachelor\/im-studium\/das-studium\/","title":{"rendered":"Das Studium"},"content":{"rendered":"<div id=\"\" class=\"wp-block-text-content margin-bottom-none\">\n    <div class=\"container-lg\">\n        <div class=\"row\">\n            <div class=\"col\">\n                <div class=\"module-migration-headline\">\n<h3>Was ist Software Design and Cloud Computing?<\/h3>\n<\/div>\n\n            <\/div>\n        <\/div>\n            <\/div>\n<\/div>\n\n\n<div id=\"\" class=\"wp-block-text-content margin-bottom-normal\">\n    <div class=\"container-lg\">\n        <div class=\"row\">\n            <div class=\"col\">\n                <p>Webseiten, Blogs und soziale Medien &ndash; das Internet ist das Kommunikationsmedium unserer Zeit. Im Bachelorstudium &bdquo;Software Design and Cloud Computing&ldquo; befassen Sie sich mit allen Facetten des modernen Netzes. Sie lernen die Vielfalt des Internets kennen, fungieren als zentrale Schl&uuml;sselstelle der modernen Kommunikation und gestalten das Web aktiv mit.<\/p>\n<p>Computer- und Netzwerktechnologien, Accessibility, Neue Medien, Cloud-Technologien und Software Design sind nur einige Teilbereiche Ihrer Ausbildung. Zus&auml;tzlich wird der Umgang mit Datenbanken, Betriebssystemen, Servern und mobilen Anwendungen thematisiert. &Uuml;berdies lernen Sie neben den Grundlagen des IT-Rechts und der IT-Sicherheit auch Bereiche wie Online-Marketing, Innovationsmanagement und Unternehmensgr&uuml;ndung kennen. Die Theorie verkn&uuml;pfen Sie in &Uuml;bungen und Projekten direkt mit der Praxis. So setzen Sie im 4. Semester ein Start-up-Projekt um.<\/p>\n<p>Neben der fundierten Ausbildung haben Sie die M&ouml;glichkeit, internationale Erfahrungen in einem Semester oder Praktikum im Ausland zu sammeln. Das Berufspraktikum im sechsten Semester stellt schlie&szlig;lich das Sprungbrett in die Berufswelt dar.<\/p>\n<p>F&uuml;r alle Pr&auml;senz- und Zivildiener:innen ist das Studium &bdquo;Software Design and Cloud Computing&ldquo; ohne Zeitverlust m&ouml;glich. Au&szlig;erdem wird der &Uuml;bergang von einer BHS oder HTL durch die Anerkennung von Lehrveranstaltungen erleichtert.<\/p>\n\n            <\/div>\n        <\/div>\n            <\/div>\n<\/div>\n\n\n<!-- TODO:\n      Short Code und Cookie Notice anpassen\n      Barrierefreiheit Texte\n-->\n<div\n    id=\"\"\n    class=\"wp-block-video margin-bottom-normal\"\n>\n    <div class=\"container-lg\">\n        <div class=\"row\">\n            <div class=\"col\">\n\n                                    <div class='embed-container'> <div class=\"brlbs-cmpnt-container brlbs-cmpnt-content-blocker\" data-borlabs-cookie-content-blocker-id=\"youtube-content-blocker\" data-borlabs-cookie-content=\"PGlmcmFtZSBpZD0ndmlkZW8nIHNyYz0nLy93d3cueW91dHViZS5jb20vZW1iZWQvdXo0bFU1TGRJNjA\/cmVsPTAmY29udHJvbHM9MCZzaG93aW5mbz0wJmVuYWJsZWpzYXBpPTEmbW9kZXN0YnJhbmRpbmc9MScgZnJhbWVib3JkZXI9JzAnIGFsbG93ZnVsbHNjcmVlbj48L2lmcmFtZT4=\" ><div class=\"brlbs-cmpnt-cb-preset-b\"> <div class=\"brlbs-cmpnt-cb-thumbnail\" style=\"background-image: url('https:\/\/cdn.fh-joanneum.at\/media\/2021\/02\/conversory-fh-joanneum-video-overlay-bg.jpg')\"><\/div> <div class=\"brlbs-cmpnt-cb-main\"> <div class=\"brlbs-cmpnt-cb-content\"> <h4 class=\"brlbs-cmpnt-cb-description\">Mit dem Laden des Videos stimmen Sie der <a href=\"https:\/\/www.youtube.com\/intl\/ALL_at\/howyoutubeworks\/user-settings\/privacy\/\" target=\"_blank\">Datenschutzerkl\u00e4rung<\/a> von YouTube zu.<\/h4> <\/div> <div class=\"brlbs-cmpnt-cb-buttons\"> <a class=\"brlbs-cmpnt-cb-btn\" href=\"#\" data-borlabs-cookie-accept-service role=\"button\" style=\"display: inherit\">Video laden<\/a> <\/div> <\/div> <\/div><\/div><\/div>                            <\/div>\n        <\/div>\n    <\/div>\n<\/div>\n\n\n<div\n    id=\"\"\n    class=\"wp-block-blockquote margin-bottom-normal\"\n>\n    <div class=\"container-lg\">\n        <div class=\"row\">\n            <div class=\"col\">\n                <div class=\"d-block mb-2 fs-5 major-text-color\">\u201eDas Studium bietet eine praxisnahe Ausbildung mit unterschiedlichen Zeitmodellen in Pr\u00e4senz und online am Puls der Zeit. Durch das breitgef\u00e4cherte Angebot an IT-Inhalten bieten sich den Absolventinnen und Absolventen hervorragende M\u00f6glichkeiten, die Digitalisierung in Wirtschaft, Industrie und \u00f6ffentlichem Dienst zu begleiten.\u201d<br \/>\r\n<\/div>\n                <span class=\"d-flex justify-content-end\">Jasmin Koller, MA BSc, Absolventin<\/span>\n            <\/div>\n        <\/div>\n    <\/div>\n<\/div>\n\n\n<div id=\"\" class=\"wp-block-text-content margin-bottom-none\">\n    <div class=\"container-lg\">\n        <div class=\"row\">\n            <div class=\"col\">\n                <div class=\"module-migration-headline\">\n<h3>Was lerne ich im Studium?<\/h3>\n<\/div>\n\n            <\/div>\n        <\/div>\n            <\/div>\n<\/div>\n\n\n<div id=\"\" class=\"wp-block-text-content margin-bottom-normal\">\n    <div class=\"container-lg\">\n        <div class=\"row\">\n            <div class=\"col\">\n                <p>Sie erhalten eine solide Grundausbildung in den Bereichen Web- und Cloud-Technologien, Online-Marketing und IT-Recht sowie Cluster- und Server-Technologien. Die Theorie wenden Sie im Studium gleich in der Praxis an. Projektarbeiten im vierten und f&uuml;nften Semester geben Ihnen zudem die M&ouml;glichkeit, sich in Spezialthemen zu vertiefen. Das Spektrum reicht dabei von 3D-Entwicklung, digitaler Audioverarbeitung und Telekommunikation &uuml;ber Indoor- und Outdoor-Navigation bis hin zu Datenbankanbindungen und speziellen Programmiersprachen. Das Berufspraktikum bietet Ihnen eine zus&auml;tzliche praktische Vertiefung. <\/p>\n<h4>Web-, Cloud- und Server-Technologien<\/h4>\n<p>Die sinnvolle und sichere Nutzung von Clouds und Netzwerken stellt einen wichtigen Bestandteil Ihrer Ausbildung dar. Sie lernen dazu die verschiedenen Technologien, die sich hinter den Begriffen Web, Cloud, Cluster und Server verbergen, im Detail kennen und verstehen. Software Engineering, Cloud Computing, Usability und Konfigurationsmanagement spielen in der Zukunft der IKT-Branche eine entscheidende Rolle. Sie werden deshalb zum Profi f&uuml;r neuartige IKT-L&ouml;sungen ausgebildet. <\/p>\n<h4>Online-Marketing und IT-Recht<\/h4>\n<p>Sie besch&auml;ftigen sich mit Online-Marketing und seinen relevanten Anwendungsfeldern, insbesondere mit Fokus auf die Sozialen Medien. Die globale Kommunikation, User Generated Content und multimediale Inhalte stellen dabei die wesentlichen Schwerpunkte dar, die durch Themen rund um Community und Business thematisch erg&auml;nzt werden. Sie befassen sich zudem mit den rechtlichen Grundlagen des E-Business wie Domain Namen, E-Commerce-Gesetz, Urheberrecht, Signaturrecht etc. <\/p>\n\n            <\/div>\n        <\/div>\n            <\/div>\n<\/div>\n","protected":false},"excerpt":{"rendered":"<p>Durch eine inhaltlich umfangreiche und fachlich fundierte Ausbildung schaffen wir die Basis f\u00fcr Ihre berufliche Zukunft. Welche allgemeinen Inhalte, fachlichen Themen und spezifischen Schwerpunkte Sie im Studium erwarten, erfahren Sie hier.<\/p>\n","protected":false},"author":12,"featured_media":10000762,"parent":10000303,"menu_order":40,"comment_status":"closed","ping_status":"closed","template":"","meta":{"_acf_changed":false,"footnotes":""},"acf":[],"aioseo_notices":[],"_links":{"self":[{"href":"https:\/\/www.fh-joanneum.at\/software-design-and-cloud-computing\/bachelor\/wp-json\/wp\/v2\/pages\/10000327"}],"collection":[{"href":"https:\/\/www.fh-joanneum.at\/software-design-and-cloud-computing\/bachelor\/wp-json\/wp\/v2\/pages"}],"about":[{"href":"https:\/\/www.fh-joanneum.at\/software-design-and-cloud-computing\/bachelor\/wp-json\/wp\/v2\/types\/page"}],"author":[{"embeddable":true,"href":"https:\/\/www.fh-joanneum.at\/software-design-and-cloud-computing\/bachelor\/wp-json\/wp\/v2\/users\/12"}],"replies":[{"embeddable":true,"href":"https:\/\/www.fh-joanneum.at\/software-design-and-cloud-computing\/bachelor\/wp-json\/wp\/v2\/comments?post=10000327"}],"version-history":[{"count":2,"href":"https:\/\/www.fh-joanneum.at\/software-design-and-cloud-computing\/bachelor\/wp-json\/wp\/v2\/pages\/10000327\/revisions"}],"predecessor-version":[{"id":10000880,"href":"https:\/\/www.fh-joanneum.at\/software-design-and-cloud-computing\/bachelor\/wp-json\/wp\/v2\/pages\/10000327\/revisions\/10000880"}],"up":[{"embeddable":true,"href":"https:\/\/www.fh-joanneum.at\/software-design-and-cloud-computing\/bachelor\/wp-json\/wp\/v2\/pages\/10000303"}],"wp:featuredmedia":[{"embeddable":true,"href":"https:\/\/www.fh-joanneum.at\/software-design-and-cloud-computing\/bachelor\/wp-json\/wp\/v2\/media\/10000762"}],"wp:attachment":[{"href":"https:\/\/www.fh-joanneum.at\/software-design-and-cloud-computing\/bachelor\/wp-json\/wp\/v2\/media?parent=10000327"}],"curies":[{"name":"wp","href":"https:\/\/api.w.org\/{rel}","templated":true}]}}