{"id":10000339,"date":"2015-08-10T13:50:02","date_gmt":"2015-08-10T11:50:02","guid":{"rendered":"https:\/\/www.fh-joanneum.at\/internettechnik\/bachelor\/?page_id=339"},"modified":"2024-09-04T12:51:30","modified_gmt":"2024-09-04T10:51:30","slug":"studienabschluss","status":"publish","type":"page","link":"https:\/\/www.fh-joanneum.at\/software-design-and-cloud-computing\/bachelor\/im-studium\/studienabschluss\/","title":{"rendered":"Studienabschluss"},"content":{"rendered":"<div id=\"\" class=\"wp-block-text-content margin-bottom-none\">\n    <div class=\"container-lg\">\n        <div class=\"row\">\n            <div class=\"col\">\n                <div class=\"module-migration-headline\">\n<h3>Voraussetzungen f&uuml;r den Studienabschluss<\/h3>\n<\/div>\n\n            <\/div>\n        <\/div>\n            <\/div>\n<\/div>\n\n\n<div id=\"\" class=\"wp-block-text-content margin-bottom-normal\">\n    <div class=\"container-lg\">\n        <div class=\"row\">\n            <div class=\"col\">\n                <p>Um das Studium &bdquo;Software Design and Cloud Computing&ldquo; positiv abzuschlie&szlig;en, m&uuml;ssen Sie:<\/p>\n<ul>\n<li>alle Lehrveranstaltungen und das Berufspraktikum positiv absolvieren<\/li>\n<li>eine Bachelorarbeit verfassen, die positiv bewertet werden muss<\/li>\n<li>die Bachelorpr&uuml;fung positiv ablegen<\/li>\n<\/ul>\n<p>Ihr Titel nach dem Studienabschluss lautet &bdquo;Bachelor of Science in Engineering (BSc)&ldquo;.<\/p>\n\n            <\/div>\n        <\/div>\n            <\/div>\n<\/div>\n\n\n<div id=\"\" class=\"wp-block-text-content margin-bottom-none\">\n    <div class=\"container-lg\">\n        <div class=\"row\">\n            <div class=\"col\">\n                <div class=\"module-migration-headline\">\n<h4>Bachelorarbeit<\/h4>\n<\/div>\n\n            <\/div>\n        <\/div>\n            <\/div>\n<\/div>\n\n\n<div id=\"\" class=\"wp-block-text-content margin-bottom-normal\">\n    <div class=\"container-lg\">\n        <div class=\"row\">\n            <div class=\"col\">\n                <p>Unsere Studierenden verfassen im f&uuml;nften Semester eine Bachelorarbeit. Die Erarbeitung der Bachelorarbeit wird in einem Begleitseminar und durch individuelle Betreuung unterst&uuml;tzt. Inhaltlich relevante IT-Fragestellungen zu entwickeln und mit wissenschaftlichen Methoden zu bearbeiten sind F&auml;higkeiten, die im Zuge der Bachelorarbeit vermittelt werden. <\/p>\n\n            <\/div>\n        <\/div>\n            <\/div>\n<\/div>\n\n\n\n\n<div id=\"\" class=\"wp-block-text-content margin-bottom-none\">\n    <div class=\"container-lg\">\n        <div class=\"row\">\n            <div class=\"col\">\n                <div class=\"module-migration-headline\">\n<h4>Bachelorpr&uuml;fung<\/h4>\n<\/div>\n\n            <\/div>\n        <\/div>\n            <\/div>\n<\/div>\n\n\n<div id=\"\" class=\"wp-block-text-content margin-bottom-normal\">\n    <div class=\"container-lg\">\n        <div class=\"row\">\n            <div class=\"col\">\n                <p>Es gibt drei Pr&uuml;fungstermine pro Jahr:<\/p>\n<ul>\n<li>Fr&uuml;htermin: Ende des sechsten Semesters, in der Regel Anfang Juli<\/li>\n<li>Haupttermin: zu Beginn des folgenden Wintersemesters, in der Regel im Oktober<\/li>\n<li>Sp&auml;ttermin: im J&auml;nner des darauffolgenden Jahres<\/li>\n<\/ul>\n<p>Die Pr&uuml;fung wird vor einer Kommission abgelegt und umfasst:<\/p>\n<ul>\n<li>die Pr&auml;sentation der Bachelorarbeit in Englisch <\/li>\n<li>ein Pr&uuml;fungsgespr&auml;ch &uuml;ber die Bachelorarbeit und deren Querverbindungen zu relevanten F&auml;chern des Studienplans in Deutsch<\/li>\n<\/ul>\n\n            <\/div>\n        <\/div>\n            <\/div>\n<\/div>\n\n\n<div id=\"\" class=\"wp-block-text-content margin-bottom-none\">\n    <div class=\"container-lg\">\n        <div class=\"row\">\n            <div class=\"col\">\n                <div class=\"module-migration-headline\">\n<h3>Nach dem Bachelorabschluss<\/h3>\n<\/div>\n\n            <\/div>\n        <\/div>\n            <\/div>\n<\/div>\n\n\n<div id=\"\" class=\"wp-block-text-content margin-bottom-normal\">\n    <div class=\"container-lg\">\n        <div class=\"row\">\n            <div class=\"col\">\n                <p>Absolventinnen und Absolventen k&ouml;nnen nach dem Abschluss des Bachelorstudiums &bdquo;Software Design and Cloud Computing&ldquo; entweder direkt in ihr Berufsleben starten oder ihre akademische Karriere fortsetzen.<br>\nBeispielsweise w&auml;hlen viele unserer Absolventinnen und Absolventen einen der beiden Masterstudieng&auml;nge <a href=\"https:\/\/fh-joanneum.at\/it-und-mobile-security\/master\/\">&bdquo;IT and Mobile Security&ldquo;<\/a> und <a href=\"https:\/\/fh-joanneum.at\/it-recht-und-management\/master\/\">&bdquo;IT-Recht und Management&ldquo;<\/a> an der FH JOANNEUM. Auch f&uuml;r andere Studieng&auml;nge der FH JOANNEUM und Studienrichtungen anderer Hochschulen im Informatikbereich erf&uuml;llen unsere Absolventinnen und Absolventen die Zugangsvoraussetzungen.<\/p>\n\n            <\/div>\n        <\/div>\n            <\/div>\n<\/div>\n","protected":false},"excerpt":{"rendered":"<p>Mit Ihrem Abschluss legen Sie den Grundstein f\u00fcr Ihre berufliche Zukunft. Welche Voraussetzungen Sie f\u00fcr den erfolgreichen Abschluss Ihres Studiums ben\u00f6tigen und alles, was Sie sonst noch wissen sollten, verraten wir Ihnen hier.<\/p>\n","protected":false},"author":12,"featured_media":10000726,"parent":10000303,"menu_order":53,"comment_status":"closed","ping_status":"closed","template":"","meta":{"_acf_changed":false,"footnotes":""},"acf":[],"aioseo_notices":[],"_links":{"self":[{"href":"https:\/\/www.fh-joanneum.at\/software-design-and-cloud-computing\/bachelor\/wp-json\/wp\/v2\/pages\/10000339"}],"collection":[{"href":"https:\/\/www.fh-joanneum.at\/software-design-and-cloud-computing\/bachelor\/wp-json\/wp\/v2\/pages"}],"about":[{"href":"https:\/\/www.fh-joanneum.at\/software-design-and-cloud-computing\/bachelor\/wp-json\/wp\/v2\/types\/page"}],"author":[{"embeddable":true,"href":"https:\/\/www.fh-joanneum.at\/software-design-and-cloud-computing\/bachelor\/wp-json\/wp\/v2\/users\/12"}],"replies":[{"embeddable":true,"href":"https:\/\/www.fh-joanneum.at\/software-design-and-cloud-computing\/bachelor\/wp-json\/wp\/v2\/comments?post=10000339"}],"version-history":[{"count":1,"href":"https:\/\/www.fh-joanneum.at\/software-design-and-cloud-computing\/bachelor\/wp-json\/wp\/v2\/pages\/10000339\/revisions"}],"predecessor-version":[{"id":10000838,"href":"https:\/\/www.fh-joanneum.at\/software-design-and-cloud-computing\/bachelor\/wp-json\/wp\/v2\/pages\/10000339\/revisions\/10000838"}],"up":[{"embeddable":true,"href":"https:\/\/www.fh-joanneum.at\/software-design-and-cloud-computing\/bachelor\/wp-json\/wp\/v2\/pages\/10000303"}],"wp:featuredmedia":[{"embeddable":true,"href":"https:\/\/www.fh-joanneum.at\/software-design-and-cloud-computing\/bachelor\/wp-json\/wp\/v2\/media\/10000726"}],"wp:attachment":[{"href":"https:\/\/www.fh-joanneum.at\/software-design-and-cloud-computing\/bachelor\/wp-json\/wp\/v2\/media?parent=10000339"}],"curies":[{"name":"wp","href":"https:\/\/api.w.org\/{rel}","templated":true}]}}