{"id":10000285,"date":"2015-08-10T14:32:03","date_gmt":"2015-08-10T12:32:03","guid":{"rendered":"https:\/\/www.fh-joanneum.at\/software-design\/bachelor\/?page_id=285"},"modified":"2024-08-29T09:05:09","modified_gmt":"2024-08-29T07:05:09","slug":"studienabschluss","status":"publish","type":"page","link":"https:\/\/www.fh-joanneum.at\/software-design-and-cloud-computing\/berufsbegleitend\/im-studium\/studienabschluss\/","title":{"rendered":"Studienabschluss"},"content":{"rendered":"<div id=\"\" class=\"wp-block-text-content margin-bottom-none\">\n    <div class=\"container-lg\">\n        <div class=\"row\">\n            <div class=\"col\">\n                <div class=\"module-migration-headline\">\n<h3>Voraussetzungen f&uuml;r den Studienabschluss<\/h3>\n<\/div>\n\n            <\/div>\n        <\/div>\n            <\/div>\n<\/div>\n\n\n<div id=\"\" class=\"wp-block-text-content margin-bottom-normal\">\n    <div class=\"container-lg\">\n        <div class=\"row\">\n            <div class=\"col\">\n                <p>Um das Studium &bdquo;Software Design&ldquo; positiv abzuschlie&szlig;en, m&uuml;ssen Sie:<\/p>\n<ul>\n<li>alle Lehrveranstaltungen positiv absolvieren<\/li>\n<li>eine Bachelorarbeit verfassen, die positiv bewertet werden muss<\/li>\n<li>die Bachelorpr&uuml;fung positiv ablegen<\/li>\n<\/ul>\n<p>Ihr Titel nach dem Studienabschluss lautet &bdquo;Bachelor of Sience in Engineering (BSc)&ldquo;.<\/p>\n\n            <\/div>\n        <\/div>\n            <\/div>\n<\/div>\n\n\n<div id=\"\" class=\"wp-block-text-content margin-bottom-none\">\n    <div class=\"container-lg\">\n        <div class=\"row\">\n            <div class=\"col\">\n                <div class=\"module-migration-headline\">\n<h4>Bachelorarbeit<\/h4>\n<\/div>\n\n            <\/div>\n        <\/div>\n            <\/div>\n<\/div>\n\n\n<div id=\"\" class=\"wp-block-text-content margin-bottom-normal\">\n    <div class=\"container-lg\">\n        <div class=\"row\">\n            <div class=\"col\">\n                <p>W&auml;hrend des Studiums schreiben die Studierenden im f&uuml;nften Semester eine Bachelorarbeit. So wird ihnen der Umgang mit wissenschaftlichen Methoden und Quellen vermittelt. Das Thema der Arbeit kann aus einer Kooperation mit einem Unternehmen entstehen oder von den Studierenden sowie dem Studiengang vorgeschlagen werden. Die Bachelorarbeit befasst sich mit einer Problemstellung, f&uuml;r die L&ouml;sungsans&auml;tze erarbeitet und verst&auml;ndlich dargestellt werden. <\/p>\n<p>Die Ergebnisse werden in englischer Sprache pr&auml;sentiert. Die Arbeit wurd durch Lehrende am Institut betreut, sowie mit zwei Lehrveranstaltungen begleitet: &bdquo;English for Scientific Purposes&ldquo; und &bdquo;Seminar zur Bachelorarbeit&ldquo;.<\/p>\n\n            <\/div>\n        <\/div>\n            <\/div>\n<\/div>\n\n\n<div id=\"\" class=\"wp-block-text-content margin-bottom-none\">\n    <div class=\"container-lg\">\n        <div class=\"row\">\n            <div class=\"col\">\n                <div class=\"module-migration-headline\">\n<h4>Bachelorpr&uuml;fung<\/h4>\n<\/div>\n\n            <\/div>\n        <\/div>\n            <\/div>\n<\/div>\n\n\n<div id=\"\" class=\"wp-block-text-content margin-bottom-normal\">\n    <div class=\"container-lg\">\n        <div class=\"row\">\n            <div class=\"col\">\n                <p>Es gibt drei Pr&uuml;fungstermine pro Jahr:<\/p>\n<ul>\n<li>Fr&uuml;htermin: Ende des sechsten Semesters, in der Regel Anfang Juli<\/li>\n<li>Haupttermin: zu Beginn des folgenden Wintersemesters, in der Regel im Oktober<\/li>\n<li>Sp&auml;ttermin: im J&auml;nner des darauffolgenden Jahres<\/li>\n<\/ul>\n<p>Die Pr&uuml;fung wird vor einer Kommission abgelegt und umfasst:<\/p>\n<ul>\n<li>die Pr&auml;sentation der Bachelorarbeit in Englisch <\/li>\n<li>ein Pr&uuml;fungsgespr&auml;ch &uuml;ber die Bachelorarbeit und deren Querverbindungen zu relevanten F&auml;chern des Studienplans in Deutsch<\/li>\n<\/ul>\n\n            <\/div>\n        <\/div>\n            <\/div>\n<\/div>\n\n\n<div id=\"\" class=\"wp-block-text-content margin-bottom-none\">\n    <div class=\"container-lg\">\n        <div class=\"row\">\n            <div class=\"col\">\n                <div class=\"module-migration-headline\">\n<h3>Nach dem Bachelorabschluss<\/h3>\n<\/div>\n\n            <\/div>\n        <\/div>\n            <\/div>\n<\/div>\n\n\n<div id=\"\" class=\"wp-block-text-content margin-bottom-normal\">\n    <div class=\"container-lg\">\n        <div class=\"row\">\n            <div class=\"col\">\n                <p>Die Absolventinnen und Absolventen von &bdquo;Software Design and Cloud Computing&ldquo; bewegen sich in der Welt der Bits und Bytes. Um ihre Kenntnisse weiter auszubauen und zu spezialisieren, bieten sich die berufsbegleitenden Masterstudieng&auml;nge <a href=\"https:\/\/fh-joanneum.at\/it-und-mobile-security\/master\/\">&bdquo;IT and Mobile Security&ldquo;<\/a> und <a href=\"https:\/\/fh-joanneum.at\/it-recht-und-management\/master\/\">&bdquo;IT-Recht und Management&ldquo;<\/a> an der FH JOANNEUM an.<\/p>\n<p>Auch ein weiterf&uuml;hrendes Studium an den Departments Angewandte Informatik und Medien und Design an der FH JOANNEUM oder einer anderen Hochschule ist m&ouml;glich. Somit steht eine Vielzahl an M&ouml;glichkeiten offen: Die Wahl kann je nach individuellen Interessen oder Anforderungen in der Berufswelt getroffen werden.<\/p>\n\n            <\/div>\n        <\/div>\n            <\/div>\n<\/div>\n","protected":false},"excerpt":{"rendered":"<p>Mit Ihrem Abschluss legen Sie den Grundstein f\u00fcr Ihre berufliche Zukunft. Welche Voraussetzungen Sie f\u00fcr den erfolgreichen Abschluss Ihres Studiums ben\u00f6tigen und alles, was Sie sonst noch wissen sollten, verraten wir Ihnen hier.<\/p>\n","protected":false},"author":12,"featured_media":0,"parent":10000274,"menu_order":44,"comment_status":"closed","ping_status":"closed","template":"","meta":{"_acf_changed":false,"footnotes":""},"acf":[],"aioseo_notices":[],"_links":{"self":[{"href":"https:\/\/www.fh-joanneum.at\/software-design-and-cloud-computing\/berufsbegleitend\/wp-json\/wp\/v2\/pages\/10000285"}],"collection":[{"href":"https:\/\/www.fh-joanneum.at\/software-design-and-cloud-computing\/berufsbegleitend\/wp-json\/wp\/v2\/pages"}],"about":[{"href":"https:\/\/www.fh-joanneum.at\/software-design-and-cloud-computing\/berufsbegleitend\/wp-json\/wp\/v2\/types\/page"}],"author":[{"embeddable":true,"href":"https:\/\/www.fh-joanneum.at\/software-design-and-cloud-computing\/berufsbegleitend\/wp-json\/wp\/v2\/users\/12"}],"replies":[{"embeddable":true,"href":"https:\/\/www.fh-joanneum.at\/software-design-and-cloud-computing\/berufsbegleitend\/wp-json\/wp\/v2\/comments?post=10000285"}],"version-history":[{"count":1,"href":"https:\/\/www.fh-joanneum.at\/software-design-and-cloud-computing\/berufsbegleitend\/wp-json\/wp\/v2\/pages\/10000285\/revisions"}],"predecessor-version":[{"id":10000705,"href":"https:\/\/www.fh-joanneum.at\/software-design-and-cloud-computing\/berufsbegleitend\/wp-json\/wp\/v2\/pages\/10000285\/revisions\/10000705"}],"up":[{"embeddable":true,"href":"https:\/\/www.fh-joanneum.at\/software-design-and-cloud-computing\/berufsbegleitend\/wp-json\/wp\/v2\/pages\/10000274"}],"wp:attachment":[{"href":"https:\/\/www.fh-joanneum.at\/software-design-and-cloud-computing\/berufsbegleitend\/wp-json\/wp\/v2\/media?parent=10000285"}],"curies":[{"name":"wp","href":"https:\/\/api.w.org\/{rel}","templated":true}]}}