{"id":10000293,"date":"2015-08-10T14:32:03","date_gmt":"2015-08-10T12:32:03","guid":{"rendered":"https:\/\/www.fh-joanneum.at\/software-design\/bachelor\/?page_id=293"},"modified":"2025-03-07T08:59:23","modified_gmt":"2025-03-07T07:59:23","slug":"das-studium","status":"publish","type":"page","link":"https:\/\/www.fh-joanneum.at\/software-design-and-cloud-computing\/berufsbegleitend\/im-studium\/das-studium\/","title":{"rendered":"Das Studium"},"content":{"rendered":"<div id=\"\" class=\"wp-block-text-content margin-bottom-none\">\n    <div class=\"container-lg\">\n        <div class=\"row\">\n            <div class=\"col\">\n                <div class=\"module-migration-headline\">\n<h3>Was ist Software Design and Cloud Computing?<\/h3>\n<\/div>\n\n            <\/div>\n        <\/div>\n            <\/div>\n<\/div>\n\n\n<div id=\"\" class=\"wp-block-text-content margin-bottom-normal\">\n    <div class=\"container-lg\">\n        <div class=\"row\">\n            <div class=\"col\">\n                <p>Eine Welt ohne Internet ist unvorstellbar geworden &ndash; alles ist digital vernetzt. Damit entstehen immer wieder neue Herausforderungen f&uuml;r IT-Spezialist:innen. Wir wappnen Sie f&uuml;r diese Herausforderungen und machen Sie zur:zum Expert:in in den neuesten Informations- und Kommunikationstechnologien.<\/p>\n<p>Wir vermitteln Ihnen Wissen zu den Themen Cloud Computing, Computer- und Netzwerktechnologien, Neue Medien, Betriebssysteme, Web Engineering, Software Design, Datenbanken, IT-Security und Innovationsmanagment. Bei uns erwerben Sie neben dem Fachwissen zus&auml;tzliche wirtschaftliche, sprachliche und soziale Kompetenzen und arbeiten zudem an zahlreichen Projekten mit. Durch praxisnahen Unterricht lernen die Studierenden das L&ouml;sen von komplexen Problemstellungen. Die direkte Zusammenarbeit mit Unternehmen aus der Industrie und Wirtschaft f&ouml;rdert den Anspruch der praxisorientierten Aufgabenstellungen.<\/p>\n<p>Die berufsbegleitende Organisationsform des Studiums erm&ouml;glicht, eine hervorragende akademische Ausbildung neben Beruf und Familie. Durch den Einsatz von modernen, multimedialen Lehr- und Lernmethoden sind Sie den Gro&szlig;teil des Studiums nicht r&auml;umlich gebunden &ndash; der E-Learning-Anteil betr&auml;gt 60 Prozent. Sie sind also nur maximal zwei Freitage und zwei Samstage im Monat an der Fachhochschule anwesend.<\/p>\n<p>F&uuml;r Zivil- und Pr&auml;senzdiener:innen gibt es auch die M&ouml;glichkeit, das Studium &bdquo;Software Design and Cloud Computing&ldquo; berufsbegleitend zu beginnen und nach dem ersten beziehungsweise zweiten Semester auf das gleichnamige Vollzeit-Studium umzusteigen.<\/p>\n\n            <\/div>\n        <\/div>\n            <\/div>\n<\/div>\n\n\n<div\n    id=\"\"\n    class=\"wp-block-blockquote margin-bottom-normal\"\n>\n    <div class=\"container-lg\">\n        <div class=\"row\">\n            <div class=\"col\">\n                <div class=\"d-block mb-2 fs-5 major-text-color\">\u201eOb HTL-Absolvent:in, Quereinsteiger:in, gerade maturiert oder schon einige Jahre mitten im Berufsleben,<br \/>\r\ndas Studium kann aus jeder:jedem eine:n Informatik-Spezialist:in oder IT-Akademiker:in machen. Die<br \/>\r\nbereichernde Diversit\u00e4t an der FH, das freundschaftliche Umfeld zwischen Studierenden und Lehrenden<br \/>\r\nund die moderne Ausbildung sollte man sich auf jeden Fall nicht entgehen lassen. F\u00fcr mich<br \/>\r\nwar der Bachelor die ideale Basis f\u00fcr die n\u00e4chsten Schritte: Masterstudium und Selbstst\u00e4ndigkeit.\u201c<br \/>\r\n<\/div>\n                <span class=\"d-flex justify-content-end\">Elias Feiner, BSC, Absolvent<\/span>\n            <\/div>\n        <\/div>\n    <\/div>\n<\/div>\n\n\n<!-- TODO:\n      Short Code und Cookie Notice anpassen\n      Barrierefreiheit Texte\n-->\n<div\n    id=\"\"\n    class=\"wp-block-video margin-bottom-normal\"\n>\n    <div class=\"container-lg\">\n        <div class=\"row\">\n            <div class=\"col\">\n\n                                    <div class='embed-container'> <div class=\"brlbs-cmpnt-container brlbs-cmpnt-content-blocker\" data-borlabs-cookie-content-blocker-id=\"youtube-content-blocker\" data-borlabs-cookie-content=\"PGlmcmFtZSBpZD0ndmlkZW8nIHNyYz0nLy93d3cueW91dHViZS5jb20vZW1iZWQvdXo0bFU1TGRJNjA\/cmVsPTAmY29udHJvbHM9MCZzaG93aW5mbz0wJmVuYWJsZWpzYXBpPTEmbW9kZXN0YnJhbmRpbmc9MScgZnJhbWVib3JkZXI9JzAnIGFsbG93ZnVsbHNjcmVlbj48L2lmcmFtZT4=\" ><div class=\"brlbs-cmpnt-cb-preset-b\"> <div class=\"brlbs-cmpnt-cb-thumbnail\" style=\"background-image: url('https:\/\/cdn.fh-joanneum.at\/media\/2021\/02\/conversory-fh-joanneum-video-overlay-bg.jpg')\"><\/div> <div class=\"brlbs-cmpnt-cb-main\"> <div class=\"brlbs-cmpnt-cb-content\"> <h4 class=\"brlbs-cmpnt-cb-description\">Mit dem Laden des Videos stimmen Sie der <a href=\"https:\/\/www.youtube.com\/intl\/ALL_at\/howyoutubeworks\/user-settings\/privacy\/\" target=\"_blank\">Datenschutzerkl\u00e4rung<\/a> von YouTube zu.<\/h4> <\/div> <div class=\"brlbs-cmpnt-cb-buttons\"> <a class=\"brlbs-cmpnt-cb-btn\" href=\"#\" data-borlabs-cookie-accept-service role=\"button\" style=\"display: inherit\">Video laden<\/a> <\/div> <\/div> <\/div><\/div><\/div>                            <\/div>\n        <\/div>\n    <\/div>\n<\/div>\n\n\n<div id=\"\" class=\"wp-block-text-content margin-bottom-none\">\n    <div class=\"container-lg\">\n        <div class=\"row\">\n            <div class=\"col\">\n                <div class=\"module-migration-headline\">\n<h3>Was lerne ich im Studium?<\/h3>\n<\/div>\n\n            <\/div>\n        <\/div>\n            <\/div>\n<\/div>\n\n\n<div id=\"\" class=\"wp-block-text-content margin-bottom-normal\">\n    <div class=\"container-lg\">\n        <div class=\"row\">\n            <div class=\"col\">\n                <p>Sie erhalten im Bachelorstudium &bdquo;Software Design and Cloud Computing&ldquo; eine solide Informatik-Grundausbildung. Wir vermitteln Ihnen technologische Grundlagen zu den Themen Systeme und Netzwerke. Sie lernen verschiedenste Betriebssysteme kennen, arbeiten sich in unterschiedliche Netzwerktechnologien ein und bekommen ein Verst&auml;ndnis f&uuml;r Datenbankarchitekturen. Ihre Ausbildung umfasst den gesamten Software-Lebenszyklus: Sie erlernen objektorientierte Programmierung, programmieren Server und schreiben Software f&uuml;r User Interfaces. Wir bilden Sie zum Profi in der Entwicklung von bedarfsorientierter Software aus.<\/p>\n<h4>Web-, Server- und Cloud-Technologien<\/h4>\n<p>Die sinnvolle und sichere Nutzung von Clouds und Netzwerken stellt einen wichtigen Bestandteil Ihrer Ausbildung dar. Sie lernen dazu die verschiedenen Technologien, die sich hinter den Begriffen Web, Cloud, Cluster und Server verbergen, im Detail kennen und verstehen. Software Engineering, Cloud Computing, Usability und Konfigurationsmanagement spielen in der Zukunft der IKT-Branche eine entscheidende Rolle. Sie entwickeln neuartige Software-L&ouml;sungen und lernen die Produktivit&auml;t der Softwareentwicklung zu steigern.<\/p>\n<h4>Online-Marketing und IT-Recht<\/h4>\n<p>Sie besch&auml;ftigen sich mit Online-Marketing und seinen relevanten Anwendungsfeldern, insbesondere mit Fokus auf die Sozialen Medien. Die globale Kommunikation, User Generated Content und multimediale Inhalte stellen dabei die wesentlichen Schwerpunkte dar, die durch Themen rund um Community und Business thematisch erg&auml;nzt werden. Sie befassen sich zudem mit den rechtlichen Grundlagen des E-Business wie Domain Namen, E-Commerce-Gesetz, Urheberrecht, Signaturrecht etc.<\/p>\n\n            <\/div>\n        <\/div>\n            <\/div>\n<\/div>\n","protected":false},"excerpt":{"rendered":"<p>Durch eine inhaltlich umfangreiche und fachlich fundierte Ausbildung schaffen wir die Basis f\u00fcr Ihre berufliche Zukunft. Welche allgemeinen Inhalte, fachlichen Themen und spezifischen Schwerpunkte Sie im Studium erwarten, erfahren Sie hier.<\/p>\n","protected":false},"author":12,"featured_media":0,"parent":10000274,"menu_order":28,"comment_status":"closed","ping_status":"closed","template":"","meta":{"_acf_changed":false,"footnotes":""},"acf":[],"aioseo_notices":[],"_links":{"self":[{"href":"https:\/\/www.fh-joanneum.at\/software-design-and-cloud-computing\/berufsbegleitend\/wp-json\/wp\/v2\/pages\/10000293"}],"collection":[{"href":"https:\/\/www.fh-joanneum.at\/software-design-and-cloud-computing\/berufsbegleitend\/wp-json\/wp\/v2\/pages"}],"about":[{"href":"https:\/\/www.fh-joanneum.at\/software-design-and-cloud-computing\/berufsbegleitend\/wp-json\/wp\/v2\/types\/page"}],"author":[{"embeddable":true,"href":"https:\/\/www.fh-joanneum.at\/software-design-and-cloud-computing\/berufsbegleitend\/wp-json\/wp\/v2\/users\/12"}],"replies":[{"embeddable":true,"href":"https:\/\/www.fh-joanneum.at\/software-design-and-cloud-computing\/berufsbegleitend\/wp-json\/wp\/v2\/comments?post=10000293"}],"version-history":[{"count":2,"href":"https:\/\/www.fh-joanneum.at\/software-design-and-cloud-computing\/berufsbegleitend\/wp-json\/wp\/v2\/pages\/10000293\/revisions"}],"predecessor-version":[{"id":10000749,"href":"https:\/\/www.fh-joanneum.at\/software-design-and-cloud-computing\/berufsbegleitend\/wp-json\/wp\/v2\/pages\/10000293\/revisions\/10000749"}],"up":[{"embeddable":true,"href":"https:\/\/www.fh-joanneum.at\/software-design-and-cloud-computing\/berufsbegleitend\/wp-json\/wp\/v2\/pages\/10000274"}],"wp:attachment":[{"href":"https:\/\/www.fh-joanneum.at\/software-design-and-cloud-computing\/berufsbegleitend\/wp-json\/wp\/v2\/media?parent=10000293"}],"curies":[{"name":"wp","href":"https:\/\/api.w.org\/{rel}","templated":true}]}}