{"id":10000459,"date":"2024-03-19T15:39:53","date_gmt":"2024-03-19T14:39:53","guid":{"rendered":"https:\/\/www.fh-joanneum.at\/sound-design\/master\/?page_id=459"},"modified":"2024-03-19T15:39:53","modified_gmt":"2024-03-19T14:39:53","slug":"carlos-rodriguez-rodriguez-ma","status":"publish","type":"page","link":"https:\/\/www.fh-joanneum.at\/sound-design\/master\/nach-dem-studium\/absolventinnen-absolventen\/carlos-rodriguez-rodriguez-ma\/","title":{"rendered":"Carlos Rodr\u00edguez Rodr\u00edguez, MA"},"content":{"rendered":"<div id=\"\" class=\"wp-block-text-content margin-bottom-normal\">\n    <div class=\"container-lg\">\n        <div class=\"row\">\n            <div class=\"col\">\n                <h4>Eckdaten<\/h4>\n<p><strong>Jobbezeichnung:<\/strong> Interactive Designer for Electric Vehicles\/XR\/Voice UX <br>\n<strong>Unternehmen:<\/strong> Season3, selbstst&auml;ndig    <\/p>\n<h4>Lieber Carlos, du bist geb&uuml;rtiger Spanier und hast an der FH JOANNEUM den Master in Sound Design absolviert. Wo hat deine musikalische Reise ihren Ursprung?<\/h4>\n<p>&bdquo;Ich habe urspr&uuml;nglich in Spanien Saxophon studiert und direkt w&auml;hrend meines Studiums mit Kolleg:innen ein Orchester in Salamanca gegr&uuml;ndet. Dieses Orchesterprojekt dauerte in Summe acht Jahre, und zum Schluss waren &uuml;ber 80 Menschen Teil unseres Orchesters. Dort habe ich erste Schritte im Dirigieren gemacht und habe entdeckt, dass mir das sehr viel Freude bereitet. Meine Universit&auml;t in Salamanca hatte damals Verbindungen zur Universit&auml;t f&uuml;r Musik und darstellenden Kunst (KUG) in Graz, und ich habe deswegen beschlossen, das Bachelorstudium Dirigieren zu inskribieren.&ldquo;<\/p>\n<h4>Wie hast du das Studium dann final erlebt, war es so, wie du es erwartet hast?<\/h4>\n<p>&bdquo;Also ich muss ehrlich sagen, dass ich im Studium sehr schnell gemerkt habe, dass Dirigieren, wie es klassisch unterrichtet wird, nicht ganz das Richtige f&uuml;r mich war. In meinem ersten Studienjahr habe ich als Wahlfach Filmmusik belegt, was mich sehr interessierte. Und ich bekam dadurch die M&ouml;glichkeit, meinen ersten Kurzfilm zu vertonen &ndash; der Film war zwar nicht herausragend, aber ich konnte beim Produzieren in technischer Hinsicht super viel lernen.&ldquo;<\/p>\n<h4>Du hast dadurch f&uuml;r den Bereich Filmmusik Feuer gefangen?<\/h4>\n<p>&bdquo;Ja absolut. Ich hatte 2017 dann meinen ersten Auftrag f&uuml;r die Vertonung eines Werbefilms. Der Einstieg in diese Branche war zu Beginn aber sehr hart &ndash; ich habe jede Woche ca. 100 Mails an potentielle Kund:innen verschickt, um auf mich aufmerksam zu machen. Das Gute war, dass ich durch mein Studium an der Kunstuniversit&auml;t Zugang zu gro&szlig;artigem Equipment hatte, das hat das Produzieren enorm erleichtert. Ich habe w&auml;hrend des Studiums so zwei-drei Filme parallel bearbeitet.&ldquo;<\/p>\n<h4>Wie ging es nach deinem Studium an der Kunstuni weiter?<\/h4>\n<p>&bdquo;Ja, ich habe beim Recherchieren diesen speziellen Master entdeckt, und er war wie f&uuml;r mich zugeschnitten. Der Sounddesign Master war wirklich die beste Sache, die mir passieren konnte! Das lag vor allem daran, dass ich mich in der klassischen Musik nie wirklich zuhause gef&uuml;hlt habe, und schon in der ersten Studienwoche an der FH mit meinen neuen Kolleg:innen und Lehrenden er&ouml;ffnete sich eine neue Welt f&uuml;r mich. Wir hatten sofort eine gemeinsame Vision, und endlich hatte ich das Gef&uuml;hl, dass ich Menschen gefunden habe, die die gleiche Sprache wie ich sprechen. Jede:r hat seine Kenntnisse einbringen k&ouml;nnen, und wir haben total viel Wissen untereinander ausgetauscht!&ldquo;<\/p>\n<h4>Und dann bist du auf den Master in der Studienrichtung im Communication, Media, Sound and Interaction Design gesto&szlig;en?<\/h4>\n<p>&bdquo;Ja, ich habe beim Recherchieren diesen speziellen Master entdeckt, und er war wie f&uuml;r mich zugeschnitten. Der Sounddesign Master war wirklich die beste Sache, die mir passieren konnte! Das lag vor allem daran, dass ich mich in der klassischen Musik nie wirklich zuhause gef&uuml;hlt habe, und schon in der ersten Studienwoche an der FH mit meinen neuen Kolleg:innen und Lehrenden er&ouml;ffnete sich eine neue Welt f&uuml;r mich. Wir hatten sofort eine gemeinsame Vision, und endlich hatte ich das Gef&uuml;hl, dass ich Menschen gefunden habe, die die gleiche Sprache wie ich sprechen. Jede:r hat seine Kenntnisse einbringen k&ouml;nnen, und wir haben total viel Wissen untereinander ausgetauscht!&ldquo;<\/p>\n<h4>Wie ging deine Reise nach dem Sounddesign Masterstudium weiter?<\/h4>\n<p>&bdquo;Ja, das ist eine spannende Geschichte! Im Sommer vor dem Sounddesign Studium hat mich ein Tesla fast umgebracht, weil ich ihn nicht geh&ouml;rte habe und er mich fast &uuml;ber den Haufen gefahren h&auml;tte.<br>\nDaraufhin habe ich mir gedacht, dass vielen Menschen sicher was &auml;hnliches passiert ist, und habe begonnen, zum Thema Sound von Fahrzeugen zu recherchieren. Durch Zufall bin ich auf ein AVL-Projekt gesto&szlig;en, das sich genau mit diesem Thema besch&auml;ftigt hat. Da sie noch Leute suchten, habe ich dann ein Praktikum bei AVL gemacht, und mit dem dort erlernten Know-How habe ich mich gemeinsam mit Kollegen im Jahr 2020 selbstst&auml;ndig gemacht.&ldquo;<\/p>\n<h4>Eure Firma &ndash; Season3 &ndash; besch&auml;ftigt sich mit Audio Design. Was kann man sich als Laie darunter vorstellen?<\/h4>\n<p>&bdquo;Wir entwickeln z.B. Sounds in Kombination mit Virtual Reality f&uuml;r Fronius oder kreieren Stimmen f&uuml;r Tools wie Alexa. Jetzt hatten wir gerade ein Projekt mit Remus im Bereich Elektrosport. Wir vereinen also im Grunde Audio Branding mit User Experience und den dazugeh&ouml;renden technischen Umsetzungsm&ouml;glichkeiten. Musik ist in meinen Augen nichts anderes als eine Sprache, jeder noch so kleine Notification Sound ist eine kleine Information. Sich so intensiv mit Sound zu besch&auml;ftigen ist auch deswegen so spannend, weil es eine universelle Sprache sein muss, egal ob hier in &Ouml;sterreich oder in Kolumbien, die Menschen m&uuml;ssen das Gleiche miteinander verbinden. Dieses &bdquo;big picture&ldquo; zu suchen und zu entwickeln, interessiert uns in unserer Arbeit sehr!&ldquo;<\/p>\n<h4>Vermisst du manchmal das Saxophonspielen, worin du ja professionell ausgebildet bist?<\/h4>\n<p>&bdquo;Ich habe das Gl&uuml;ck, dass ich manchmal sogar in meiner jetzigen Arbeit das Saxophon einbringen kann: in unserem letzten Projekt beispielsweise, wo es um ein Virtual Reality Facebook-Spiel ging, habe ich mit dem Saxophon dazu gespielt. Ich habe im Alter von acht Jahren mit Musik angefangen, das bringt mir bis heute sehr viel. Ich bin froh, dass ich Musik studiert habe, aber eigentlich war es f&uuml;r meine berufliche Entwicklung noch wichtiger, dass ich an der FH studiert habe. Ich habe urspr&uuml;nglich gedacht, dass man sich im Master spezialisiert, aber es war genau das Gegenteil &ndash; es hat mir eine viel breitere Vision von Musik geschenkt, es gibt viele neue Bereiche, die mir vorgestellt wurden, es war f&uuml;r mich noch besser als gedacht! Aber: es ist ein Studium f&uuml;r Erwachsene! Wenn dich w&auml;hrend des Studiums etwas besonders interessiert, musst du auch deine Hausaufgaben machen! (lacht)&ldquo;<\/p>\n\n            <\/div>\n        <\/div>\n            <\/div>\n<\/div>\n\n","protected":false},"excerpt":{"rendered":"<p>Carlos Rodr\u00edguez Rodr\u00edguez hat nach seinem Masterstudium gemeinsam mit Kollegen das Unternehmen Season3 gegr\u00fcndet. Im Interview erz\u00e4hlt er uns dar\u00fcber und \u00fcber weiter spannende Stationen in seinem Werdegang. <\/p>\n","protected":false},"author":143,"featured_media":10000460,"parent":10000028,"menu_order":0,"comment_status":"closed","ping_status":"closed","template":"template-absolvent.blade.php","meta":{"_acf_changed":false,"footnotes":""},"acf":[],"aioseo_notices":[],"_links":{"self":[{"href":"https:\/\/www.fh-joanneum.at\/sound-design\/master\/wp-json\/wp\/v2\/pages\/10000459"}],"collection":[{"href":"https:\/\/www.fh-joanneum.at\/sound-design\/master\/wp-json\/wp\/v2\/pages"}],"about":[{"href":"https:\/\/www.fh-joanneum.at\/sound-design\/master\/wp-json\/wp\/v2\/types\/page"}],"author":[{"embeddable":true,"href":"https:\/\/www.fh-joanneum.at\/sound-design\/master\/wp-json\/wp\/v2\/users\/143"}],"replies":[{"embeddable":true,"href":"https:\/\/www.fh-joanneum.at\/sound-design\/master\/wp-json\/wp\/v2\/comments?post=10000459"}],"version-history":[{"count":1,"href":"https:\/\/www.fh-joanneum.at\/sound-design\/master\/wp-json\/wp\/v2\/pages\/10000459\/revisions"}],"predecessor-version":[{"id":10000781,"href":"https:\/\/www.fh-joanneum.at\/sound-design\/master\/wp-json\/wp\/v2\/pages\/10000459\/revisions\/10000781"}],"up":[{"embeddable":true,"href":"https:\/\/www.fh-joanneum.at\/sound-design\/master\/wp-json\/wp\/v2\/pages\/10000028"}],"wp:featuredmedia":[{"embeddable":true,"href":"https:\/\/www.fh-joanneum.at\/sound-design\/master\/wp-json\/wp\/v2\/media\/10000460"}],"wp:attachment":[{"href":"https:\/\/www.fh-joanneum.at\/sound-design\/master\/wp-json\/wp\/v2\/media?parent=10000459"}],"curies":[{"name":"wp","href":"https:\/\/api.w.org\/{rel}","templated":true}]}}