{"id":10000315,"date":"2015-08-11T13:01:03","date_gmt":"2015-08-11T11:01:03","guid":{"rendered":"https:\/\/www.fh-joanneum.at\/soziale-arbeit\/bachelor\/?page_id=315"},"modified":"2026-03-02T10:26:47","modified_gmt":"2026-03-02T09:26:47","slug":"studienabschluss","status":"publish","type":"page","link":"https:\/\/www.fh-joanneum.at\/soziale-arbeit\/bachelor\/im-studium\/studienabschluss\/","title":{"rendered":"Studienabschluss"},"content":{"rendered":"<div id=\"\" class=\"wp-block-text-content margin-bottom-none\">\n    <div class=\"container-lg\">\n        <div class=\"row\">\n            <div class=\"col\">\n                <div class=\"module-migration-headline\">\n<h3>Voraussetzungen f&uuml;r den Studienabschluss<\/h3>\n<\/div>\n\n            <\/div>\n        <\/div>\n            <\/div>\n<\/div>\n\n\n<div id=\"\" class=\"wp-block-text-content margin-bottom-normal\">\n    <div class=\"container-lg\">\n        <div class=\"row\">\n            <div class=\"col\">\n                <p>Um das Studium &bdquo;Soziale Arbeit&ldquo; erfolgreich abzuschlie&szlig;en, m&uuml;ssen Sie:<\/p>\n<ul>\n<li>alle Lehrveranstaltungen und Praktika positiv absolvieren<\/li>\n<li>eine Bacheloarbeit verfassen, die positiv bewertet werden muss<\/li>\n<li>die Bachelorpr&uuml;fung positiv ablegen<\/li>\n<\/ul>\n<p>Ihr Titel nach dem Studienabschluss lautet &bdquo;Bachelor of Arts in Social Sciences (BA)&ldquo;.<\/p>\n\n            <\/div>\n        <\/div>\n            <\/div>\n<\/div>\n\n\n<div id=\"\" class=\"wp-block-text-content margin-bottom-none\">\n    <div class=\"container-lg\">\n        <div class=\"row\">\n            <div class=\"col\">\n                <div class=\"module-migration-headline\">\n<h4>Bachelorarbeit<\/h4>\n<\/div>\n\n            <\/div>\n        <\/div>\n            <\/div>\n<\/div>\n\n\n<div id=\"\" class=\"wp-block-text-content margin-bottom-normal\">\n    <div class=\"container-lg\">\n        <div class=\"row\">\n            <div class=\"col\">\n                <p>Im Laufe des Bachelorstudiums verfassen unsere Studierenden eine Bachelorarbeit. In der Arbeit wird innerhalb einer vorgegebenen Frist ein Problem aus einem Fachbereich unter Anleitung einer Betreuerin beziehungsweise eines Betreuers bearbeitet. Die Ergebnisse sind wissenschaftlich sachgerecht darzustellen. <\/p>\n<p>Die Themen und Fragestellungen f&uuml;r die Arbeit stehen mit folgenden Modulen in Verbindung:<\/p>\n<ul>\n<li>Lebenswelten, Sozialr&auml;ume und Gemeinwesen<\/li>\n<li>Sozialpolitik und Sozialphilosophie<\/li>\n<li>Biographie, Entwicklung und Bildung<\/li>\n<li>Rechtsgrundlagen von sozialer Arbeit<\/li>\n<li>Organisationen und Institutionen<\/li>\n<li>Internationale und interkulturelle Arbeit<\/li>\n<\/ul>\n<p>Die Themen werden gemeinsam mit Lehrbeauftragten in Seminaren erarbeitet und von der Studiengangsleitung genehmigt. Es sind auch Gruppenarbeiten m&ouml;glich. Bedingung daf&uuml;r ist, dass Teile einzeln bewertet werden k&ouml;nnen. Die Studierenden k&ouml;nnen &uuml;berdies im Zuge der Praktika mit den Praxisorganisationen abgestimmte Themen und Fragestellungen vorbereiten und in ihrer Abschlussarbeit vertiefen. <\/p>\n\n            <\/div>\n        <\/div>\n            <\/div>\n<\/div>\n\n\n<div id=\"\" class=\"wp-block-text-content margin-bottom-none\">\n    <div class=\"container-lg\">\n        <div class=\"row\">\n            <div class=\"col\">\n                <div class=\"module-migration-headline\">\n<h4>Bachelorpr&uuml;fung<\/h4>\n<\/div>\n\n            <\/div>\n        <\/div>\n            <\/div>\n<\/div>\n\n\n<div id=\"\" class=\"wp-block-text-content margin-bottom-normal\">\n    <div class=\"container-lg\">\n        <div class=\"row\">\n            <div class=\"col\">\n                <p>Die Bachelorpr&uuml;fung wird am Ende des sechsten Semesters oder im darauffolgenden Herbst absolviert. Sie ist eine kommissionelle Pr&uuml;fung mit drei Lehrenden des Studiengangs &bdquo;Soziale Arbeit&ldquo; und besteht aus der Pr&auml;sentation und Verteidigung der Bachelorarbeit. Danach werden von den Mitgliedern der Kommission angewandte Wissensfragen zu Recht, Sozialmanagement und Sozialarbeit gestellt.<\/p>\n\n            <\/div>\n        <\/div>\n            <\/div>\n<\/div>\n\n\n<div id=\"\" class=\"wp-block-text-content margin-bottom-none\">\n    <div class=\"container-lg\">\n        <div class=\"row\">\n            <div class=\"col\">\n                <div class=\"module-migration-headline\">\n<h3>Nach dem Bachelorabschluss<\/h3>\n<\/div>\n\n            <\/div>\n        <\/div>\n            <\/div>\n<\/div>\n\n\n<div id=\"\" class=\"wp-block-text-content margin-bottom-normal\">\n    <div class=\"container-lg\">\n        <div class=\"row\">\n            <div class=\"col\">\n                <p>Nach dem Bachelorabschluss kann sofort ein facheinschl&auml;giges Masterstudium angeschlossen werden, zum Beispiel <a href=\"https:\/\/fh-joanneum.at\/soziale-arbeit\/master\/\">&bdquo;Soziale Arbeit&ldquo;<\/a> an der FH JOANNEUM. Zur Auswahl stehen bei diesem Studium die drei Vertiefungen &bdquo;Internationale und Interkulturelle Sozialarbeit&ldquo;, &bdquo;Sozialpolitik und Sozialwirtschaft&ldquo; sowie &bdquo;Sozialarbeit mit Menschen in prek&auml;ren Lebenslagen&ldquo;.<\/p>\n<p>Viele unserer Absolventinnen und Absolventen starten nach dem Bachelorstudium direkt ins Berufsleben.<br>\nSie arbeiten beispielsweise:<\/p>\n<ul>\n<li>in Jugend- und Sozial&auml;mtern, in Beratungsstellen oder in Selbsthilfegruppen<\/li>\n<li>in ambulanten und station&auml;ren Einrichtungen<\/li>\n<li>in der Bew&auml;hrungshilfe, in Justizanstalten und an Gerichten<\/li>\n<li>in psychiatrischen Krankenh&auml;usern und Hospizeinrichtungen<\/li>\n<li>im Sozialmarketing<\/li>\n<li>in Projekten<\/li>\n<li>in Unterk&uuml;nften, zum Beispiel von Asylwerberinnen und Asylwerbern <\/li>\n<\/ul>\n\n            <\/div>\n        <\/div>\n            <\/div>\n<\/div>\n","protected":false},"excerpt":{"rendered":"<p>Mit Ihrem Abschluss legen Sie den Grundstein f\u00fcr Ihre berufliche Zukunft. Welche Voraussetzungen Sie f\u00fcr den erfolgreichen Abschluss Ihres Studiums ben\u00f6tigen und alles, was Sie sonst noch wissen sollten, verraten wir Ihnen hier.<\/p>\n","protected":false},"author":12,"featured_media":0,"parent":10000301,"menu_order":40,"comment_status":"closed","ping_status":"closed","template":"","meta":{"_acf_changed":false,"footnotes":""},"acf":[],"aioseo_notices":[],"_links":{"self":[{"href":"https:\/\/www.fh-joanneum.at\/soziale-arbeit\/bachelor\/wp-json\/wp\/v2\/pages\/10000315"}],"collection":[{"href":"https:\/\/www.fh-joanneum.at\/soziale-arbeit\/bachelor\/wp-json\/wp\/v2\/pages"}],"about":[{"href":"https:\/\/www.fh-joanneum.at\/soziale-arbeit\/bachelor\/wp-json\/wp\/v2\/types\/page"}],"author":[{"embeddable":true,"href":"https:\/\/www.fh-joanneum.at\/soziale-arbeit\/bachelor\/wp-json\/wp\/v2\/users\/12"}],"replies":[{"embeddable":true,"href":"https:\/\/www.fh-joanneum.at\/soziale-arbeit\/bachelor\/wp-json\/wp\/v2\/comments?post=10000315"}],"version-history":[{"count":1,"href":"https:\/\/www.fh-joanneum.at\/soziale-arbeit\/bachelor\/wp-json\/wp\/v2\/pages\/10000315\/revisions"}],"predecessor-version":[{"id":10000789,"href":"https:\/\/www.fh-joanneum.at\/soziale-arbeit\/bachelor\/wp-json\/wp\/v2\/pages\/10000315\/revisions\/10000789"}],"up":[{"embeddable":true,"href":"https:\/\/www.fh-joanneum.at\/soziale-arbeit\/bachelor\/wp-json\/wp\/v2\/pages\/10000301"}],"wp:attachment":[{"href":"https:\/\/www.fh-joanneum.at\/soziale-arbeit\/bachelor\/wp-json\/wp\/v2\/media?parent=10000315"}],"curies":[{"name":"wp","href":"https:\/\/api.w.org\/{rel}","templated":true}]}}