{"id":10000113,"date":"2015-08-11T08:54:20","date_gmt":"2015-08-11T08:54:20","guid":{"rendered":"https:\/\/www.fh-joanneum.at\/soziale-arbeit\/master\/?page_id=113"},"modified":"2023-10-25T12:25:10","modified_gmt":"2023-10-25T12:25:10","slug":"absolventinnen-absolventen","status":"publish","type":"page","link":"https:\/\/www.fh-joanneum.at\/soziale-arbeit\/master\/nach-dem-studium\/absolventinnen-absolventen\/","title":{"rendered":"Absolvent:innen"},"content":{"rendered":"<div id=\"\" class=\"wp-block-text-content margin-bottom-none\">\n    <div class=\"container-lg\">\n        <div class=\"row\">\n            <div class=\"col\">\n                <div class=\"module-migration-headline\">\n<h3>Das machen unsere Absolvent:innen.<\/h3>\n<\/div>\n\n            <\/div>\n        <\/div>\n            <\/div>\n<\/div>\n\n<div id=\"\" class=\"wp-block-list-of-graduates margin-bottom-normal\">\n  <div class=\"container-lg\">\n    <div class=\"row\">\n                        <div class=\"col-6 col-sm-4 col-md-6 col-lg-4 col-xl-4 mb-4\">\n            <a\n    href=\"https:\/\/www.fh-joanneum.at\/soziale-arbeit\/master\/nach-dem-studium\/absolventinnen-absolventen\/alexandra-hofer\/\"\n    class=\"graduate-card bg-light\"\n>\n    <div class=\"border border-light h-100\">\n        <div class=\"image-wrapper\">\n            <picture>\n                        <source\n                media=\"(max-width: 395px)\"\n                srcset=\"https:\/\/cdn3.fh-joanneum.at\/media\/sites\/35\/2016\/03\/alexandra-hofer-2.jpg, https:\/\/cdn3.fh-joanneum.at\/media\/sites\/35\/2016\/03\/alexandra-hofer-2-768x1119.jpg 2x\"\n            \/>\n                    <source\n                media=\"(max-width: 768px)\"\n                srcset=\"https:\/\/cdn3.fh-joanneum.at\/media\/sites\/35\/2016\/03\/alexandra-hofer-2-768x1119.jpg, https:\/\/cdn3.fh-joanneum.at\/media\/sites\/35\/2016\/03\/alexandra-hofer-2-703x1024.jpg 2x\"\n            \/>\n                    <source\n                media=\"(max-width: 703px)\"\n                srcset=\"https:\/\/cdn3.fh-joanneum.at\/media\/sites\/35\/2016\/03\/alexandra-hofer-2-703x1024.jpg, https:\/\/cdn3.fh-joanneum.at\/media\/sites\/35\/2016\/03\/alexandra-hofer-2.jpg 2x\"\n            \/>\n                    <source\n                media=\"(max-width: 1054px)\"\n                srcset=\"https:\/\/cdn3.fh-joanneum.at\/media\/sites\/35\/2016\/03\/alexandra-hofer-2.jpg, https:\/\/cdn3.fh-joanneum.at\/media\/sites\/35\/2016\/03\/alexandra-hofer-2.jpg 2x\"\n            \/>\n                    <source\n                media=\"(max-width: 1406px)\"\n                srcset=\"https:\/\/cdn3.fh-joanneum.at\/media\/sites\/35\/2016\/03\/alexandra-hofer-2.jpg, https:\/\/cdn3.fh-joanneum.at\/media\/sites\/35\/2016\/03\/alexandra-hofer-2.jpg 2x\"\n            \/>\n                <img decoding=\"async\"\n        class=\"img-fluid\"\n        src=\"https:\/\/cdn3.fh-joanneum.at\/media\/sites\/35\/2016\/03\/alexandra-hofer-2.jpg\"\n        alt=\"Alexandra Hofer\"\n        title=\"\"\n         loading=\"lazy\"             >\n<\/picture>\n\n        <\/div>\n        <div class=\"p-2 p-xl-3\">\n            <h6>Alexandra Hofer BA, MA<\/h6>\n            <p class=\"mb-0 hyphens\">\n                Alexandra Hofer ist Pflegefamilienbegleiterin und arbeitet bei a:pfl gmbh. \n            <\/p>\n        <\/div>\n    <\/div>\n<\/a>\n          <\/div>\n                  <div class=\"col-6 col-sm-4 col-md-6 col-lg-4 col-xl-4 mb-4\">\n            <a\n    href=\"https:\/\/www.fh-joanneum.at\/soziale-arbeit\/master\/nach-dem-studium\/absolventinnen-absolventen\/mag-fh-michael-m-kurzmann\/\"\n    class=\"graduate-card bg-light\"\n>\n    <div class=\"border border-light h-100\">\n        <div class=\"image-wrapper\">\n            <picture>\n                        <source\n                media=\"(max-width: 461px)\"\n                srcset=\"https:\/\/cdn3.fh-joanneum.at\/media\/sites\/35\/2020\/05\/mag-fh-michael-m-kurzmann.jpg, https:\/\/cdn3.fh-joanneum.at\/media\/sites\/35\/2020\/05\/mag-fh-michael-m-kurzmann-768x961.jpg 2x\"\n            \/>\n                    <source\n                media=\"(max-width: 768px)\"\n                srcset=\"https:\/\/cdn3.fh-joanneum.at\/media\/sites\/35\/2020\/05\/mag-fh-michael-m-kurzmann-768x961.jpg, https:\/\/cdn3.fh-joanneum.at\/media\/sites\/35\/2020\/05\/mag-fh-michael-m-kurzmann-819x1024.jpg 2x\"\n            \/>\n                    <source\n                media=\"(max-width: 819px)\"\n                srcset=\"https:\/\/cdn3.fh-joanneum.at\/media\/sites\/35\/2020\/05\/mag-fh-michael-m-kurzmann-819x1024.jpg, https:\/\/cdn3.fh-joanneum.at\/media\/sites\/35\/2020\/05\/mag-fh-michael-m-kurzmann.jpg 2x\"\n            \/>\n                    <source\n                media=\"(max-width: 1228px)\"\n                srcset=\"https:\/\/cdn3.fh-joanneum.at\/media\/sites\/35\/2020\/05\/mag-fh-michael-m-kurzmann.jpg, https:\/\/cdn3.fh-joanneum.at\/media\/sites\/35\/2020\/05\/mag-fh-michael-m-kurzmann.jpg 2x\"\n            \/>\n                    <source\n                media=\"(max-width: 1599px)\"\n                srcset=\"https:\/\/cdn3.fh-joanneum.at\/media\/sites\/35\/2020\/05\/mag-fh-michael-m-kurzmann.jpg, https:\/\/cdn3.fh-joanneum.at\/media\/sites\/35\/2020\/05\/mag-fh-michael-m-kurzmann.jpg 2x\"\n            \/>\n                <img decoding=\"async\"\n        class=\"img-fluid\"\n        src=\"https:\/\/cdn3.fh-joanneum.at\/media\/sites\/35\/2020\/05\/mag-fh-michael-m-kurzmann.jpg\"\n        alt=\"Mag. (FH) Michael M. Kurzmann\"\n        title=\"\"\n         loading=\"lazy\"             >\n<\/picture>\n\n        <\/div>\n        <div class=\"p-2 p-xl-3\">\n            <h6>Mag. (FH) Michael M. Kurzmann<\/h6>\n            <p class=\"mb-0 hyphens\">\n                Sozialarbeiter Michael M. Kurzmann engagiert sich f\u00fcr Kinder- und Menschenrechte und den Schutz vor Gewalt. Er leitet die Fachstelle f\u00fcr Burschenarbeit, arbeitet als Psychoanalytiker in freier Praxis und lehrt an der Uni Graz und der FH JOANNEUM.\r\n. \r\n\n            <\/p>\n        <\/div>\n    <\/div>\n<\/a>\n          <\/div>\n                  <div class=\"col-6 col-sm-4 col-md-6 col-lg-4 col-xl-4 mb-4\">\n            <a\n    href=\"https:\/\/www.fh-joanneum.at\/soziale-arbeit\/master\/nach-dem-studium\/absolventinnen-absolventen\/tamara-mandl-ba-ma\/\"\n    class=\"graduate-card bg-light\"\n>\n    <div class=\"border border-light h-100\">\n        <div class=\"image-wrapper\">\n            <picture>\n                        <source\n                media=\"(max-width: 461px)\"\n                srcset=\"https:\/\/cdn3.fh-joanneum.at\/media\/sites\/35\/2020\/05\/tamara-mandl-ba-ma-2.jpg, https:\/\/cdn3.fh-joanneum.at\/media\/sites\/35\/2020\/05\/tamara-mandl-ba-ma-2-768x960.jpg 2x\"\n            \/>\n                    <source\n                media=\"(max-width: 768px)\"\n                srcset=\"https:\/\/cdn3.fh-joanneum.at\/media\/sites\/35\/2020\/05\/tamara-mandl-ba-ma-2-768x960.jpg, https:\/\/cdn3.fh-joanneum.at\/media\/sites\/35\/2020\/05\/tamara-mandl-ba-ma-2-819x1024.jpg 2x\"\n            \/>\n                    <source\n                media=\"(max-width: 819px)\"\n                srcset=\"https:\/\/cdn3.fh-joanneum.at\/media\/sites\/35\/2020\/05\/tamara-mandl-ba-ma-2-819x1024.jpg, https:\/\/cdn3.fh-joanneum.at\/media\/sites\/35\/2020\/05\/tamara-mandl-ba-ma-2.jpg 2x\"\n            \/>\n                    <source\n                media=\"(max-width: 1229px)\"\n                srcset=\"https:\/\/cdn3.fh-joanneum.at\/media\/sites\/35\/2020\/05\/tamara-mandl-ba-ma-2.jpg, https:\/\/cdn3.fh-joanneum.at\/media\/sites\/35\/2020\/05\/tamara-mandl-ba-ma-2.jpg 2x\"\n            \/>\n                    <source\n                media=\"(max-width: 1638px)\"\n                srcset=\"https:\/\/cdn3.fh-joanneum.at\/media\/sites\/35\/2020\/05\/tamara-mandl-ba-ma-2.jpg, https:\/\/cdn3.fh-joanneum.at\/media\/sites\/35\/2020\/05\/tamara-mandl-ba-ma-2.jpg 2x\"\n            \/>\n                <img decoding=\"async\"\n        class=\"img-fluid\"\n        src=\"https:\/\/cdn3.fh-joanneum.at\/media\/sites\/35\/2020\/05\/tamara-mandl-ba-ma-2.jpg\"\n        alt=\"Tamara Mandl, BA MA\"\n        title=\"\"\n         loading=\"lazy\"             >\n<\/picture>\n\n        <\/div>\n        <div class=\"p-2 p-xl-3\">\n            <h6>Tamara Mandl, BA MA<\/h6>\n            <p class=\"mb-0 hyphens\">\n                Sozialarbeiterin Tamara Mandl ist beim Mobilen Palliativteam Graz t\u00e4tig. Im Studium hat sie vor allem Selbstreflexion gelernt, die in ihrem Beruf neben Emphatie und der F\u00e4higkeit die Ruhe auch in Krisen zu bewahren besonders wichtig ist.   \n            <\/p>\n        <\/div>\n    <\/div>\n<\/a>\n          <\/div>\n                  <div class=\"col-6 col-sm-4 col-md-6 col-lg-4 col-xl-4 mb-4\">\n            <a\n    href=\"https:\/\/www.fh-joanneum.at\/soziale-arbeit\/master\/nach-dem-studium\/absolventinnen-absolventen\/mag-fh-stefan-pawlata\/\"\n    class=\"graduate-card bg-light\"\n>\n    <div class=\"border border-light h-100\">\n        <div class=\"image-wrapper\">\n            <picture>\n                        <source\n                media=\"(max-width: 461px)\"\n                srcset=\"https:\/\/cdn3.fh-joanneum.at\/media\/sites\/35\/2020\/05\/mag-fh-stefan-pawlata.jpg, https:\/\/cdn3.fh-joanneum.at\/media\/sites\/35\/2020\/05\/mag-fh-stefan-pawlata-768x959.jpg 2x\"\n            \/>\n                    <source\n                media=\"(max-width: 768px)\"\n                srcset=\"https:\/\/cdn3.fh-joanneum.at\/media\/sites\/35\/2020\/05\/mag-fh-stefan-pawlata-768x959.jpg, https:\/\/cdn3.fh-joanneum.at\/media\/sites\/35\/2020\/05\/mag-fh-stefan-pawlata-820x1024.jpg 2x\"\n            \/>\n                    <source\n                media=\"(max-width: 820px)\"\n                srcset=\"https:\/\/cdn3.fh-joanneum.at\/media\/sites\/35\/2020\/05\/mag-fh-stefan-pawlata-820x1024.jpg, https:\/\/cdn3.fh-joanneum.at\/media\/sites\/35\/2020\/05\/mag-fh-stefan-pawlata.jpg 2x\"\n            \/>\n                    <source\n                media=\"(max-width: 1230px)\"\n                srcset=\"https:\/\/cdn3.fh-joanneum.at\/media\/sites\/35\/2020\/05\/mag-fh-stefan-pawlata.jpg, https:\/\/cdn3.fh-joanneum.at\/media\/sites\/35\/2020\/05\/mag-fh-stefan-pawlata.jpg 2x\"\n            \/>\n                    <source\n                media=\"(max-width: 1601px)\"\n                srcset=\"https:\/\/cdn3.fh-joanneum.at\/media\/sites\/35\/2020\/05\/mag-fh-stefan-pawlata.jpg, https:\/\/cdn3.fh-joanneum.at\/media\/sites\/35\/2020\/05\/mag-fh-stefan-pawlata.jpg 2x\"\n            \/>\n                <img decoding=\"async\"\n        class=\"img-fluid\"\n        src=\"https:\/\/cdn3.fh-joanneum.at\/media\/sites\/35\/2020\/05\/mag-fh-stefan-pawlata.jpg\"\n        alt=\"Mag. (FH) Stefan Pawlata\"\n        title=\"\"\n         loading=\"lazy\"             >\n<\/picture>\n\n        <\/div>\n        <div class=\"p-2 p-xl-3\">\n            <h6>Mag. (FH) Stefan Pawlata<\/h6>\n            <p class=\"mb-0 hyphens\">\n                Stefan Pawlata ist seit 2009 in der Sozialen Arbeit beim Verein f\u00fcr M\u00e4nner- und Geschlechterthemen Steiermark t\u00e4tig. \u00dcberdies arbeitet er als selbstst\u00e4ndiger  Supervisor, Theaterp\u00e4dagoge und Erz\u00e4hler. \n            <\/p>\n        <\/div>\n    <\/div>\n<\/a>\n          <\/div>\n                  <\/div>\n  <\/div>\n<\/div>\n\n","protected":false},"excerpt":{"rendered":"<p>Wir haben einige unserer ehemaligen Studierenden portraitiert. So k\u00f6nnen Sie sich selbst ein Bild \u00fcber die Berufs- und Karrierem\u00f6glichkeiten machen.<\/p>\n","protected":false},"author":10,"featured_media":0,"parent":10000109,"menu_order":32,"comment_status":"closed","ping_status":"closed","template":"","meta":{"_acf_changed":false,"footnotes":""},"acf":[],"aioseo_notices":[],"_links":{"self":[{"href":"https:\/\/www.fh-joanneum.at\/soziale-arbeit\/master\/wp-json\/wp\/v2\/pages\/10000113"}],"collection":[{"href":"https:\/\/www.fh-joanneum.at\/soziale-arbeit\/master\/wp-json\/wp\/v2\/pages"}],"about":[{"href":"https:\/\/www.fh-joanneum.at\/soziale-arbeit\/master\/wp-json\/wp\/v2\/types\/page"}],"author":[{"embeddable":true,"href":"https:\/\/www.fh-joanneum.at\/soziale-arbeit\/master\/wp-json\/wp\/v2\/users\/10"}],"replies":[{"embeddable":true,"href":"https:\/\/www.fh-joanneum.at\/soziale-arbeit\/master\/wp-json\/wp\/v2\/comments?post=10000113"}],"version-history":[{"count":0,"href":"https:\/\/www.fh-joanneum.at\/soziale-arbeit\/master\/wp-json\/wp\/v2\/pages\/10000113\/revisions"}],"up":[{"embeddable":true,"href":"https:\/\/www.fh-joanneum.at\/soziale-arbeit\/master\/wp-json\/wp\/v2\/pages\/10000109"}],"wp:attachment":[{"href":"https:\/\/www.fh-joanneum.at\/soziale-arbeit\/master\/wp-json\/wp\/v2\/media?parent=10000113"}],"curies":[{"name":"wp","href":"https:\/\/api.w.org\/{rel}","templated":true}]}}