{"id":10000401,"date":"2020-05-29T13:46:35","date_gmt":"2020-05-29T13:46:35","guid":{"rendered":"https:\/\/www.fh-joanneum.at\/soziale-arbeit\/master\/?page_id=401"},"modified":"2020-05-29T14:12:39","modified_gmt":"2020-05-29T14:12:39","slug":"mag-fh-stefan-pawlata","status":"publish","type":"page","link":"https:\/\/www.fh-joanneum.at\/soziale-arbeit\/master\/nach-dem-studium\/absolventinnen-absolventen\/mag-fh-stefan-pawlata\/","title":{"rendered":"Mag. (FH) Stefan Pawlata"},"content":{"rendered":"<div id=\"\" class=\"wp-block-text-content margin-bottom-normal\">\n    <div class=\"container-lg\">\n        <div class=\"row\">\n            <div class=\"col\">\n                <h4>Eckdaten<\/h4>\n<p><strong>Jobbezeichnung:<\/strong> Sozialarbeiter, Theaterp&auml;dagoge, Supervisor, Erz&auml;hler  <br>\n<strong>Unternehmen:<\/strong> Verein f&uuml;r M&auml;nner- und Geschlechterthemen Steiermark (VGM) und Selbstst&auml;ndigkeit (ich bin gerade dabei, meinen Gewerbeschein f&uuml;r die eingeschr&auml;nkte Unternehmensberatung zu l&ouml;sen)  <br>\n<strong>Ich arbeite in:<\/strong> Graz, in den steirischen Regionen und teils in Wien <br>\n<strong>Ich arbeite hier seit:<\/strong> 2009 beim VGM<br>\n<strong>Mein Kontakt<\/strong>:    <\/p>\n<ul>\n<li><a href=\"mailto:pawlata@maennerberatung.at\">pawlata@maennerberatung.at<\/a>     <\/li>\n<li><a href=\"mailto:info@stefanpawlata.com\">info@stefanpawlata.com<\/a>     <\/li>\n<li><a href=\"https:\/\/www.vmg-steiermark.at\/\" target=\"_blank\" rel=\"noopener noreferrer\">www.vmg-steiermark.at<\/a><\/li>\n<li><a href=\"https:\/\/stefanpawlata.com\/ichzuerreichen\/\" target=\"_blank\" rel=\"noopener noreferrer\">www.stefanpawlata.com<\/a><\/li>\n<\/ul>\n\n            <\/div>\n        <\/div>\n            <\/div>\n<\/div>\n\n<!-- TODO:\n      Short Code und Cookie Notice anpassen\n      Barrierefreiheit Texte\n-->\n<div\n    id=\"\"\n    class=\"wp-block-video margin-bottom-normal\"\n>\n    <div class=\"container-lg\">\n        <div class=\"row\">\n            <div class=\"col\">\n\n                                    <div class='embed-container'> <div class=\"brlbs-cmpnt-container brlbs-cmpnt-content-blocker\" data-borlabs-cookie-content-blocker-id=\"youtube-content-blocker\" data-borlabs-cookie-content=\"PGlmcmFtZSBpZD0ndmlkZW8nIHNyYz0nLy93d3cueW91dHViZS5jb20vZW1iZWQvRDdqeld1WVl2V3c\/cmVsPTAmY29udHJvbHM9MCZzaG93aW5mbz0wJmVuYWJsZWpzYXBpPTEmbW9kZXN0YnJhbmRpbmc9MScgZnJhbWVib3JkZXI9JzAnIGFsbG93ZnVsbHNjcmVlbj48L2lmcmFtZT4=\" ><div class=\"brlbs-cmpnt-cb-preset-b\"> <div class=\"brlbs-cmpnt-cb-thumbnail\" style=\"background-image: url('https:\/\/cdn.fh-joanneum.at\/media\/2021\/02\/conversory-fh-joanneum-video-overlay-bg.jpg')\"><\/div> <div class=\"brlbs-cmpnt-cb-main\"> <div class=\"brlbs-cmpnt-cb-content\"> <h4 class=\"brlbs-cmpnt-cb-description\">Mit dem Laden des Videos stimmen Sie der <a href=\"https:\/\/www.youtube.com\/intl\/ALL_at\/howyoutubeworks\/user-settings\/privacy\/\" target=\"_blank\">Datenschutzerkl\u00e4rung<\/a> von YouTube zu.<\/h4> <\/div> <div class=\"brlbs-cmpnt-cb-buttons\"> <a class=\"brlbs-cmpnt-cb-btn\" href=\"#\" data-borlabs-cookie-accept-service role=\"button\" style=\"display: inherit\">Video laden<\/a> <\/div> <\/div> <\/div><\/div><\/div>                            <\/div>\n        <\/div>\n    <\/div>\n<\/div>\n\n<div id=\"\" class=\"wp-block-text-content margin-bottom-normal\">\n    <div class=\"container-lg\">\n        <div class=\"row\">\n            <div class=\"col\">\n                <h4>Was ich mache:<\/h4>\n<ul>\n<li>Perspektivenwechsel anbieten, zum Beispiel zur Empathief&ouml;rderung<\/li>\n<li>Strukturen f&uuml;r den Freiraum schaffen<\/li>\n<li>Wege der Kommunikation reflektieren und f&ouml;rdern<\/li>\n<\/ul>\n<h4>Was ich an meinem Beruf liebe:<\/h4>\n<ul>\n<li>Freiheit und das selbstverantwortliche Arbeiten<\/li>\n<li>Abwechslung und Vielf&auml;ltigkeit<\/li>\n<li>M&ouml;glichkeit des kreativen Bearbeitens von Inhalten<\/li>\n<\/ul>\n<h4>Was ich an meinem Job nicht so mag:<\/h4>\n<ul>\n<li>Das gesellschaftliche Bild und der Wert von T&auml;tigkeiten im Kontext sozialer Arbeit muss noch deutlich verbessert werden, zum Beispiel im Vergleich zu T&auml;tigkeiten im technischen Bereich.<\/li>\n<li>Das Potenzial der Sozialen Arbeit, beispielsweise zur Gewaltpr&auml;ventionsarbeit, wird noch nicht genutzt.<\/li>\n<\/ul>\n<h4>Wichtige F&auml;higkeiten in meinem Job:<\/h4>\n<ul>\n<li>Kommunikationsf&auml;higkeiten, vor allem das Zuh&ouml;ren <\/li>\n<li>Flexibilit&auml;t- und Improvisationsbereitschaft<\/li>\n<li>Geduld und Ausdauer<\/li>\n<\/ul>\n<h4>Mein bisher gr&ouml;&szlig;ter Erfolg in meiner Karriere<\/h4>\n<p>Die Arbeit mit Gruppen beeindruckt immer wieder &ndash; die eigene Angespanntheit vor Beginn, nicht zu wissen, was an Dynamiken kommt &ndash; der Start, das Einlassen, der Austausch, gemeinsam zu lachen und gemeinsam Inputs diskutieren &ndash; es macht Spa&szlig; und jedes Mal lerne ich durch die verschiedenen Perspektiven aufs Neue.<\/p>\n<h4>So bin ich zu meinem Job gekommen<\/h4>\n<p>Im Jahr 2009 bin ich &uuml;ber drei Ecken als Role-Model (m&auml;nnlicher Sozialarbeiter) zum &bdquo;Boysday&ldquo; gekommen &ndash; ich hab erstmals als Co-Leiter mit einer Gruppe<br>\nf&uuml;r den VMG gearbeitet &ndash; aus diesem Erstkontakt entstanden mehr und mehr Workshops, die ich leitete. Ab 2014 kam es zur Fixanstellung.<\/p>\n<h4>Das habe ich im Studium f&uuml;rs Berufsleben gelernt<\/h4>\n<p>Das ist vieles &ndash; zum Beispiel durch die Rechtsf&auml;cher ein Gef&uuml;hl f&uuml;rs Recht zu bekommen, durch Projektmanagement den Umgang mit Projektstrukturen und &bdquo;wie-Projekte-angehen&ldquo;, ich habe Beratungsgespr&auml;che in Englisch (liebe Gr&uuml;&szlig;e an Monika Altenreiter) oder durch die Praktika habe ich w&auml;hrend des Studiums<br>\nEinblicke in verschiedene Arbeitsfelder bekommen, wovon ich in meiner allt&auml;glichen Arbeit profitiere.<\/p>\n<h4>Die Jobchancen in meinem Bereich<\/h4>\n<p>Die Chancen sind passabel &ndash; es braucht Geduld, um am Verein andocken zu k&ouml;nnen und dann in weiterer Folge Stunden aufzustocken. Gesellschaftlich wird allerdings die Nachfrage zur Arbeit mit M&auml;nnern mehr, was zuk&uuml;nftig auch mehr Ressourcen f&uuml;r Personal bedeuten k&ouml;nnte.<\/p>\n<h4>Ich bin &hellip;<\/h4>\n<ul>\n<li>wertsch&auml;tzend<\/li>\n<li>neugierig<\/li>\n<li>kommunikativ<\/li>\n<\/ul>\n\n            <\/div>\n        <\/div>\n            <\/div>\n<\/div>\n\n<div\n    id=\"\"\n    class=\"wp-block-blockquote margin-bottom-normal\"\n>\n    <div class=\"container-lg\">\n        <div class=\"row\">\n            <div class=\"col\">\n                <div class=\"d-block mb-2 fs-5 major-text-color\">Ein Zitat, das nach zweij\u00e4hriger Selbstreflexionszeit entstanden ist,  wie ich meine Arbeiten und das Zusammenspiel auf allen Ebenen gestalten will:<br \/>\r\nKommunikation schafft Klarheit, Klarheit schafft Struktur, Struktur schafft Freiraum, und Freiraum schafft Kreativit\u00e4t.<br \/>\r\n<br \/>\r\n<\/div>\n                <span class=\"d-flex justify-content-end\">Stefan Pawlata<\/span>\n            <\/div>\n        <\/div>\n    <\/div>\n<\/div>\n\n","protected":false},"excerpt":{"rendered":"<p>Stefan Pawlata ist seit 2009 in der Sozialen Arbeit beim Verein f\u00fcr M\u00e4nner- und Geschlechterthemen Steiermark t\u00e4tig. \u00dcberdies arbeitet er als selbstst\u00e4ndiger  Supervisor, Theaterp\u00e4dagoge und Erz\u00e4hler. <\/p>\n","protected":false},"author":11,"featured_media":10000402,"parent":10000113,"menu_order":0,"comment_status":"closed","ping_status":"closed","template":"template-absolvent.blade.php","meta":{"_acf_changed":false,"footnotes":""},"acf":[],"aioseo_notices":[],"_links":{"self":[{"href":"https:\/\/www.fh-joanneum.at\/soziale-arbeit\/master\/wp-json\/wp\/v2\/pages\/10000401"}],"collection":[{"href":"https:\/\/www.fh-joanneum.at\/soziale-arbeit\/master\/wp-json\/wp\/v2\/pages"}],"about":[{"href":"https:\/\/www.fh-joanneum.at\/soziale-arbeit\/master\/wp-json\/wp\/v2\/types\/page"}],"author":[{"embeddable":true,"href":"https:\/\/www.fh-joanneum.at\/soziale-arbeit\/master\/wp-json\/wp\/v2\/users\/11"}],"replies":[{"embeddable":true,"href":"https:\/\/www.fh-joanneum.at\/soziale-arbeit\/master\/wp-json\/wp\/v2\/comments?post=10000401"}],"version-history":[{"count":0,"href":"https:\/\/www.fh-joanneum.at\/soziale-arbeit\/master\/wp-json\/wp\/v2\/pages\/10000401\/revisions"}],"up":[{"embeddable":true,"href":"https:\/\/www.fh-joanneum.at\/soziale-arbeit\/master\/wp-json\/wp\/v2\/pages\/10000113"}],"wp:featuredmedia":[{"embeddable":true,"href":"https:\/\/www.fh-joanneum.at\/soziale-arbeit\/master\/wp-json\/wp\/v2\/media\/10000402"}],"wp:attachment":[{"href":"https:\/\/www.fh-joanneum.at\/soziale-arbeit\/master\/wp-json\/wp\/v2\/media?parent=10000401"}],"curies":[{"name":"wp","href":"https:\/\/api.w.org\/{rel}","templated":true}]}}