{"id":10000009,"date":"2017-10-19T16:32:53","date_gmt":"2017-10-19T14:32:53","guid":{"rendered":"https:\/\/www.fh-joanneum.at\/sport-und-eventmanagement\/master\/?page_id=9"},"modified":"2018-07-10T13:24:19","modified_gmt":"2018-07-10T11:24:19","slug":"voraussetzungen","status":"publish","type":"page","link":"https:\/\/www.fh-joanneum.at\/sport-und-eventmanagement\/master\/vor-dem-studium\/voraussetzungen\/","title":{"rendered":"Voraussetzungen"},"content":{"rendered":"<div id=\"\" class=\"wp-block-text-content margin-bottom-none\">\n    <div class=\"container-lg\">\n        <div class=\"row\">\n            <div class=\"col\">\n                <div class=\"module-migration-headline\">\n<h3>Voraussetzungen f&uuml;r das Studium<\/h3>\n<\/div>\n\n            <\/div>\n        <\/div>\n            <\/div>\n<\/div>\n\n<div id=\"\" class=\"wp-block-text-content margin-bottom-normal\">\n    <div class=\"container-lg\">\n        <div class=\"row\">\n            <div class=\"col\">\n                <p>Als fachliche Zugangsvoraussetzung f&uuml;r das Masterstudium m&uuml;ssen Sie einen qualifizierten Studienabschluss<\/p>\n<ul>\n<li>eines facheinschl&auml;gigen Bachelorstudiums oder<\/li>\n<li>einer gleichwertigen Ausbildung<\/li>\n<\/ul>\n<p>nachweisen.<\/p>\n<p>Deutsch ist Unterrichtssprache und deren Kenntnis wird als erforderlich vorausgesetzt.<\/p>\n\n            <\/div>\n        <\/div>\n            <\/div>\n<\/div>\n\n<div id=\"\" class=\"wp-block-text-content margin-bottom-none\">\n    <div class=\"container-lg\">\n        <div class=\"row\">\n            <div class=\"col\">\n                <div class=\"module-migration-headline\">\n<h3>Details zu den Zugangsvoraussetzungen<\/h3>\n<\/div>\n\n            <\/div>\n        <\/div>\n            <\/div>\n<\/div>\n\n<div id=\"\" class=\"wp-block-text-content margin-bottom-normal\">\n    <div class=\"container-lg\">\n        <div class=\"row\">\n            <div class=\"col\">\n                <p>Die Teilnahme an diesem Masterstudium erm&ouml;glichen<\/p>\n<ul>\n<li>ein abgeschlossenes Bachelor- oder Diplomstudium der Fachrichtungen Tourismus, Freizeit, Gesundheitswissenschaften, Sport, Bewegung, Event oder Training.<\/li>\n<li>ein facheinschl&auml;giges wirtschafts-, gesundheits- oder sozialwissenschaftliches Studium.<\/li>\n<\/ul>\n<p>Als facheinschl&auml;giges Bachelorstudium z&auml;hlen derzeit<\/p>\n<ul>\n<li>Gesundheitsmanagement im Tourismus der FH JOANNEUM sowie<\/li>\n<li>Bachelor-Studieng&auml;nge von Fachhochschulen und Universit&auml;ten aus den Bereichen Tourismus, Gesundheit, Freizeit, Sport, Bewegung, Event, Wirtschafts- und Sozialwissenschaften. Dazu z&auml;hlen beispielsweise:<\/li>\n<li>Pflegewissenschaften<\/li>\n<li>Tourismusmanagement<\/li>\n<li>Ern&auml;hrungsp&auml;dagogik<\/li>\n<li>Physiotherapie<\/li>\n<li>Ergotherapie<\/li>\n<li>Di&auml;tologie<\/li>\n<li>Marketing<\/li>\n<li>Betriebswirtschaftslehre<\/li>\n<li>Sportwissenschaft<\/li>\n<\/ul>\n<p>Alle Ausbildungen m&uuml;ssen an einer anerkannten in- oder ausl&auml;ndischen postsekund&auml;ren Bildungseinrichtung abgelegt worden sein.<\/p>\n<p>Wenn die Zugangsvoraussetzungen nicht zur G&auml;nze erf&uuml;llt sind, k&ouml;nnen die notwendigen Erg&auml;nzungspr&uuml;fungen aus dem Bachelorstudium &bdquo;Gesundheitsmanagement im Tourismus&ldquo; parallel zum Masterstudium abgelegt werden.<\/p>\n<p>In nicht eindeutigen F&auml;llen obliegt es der Studiengangsleitung zu entscheiden, ob die Zugangsvoraussetzungen erf&uuml;llt sind. Eine verbindliche Auskunft dar&uuml;ber erhalten Sie nach Einlangen Ihrer vollst&auml;ndigen Bewerbungsunterlagen.<\/p>\n\n            <\/div>\n        <\/div>\n            <\/div>\n<\/div>\n\n<div id=\"\" class=\"wp-block-text-content margin-bottom-normal\">\n    <div class=\"container-lg\">\n        <div class=\"row\">\n            <div class=\"col\">\n                <h4>Sie sind keine &ouml;sterreichische Staatsb&uuml;rgerin oder kein &ouml;sterreichischer Staatsb&uuml;rger?<\/h4>\n<p>F&uuml;r Sie gibt es einige Besonderheiten zu beachten. Mehr Informationen dazu finden Sie in unter dem Men&uuml;punkt <a href=\"https:\/\/www.fh-joanneum.at\/sport-und-eventmanagement\/master\/vor-dem-studium\/internationale-bewerberinnen-bewerber\/\"><strong>Internationale BewerberInnen<\/strong>.<\/a><\/p>\n\n            <\/div>\n        <\/div>\n            <\/div>\n<\/div>\n\n","protected":false},"excerpt":{"rendered":"<p>Diese Voraussetzungen m\u00fcssen Sie f\u00fcr das Studium erf\u00fcllen.<\/p>\n","protected":false},"author":11,"featured_media":0,"parent":10000007,"menu_order":12,"comment_status":"closed","ping_status":"closed","template":"","meta":{"_acf_changed":false,"footnotes":""},"acf":[],"aioseo_notices":[],"_links":{"self":[{"href":"https:\/\/www.fh-joanneum.at\/sport-und-eventmanagement\/master\/wp-json\/wp\/v2\/pages\/10000009"}],"collection":[{"href":"https:\/\/www.fh-joanneum.at\/sport-und-eventmanagement\/master\/wp-json\/wp\/v2\/pages"}],"about":[{"href":"https:\/\/www.fh-joanneum.at\/sport-und-eventmanagement\/master\/wp-json\/wp\/v2\/types\/page"}],"author":[{"embeddable":true,"href":"https:\/\/www.fh-joanneum.at\/sport-und-eventmanagement\/master\/wp-json\/wp\/v2\/users\/11"}],"replies":[{"embeddable":true,"href":"https:\/\/www.fh-joanneum.at\/sport-und-eventmanagement\/master\/wp-json\/wp\/v2\/comments?post=10000009"}],"version-history":[{"count":0,"href":"https:\/\/www.fh-joanneum.at\/sport-und-eventmanagement\/master\/wp-json\/wp\/v2\/pages\/10000009\/revisions"}],"up":[{"embeddable":true,"href":"https:\/\/www.fh-joanneum.at\/sport-und-eventmanagement\/master\/wp-json\/wp\/v2\/pages\/10000007"}],"wp:attachment":[{"href":"https:\/\/www.fh-joanneum.at\/sport-und-eventmanagement\/master\/wp-json\/wp\/v2\/media?parent=10000009"}],"curies":[{"name":"wp","href":"https:\/\/api.w.org\/{rel}","templated":true}]}}