{"id":10000027,"date":"2017-10-19T17:40:29","date_gmt":"2017-10-19T15:40:29","guid":{"rendered":"https:\/\/www.fh-joanneum.at\/sport-und-eventmanagement\/master\/?page_id=27"},"modified":"2023-11-02T16:40:27","modified_gmt":"2023-11-02T15:40:27","slug":"absolventinnen-absolventen","status":"publish","type":"page","link":"https:\/\/www.fh-joanneum.at\/sport-und-eventmanagement\/master\/nach-dem-studium\/absolventinnen-absolventen\/","title":{"rendered":"Absolvent:innen"},"content":{"rendered":"<div id=\"\" class=\"wp-block-text-content margin-bottom-none\">\n    <div class=\"container-lg\">\n        <div class=\"row\">\n            <div class=\"col\">\n                <div class=\"module-migration-headline\">\n<h3>Das machen unsere Absolvent:innen.<\/h3>\n<\/div>\n\n            <\/div>\n        <\/div>\n            <\/div>\n<\/div>\n\n<div id=\"\" class=\"wp-block-list-of-graduates margin-bottom-normal\">\n  <div class=\"container-lg\">\n    <div class=\"row\">\n                        <div class=\"col-6 col-sm-4 col-md-6 col-lg-4 col-xl-4 mb-4\">\n            <a\n    href=\"https:\/\/www.fh-joanneum.at\/sport-und-eventmanagement\/master\/nach-dem-studium\/absolventinnen-absolventen\/alexander-fasching-ba-ma\/\"\n    class=\"graduate-card bg-light\"\n>\n    <div class=\"border border-light h-100\">\n        <div class=\"image-wrapper\">\n            <picture>\n                        <source\n                media=\"(max-width: 524px)\"\n                srcset=\"https:\/\/cdn3.fh-joanneum.at\/media\/sites\/72\/2019\/10\/alexander-fasching-ba-ma.jpg, https:\/\/cdn3.fh-joanneum.at\/media\/sites\/72\/2019\/10\/alexander-fasching-ba-ma-768x844.jpg 2x\"\n            \/>\n                    <source\n                media=\"(max-width: 768px)\"\n                srcset=\"https:\/\/cdn3.fh-joanneum.at\/media\/sites\/72\/2019\/10\/alexander-fasching-ba-ma-768x844.jpg, https:\/\/cdn3.fh-joanneum.at\/media\/sites\/72\/2019\/10\/alexander-fasching-ba-ma-932x1024.jpg 2x\"\n            \/>\n                    <source\n                media=\"(max-width: 932px)\"\n                srcset=\"https:\/\/cdn3.fh-joanneum.at\/media\/sites\/72\/2019\/10\/alexander-fasching-ba-ma-932x1024.jpg, https:\/\/cdn3.fh-joanneum.at\/media\/sites\/72\/2019\/10\/alexander-fasching-ba-ma.jpg 2x\"\n            \/>\n                    <source\n                media=\"(max-width: 1398px)\"\n                srcset=\"https:\/\/cdn3.fh-joanneum.at\/media\/sites\/72\/2019\/10\/alexander-fasching-ba-ma.jpg, https:\/\/cdn3.fh-joanneum.at\/media\/sites\/72\/2019\/10\/alexander-fasching-ba-ma.jpg 2x\"\n            \/>\n                    <source\n                media=\"(max-width: 1474px)\"\n                srcset=\"https:\/\/cdn3.fh-joanneum.at\/media\/sites\/72\/2019\/10\/alexander-fasching-ba-ma.jpg, https:\/\/cdn3.fh-joanneum.at\/media\/sites\/72\/2019\/10\/alexander-fasching-ba-ma.jpg 2x\"\n            \/>\n                <img decoding=\"async\"\n        class=\"img-fluid\"\n        src=\"https:\/\/cdn3.fh-joanneum.at\/media\/sites\/72\/2019\/10\/alexander-fasching-ba-ma.jpg\"\n        alt=\"Alexander Fasching, BA MA\"\n        title=\"\"\n         loading=\"lazy\"             >\n<\/picture>\n\n        <\/div>\n        <div class=\"p-2 p-xl-3\">\n            <h6>Alexander Fasching, BA MA<\/h6>\n            <p class=\"mb-0 hyphens\">\n                Alexander Fasching leitet die Abteilung Medien &amp; Kommunikation beim SK Sturm Graz. Seine bisherigen Highlights: Der Cup-Titel im Jahr 2018 und der j\u00e4hrliche Gesch\u00e4ftsbericht des Klubs.\n            <\/p>\n        <\/div>\n    <\/div>\n<\/a>\n          <\/div>\n                  <\/div>\n  <\/div>\n<\/div>\n\n<div id=\"\" class=\"wp-block-text-content margin-bottom-normal\">\n    <div class=\"container-lg\">\n        <div class=\"row\">\n            <div class=\"col\">\n                <h4>Arbeitgeber (Auszug):<\/h4>\n<ul>\n<li>SK Sturm Graz, Kommunikationsleitung<\/li>\n<li>Red Bull Salzburg, Marketing<\/li>\n<li>e|motion (MercedesCup, Erste Bank Open, Thomas Vanek), Sport-Marketing<\/li>\n<li>KESCH GmbH (Summersplash, Snowbreak \/ Springbreak), Eigent&uuml;mer<\/li>\n<li>IXXalp (IRONMAN, Snow Mobile), Event Development<\/li>\n<li>ASK&Ouml; \/ ASV&Ouml; \/ Sportunion, Gesundheitsf&ouml;rderung<\/li>\n<li>Retter Events GmbH, Incentive Management<\/li>\n<li>Global Wellness Institute, Event Operations<\/li>\n<li>RUBIKON Kommunikation, Projektmanagement<\/li>\n<li>Xbox Games, Category Manager<\/li>\n<li>INJOYmed, Eigent&uuml;mer<\/li>\n<\/ul>\n\n            <\/div>\n        <\/div>\n            <\/div>\n<\/div>\n\n","protected":false},"excerpt":{"rendered":"<p>Wir haben einige unserer ehemaligen Studierenden portraitiert. So k\u00f6nnen Sie sich selbst ein Bild \u00fcber die Berufs- und Karrierem\u00f6glichkeiten machen.<\/p>\n","protected":false},"author":11,"featured_media":0,"parent":10000025,"menu_order":32,"comment_status":"closed","ping_status":"closed","template":"","meta":{"_acf_changed":false,"footnotes":""},"acf":[],"aioseo_notices":[],"_links":{"self":[{"href":"https:\/\/www.fh-joanneum.at\/sport-und-eventmanagement\/master\/wp-json\/wp\/v2\/pages\/10000027"}],"collection":[{"href":"https:\/\/www.fh-joanneum.at\/sport-und-eventmanagement\/master\/wp-json\/wp\/v2\/pages"}],"about":[{"href":"https:\/\/www.fh-joanneum.at\/sport-und-eventmanagement\/master\/wp-json\/wp\/v2\/types\/page"}],"author":[{"embeddable":true,"href":"https:\/\/www.fh-joanneum.at\/sport-und-eventmanagement\/master\/wp-json\/wp\/v2\/users\/11"}],"replies":[{"embeddable":true,"href":"https:\/\/www.fh-joanneum.at\/sport-und-eventmanagement\/master\/wp-json\/wp\/v2\/comments?post=10000027"}],"version-history":[{"count":0,"href":"https:\/\/www.fh-joanneum.at\/sport-und-eventmanagement\/master\/wp-json\/wp\/v2\/pages\/10000027\/revisions"}],"up":[{"embeddable":true,"href":"https:\/\/www.fh-joanneum.at\/sport-und-eventmanagement\/master\/wp-json\/wp\/v2\/pages\/10000025"}],"wp:attachment":[{"href":"https:\/\/www.fh-joanneum.at\/sport-und-eventmanagement\/master\/wp-json\/wp\/v2\/media?parent=10000027"}],"curies":[{"name":"wp","href":"https:\/\/api.w.org\/{rel}","templated":true}]}}