{"id":10000021,"date":"2020-05-06T13:45:29","date_gmt":"2020-05-06T11:45:29","guid":{"rendered":"https:\/\/www.fh-joanneum.at\/sportmanagement-und-training\/postgraduate\/?page_id=21"},"modified":"2022-02-04T11:18:46","modified_gmt":"2022-02-04T10:18:46","slug":"bewerbung","status":"publish","type":"page","link":"https:\/\/www.fh-joanneum.at\/sportmanagement-und-training\/postgraduate\/vor-dem-studium\/bewerbung\/","title":{"rendered":"Bewerbung"},"content":{"rendered":"<div id=\"\" class=\"wp-block-text-content margin-bottom-none\">\n    <div class=\"container-lg\">\n        <div class=\"row\">\n            <div class=\"col\">\n                <div class=\"module-migration-headline\">\n<h3>Bewerbung<\/h3>\n<\/div>\n\n            <\/div>\n        <\/div>\n            <\/div>\n<\/div>\n\n<div id=\"\" class=\"wp-block-text-content margin-bottom-normal\">\n    <div class=\"container-lg\">\n        <div class=\"row\">\n            <div class=\"col\">\n                <p>Wenn Sie die Voraussetzungen erf&uuml;llen, k&ouml;nnen Sie sich f&uuml;r den Lehrgang bewerben. Dazu ben&ouml;tigen Sie die folgenden Unterlagen: <\/p>\n<ul>\n<li>unterzeichnetes Bewerbungsschreiben \/ Motivationsschreiben<\/li>\n<li>unterzeichneter Lebenslauf <\/li>\n<li>Nachweis der allgemeinen Hochschulreife oder Studienberechtigungspr&uuml;fung   <\/li>\n<li>Kopie des Staatsb&uuml;rgerschaftsnachweises oder des Reisepasses   <\/li>\n<li>Nachweis einer abgeschlossenen &ouml;sterreichischen Trainerausbildung der Bundessportakademie (BSPA) <strong>oder<\/strong> einer in &Ouml;sterreich anerkannten internationalen Ausbildung als Trainerin beziehungsweise Trainer<\/li>\n<li>Nachweis &uuml;ber gegebenenfalls vorhandener weiterf&uuml;hrender Trainerausbildungen beziehungsweise Trainerweiterbildungen<\/li>\n<li>Nachweis &uuml;ber eine mindestens 3-j&auml;hrige facheinschl&auml;gige, qualifizierte Berufserfahrung <\/li>\n<\/ul>\n<p>Die Bewerbungsunterlagen werden vertraulich behandelt.<\/p>\n\n            <\/div>\n        <\/div>\n            <\/div>\n<\/div>\n\n<div\n    id=\"\"\n    class=\"wp-block-tipp-box margin-bottom-normal\"\n>\n    <div class=\"container-lg\">\n        <div class=\"row\">\n            <div class=\"col\">\n                <div class=\"tipp-box border border-info\">\n                    <div class=\"tipp-box-inner p-2 p-md-3\">\n                        <h4 class=\"\">Hinweis<\/h4>\n                        <p><strong>Welche Regeln gelten f\u00fcr internationalen Dokumente?<\/strong><\/p>\n<p>F\u00fcr nicht-\u00f6sterreichische Dokumente gibt es Sonderregeln. Diese m\u00fcssen Sie einhalten, damit Ihre Bewerbung akzeptiert werden kann. Welche Richtlinien einzuhalten sind, h\u00e4ngt davon ab, in welchem Land die Dokumente ausgestellt wurden: <a href=\"https:\/\/www.fh-joanneum.at\/beglaubigungs-und-uebersetzungsrichtlinien\/\">Beglaubigungs- und \u00dcbersetzungsrichtlinien nach L\u00e4ndern<\/a>. <\/p>\n\n                    <\/div>\n                <\/div>\n            <\/div>\n        <\/div>\n    <\/div>\n<\/div>\n\n<div id=\"\" class=\"wp-block-text-content margin-bottom-normal\">\n    <div class=\"container-lg\">\n        <div class=\"row\">\n            <div class=\"col\">\n                <h5>Onlinebewerbung<\/h5>\n<p><strong><a href=\"https:\/\/www.fh-joanneum.at\/studium\/online-bewerbung\/\">Hier geht es zur Onlinebewerbung.<\/a><\/strong><\/p>\n\n            <\/div>\n        <\/div>\n            <\/div>\n<\/div>\n\n<div id=\"\" class=\"wp-block-text-content margin-bottom-normal\">\n    <div class=\"container-lg\">\n        <div class=\"row\">\n            <div class=\"col\">\n                <h4>Einladung zum pers&ouml;nlichen Gespr&auml;ch<\/h4>\n<p>Ihre Bewerbung wird von der Studienadministration und der Lehrgangsleitung &uuml;berpr&uuml;ft. Alle Bewerber:innen, die die formalen Voraussetzungen erf&uuml;llen, werden zu einem pers&ouml;nlichen Gespr&auml;ch eingeladen.<\/p>\n\n            <\/div>\n        <\/div>\n            <\/div>\n<\/div>\n\n","protected":false},"excerpt":{"rendered":"<p>Hier erfahren Sie, wie Sie sich f\u00fcr den Lehrgang bewerben.<\/p>\n","protected":false},"author":11,"featured_media":0,"parent":10000018,"menu_order":17,"comment_status":"closed","ping_status":"closed","template":"","meta":{"_acf_changed":false,"footnotes":""},"acf":[],"aioseo_notices":[],"_links":{"self":[{"href":"https:\/\/www.fh-joanneum.at\/sportmanagement-und-training\/postgraduate\/wp-json\/wp\/v2\/pages\/10000021"}],"collection":[{"href":"https:\/\/www.fh-joanneum.at\/sportmanagement-und-training\/postgraduate\/wp-json\/wp\/v2\/pages"}],"about":[{"href":"https:\/\/www.fh-joanneum.at\/sportmanagement-und-training\/postgraduate\/wp-json\/wp\/v2\/types\/page"}],"author":[{"embeddable":true,"href":"https:\/\/www.fh-joanneum.at\/sportmanagement-und-training\/postgraduate\/wp-json\/wp\/v2\/users\/11"}],"replies":[{"embeddable":true,"href":"https:\/\/www.fh-joanneum.at\/sportmanagement-und-training\/postgraduate\/wp-json\/wp\/v2\/comments?post=10000021"}],"version-history":[{"count":1,"href":"https:\/\/www.fh-joanneum.at\/sportmanagement-und-training\/postgraduate\/wp-json\/wp\/v2\/pages\/10000021\/revisions"}],"predecessor-version":[{"id":10000149,"href":"https:\/\/www.fh-joanneum.at\/sportmanagement-und-training\/postgraduate\/wp-json\/wp\/v2\/pages\/10000021\/revisions\/10000149"}],"up":[{"embeddable":true,"href":"https:\/\/www.fh-joanneum.at\/sportmanagement-und-training\/postgraduate\/wp-json\/wp\/v2\/pages\/10000018"}],"wp:attachment":[{"href":"https:\/\/www.fh-joanneum.at\/sportmanagement-und-training\/postgraduate\/wp-json\/wp\/v2\/media?parent=10000021"}],"curies":[{"name":"wp","href":"https:\/\/api.w.org\/{rel}","templated":true}]}}