{"id":10000040,"date":"2020-05-06T16:30:13","date_gmt":"2020-05-06T14:30:13","guid":{"rendered":"https:\/\/www.fh-joanneum.at\/sportmanagement-und-training\/postgraduate\/?page_id=40"},"modified":"2024-09-12T16:12:30","modified_gmt":"2024-09-12T14:12:30","slug":"beruf-karriere","status":"publish","type":"page","link":"https:\/\/www.fh-joanneum.at\/sportmanagement-und-training\/postgraduate\/nach-dem-studium\/beruf-karriere\/","title":{"rendered":"Beruf und Karriere"},"content":{"rendered":"<div id=\"\" class=\"wp-block-text-content margin-bottom-none\">\n    <div class=\"container-lg\">\n        <div class=\"row\">\n            <div class=\"col\">\n                <div class=\"module-migration-headline\">\n<h3>Berufsfelder<\/h3>\n<\/div>\n\n            <\/div>\n        <\/div>\n            <\/div>\n<\/div>\n\n<div\n    id=\"\"\n    class=\"wp-block-blockquote margin-bottom-normal\"\n>\n    <div class=\"container-lg\">\n        <div class=\"row\">\n            <div class=\"col\">\n                <div class=\"d-block mb-2 fs-5 major-text-color\">\u201eDie Aufgaben und T\u00e4tigkeiten der Gesch\u00e4ftsf\u00fchrung in Turn- und Sportvereinen werden zunehmend komplexer und verlangen spezifisches Know-how. So sind wirtschaftliches und rechtliches Grundlagenwissen sowie Kenntnisse im Sportmanagement unerl\u00e4sslich. Ich begr\u00fc\u00dfe es sehr, dass der EMBA-Lehrgang \u201aSportmanagement und Training\u2018 diese Kompetenzen vermittelt.\u201c<br \/>\r\n<br \/>\r\n<\/div>\n                <span class=\"d-flex justify-content-end\">Mag. Bernd Pazolt, Gesch\u00e4ftsf\u00fchrer Allgemeiner Turnverein Graz <\/span>\n            <\/div>\n        <\/div>\n    <\/div>\n<\/div>\n\n<div id=\"\" class=\"wp-block-text-content margin-bottom-normal\">\n    <div class=\"container-lg\">\n        <div class=\"row\">\n            <div class=\"col\">\n                <p>Durch das im Rahmen des Lehrgangs angeeignete Wissen profitieren Sie nicht nur bei Ihrer beruflichen T&auml;tigkeit. Sowohl die &Uuml;bernahme gehobener Trainert&auml;tigkeiten als auch die operative Verantwortung f&uuml;r Vereine oder die Leitung von Sportorganisationen sind f&uuml;r die Absolvent:innen des EMBA-Lehrgangs m&ouml;glich. <\/p>\n<p>Das zuk&uuml;nftige berufliche T&auml;tigkeitsfeld reicht von Managementpositionen in Sportvereinen und -verb&auml;nden &uuml;ber die Leitung von Sport- und Fitnessbetrieben bis hin zur selbst&auml;ndigen T&auml;tigkeit als Trainer:in.<\/p>\n\n            <\/div>\n        <\/div>\n            <\/div>\n<\/div>\n\n","protected":false},"excerpt":{"rendered":"<p>Mit Ihrem neu gewonnenen Know-how und Ihrer praktischen Expertise stehen Ihnen vielf\u00e4ltige berufliche M\u00f6glichkeiten und neue Karrierechancen offen. Wohin Ihre Reise geht, entscheiden Sie.<\/p>\n","protected":false},"author":11,"featured_media":0,"parent":10000039,"menu_order":35,"comment_status":"closed","ping_status":"closed","template":"","meta":{"_acf_changed":false,"footnotes":""},"acf":[],"aioseo_notices":[],"_links":{"self":[{"href":"https:\/\/www.fh-joanneum.at\/sportmanagement-und-training\/postgraduate\/wp-json\/wp\/v2\/pages\/10000040"}],"collection":[{"href":"https:\/\/www.fh-joanneum.at\/sportmanagement-und-training\/postgraduate\/wp-json\/wp\/v2\/pages"}],"about":[{"href":"https:\/\/www.fh-joanneum.at\/sportmanagement-und-training\/postgraduate\/wp-json\/wp\/v2\/types\/page"}],"author":[{"embeddable":true,"href":"https:\/\/www.fh-joanneum.at\/sportmanagement-und-training\/postgraduate\/wp-json\/wp\/v2\/users\/11"}],"replies":[{"embeddable":true,"href":"https:\/\/www.fh-joanneum.at\/sportmanagement-und-training\/postgraduate\/wp-json\/wp\/v2\/comments?post=10000040"}],"version-history":[{"count":1,"href":"https:\/\/www.fh-joanneum.at\/sportmanagement-und-training\/postgraduate\/wp-json\/wp\/v2\/pages\/10000040\/revisions"}],"predecessor-version":[{"id":10000136,"href":"https:\/\/www.fh-joanneum.at\/sportmanagement-und-training\/postgraduate\/wp-json\/wp\/v2\/pages\/10000040\/revisions\/10000136"}],"up":[{"embeddable":true,"href":"https:\/\/www.fh-joanneum.at\/sportmanagement-und-training\/postgraduate\/wp-json\/wp\/v2\/pages\/10000039"}],"wp:attachment":[{"href":"https:\/\/www.fh-joanneum.at\/sportmanagement-und-training\/postgraduate\/wp-json\/wp\/v2\/media?parent=10000040"}],"curies":[{"name":"wp","href":"https:\/\/api.w.org\/{rel}","templated":true}]}}