{"id":10000104,"date":"2024-03-21T11:14:24","date_gmt":"2024-03-21T10:14:24","guid":{"rendered":"https:\/\/www.fh-joanneum.at\/sportmanagement-und-training\/postgraduate\/?page_id=104"},"modified":"2024-03-21T11:14:24","modified_gmt":"2024-03-21T10:14:24","slug":"absolventinnen","status":"publish","type":"page","link":"https:\/\/www.fh-joanneum.at\/sportmanagement-und-training\/postgraduate\/nach-dem-studium\/absolventinnen\/","title":{"rendered":"Absolvent:innen"},"content":{"rendered":"<div id=\"\" class=\"wp-block-text-content margin-bottom-none\">\n    <div class=\"container-lg\">\n        <div class=\"row\">\n            <div class=\"col\">\n                <div class=\"module-migration-headline\">\n<h3>Das machen unsere Absolvent:innen. <\/h3>\n<\/div>\n\n            <\/div>\n        <\/div>\n            <\/div>\n<\/div>\n\n<div id=\"\" class=\"wp-block-list-of-graduates margin-bottom-normal\">\n  <div class=\"container-lg\">\n    <div class=\"row\">\n                        <div class=\"col-6 col-sm-4 col-md-6 col-lg-4 col-xl-4 mb-4\">\n            <a\n    href=\"https:\/\/www.fh-joanneum.at\/sportmanagement-und-training\/postgraduate\/nach-dem-studium\/absolventinnen\/nadja-buechler-mba\/\"\n    class=\"graduate-card bg-light\"\n>\n    <div class=\"border border-light h-100\">\n        <div class=\"image-wrapper\">\n            <picture>\n                        <source\n                media=\"(max-width: 576px)\"\n                srcset=\"https:\/\/cdn3.fh-joanneum.at\/media\/sites\/81\/2025\/10\/Nadja-Buechler-e1761296255416-576x406.jpg, https:\/\/cdn3.fh-joanneum.at\/media\/sites\/81\/2025\/10\/Nadja-Buechler-e1761296255416-768x541.jpg 2x\"\n            \/>\n                    <source\n                media=\"(max-width: 768px)\"\n                srcset=\"https:\/\/cdn3.fh-joanneum.at\/media\/sites\/81\/2025\/10\/Nadja-Buechler-e1761296255416-768x541.jpg, https:\/\/cdn3.fh-joanneum.at\/media\/sites\/81\/2025\/10\/Nadja-Buechler-e1761296255416-1024x721.jpg 2x\"\n            \/>\n                    <source\n                media=\"(max-width: 1024px)\"\n                srcset=\"https:\/\/cdn3.fh-joanneum.at\/media\/sites\/81\/2025\/10\/Nadja-Buechler-e1761296255416-1024x721.jpg, https:\/\/cdn3.fh-joanneum.at\/media\/sites\/81\/2025\/10\/Nadja-Buechler-e1761296255416-1536x1082.jpg 2x\"\n            \/>\n                    <source\n                media=\"(max-width: 1536px)\"\n                srcset=\"https:\/\/cdn3.fh-joanneum.at\/media\/sites\/81\/2025\/10\/Nadja-Buechler-e1761296255416-1536x1082.jpg, https:\/\/cdn3.fh-joanneum.at\/media\/sites\/81\/2025\/10\/Nadja-Buechler-e1761296255416.jpg 2x\"\n            \/>\n                    <source\n                media=\"(max-width: 1677px)\"\n                srcset=\"https:\/\/cdn3.fh-joanneum.at\/media\/sites\/81\/2025\/10\/Nadja-Buechler-e1761296255416.jpg, https:\/\/cdn3.fh-joanneum.at\/media\/sites\/81\/2025\/10\/Nadja-Buechler-e1761296255416.jpg 2x\"\n            \/>\n                <img decoding=\"async\"\n        class=\"img-fluid\"\n        src=\"https:\/\/cdn3.fh-joanneum.at\/media\/sites\/81\/2025\/10\/Nadja-Buechler-e1761296255416.jpg\"\n        alt=\"Die Absolventin des Masterlehrgangs Sportmanagement und Training der FH JOANNEUM Nadja B\u00fcchler, MBA ist heute Gesch\u00e4ftsf\u00fchrerin der Bewegungsland Steiermark gGmbH\"\n        title=\"\"\n         loading=\"lazy\"             >\n<\/picture>\n\n        <\/div>\n        <div class=\"p-2 p-xl-3\">\n            <h6>Nadja B\u00fcchler, MBA<\/h6>\n            <p class=\"mb-0 hyphens\">\n                Unsere Absolventin Nadja B\u00fcchler ist als Gesch\u00e4ftsf\u00fchrerin der Bewegungsland Steiermark gGmbH t\u00e4tig.\n            <\/p>\n        <\/div>\n    <\/div>\n<\/a>\n          <\/div>\n                  <div class=\"col-6 col-sm-4 col-md-6 col-lg-4 col-xl-4 mb-4\">\n            <a\n    href=\"https:\/\/www.fh-joanneum.at\/sportmanagement-und-training\/postgraduate\/nach-dem-studium\/absolventinnen\/florian-stoeckl\/\"\n    class=\"graduate-card bg-light\"\n>\n    <div class=\"border border-light h-100\">\n        <div class=\"image-wrapper\">\n            <picture>\n                        <source\n                media=\"(max-width: 576px)\"\n                srcset=\"https:\/\/cdn3.fh-joanneum.at\/media\/sites\/81\/2024\/03\/florian-stoeckl-scaled.jpg, https:\/\/cdn3.fh-joanneum.at\/media\/sites\/81\/2024\/03\/florian-stoeckl-768x674.jpg 2x\"\n            \/>\n                    <source\n                media=\"(max-width: 768px)\"\n                srcset=\"https:\/\/cdn3.fh-joanneum.at\/media\/sites\/81\/2024\/03\/florian-stoeckl-768x674.jpg, https:\/\/cdn3.fh-joanneum.at\/media\/sites\/81\/2024\/03\/florian-stoeckl-1024x899.jpg 2x\"\n            \/>\n                    <source\n                media=\"(max-width: 1024px)\"\n                srcset=\"https:\/\/cdn3.fh-joanneum.at\/media\/sites\/81\/2024\/03\/florian-stoeckl-1024x899.jpg, https:\/\/cdn3.fh-joanneum.at\/media\/sites\/81\/2024\/03\/florian-stoeckl-1536x1349.jpg 2x\"\n            \/>\n                    <source\n                media=\"(max-width: 1536px)\"\n                srcset=\"https:\/\/cdn3.fh-joanneum.at\/media\/sites\/81\/2024\/03\/florian-stoeckl-1536x1349.jpg, https:\/\/cdn3.fh-joanneum.at\/media\/sites\/81\/2024\/03\/florian-stoeckl-2048x1799.jpg 2x\"\n            \/>\n                    <source\n                media=\"(max-width: 2048px)\"\n                srcset=\"https:\/\/cdn3.fh-joanneum.at\/media\/sites\/81\/2024\/03\/florian-stoeckl-2048x1799.jpg, https:\/\/cdn3.fh-joanneum.at\/media\/sites\/81\/2024\/03\/florian-stoeckl-scaled.jpg 2x\"\n            \/>\n                <img decoding=\"async\"\n        class=\"img-fluid\"\n        src=\"https:\/\/cdn3.fh-joanneum.at\/media\/sites\/81\/2024\/03\/florian-stoeckl-scaled.jpg\"\n        alt=\"Florian St\u00f6ckl\"\n        title=\"\"\n         loading=\"lazy\"             >\n<\/picture>\n\n        <\/div>\n        <div class=\"p-2 p-xl-3\">\n            <h6>Florian St\u00f6ckl, MBA<\/h6>\n            <p class=\"mb-0 hyphens\">\n                Als Landessportkoordinator beim Steirischen Volleyballverband unterst\u00fctzt  Florian St\u00f6ckl unter anderem Volleyballvereine und organisiert Aus- und Weiterbildungen.\n            <\/p>\n        <\/div>\n    <\/div>\n<\/a>\n          <\/div>\n                  <div class=\"col-6 col-sm-4 col-md-6 col-lg-4 col-xl-4 mb-4\">\n            <a\n    href=\"https:\/\/www.fh-joanneum.at\/sportmanagement-und-training\/postgraduate\/nach-dem-studium\/absolventinnen\/martin-hochreiner\/\"\n    class=\"graduate-card bg-light\"\n>\n    <div class=\"border border-light h-100\">\n        <div class=\"image-wrapper\">\n            <picture>\n                        <source\n                media=\"(max-width: 432px)\"\n                srcset=\"https:\/\/cdn3.fh-joanneum.at\/media\/sites\/81\/2024\/03\/martin-hochreiner-scaled.jpg, https:\/\/cdn3.fh-joanneum.at\/media\/sites\/81\/2024\/03\/martin-hochreiner-768x1024.jpg 2x\"\n            \/>\n                    <source\n                media=\"(max-width: 768px)\"\n                srcset=\"https:\/\/cdn3.fh-joanneum.at\/media\/sites\/81\/2024\/03\/martin-hochreiner-768x1024.jpg, https:\/\/cdn3.fh-joanneum.at\/media\/sites\/81\/2024\/03\/martin-hochreiner-768x1024.jpg 2x\"\n            \/>\n                    <source\n                media=\"(max-width: 768px)\"\n                srcset=\"https:\/\/cdn3.fh-joanneum.at\/media\/sites\/81\/2024\/03\/martin-hochreiner-768x1024.jpg, https:\/\/cdn3.fh-joanneum.at\/media\/sites\/81\/2024\/03\/martin-hochreiner-1152x1536.jpg 2x\"\n            \/>\n                    <source\n                media=\"(max-width: 1152px)\"\n                srcset=\"https:\/\/cdn3.fh-joanneum.at\/media\/sites\/81\/2024\/03\/martin-hochreiner-1152x1536.jpg, https:\/\/cdn3.fh-joanneum.at\/media\/sites\/81\/2024\/03\/martin-hochreiner-1536x2048.jpg 2x\"\n            \/>\n                    <source\n                media=\"(max-width: 1536px)\"\n                srcset=\"https:\/\/cdn3.fh-joanneum.at\/media\/sites\/81\/2024\/03\/martin-hochreiner-1536x2048.jpg, https:\/\/cdn3.fh-joanneum.at\/media\/sites\/81\/2024\/03\/martin-hochreiner-scaled.jpg 2x\"\n            \/>\n                <img decoding=\"async\"\n        class=\"img-fluid\"\n        src=\"https:\/\/cdn3.fh-joanneum.at\/media\/sites\/81\/2024\/03\/martin-hochreiner-scaled.jpg\"\n        alt=\"Martin Hochreiner\"\n        title=\"\"\n         loading=\"lazy\"             >\n<\/picture>\n\n        <\/div>\n        <div class=\"p-2 p-xl-3\">\n            <h6>Martin Hochrainer, MBA<\/h6>\n            <p class=\"mb-0 hyphens\">\n                Der Projektkoordinator des \u00d6sterreichischen Skiverbands sch\u00e4tzte am Masterlehrgang vor allem den praxisnahen Einblick in strategische Planung im Sportsektor.\n            <\/p>\n        <\/div>\n    <\/div>\n<\/a>\n          <\/div>\n                  <div class=\"col-6 col-sm-4 col-md-6 col-lg-4 col-xl-4 mb-4\">\n            <a\n    href=\"https:\/\/www.fh-joanneum.at\/sportmanagement-und-training\/postgraduate\/nach-dem-studium\/absolventinnen\/lukas-weinhandl\/\"\n    class=\"graduate-card bg-light\"\n>\n    <div class=\"border border-light h-100\">\n        <div class=\"image-wrapper\">\n            <picture>\n                        <source\n                media=\"(max-width: 278px)\"\n                srcset=\"https:\/\/cdn3.fh-joanneum.at\/media\/sites\/81\/2024\/03\/lukas-weinhandl-3.jpg, https:\/\/cdn3.fh-joanneum.at\/media\/sites\/81\/2024\/03\/lukas-weinhandl-3.jpg 2x\"\n            \/>\n                    <source\n                media=\"(max-width: 278px)\"\n                srcset=\"https:\/\/cdn3.fh-joanneum.at\/media\/sites\/81\/2024\/03\/lukas-weinhandl-3.jpg, https:\/\/cdn3.fh-joanneum.at\/media\/sites\/81\/2024\/03\/lukas-weinhandl-3.jpg 2x\"\n            \/>\n                    <source\n                media=\"(max-width: 278px)\"\n                srcset=\"https:\/\/cdn3.fh-joanneum.at\/media\/sites\/81\/2024\/03\/lukas-weinhandl-3.jpg, https:\/\/cdn3.fh-joanneum.at\/media\/sites\/81\/2024\/03\/lukas-weinhandl-3.jpg 2x\"\n            \/>\n                    <source\n                media=\"(max-width: 278px)\"\n                srcset=\"https:\/\/cdn3.fh-joanneum.at\/media\/sites\/81\/2024\/03\/lukas-weinhandl-3.jpg, https:\/\/cdn3.fh-joanneum.at\/media\/sites\/81\/2024\/03\/lukas-weinhandl-3.jpg 2x\"\n            \/>\n                    <source\n                media=\"(max-width: 278px)\"\n                srcset=\"https:\/\/cdn3.fh-joanneum.at\/media\/sites\/81\/2024\/03\/lukas-weinhandl-3.jpg, https:\/\/cdn3.fh-joanneum.at\/media\/sites\/81\/2024\/03\/lukas-weinhandl-3.jpg 2x\"\n            \/>\n                <img decoding=\"async\"\n        class=\"img-fluid\"\n        src=\"https:\/\/cdn3.fh-joanneum.at\/media\/sites\/81\/2024\/03\/lukas-weinhandl-3.jpg\"\n        alt=\"Lukas Weinhandl 2\"\n        title=\"\"\n         loading=\"lazy\"             >\n<\/picture>\n\n        <\/div>\n        <div class=\"p-2 p-xl-3\">\n            <h6>Lukas Weinhandl, BSc MBA<\/h6>\n            <p class=\"mb-0 hyphens\">\n                Nach dem erfolgreichen Aufbau einer Tennis-Academy und eines Vereins ist Lukas Weinhandl nun als Betreuer und Manager im Leistungssport t\u00e4tig. \n            <\/p>\n        <\/div>\n    <\/div>\n<\/a>\n          <\/div>\n                  <div class=\"col-6 col-sm-4 col-md-6 col-lg-4 col-xl-4 mb-4\">\n            <a\n    href=\"https:\/\/www.fh-joanneum.at\/sportmanagement-und-training\/postgraduate\/nach-dem-studium\/absolventinnen\/thomas-boecksteiner\/\"\n    class=\"graduate-card bg-light\"\n>\n    <div class=\"border border-light h-100\">\n        <div class=\"image-wrapper\">\n            <picture>\n                        <source\n                media=\"(max-width: 576px)\"\n                srcset=\"https:\/\/cdn3.fh-joanneum.at\/media\/sites\/81\/2024\/03\/thomas-boecksteiner.jpg, https:\/\/cdn3.fh-joanneum.at\/media\/sites\/81\/2024\/03\/thomas-boecksteiner-768x512.jpg 2x\"\n            \/>\n                    <source\n                media=\"(max-width: 768px)\"\n                srcset=\"https:\/\/cdn3.fh-joanneum.at\/media\/sites\/81\/2024\/03\/thomas-boecksteiner-768x512.jpg, https:\/\/cdn3.fh-joanneum.at\/media\/sites\/81\/2024\/03\/thomas-boecksteiner.jpg 2x\"\n            \/>\n                    <source\n                media=\"(max-width: 800px)\"\n                srcset=\"https:\/\/cdn3.fh-joanneum.at\/media\/sites\/81\/2024\/03\/thomas-boecksteiner.jpg, https:\/\/cdn3.fh-joanneum.at\/media\/sites\/81\/2024\/03\/thomas-boecksteiner.jpg 2x\"\n            \/>\n                    <source\n                media=\"(max-width: 800px)\"\n                srcset=\"https:\/\/cdn3.fh-joanneum.at\/media\/sites\/81\/2024\/03\/thomas-boecksteiner.jpg, https:\/\/cdn3.fh-joanneum.at\/media\/sites\/81\/2024\/03\/thomas-boecksteiner.jpg 2x\"\n            \/>\n                    <source\n                media=\"(max-width: 800px)\"\n                srcset=\"https:\/\/cdn3.fh-joanneum.at\/media\/sites\/81\/2024\/03\/thomas-boecksteiner.jpg, https:\/\/cdn3.fh-joanneum.at\/media\/sites\/81\/2024\/03\/thomas-boecksteiner.jpg 2x\"\n            \/>\n                <img decoding=\"async\"\n        class=\"img-fluid\"\n        src=\"https:\/\/cdn3.fh-joanneum.at\/media\/sites\/81\/2024\/03\/thomas-boecksteiner.jpg\"\n        alt=\"Thomas B\u00f6cksteiner\"\n        title=\"\"\n         loading=\"lazy\"             >\n<\/picture>\n\n        <\/div>\n        <div class=\"p-2 p-xl-3\">\n            <h6>MMag. Thomas B\u00f6cksteiner, MBA<\/h6>\n            <p class=\"mb-0 hyphens\">\n                Unser Absolvent Thomas B\u00f6cksteiner ist aktuell Sportdirektor beim SV Lebring und stellvertretender Sportlicher Leiter der Akademie Steiermark &#8211; Sturm Graz. \n            <\/p>\n        <\/div>\n    <\/div>\n<\/a>\n          <\/div>\n                  <\/div>\n  <\/div>\n<\/div>\n\n","protected":false},"excerpt":{"rendered":"<p>Wollen Sie mehr \u00fcber die Berufs- und Karrierewege unserer Absolvent:innen erfahren? Wir haben einige unserer ehemaligen Studierenden portraitiert, damit Sie sich selbst ein Bild machen k\u00f6nnen.<\/p>\n","protected":false},"author":143,"featured_media":0,"parent":10000039,"menu_order":37,"comment_status":"closed","ping_status":"closed","template":"","meta":{"_acf_changed":false,"footnotes":""},"acf":[],"aioseo_notices":[],"_links":{"self":[{"href":"https:\/\/www.fh-joanneum.at\/sportmanagement-und-training\/postgraduate\/wp-json\/wp\/v2\/pages\/10000104"}],"collection":[{"href":"https:\/\/www.fh-joanneum.at\/sportmanagement-und-training\/postgraduate\/wp-json\/wp\/v2\/pages"}],"about":[{"href":"https:\/\/www.fh-joanneum.at\/sportmanagement-und-training\/postgraduate\/wp-json\/wp\/v2\/types\/page"}],"author":[{"embeddable":true,"href":"https:\/\/www.fh-joanneum.at\/sportmanagement-und-training\/postgraduate\/wp-json\/wp\/v2\/users\/143"}],"replies":[{"embeddable":true,"href":"https:\/\/www.fh-joanneum.at\/sportmanagement-und-training\/postgraduate\/wp-json\/wp\/v2\/comments?post=10000104"}],"version-history":[{"count":0,"href":"https:\/\/www.fh-joanneum.at\/sportmanagement-und-training\/postgraduate\/wp-json\/wp\/v2\/pages\/10000104\/revisions"}],"up":[{"embeddable":true,"href":"https:\/\/www.fh-joanneum.at\/sportmanagement-und-training\/postgraduate\/wp-json\/wp\/v2\/pages\/10000039"}],"wp:attachment":[{"href":"https:\/\/www.fh-joanneum.at\/sportmanagement-und-training\/postgraduate\/wp-json\/wp\/v2\/media?parent=10000104"}],"curies":[{"name":"wp","href":"https:\/\/api.w.org\/{rel}","templated":true}]}}