{"id":10000180,"date":"2025-10-24T10:56:40","date_gmt":"2025-10-24T08:56:40","guid":{"rendered":"https:\/\/www.fh-joanneum.at\/sportmanagement-und-training\/postgraduate\/?page_id=10000180"},"modified":"2025-10-24T11:00:21","modified_gmt":"2025-10-24T09:00:21","slug":"nadja-buechler-mba","status":"publish","type":"page","link":"https:\/\/www.fh-joanneum.at\/sportmanagement-und-training\/postgraduate\/nach-dem-studium\/absolventinnen\/nadja-buechler-mba\/","title":{"rendered":"Nadja B\u00fcchler, MBA"},"content":{"rendered":"<div id=\"\" class=\"wp-block-text-content margin-bottom-normal\">\n    <div class=\"container-lg\">\n        <div class=\"row\">\n            <div class=\"col\">\n                <p><strong>Aktuelle T&auml;tigkeit als Trainerin oder Sportmanagerin:<br>\n<\/strong>Ich bin Gesch&auml;ftsf&uuml;hrerin der Bewegungsland Steiermark gGmbH &ndash; einer gemeinsamen Gesellschaft der Sportdachverb&auml;nde ASK&Ouml;, ASV&Ouml; und SPORTUNION. Dort verantworte ich Projekte zur Bewegungsf&ouml;rderung, wie etwa &bdquo;Die Bewegungsrevolution&ldquo;. Ziel ist es, nachhaltige Strukturen f&uuml;r mehr Bewegung in der Bev&ouml;lkerung zu schaffen und die Zusammenarbeit der Verb&auml;nde zu st&auml;rken.<\/p>\n<p><strong>Erwartungen an das Studium bzw. Motivation vor dem Studium:<br>\n<\/strong>Ich habe mir vom Studium Sportmanagement und Training vor allem eine Vertiefung meiner wirtschaftlichen und strategischen Kenntnisse erhofft, um Projekte professionell planen und umsetzen zu k&ouml;nnen. Au&szlig;erdem war mir der Aufbau eines starken Netzwerks innerhalb der Branche wichtig, um langfristig von wertvollen Kontakten und Kooperationen zu profitieren.<\/p>\n<p><strong>Highlight des Studiums bzw. von welchen Inhalten habe ich besonders profitiert:<br>\n<\/strong>Ein Highlight meines Studiums war definitiv die praxisnahe Verbindung von Sport und Management. Besonders profitiert habe ich von den Inhalten rund um strategische Planung, Projektmanagement und wirtschaftliche Grundlagen im Sportbereich.<\/p>\n<p><strong>Berufliche Ver&auml;nderung w&auml;hrend des Studiums bzw. im Zusammenhang mit dem Studium:<br>\n<\/strong>Im Anschluss an mein Studium Sportmanagement und Training habe ich die Gesch&auml;ftsf&uuml;hrung der Bewegungsland Steiermark gGmbH &uuml;bernommen. Das Studium hat mir dabei geholfen, die n&ouml;tigen Kompetenzen aufzubauen, um diese Verantwortung zu &uuml;bernehmen.<\/p>\n\n            <\/div>\n        <\/div>\n            <\/div>\n<\/div>\n","protected":false},"excerpt":{"rendered":"<p>Unsere Absolventin Nadja B\u00fcchler ist als Gesch\u00e4ftsf\u00fchrerin der Bewegungsland Steiermark gGmbH t\u00e4tig.<\/p>\n","protected":false},"author":143,"featured_media":10000181,"parent":10000104,"menu_order":0,"comment_status":"closed","ping_status":"closed","template":"template-absolvent.blade.php","meta":{"_acf_changed":false,"footnotes":""},"acf":[],"aioseo_notices":[],"_links":{"self":[{"href":"https:\/\/www.fh-joanneum.at\/sportmanagement-und-training\/postgraduate\/wp-json\/wp\/v2\/pages\/10000180"}],"collection":[{"href":"https:\/\/www.fh-joanneum.at\/sportmanagement-und-training\/postgraduate\/wp-json\/wp\/v2\/pages"}],"about":[{"href":"https:\/\/www.fh-joanneum.at\/sportmanagement-und-training\/postgraduate\/wp-json\/wp\/v2\/types\/page"}],"author":[{"embeddable":true,"href":"https:\/\/www.fh-joanneum.at\/sportmanagement-und-training\/postgraduate\/wp-json\/wp\/v2\/users\/143"}],"replies":[{"embeddable":true,"href":"https:\/\/www.fh-joanneum.at\/sportmanagement-und-training\/postgraduate\/wp-json\/wp\/v2\/comments?post=10000180"}],"version-history":[{"count":4,"href":"https:\/\/www.fh-joanneum.at\/sportmanagement-und-training\/postgraduate\/wp-json\/wp\/v2\/pages\/10000180\/revisions"}],"predecessor-version":[{"id":10000186,"href":"https:\/\/www.fh-joanneum.at\/sportmanagement-und-training\/postgraduate\/wp-json\/wp\/v2\/pages\/10000180\/revisions\/10000186"}],"up":[{"embeddable":true,"href":"https:\/\/www.fh-joanneum.at\/sportmanagement-und-training\/postgraduate\/wp-json\/wp\/v2\/pages\/10000104"}],"wp:featuredmedia":[{"embeddable":true,"href":"https:\/\/www.fh-joanneum.at\/sportmanagement-und-training\/postgraduate\/wp-json\/wp\/v2\/media\/10000181"}],"wp:attachment":[{"href":"https:\/\/www.fh-joanneum.at\/sportmanagement-und-training\/postgraduate\/wp-json\/wp\/v2\/media?parent=10000180"}],"curies":[{"name":"wp","href":"https:\/\/api.w.org\/{rel}","templated":true}]}}