{"id":10000034,"date":"2023-03-02T14:39:29","date_gmt":"2023-03-02T13:39:29","guid":{"rendered":"https:\/\/www.fh-joanneum.at\/strategic-experience-design\/postgraduate\/?page_id=34"},"modified":"2023-03-02T14:48:56","modified_gmt":"2023-03-02T13:48:56","slug":"voraussetzungen","status":"publish","type":"page","link":"https:\/\/www.fh-joanneum.at\/strategic-experience-design\/postgraduate\/vor-dem-studium\/voraussetzungen\/","title":{"rendered":"Voraussetzungen"},"content":{"rendered":"<div id=\"\" class=\"wp-block-text-content margin-bottom-none\">\n    <div class=\"container-lg\">\n        <div class=\"row\">\n            <div class=\"col\">\n                <div class=\"module-migration-headline\">\n<h3>Voraussetzungen<\/h3>\n<\/div>\n\n            <\/div>\n        <\/div>\n            <\/div>\n<\/div>\n\n<div id=\"\" class=\"wp-block-text-content margin-bottom-normal\">\n    <div class=\"container-lg\">\n        <div class=\"row\">\n            <div class=\"col\">\n                <p>Zugangsvoraussetzungen sind:<\/p>\n<ul>\n<li>ein qualifizierter Studienabschluss mit mindestens 180 ECTS-Anrechnungspunkten an Bachelor- oder Diplomstudieng&auml;ngen &ouml;sterreichischer oder vergleichbarer ausl&auml;ndischer Universit&auml;ten und Fachhochschulen in den Bereichen Design, Wirtschaft, Management, Sozialwissenschaften und Technik    <\/li>\n<\/ul>\n<p><strong>sowie<\/strong>    <\/p>\n<ul>\n<li>eine mehrj&auml;hrige facheinschl&auml;gige Berufserfahrung.<\/li>\n<\/ul>\n\n            <\/div>\n        <\/div>\n            <\/div>\n<\/div>\n\n\n\n\n\n<div\n    id=\"\"\n    class=\"wp-block-tipp-box margin-bottom-normal\"\n>\n    <div class=\"container-lg\">\n        <div class=\"row\">\n            <div class=\"col\">\n                <div class=\"tipp-box border border-info\">\n                    <div class=\"tipp-box-inner p-2 p-md-3\">\n                        <h4 class=\"\">Hinweis<\/h4>\n                        <p>Englisch ist Unterrichtssprache und deren Kenntnis wird als erforderlich vorausgesetzt.<\/p>\n\n                    <\/div>\n                <\/div>\n            <\/div>\n        <\/div>\n    <\/div>\n<\/div>\n\n","protected":false},"excerpt":{"rendered":"<p>Diese Voraussetzungen m\u00fcssen Sie f\u00fcr die Teilnahme am Lehrgang erf\u00fcllen.<\/p>\n","protected":false},"author":11,"featured_media":0,"parent":10000032,"menu_order":9,"comment_status":"closed","ping_status":"closed","template":"","meta":{"_acf_changed":false,"footnotes":""},"acf":[],"aioseo_notices":[],"_links":{"self":[{"href":"https:\/\/www.fh-joanneum.at\/strategic-experience-design\/postgraduate\/wp-json\/wp\/v2\/pages\/10000034"}],"collection":[{"href":"https:\/\/www.fh-joanneum.at\/strategic-experience-design\/postgraduate\/wp-json\/wp\/v2\/pages"}],"about":[{"href":"https:\/\/www.fh-joanneum.at\/strategic-experience-design\/postgraduate\/wp-json\/wp\/v2\/types\/page"}],"author":[{"embeddable":true,"href":"https:\/\/www.fh-joanneum.at\/strategic-experience-design\/postgraduate\/wp-json\/wp\/v2\/users\/11"}],"replies":[{"embeddable":true,"href":"https:\/\/www.fh-joanneum.at\/strategic-experience-design\/postgraduate\/wp-json\/wp\/v2\/comments?post=10000034"}],"version-history":[{"count":0,"href":"https:\/\/www.fh-joanneum.at\/strategic-experience-design\/postgraduate\/wp-json\/wp\/v2\/pages\/10000034\/revisions"}],"up":[{"embeddable":true,"href":"https:\/\/www.fh-joanneum.at\/strategic-experience-design\/postgraduate\/wp-json\/wp\/v2\/pages\/10000032"}],"wp:attachment":[{"href":"https:\/\/www.fh-joanneum.at\/strategic-experience-design\/postgraduate\/wp-json\/wp\/v2\/media?parent=10000034"}],"curies":[{"name":"wp","href":"https:\/\/api.w.org\/{rel}","templated":true}]}}