{"id":10000015,"date":"2020-12-01T13:57:40","date_gmt":"2020-12-01T12:57:40","guid":{"rendered":"https:\/\/www.fh-joanneum.at\/studienbefaehigungslehrgang\/certificate_programme\/?page_id=15"},"modified":"2025-11-10T13:34:19","modified_gmt":"2025-11-10T12:34:19","slug":"der-lehrgang","status":"publish","type":"page","link":"https:\/\/www.fh-joanneum.at\/studienbefaehigungslehrgang\/certificate_programme\/im-lehrgang\/der-lehrgang\/","title":{"rendered":"Der Lehrgang"},"content":{"rendered":"<div id=\"\" class=\"wp-block-text-content margin-bottom-none\">\n    <div class=\"container-lg\">\n        <div class=\"row\">\n            <div class=\"col\">\n                <div class=\"module-migration-headline\">\n<h3>Weiterbildung<\/h3>\n<\/div>\n\n            <\/div>\n        <\/div>\n            <\/div>\n<\/div>\n\n\n<div id=\"\" class=\"wp-block-text-content margin-bottom-normal\">\n    <div class=\"container-lg\">\n        <div class=\"row\">\n            <div class=\"col\">\n                <p>Ohne Matura zu studieren ist m&ouml;glich: Berufsbegleitend bereitet der Studienbef&auml;higungslehrgang die Teilnehmenden gezielt auf ein technisches, sozial- oder wirtschaftswissenschaftliches, oder gestalterisches Studium vor. Bewerber:innen mit einschl&auml;giger beruflicher Qualifikation durch den Abschluss einer Lehre oder einer berufsbildenden mittleren Schule besuchen zwei Semester lang abends und zum Teil in Blockseminaren an Samstagen den Studienbef&auml;higungslehrgang.<\/p>\n<p>So absolvieren sie die erforderlichen Zusatzpr&uuml;fungen und k&ouml;nnen direkt nach dem Abschluss des Lehrgangs und der erfolgreichen Absolvierung des Aufnahmeverfahrens einen der folgenden Studieng&auml;nge bzw. Lehrg&auml;nge an der FH JOANNEUM besuchen:<\/p>\n<h6>Department Angewandte Informatik<\/h6>\n<ul>\n<li><a href=\"https:\/\/www.fh-joanneum.at\/gesundheitsinformatik\/bachelor\/\">Gesundheitsinformatik \/ eHealth<\/a><\/li>\n<li><a href=\"https:\/\/www.fh-joanneum.at\/mobile-software-development\/bachelor\/\">Mobile Software Development<\/a><\/li>\n<li><a href=\"https:\/\/www.fh-joanneum.at\/internettechnik\/bachelor\/\">Software Design and Cloud Computing (Vollzeit)<\/a><\/li>\n<li><a href=\"https:\/\/www.fh-joanneum.at\/software-design\/bachelor\/\">Software Design and Cloud Computing (berufsbegleitend)<\/a><\/li>\n<li><a href=\"https:\/\/www.fh-joanneum.at\/informationsmanagement\/bachelor\/\">Wirtschaftsinformatik<\/a><\/li>\n<\/ul>\n<h6>Department Bauen, Umwelt und Gesellschaft<\/h6>\n<ul>\n<li><a href=\"https:\/\/www.fh-joanneum.at\/bauplanung-und-bauwirtschaft\/bachelor\/\">Bauplanung und Bauwirtschaft<\/a><\/li>\n<li><a href=\"https:\/\/www.fh-joanneum.at\/energie-verkehrs-und-umweltmanagement\/bachelor\/\">Umweltmanagement (VZ)<\/a><\/li>\n<li><a href=\"https:\/\/www.fh-joanneum.at\/umweltmanagement\/bachelor\/\">Umweltmanagement (BB)<\/a><\/li>\n<li><a href=\"https:\/\/www.fh-joanneum.at\/soziale-arbeit\/bachelor\/\">Soziale Arbeit<\/a><\/li>\n<\/ul>\n<h6>Department Technik<\/h6>\n<ul>\n<li><a href=\"https:\/\/www.fh-joanneum.at\/elektronik-und-computer-engineering\/bachelor\/\">Elektronik und Computer Engineering <\/a><\/li>\n<li><a href=\"https:\/\/www.fh-joanneum.at\/fahrzeugtechnik\/bachelor\/\">Fahrzeugtechnik \/ Automotive Engineering <\/a><\/li>\n<li><a href=\"https:\/\/www.fh-joanneum.at\/industrielle-mechatronik\/bachelor\/\">Industrielle Mechatronik<\/a><\/li>\n<li><a href=\"https:\/\/www.fh-joanneum.at\/luftfahrt\/bachelor\/\">Luftfahrt \/ Aviation <\/a><\/li>\n<li><a href=\"https:\/\/www.fh-joanneum.at\/nachhaltiges-lebensmittelmanagement\/bachelor\/\">Nachhaltiges Lebensmittelmanagement<\/a><\/li>\n<li><a href=\"https:\/\/www.fh-joanneum.at\/produktionstechnik\/bachelor\/\">Produktionstechnik und Organisation <\/a><\/li>\n<\/ul>\n<h6>Department Gesundheitsstudien<\/h6>\n<ul>\n<li><a href=\"https:\/\/www.fh-joanneum.at\/gesundheits-und-krankenpflege\/bachelor\/\" target=\"_blank\" rel=\"noopener\">Gesundheits- und Krankenpflege**<\/a><\/li>\n<li><a href=\"https:\/\/www.fh-joanneum.at\/dgkp-upgrade\/certificate_programme\/\">DGKP-Upgrade<\/a><\/li>\n<\/ul>\n<p>**Der Studienbef&auml;higungslehrgang f&uuml;r Gesundheits- und Krankenpflege ist nur mit folgenden beruflichen Qualifikationen m&ouml;glich: Dipl. Gesundheits- und Krankenpfleger:in, Dipl. medizinisch technische Fachkraft, Dipl. medizinische:r Fachassistent:in, Heilmasseur:in, Pflegehilfe, Pflegeassistenz, Pflegefachassistenz<\/p>\n<h6>Department Management und Business<\/h6>\n<ul>\n<li><a href=\"https:\/\/www.fh-joanneum.at\/bank-und-versicherungswirtschaft\/bachelor\/\">Bank- , Versicherungs- und Finanzwirtschaft<\/a><\/li>\n<li><a href=\"https:\/\/www.fh-joanneum.at\/industriewirtschaft\/bachelor\/\">Industrial Management (Vollzeit)<\/a><\/li>\n<li><a href=\"https:\/\/www.fh-joanneum.at\/industriewirtschaft\/berufsbegleitend\/\">Industrial Management (berufsbegleitend)<\/a><\/li>\n<li><a href=\"https:\/\/www.fh-joanneum.at\/gesundheitsmanagement-im-tourismus\/bachelor\/\">Gesundheits- und Tourismusmanagement<\/a><\/li>\n<li><a href=\"https:\/\/www.fh-joanneum.at\/management-internationaler-geschaeftsprozesse\/bachelor\/\">Internationales Management<\/a><\/li>\n<li><a href=\"https:\/\/www.fh-joanneum.at\/sportmanagement-und-training\/postgraduate\/\">Sportmanagement und Training<\/a><\/li>\n<\/ul>\n<h6>Department Medien und&nbsp; Design<\/h6>\n<ul>\n<li><a href=\"https:\/\/www.fh-joanneum.at\/industrial-design\/bachelor\/\">Industrial Design<\/a><\/li>\n<li><a href=\"https:\/\/www.fh-joanneum.at\/informationsdesign\/bachelor\/\">Informationsdesign<\/a><\/li>\n<\/ul>\n\n            <\/div>\n        <\/div>\n            <\/div>\n<\/div>\n\n\n<div\n    id=\"\"\n    class=\"wp-block-tipp-box margin-bottom-normal\"\n>\n    <div class=\"container-lg\">\n        <div class=\"row\">\n            <div class=\"col\">\n                <div class=\"tipp-box border border-warning\">\n                    <div class=\"tipp-box-inner p-2 p-md-3\">\n                        <h4 class=\"\">Tipp<\/h4>\n                        <p>Detaillierte Informationen zur Studienberechtigung finden Sie auf der Website des <a href=\"http:\/\/www.fh-joanneum.at\/studium\/\">jeweiligen Studiengangs<\/a> unter dem Men\u00fcpunkt <strong>Voraussetzungen.<\/strong><\/p>\n\n                    <\/div>\n                <\/div>\n            <\/div>\n        <\/div>\n    <\/div>\n<\/div>\n\n\n<div\n    id=\"\"\n    class=\"wp-block-tipp-box margin-bottom-normal\"\n>\n    <div class=\"container-lg\">\n        <div class=\"row\">\n            <div class=\"col\">\n                <div class=\"tipp-box border border-warning\">\n                    <div class=\"tipp-box-inner p-2 p-md-3\">\n                        <h4 class=\"\">Tipp<\/h4>\n                        <p>Der Studienbef\u00e4higungslehrgang f\u00fcr Personen ohne Studienberechtigung und das <a href=\"https:\/\/www.fh-joanneum.at\/topics\/mathematik-warm-up\/\">Mathematik Warm-up<\/a> bereiten Sie ideal auf Ihr Studium vor.<\/p>\n\n                    <\/div>\n                <\/div>\n            <\/div>\n        <\/div>\n    <\/div>\n<\/div>\n\n\n<div id=\"\" class=\"wp-block-text-content margin-bottom-normal\">\n    <div class=\"container-lg\">\n        <div class=\"row\">\n            <div class=\"col\">\n                <h4>Lehrinhalte<\/h4>\n<p>Folgende F&auml;cher werden im Studienbef&auml;higungslehrgang angeboten:<br>\nDeutsch, Englisch, Mathematik 1, Mathematik 2 und Physik.<\/p>\n<p>Je nach Studiengang bzw. Lehrgang absolvieren die Teilnehmer:innen F&auml;cher im Ausma&szlig; von 3 bis 32,5 ECTS.<\/p>\n<h4>Kurszeiten und Veranstaltungsort<\/h4>\n<p>Der berufsbegleitende Studienbef&auml;higungslehrgang wird an der FH JOANNEUM in Graz angeboten. Der Pr&auml;senzunterricht findet an drei bis vier Abenden pro Woche (&uuml;blicherweise von 17:30 &ndash; 20:30 Uhr) und zum Teil in Form von Blockseminaren an Samstagen statt.<\/p>\n\n            <\/div>\n        <\/div>\n            <\/div>\n<\/div>\n\n\n<div\n    id=\"\"\n    class=\"wp-block-tipp-box margin-bottom-normal\"\n>\n    <div class=\"container-lg\">\n        <div class=\"row\">\n            <div class=\"col\">\n                <div class=\"tipp-box border border-info\">\n                    <div class=\"tipp-box-inner p-2 p-md-3\">\n                        <h4 class=\"\">Hinweis<\/h4>\n                        <p>Der Studienbef\u00e4higungslehrgang muss vor Aufnahme eines Studiums an der FH JOANNEUM absolviert werden. Es ist daher nicht m\u00f6glich den Studienbef\u00e4higungslehrgang gleichzeitig mit einem Studium zu beginnen.<\/p>\n\n                    <\/div>\n                <\/div>\n            <\/div>\n        <\/div>\n    <\/div>\n<\/div>\n\n\n<div\n    id=\"\"\n    class=\"wp-block-downloads margin-bottom-normal\"\n>\n    <div class=\"container-lg\">\n        <div class=\"row\">\n                                                                        <div class=\"col-12 col-md-6 mb-4\">\n                            <a\n                                download\n                                href=\"https:\/\/cdn3.fh-joanneum.at\/media\/sites\/87\/2024\/06\/SBL_Folder_6-seiter-web.pdf\"\n                                target=\"_blank\"\n                                class=\"d-block text-decoration-none major-text-color-hover border p-2\"\n                            >\n                                <div class=\"d-flex align-items-center\">\n                                    <?xml version=\"1.0\" encoding=\"UTF-8\"?>\n<svg class=\"me-2 flex-shrink-0\" xmlns=\"http:\/\/www.w3.org\/2000\/svg\"  width=\"44\" height=\"48\" viewBox=\"0 0 512 512\">\n      <path d=\"m21 53l0 406c0 29 24 53 54 53l170 0c6 0 11-5 11-11 0-6-5-10-11-10l-170 0c-18 0-32-15-32-32l0-363c9 7 20 11 32 11l352 0 0 128c0 6 4 10 10 10 6 0 11-4 11-10l0-150-373 0c-18 0-32-14-32-32 0-17 14-32 32-32l362 0c6 0 11-4 11-10 0-6-5-11-11-11l-362 0c-30 0-54 24-54 53z m342 459c-71 0-128-57-128-128 0-71 57-128 128-128 70 0 128 57 128 128 0 71-58 128-128 128z m-8-67c0 0 0 0 0 0l-43-43c-4-4-4-11 0-15 5-4 11-4 16 0l24 25 0-81c0-6 5-11 11-11 6 0 10 5 10 11l0 81 25-25c4-4 11-4 15 0 4 4 4 11 0 15l-43 43c0 0 0 0 0 0l-7 7z m8-168c-59 0-107 48-107 107 0 59 48 107 107 107 58 0 106-48 106-107 0-59-48-107-106-107z m-288-234l0 21 352 0 0-21z\"\/>\n<\/svg>                                    <div class=\"download-info\">\n                                        <span class=\"download-title fw-bold\">\n                                            Informationsfolder\n                                        <\/span>\n\n                                        <div class=\"download-meta\">\n                                            <span class=\"download-size\">1 MB<\/span>\n                                            <span class=\"download-cta\">PDF<\/span>\n                                        <\/div>\n                                    <\/div>\n                                <\/div>\n                            <\/a>\n                        <\/div>\n                                                        <\/div>\n    <\/div>\n<\/div>\n","protected":false},"excerpt":{"rendered":"<p>Was Sie im Lehrgang lernen, erfahren Sie hier.<\/p>\n","protected":false},"author":11,"featured_media":0,"parent":10000013,"menu_order":14,"comment_status":"closed","ping_status":"closed","template":"","meta":{"_acf_changed":false,"footnotes":""},"acf":[],"aioseo_notices":[],"_links":{"self":[{"href":"https:\/\/www.fh-joanneum.at\/studienbefaehigungslehrgang\/certificate_programme\/wp-json\/wp\/v2\/pages\/10000015"}],"collection":[{"href":"https:\/\/www.fh-joanneum.at\/studienbefaehigungslehrgang\/certificate_programme\/wp-json\/wp\/v2\/pages"}],"about":[{"href":"https:\/\/www.fh-joanneum.at\/studienbefaehigungslehrgang\/certificate_programme\/wp-json\/wp\/v2\/types\/page"}],"author":[{"embeddable":true,"href":"https:\/\/www.fh-joanneum.at\/studienbefaehigungslehrgang\/certificate_programme\/wp-json\/wp\/v2\/users\/11"}],"replies":[{"embeddable":true,"href":"https:\/\/www.fh-joanneum.at\/studienbefaehigungslehrgang\/certificate_programme\/wp-json\/wp\/v2\/comments?post=10000015"}],"version-history":[{"count":9,"href":"https:\/\/www.fh-joanneum.at\/studienbefaehigungslehrgang\/certificate_programme\/wp-json\/wp\/v2\/pages\/10000015\/revisions"}],"predecessor-version":[{"id":10000108,"href":"https:\/\/www.fh-joanneum.at\/studienbefaehigungslehrgang\/certificate_programme\/wp-json\/wp\/v2\/pages\/10000015\/revisions\/10000108"}],"up":[{"embeddable":true,"href":"https:\/\/www.fh-joanneum.at\/studienbefaehigungslehrgang\/certificate_programme\/wp-json\/wp\/v2\/pages\/10000013"}],"wp:attachment":[{"href":"https:\/\/www.fh-joanneum.at\/studienbefaehigungslehrgang\/certificate_programme\/wp-json\/wp\/v2\/media?parent=10000015"}],"curies":[{"name":"wp","href":"https:\/\/api.w.org\/{rel}","templated":true}]}}