{"id":10000038,"date":"2022-03-18T11:51:35","date_gmt":"2022-03-18T10:51:35","guid":{"rendered":"https:\/\/www.fh-joanneum.at\/studienvorbereitung-deutsch\/certificate_programme\/?page_id=38"},"modified":"2025-11-06T10:46:07","modified_gmt":"2025-11-06T09:46:07","slug":"voraussetzungen","status":"publish","type":"page","link":"https:\/\/www.fh-joanneum.at\/studienvorbereitung-deutsch\/certificate_programme\/vor-dem-lehrgang\/voraussetzungen\/","title":{"rendered":"Voraussetzungen"},"content":{"rendered":"<div id=\"\" class=\"wp-block-text-content margin-bottom-none\">\n    <div class=\"container-lg\">\n        <div class=\"row\">\n            <div class=\"col\">\n                <div class=\"module-migration-headline\">\n<h3>Zugangsvoraussetzungen<\/h3>\n<\/div>\n\n            <\/div>\n        <\/div>\n            <\/div>\n<\/div>\n\n\n<div id=\"\" class=\"wp-block-text-content margin-bottom-normal\">\n    <div class=\"container-lg\">\n        <div class=\"row\">\n            <div class=\"col\">\n                <p>Um am Zertifikatslehrgang teilzunehmen, m&uuml;ssen Bewerber:innen:<\/p>\n<ul>\n<li>die Zugangsvoraussetzungen f&uuml;r den Studiengang erf&uuml;llen, f&uuml;r den sie sich bewerben m&ouml;chten.<\/li>\n<li>Deutschkenntnisse auf Niveau B1 anhand von international anerkannten Sprachzertifikaten (z. B. &Ouml;SD, Goethe-Zertifikat, telc, TestDaF) <span data-teams=\"true\">bis sp&auml;testens zu Bewerbungsfristende nachwiesen.&nbsp;<\/span><\/li>\n<\/ul>\n<p>Die Teilnehmer:innen schlie&szlig;en den Lehrgang mit einem Zertifikatszeugnis der FH JOANNEUM und der &Ouml;SD-Pr&uuml;fung &bdquo;Zertifikat Deutsch B2&ldquo; am internen &Ouml;SD-Pr&uuml;fungszentrum ab und erf&uuml;llen somit die sprachlichen Zugangsvoraussetzungen f&uuml;r die meisten deutschsprachigen Studieng&auml;nge der FH JOANNEUM. Die maximale Anzahl der Teilnehmer:innen betr&auml;gt 20.<\/p>\n<p>Bitte beachten Sie, dass wir f&uuml;r den Zertifikatslehrgang nur Bewerber:innen akzeptieren, die sich f&uuml;r ein Studium an der FH JOANNEUM bewerben m&ouml;chten, das ein B2-Zertifikat voraussetzt. Bewerber:innen f&uuml;r den Zertifikatslehrgang, bei denen als Voraussetzung Deutsch auf Niveau C1 gilt, k&ouml;nnen nicht ber&uuml;cksichtigt werden.<\/p>\n<p>Bei deutsch- und englischsprachigen Studieng&auml;ngen werden zus&auml;tzlich Englischkenntnisse zumindest auf dem Niveau B2 gem&auml;&szlig; dem Europ&auml;ischen Referenzrahmen vorausgesetzt.<\/p>\n\n            <\/div>\n        <\/div>\n            <\/div>\n<\/div>\n\n\n<div id=\"\" class=\"wp-block-text-content margin-bottom-none\">\n    <div class=\"container-lg\">\n        <div class=\"row\">\n            <div class=\"col\">\n                <div class=\"module-migration-headline\">\n<h4>Studieng&auml;nge die Deutschkenntnisse auf Niveau B2 als Zugangsvoraussetzung verlangen<\/h4>\n<\/div>\n\n            <\/div>\n        <\/div>\n            <\/div>\n<\/div>\n\n\n<div\n    id=\"\"\n    class=\"wp-block-akkordeon margin-bottom-normal\"\n>\n    <div class=\"container-lg\">\n        <div class=\"row\">\n                                                <div class=\"col-12\">\n                        <h3 class=\"mb-0\"><\/h3>\n\n                                                                                                                    <div class=\"accordion-element-accordion\">\n                                    <a\n                                        data-bs-toggle=\"collapse\"\n                                        class=\"arrow-link large-arrow py-3 pe-1 d-block border-bottom collapsed\"\n                                        href=\"#accordion-1081386008\"\n                                    >\n                                        <h4\n                                            class=\"accordion-title mb-0 d-flex align-items-center justify-content-between\">\n                                            <span>Bachelorstudieng\u00e4nge<\/span>\n                                            <svg width=\"12\" height=\"24\" viewBox=\"0 0 9 15\" fill=\"none\" xmlns=\"http:\/\/www.w3.org\/2000\/svg\">\n<path id=\"accordion_chevron\" d=\"M1.5 1.5L7.5 7.5L1.5 13.5\" stroke=\"currentColor\" stroke-width=\"1.5\" stroke-linecap=\"round\"\/>\n<\/svg>                                            <\/h5>\n                                    <\/a>\n                                    <div\n                                        class=\"collapse content-wrapper mt-4\"\n                                        id=\"accordion-1081386008\"\n                                    >\n                                        <p><strong>Sie k\u00f6nnen einen der folgenden Bachelorstudieng\u00e4nge ausw\u00e4hlen:<\/strong><\/p>\n<ul>\n<li><a href=\"https:\/\/www.fh-joanneum.at\/bauplanung-und-bauwirtschaft\/bachelor\/\">Bauplanung und Bauwirtschaft<\/a><\/li>\n<li><a href=\"https:\/\/www.fh-joanneum.at\/biomedizinische-analytik\/bachelor\/\">Biomedizinische Analytik<\/a><\/li>\n<li><a href=\"https:\/\/www.fh-joanneum.at\/diaetologie\/bachelor\/\/\">Di\u00e4tologie<\/a><\/li>\n<li><a href=\"https:\/\/www.fh-joanneum.at\/elektronik-und-computer-engineering\/bachelor\/\">Elektronik und Computer Engineering<\/a><\/li>\n<li><a href=\"https:\/\/www.fh-joanneum.at\/energie-mobilitaets-und-umweltmanagement\/bachelor\/\/\">Energie-, Mobilit\u00e4ts- und Umweltmanagement<\/a><\/li>\n<li><a href=\"https:\/\/www.fh-joanneum.at\/ergotherapie\/bachelor\/\/\">Ergotherapie<\/a><\/li>\n<li><a href=\"https:\/\/www.fh-joanneum.at\/gesundheitsinformatik\/bachelor\/\/\">Gesundheitsinformatik \/ eHealth<\/a><\/li>\n<li><a href=\"https:\/\/www.fh-joanneum.at\/gesundheitsmanagement-im-tourismus\/bachelor\/\">Gesundheitsmanagement im Tourismus<\/a><\/li>\n<li><a href=\"https:\/\/www.fh-joanneum.at\/gesundheits-und-krankenpflege\/bachelor\/\">Gesundheits- und Krankenpflege<\/a><\/li>\n<li><a href=\"https:\/\/www.fh-joanneum.at\/hebammen\/bachelor\/\/\">Hebammen<\/a><\/li>\n<li><a href=\"https:\/\/www.fh-joanneum.at\/industrial-design\/bachelor\/\">Industrial Design<\/a><\/li>\n<li><a href=\"https:\/\/www.fh-joanneum.at\/industrielle-mechatronik\/bachelor\/\">Industrielle Mechatronik<\/a><\/li>\n<li><a href=\"https:\/\/www.fh-joanneum.at\/industriewirtschaft\/bachelor\/\">Industrial Management (Vollzeit)<\/a><\/li>\n<li><a href=\"https:\/\/www.fh-joanneum.at\/industriewirtschaft\/berufsbegleitend\/\">Industrial Management (Berufsbegleitend)<\/a><\/li>\n<li><a href=\"https:\/\/www.fh-joanneum.at\/informationsdesign\/bachelor\/\">Informationsdesign<\/a><\/li>\n<li><a href=\"https:\/\/www.fh-joanneum.at\/journalismus-und-public-relations\/bachelor\/\">Journalismus und Public Relations (PR)<\/a><\/li>\n<li><a href=\"https:\/\/www.fh-joanneum.at\/luftfahrt\/bachelor\/\">Luftfahrt \/ Aviation<\/a><\/li>\n<li><a href=\"https:\/\/www.fh-joanneum.at\/management-internationaler-geschaeftsprozesse\/bachelor\/\/\">Management internationaler Gesch\u00e4ftsprozesse<\/a><\/li>\n<li><a href=\"https:\/\/www.fh-joanneum.at\/mobile-software-development\/bachelor\/\/\">Mobile Software Development<\/a><\/li>\n<li><a href=\"https:\/\/www.fh-joanneum.at\/nachhaltiges-lebensmittelmanagement\/bachelor\/\">Nachhaltiges Lebensmittelmanagement<\/a><\/li>\n<li><a href=\"https:\/\/www.fh-joanneum.at\/physiotherapie\/bachelor\/\">Physiotherapie<\/a><\/li>\n<li><a href=\"https:\/\/www.fh-joanneum.at\/produktionstechnik\/bachelor\/\">Produktionstechnik und Organisation<\/a><\/li>\n<li><a href=\"https:\/\/www.fh-joanneum.at\/internettechnik\/bachelor\/\/\">Software Design and Cloud Computing (Vollzeit)<\/a><\/li>\n<li><a href=\"https:\/\/www.fh-joanneum.at\/software-design\/bachelor\/\/\">Software Design and Cloud Computing (Berufsbegleitend)<\/a><\/li>\n<li><a href=\"https:\/\/www.fh-joanneum.at\/soziale-arbeit\/bachelor\/\/\">Soziale Arbeit<\/a><\/li>\n<li><a href=\"https:\/\/www.fh-joanneum.at\/informationsmanagement\/bachelor\/\/\">Wirtschaftsinformatik<\/a><\/li>\n<\/ul>\n\n                                    <\/div>\n                                <\/div>\n                                                                                            <div class=\"accordion-element-accordion\">\n                                    <a\n                                        data-bs-toggle=\"collapse\"\n                                        class=\"arrow-link large-arrow py-3 pe-1 d-block border-bottom collapsed\"\n                                        href=\"#accordion-1551745971\"\n                                    >\n                                        <h4\n                                            class=\"accordion-title mb-0 d-flex align-items-center justify-content-between\">\n                                            <span>Masterstudieng\u00e4nge<\/span>\n                                            <svg width=\"12\" height=\"24\" viewBox=\"0 0 9 15\" fill=\"none\" xmlns=\"http:\/\/www.w3.org\/2000\/svg\">\n<path id=\"accordion_chevron\" d=\"M1.5 1.5L7.5 7.5L1.5 13.5\" stroke=\"currentColor\" stroke-width=\"1.5\" stroke-linecap=\"round\"\/>\n<\/svg>                                            <\/h5>\n                                    <\/a>\n                                    <div\n                                        class=\"collapse content-wrapper mt-4\"\n                                        id=\"accordion-1551745971\"\n                                    >\n                                        <p><strong>Sie k\u00f6nnen einen der folgenden Masterstudieng\u00e4nge ausw\u00e4hlen:<\/strong><\/p>\n<ul>\n<li><a href=\"https:\/\/www.fh-joanneum.at\/architektur\/master\/\">Architektur<\/a><\/li>\n<li><a href=\"https:\/\/www.fh-joanneum.at\/ausstellungsdesign\/master\/\">Ausstellungsdesign<\/a><\/li>\n<li><a href=\"https:\/\/www.fh-joanneum.at\/baumanagement-und-ingenieurbau\/master\/\">Baumanagement und Ingenieurbau<\/a><\/li>\n<li>Business Informatics mit den Studienrichtungen:<\/li>\n<li><a href=\"https:\/\/www.fh-joanneum.at\/it-architecture\/master\/\/\">IT Architecture<\/a><\/li>\n<li><a href=\"https:\/\/www.fh-joanneum.at\/software-and-digital-experience-engineering\/master\/\/\">Software and Digital Experience Engineering<\/a><\/li>\n<li>Communication, Media, Sound and Interaction Design mit den Studienrichtungen:<\/li>\n<li><a href=\"https:\/\/www.fh-joanneum.at\/communication-design\/master\/\">Communication Design<\/a><\/li>\n<li><a href=\"https:\/\/www.fh-joanneum.at\/media-design\/master\/\">Media Design<\/a><\/li>\n<li><a href=\"https:\/\/www.fh-joanneum.at\/sound-design\/master\/\">Sound Design<\/a><\/li>\n<li><a href=\"https:\/\/www.fh-joanneum.at\/data-information-science\/master\/\/\">Data Science and Artificial Intelligence<\/a><\/li>\n<li><a href=\"https:\/\/www.fh-joanneum.at\/digital-entrepreneurship\/master\/\">Digital Entrepreneurship<\/a><\/li>\n<li><a href=\"https:\/\/www.fh-joanneum.at\/ehealth\/master\/\/\">eHealth<\/a><\/li>\n<li><a href=\"https:\/\/www.fh-joanneum.at\/engineering-and-production-management\/master\/\">Engineering and Production Management<\/a><\/li>\n<li>Gesundheits-, Tourismus- und Sportmanagement mit den Studienrichtungen:<\/li>\n<li><a href=\"https:\/\/www.fh-joanneum.at\/gesundheitsmanagement-und-public-health\/master\/\">Gesundheitsmanagement und Public Health<\/a><\/li>\n<li><a href=\"https:\/\/www.fh-joanneum.at\/gesundheitstourismus-und-freizeitmanagement\/master\/\">Gesundheitstourismus und Freizeitmanagement<\/a><\/li>\n<li><a href=\"https:\/\/www.fh-joanneum.at\/sport-und-eventmanagement\/master\/\">Sport- und Eventmanagement<\/a><\/li>\n<li><a href=\"https:\/\/www.fh-joanneum.at\/industrial-design\/master\/\">Industrial Design <\/a><\/li>\n<li><a href=\"https:\/\/www.fh-joanneum.at\/international-industrial-management\/master\/\">International Industrial Management (Vollzeit)<\/a><\/li>\n<li><a href=\"https:\/\/www.fh-joanneum.at\/international-industrial-management\/berufsbegleitend\/\">International Industrial Management (Berufsbegleitend)<\/a><\/li>\n<li><a href=\"https:\/\/www.fh-joanneum.at\/it-und-mobile-security\/master\/\/\">IT and Mobile Security<\/a><\/li>\n<li><a href=\"https:\/\/www.fh-joanneum.at\/it-recht-und-management\/master\/\/\">IT-Recht und Management<\/a><\/li>\n<li><a href=\"https:\/\/www.fh-joanneum.at\/lebensmittel-produkt-und-prozessentwicklung\/master\/\">Lebensmittel: Produkt- und Prozessentwicklung<\/a><\/li>\n<li><a href=\"https:\/\/www.fh-joanneum.at\/soziale-arbeit\/master\/\">Soziale Arbeit<\/a><\/li>\n<\/ul>\n\n                                    <\/div>\n                                <\/div>\n                                                                        <\/div>\n                                    <\/div>\n    <\/div>\n<\/div>\n\n\n<div id=\"\" class=\"wp-block-text-content margin-bottom-normal\">\n    <div class=\"container-lg\">\n        <div class=\"row\">\n            <div class=\"col\">\n                \n            <\/div>\n        <\/div>\n            <\/div>\n<\/div>\n\n\n<div\n    id=\"\"\n    class=\"wp-block-tipp-box margin-bottom-normal\"\n>\n    <div class=\"container-lg\">\n        <div class=\"row\">\n            <div class=\"col\">\n                <div class=\"tipp-box border border-info\">\n                    <div class=\"tipp-box-inner p-2 p-md-3\">\n                        <h4 class=\"\">Hinweis<\/h4>\n                        <p><strong>Alle Details zu den Zugangsvoraussetzungen finden sie auf der Website des jeweiligen Studiengangs unter dem Men\u00fcpunkt \u201eVor dem Studium\u201c.<\/strong> Das Studienangebot finden Sie <a href=\"https:\/\/www.fh-joanneum.at\/studium\/\">hier<\/a>.<\/p>\n\n                    <\/div>\n                <\/div>\n            <\/div>\n        <\/div>\n    <\/div>\n<\/div>\n","protected":false},"excerpt":{"rendered":"<p>Welche Voraussetzungen m\u00fcssen Sie f\u00fcr den Lehrgang erf\u00fcllen? Die Antworten auf diese Fragen geben wir Ihnen hier.<\/p>\n","protected":false},"author":11,"featured_media":0,"parent":10000036,"menu_order":11,"comment_status":"closed","ping_status":"closed","template":"","meta":{"_acf_changed":false,"footnotes":""},"acf":[],"aioseo_notices":[],"_links":{"self":[{"href":"https:\/\/www.fh-joanneum.at\/studienvorbereitung-deutsch\/certificate_programme\/wp-json\/wp\/v2\/pages\/10000038"}],"collection":[{"href":"https:\/\/www.fh-joanneum.at\/studienvorbereitung-deutsch\/certificate_programme\/wp-json\/wp\/v2\/pages"}],"about":[{"href":"https:\/\/www.fh-joanneum.at\/studienvorbereitung-deutsch\/certificate_programme\/wp-json\/wp\/v2\/types\/page"}],"author":[{"embeddable":true,"href":"https:\/\/www.fh-joanneum.at\/studienvorbereitung-deutsch\/certificate_programme\/wp-json\/wp\/v2\/users\/11"}],"replies":[{"embeddable":true,"href":"https:\/\/www.fh-joanneum.at\/studienvorbereitung-deutsch\/certificate_programme\/wp-json\/wp\/v2\/comments?post=10000038"}],"version-history":[{"count":3,"href":"https:\/\/www.fh-joanneum.at\/studienvorbereitung-deutsch\/certificate_programme\/wp-json\/wp\/v2\/pages\/10000038\/revisions"}],"predecessor-version":[{"id":10000164,"href":"https:\/\/www.fh-joanneum.at\/studienvorbereitung-deutsch\/certificate_programme\/wp-json\/wp\/v2\/pages\/10000038\/revisions\/10000164"}],"up":[{"embeddable":true,"href":"https:\/\/www.fh-joanneum.at\/studienvorbereitung-deutsch\/certificate_programme\/wp-json\/wp\/v2\/pages\/10000036"}],"wp:attachment":[{"href":"https:\/\/www.fh-joanneum.at\/studienvorbereitung-deutsch\/certificate_programme\/wp-json\/wp\/v2\/media?parent=10000038"}],"curies":[{"name":"wp","href":"https:\/\/api.w.org\/{rel}","templated":true}]}}