{"id":10000039,"date":"2022-03-18T12:05:58","date_gmt":"2022-03-18T11:05:58","guid":{"rendered":"https:\/\/www.fh-joanneum.at\/studienvorbereitung-deutsch\/certificate_programme\/?page_id=39"},"modified":"2025-09-22T13:44:28","modified_gmt":"2025-09-22T11:44:28","slug":"bewerbung-aufnahme","status":"publish","type":"page","link":"https:\/\/www.fh-joanneum.at\/studienvorbereitung-deutsch\/certificate_programme\/vor-dem-lehrgang\/bewerbung-aufnahme\/","title":{"rendered":"Bewerbung und Aufnahme"},"content":{"rendered":"<div id=\"\" class=\"wp-block-text-content margin-bottom-none\">\n    <div class=\"container-lg\">\n        <div class=\"row\">\n            <div class=\"col\">\n                <div class=\"module-migration-headline\">\n<h3>Bewerbung <\/h3>\n<\/div>\n\n            <\/div>\n        <\/div>\n            <\/div>\n<\/div>\n\n\n<div id=\"\" class=\"wp-block-text-content margin-bottom-normal\">\n    <div class=\"container-lg\">\n        <div class=\"row\">\n            <div class=\"col\">\n                <p>Studieninteressierte, die die Zugangsvoraussetzungen erf&uuml;llen, k&ouml;nnen sich f&uuml;r den Zertifikatslehrgang mit Angabe des angestrebten Studiengangs bewerben. Hier finden Sie eine Auflistung der Studieng&auml;nge, die Deutschkenntnisse auf Niveau B2 als Zugangsvoraussetzung verlangen.<\/p>\n\n            <\/div>\n        <\/div>\n            <\/div>\n<\/div>\n\n\n<div\n    id=\"\"\n    class=\"wp-block-akkordeon margin-bottom-normal\"\n>\n    <div class=\"container-lg\">\n        <div class=\"row\">\n                                                <div class=\"col-12\">\n                        <h3 class=\"mb-0\"><\/h3>\n\n                                                                                                                    <div class=\"accordion-element-accordion\">\n                                    <a\n                                        data-bs-toggle=\"collapse\"\n                                        class=\"arrow-link large-arrow py-3 pe-1 d-block border-bottom collapsed\"\n                                        href=\"#accordion-621467710\"\n                                    >\n                                        <h4\n                                            class=\"accordion-title mb-0 d-flex align-items-center justify-content-between\">\n                                            <span>Bachelorstudieng\u00e4nge<\/span>\n                                            <svg width=\"12\" height=\"24\" viewBox=\"0 0 9 15\" fill=\"none\" xmlns=\"http:\/\/www.w3.org\/2000\/svg\">\n<path id=\"accordion_chevron\" d=\"M1.5 1.5L7.5 7.5L1.5 13.5\" stroke=\"currentColor\" stroke-width=\"1.5\" stroke-linecap=\"round\"\/>\n<\/svg>                                            <\/h5>\n                                    <\/a>\n                                    <div\n                                        class=\"collapse content-wrapper mt-4\"\n                                        id=\"accordion-621467710\"\n                                    >\n                                        <p><strong>Sie k\u00f6nnen einen der folgenden Bachelorstudieng\u00e4nge ausw\u00e4hlen:<\/strong><\/p>\n<ul>\n<li><a href=\"https:\/\/www.fh-joanneum.at\/bauplanung-und-bauwirtschaft\/bachelor\/\">Bauplanung und Bauwirtschaft<\/a><\/li>\n<li><a href=\"https:\/\/www.fh-joanneum.at\/diaetologie\/bachelor\/\/\">Di\u00e4tologie<\/a><\/li>\n<li><a href=\"https:\/\/www.fh-joanneum.at\/elektronik-und-computer-engineering\/bachelor\/\">Elektronik und Computer Engineering<\/a><\/li>\n<li><a href=\"https:\/\/www.fh-joanneum.at\/energie-mobilitaets-und-umweltmanagement\/bachelor\/\/\">Energie-, Mobilit\u00e4ts- und Umweltmanagement<\/a><\/li>\n<li><a href=\"https:\/\/www.fh-joanneum.at\/ergotherapie\/bachelor\/\/\">Ergotherapie<\/a><\/li>\n<li><a href=\"https:\/\/www.fh-joanneum.at\/gesundheitsinformatik\/bachelor\/\/\">Gesundheitsinformatik \/ eHealth<\/a><\/li>\n<li><a href=\"https:\/\/www.fh-joanneum.at\/gesundheitsmanagement-im-tourismus\/bachelor\/\">Gesundheitsmanagement im Tourismus<\/a><\/li>\n<li><a href=\"https:\/\/www.fh-joanneum.at\/gesundheits-und-krankenpflege\/bachelor\/\">Gesundheits- und Krankenpflege<\/a><\/li>\n<li><a href=\"https:\/\/www.fh-joanneum.at\/hebammen\/bachelor\/\/\">Hebammen<\/a><\/li>\n<li><a href=\"https:\/\/www.fh-joanneum.at\/industrial-design\/bachelor\/\">Industrial Design<\/a><\/li>\n<li><a href=\"https:\/\/www.fh-joanneum.at\/industrielle-mechatronik\/bachelor\/\">Industrielle Mechatronik<\/a><\/li>\n<li><a href=\"https:\/\/www.fh-joanneum.at\/industriewirtschaft\/bachelor\/\">Industrial Management (Vollzeit)<\/a><\/li>\n<li><a href=\"https:\/\/www.fh-joanneum.at\/industriewirtschaft\/berufsbegleitend\/\">Industrial Management (Berufsbegleitend)<\/a><\/li>\n<li><a href=\"https:\/\/www.fh-joanneum.at\/informationsdesign\/bachelor\/\">Informationsdesign<\/a><\/li>\n<li><a href=\"https:\/\/www.fh-joanneum.at\/journalismus-und-public-relations\/bachelor\/\">Journalismus und Public Relations (PR)<\/a><\/li>\n<li><a href=\"https:\/\/www.fh-joanneum.at\/luftfahrt\/bachelor\/\">Luftfahrt \/ Aviation<\/a><\/li>\n<li><a href=\"https:\/\/www.fh-joanneum.at\/management-internationaler-geschaeftsprozesse\/bachelor\/\/\">Management internationaler Gesch\u00e4ftsprozesse<\/a><\/li>\n<li><a href=\"https:\/\/www.fh-joanneum.at\/mobile-software-development\/bachelor\/\/\">Mobile Software Development<\/a><\/li>\n<li><a href=\"https:\/\/www.fh-joanneum.at\/nachhaltiges-lebensmittelmanagement\/bachelor\/\">Nachhaltiges Lebensmittelmanagement<\/a><\/li>\n<li><a href=\"https:\/\/www.fh-joanneum.at\/produktionstechnik\/bachelor\/\">Produktionstechnik und Organisation<\/a><\/li>\n<li><a href=\"https:\/\/www.fh-joanneum.at\/internettechnik\/bachelor\/\/\">Software Design and Cloud Computing (Vollzeit)<\/a><\/li>\n<li><a href=\"https:\/\/www.fh-joanneum.at\/software-design\/bachelor\/\/\">Software Design and Cloud Computing (Berufsbegleitend)<\/a><\/li>\n<li><a href=\"https:\/\/www.fh-joanneum.at\/soziale-arbeit\/bachelor\/\/\">Soziale Arbeit<\/a><\/li>\n<li><a href=\"https:\/\/www.fh-joanneum.at\/informationsmanagement\/bachelor\/\/\">Wirtschaftsinformatik<\/a><\/li>\n<\/ul>\n\n                                    <\/div>\n                                <\/div>\n                                                                                            <div class=\"accordion-element-accordion\">\n                                    <a\n                                        data-bs-toggle=\"collapse\"\n                                        class=\"arrow-link large-arrow py-3 pe-1 d-block border-bottom collapsed\"\n                                        href=\"#accordion-1959388112\"\n                                    >\n                                        <h4\n                                            class=\"accordion-title mb-0 d-flex align-items-center justify-content-between\">\n                                            <span>Masterstudieng\u00e4nge<\/span>\n                                            <svg width=\"12\" height=\"24\" viewBox=\"0 0 9 15\" fill=\"none\" xmlns=\"http:\/\/www.w3.org\/2000\/svg\">\n<path id=\"accordion_chevron\" d=\"M1.5 1.5L7.5 7.5L1.5 13.5\" stroke=\"currentColor\" stroke-width=\"1.5\" stroke-linecap=\"round\"\/>\n<\/svg>                                            <\/h5>\n                                    <\/a>\n                                    <div\n                                        class=\"collapse content-wrapper mt-4\"\n                                        id=\"accordion-1959388112\"\n                                    >\n                                        <p><strong>Sie k\u00f6nnen einen der folgenden Masterstudieng\u00e4nge ausw\u00e4hlen:<\/strong><\/p>\n<ul>\n<li><a href=\"https:\/\/www.fh-joanneum.at\/architektur\/master\/\">Architektur<\/a><\/li>\n<li><a href=\"https:\/\/www.fh-joanneum.at\/ausstellungsdesign\/master\/\">Ausstellungsdesign<\/a><\/li>\n<li><a href=\"https:\/\/www.fh-joanneum.at\/baumanagement-und-ingenieurbau\/master\/\">Baumanagement und Ingenieurbau<\/a><\/li>\n<li>Business Informatics mit den Studienrichtungen:<\/li>\n<li><a href=\"https:\/\/www.fh-joanneum.at\/it-architecture\/master\/\/\">IT Architecture<\/a><\/li>\n<li><a href=\"https:\/\/www.fh-joanneum.at\/software-and-digital-experience-engineering\/master\/\/\">Software and Digital Experience Engineering<\/a><\/li>\n<li>Communication, Media, Sound and Interaction Design mit den Studienrichtungen:<\/li>\n<li><a href=\"https:\/\/www.fh-joanneum.at\/communication-design\/master\/\">Communication Design<\/a><\/li>\n<li><a href=\"https:\/\/www.fh-joanneum.at\/media-design\/master\/\">Media Design<\/a><\/li>\n<li><a href=\"https:\/\/www.fh-joanneum.at\/sound-design\/master\/\">Sound Design<\/a><\/li>\n<li><a href=\"https:\/\/www.fh-joanneum.at\/data-information-science\/master\/\/\">Data Science and Artificial Intelligence<\/a><\/li>\n<li><a href=\"https:\/\/www.fh-joanneum.at\/digital-entrepreneurship\/master\/\">Digital Entrepreneurship<\/a><\/li>\n<li><a href=\"https:\/\/www.fh-joanneum.at\/ehealth\/master\/\/\">eHealth<\/a><\/li>\n<li><a href=\"https:\/\/www.fh-joanneum.at\/engineering-and-production-management\/master\/\">Engineering and Production Management<\/a><\/li>\n<li>Gesundheits-, Tourismus- und Sportmanagement mit den Studienrichtungen:<\/li>\n<li><a href=\"https:\/\/www.fh-joanneum.at\/gesundheitsmanagement-und-public-health\/master\/\">Gesundheitsmanagement und Public Health<\/a><\/li>\n<li><a href=\"https:\/\/www.fh-joanneum.at\/gesundheitstourismus-und-freizeitmanagement\/master\/\">Gesundheitstourismus und Freizeitmanagement<\/a><\/li>\n<li><a href=\"https:\/\/www.fh-joanneum.at\/sport-und-eventmanagement\/master\/\">Sport- und Eventmanagement<\/a><\/li>\n<li><a href=\"https:\/\/www.fh-joanneum.at\/industrial-design\/master\/\">Industrial Design <\/a><\/li>\n<li><a href=\"https:\/\/www.fh-joanneum.at\/international-industrial-management\/master\/\">International Industrial Management (Vollzeit)<\/a><\/li>\n<li><a href=\"https:\/\/www.fh-joanneum.at\/international-industrial-management\/berufsbegleitend\/\">International Industrial Management (Berufsbegleitend)<\/a><\/li>\n<li><a href=\"https:\/\/www.fh-joanneum.at\/it-und-mobile-security\/master\/\/\">IT and Mobile Security<\/a><\/li>\n<li><a href=\"https:\/\/www.fh-joanneum.at\/it-recht-und-management\/master\/\/\">IT-Recht und Management<\/a><\/li>\n<li><a href=\"https:\/\/www.fh-joanneum.at\/lebensmittel-produkt-und-prozessentwicklung\/master\/\">Lebensmittel: Produkt- und Prozessentwicklung<\/a><\/li>\n<li><a href=\"https:\/\/www.fh-joanneum.at\/soziale-arbeit\/master\/\">Soziale Arbeit<\/a><\/li>\n<\/ul>\n\n                                    <\/div>\n                                <\/div>\n                                                                        <\/div>\n                                    <\/div>\n    <\/div>\n<\/div>\n\n\n\n\n<div id=\"\" class=\"wp-block-text-content margin-bottom-normal\">\n    <div class=\"container-lg\">\n        <div class=\"row\">\n            <div class=\"col\">\n                <h4>Bewerbungsunterlagen<\/h4>\n<h6>Unterlagen f&uuml;r Bachelorstudieng&auml;nge:<\/h6>\n<ul>\n<li>signiertes Bewerbungsschreiben \/ Motivationsschreiben<\/li>\n<li>signierter Lebenslauf<\/li>\n<li>Nachweis der allgemeinen Hochschulreife oder Studienberechtigungspr&uuml;fung &ndash;&nbsp;<strong>ausgenommen des Sprachnachweises Deutsch auf Niveau B2<\/strong><\/li>\n<li>Sprachnachweis Deutsch mindestens Niveau B1<\/li>\n<li>Sprachnachweis Englisch mindestens Niveau B2 bei deutsch- und englischsprachigen Studieng&auml;ngen<\/li>\n<li>Kopie des Staatsb&uuml;rgerschaftsnachweises oder des Reisepasses<\/li>\n<\/ul>\n<h6>Unterlagen f&uuml;r Masterstudieng&auml;nge:<\/h6>\n<ul>\n<li>signiertes Bewerbungsschreiben \/ Motivationsschreiben<\/li>\n<li>signierter Lebenslauf<\/li>\n<li>Nachweis &uuml;ber den Abschluss eines facheinschl&auml;gigen Bachelorstudiums oder einer gleichwertigen Ausbildung<\/li>\n<li>Erfolgsnachweis (Transcript of Records) zur &Uuml;berpr&uuml;fung der Zugangsvoraussetzungen<\/li>\n<li>Nachweis der allgemeinen Hochschulreife oder Studienberechtigungspr&uuml;fung &ndash;&nbsp;<strong>ausgenommen des Sprachnachweises Deutsch auf Niveau B2<\/strong><\/li>\n<li>Sprachnachweis Deutsch mindestens Niveau B1<\/li>\n<li>Sprachnachweis Englisch mindestens Niveau B2 bei deutsch- und englischsprachigen Studieng&auml;ngen<\/li>\n<li>Kopie des Staatsb&uuml;rgerschaftsnachweises oder des Reisepasses<\/li>\n<\/ul>\n\n            <\/div>\n        <\/div>\n            <\/div>\n<\/div>\n\n\n<div\n    id=\"\"\n    class=\"wp-block-tipp-box margin-bottom-normal\"\n>\n    <div class=\"container-lg\">\n        <div class=\"row\">\n            <div class=\"col\">\n                <div class=\"tipp-box border border-info\">\n                    <div class=\"tipp-box-inner p-2 p-md-3\">\n                        <h4 class=\"\">Hinweis<\/h4>\n                        <p>F\u00fcr<strong> nicht-\u00f6sterreichische Dokumente<\/strong> gibt es Sonderregeln. Diese m\u00fcssen Sie einhalten, damit Ihre Bewerbung akzeptiert werden kann. Welche Richtlinien einzuhalten sind, h\u00e4ngt davon ab, in welchem Land die Dokumente ausgestellt wurden:\u00a0<a href=\"https:\/\/www.fh-joanneum.at\/beglaubigungs-und-uebersetzungsrichtlinien\/\">Beglaubigungs- und \u00dcbersetzungsrichtlinien nach L\u00e4ndern<\/a>. S\u00e4mtliche Beglaubigungen und \u00dcbersetzungen in Kopie sind mit der Bewerbung einzureichen. Ebenfalls sind Kopien s\u00e4mtlicher Zeugnisse und Dokumente f\u00fcr die \u00dcberpr\u00fcfung der Zugangsvoraussetzungen in\u00a0<strong>Originalsprache<\/strong>\u00a0an uns zu schicken!<\/p>\n\n                    <\/div>\n                <\/div>\n            <\/div>\n        <\/div>\n    <\/div>\n<\/div>\n\n\n<div id=\"\" class=\"wp-block-text-content margin-bottom-normal\">\n    <div class=\"container-lg\">\n        <div class=\"row\">\n            <div class=\"col\">\n                <h4>Onlinebewerbung<\/h4>\n<h5><a href=\"https:\/\/www.fh-joanneum.at\/studium\/online-bewerbung\/\">Hier geht es zur Onlinebewerbung.<\/a><\/h5>\n<p>Nach Pr&uuml;fung der Unterlagen und der Erf&uuml;llung der Zugangsvoraussetzungen sowohl f&uuml;r den gew&auml;hlten Studiengang als auch f&uuml;r den Zertifikatslehrgang (Sprachniveau Deutsch B1) wird den Bewerber:innen mitgeteilt, dass sie die Zugangsvoraussetzungen f&uuml;r den gew&auml;hlten Studiengang mit Ausnahme der erforderlichen Kenntnisse der Unterrichtssprache Deutsch auf Niveau B2 erf&uuml;llen.<\/p>\n\n            <\/div>\n        <\/div>\n            <\/div>\n<\/div>\n\n\n<div id=\"\" class=\"wp-block-text-content margin-bottom-none\">\n    <div class=\"container-lg\">\n        <div class=\"row\">\n            <div class=\"col\">\n                <div class=\"module-migration-headline\">\n<h3>Pers&ouml;nliches Gespr&auml;ch<\/h3>\n<\/div>\n\n            <\/div>\n        <\/div>\n            <\/div>\n<\/div>\n\n\n<div id=\"\" class=\"wp-block-text-content margin-bottom-normal\">\n    <div class=\"container-lg\">\n        <div class=\"row\">\n            <div class=\"col\">\n                <p>Nach erfolgter Pr&uuml;fung werden die Bewerber:innen&nbsp;zu einem Online-Aufnahmegespr&auml;ch von 20 Minuten eingeladen und auf Eignung sowie Qualifikation &uuml;berpr&uuml;ft. Das Gespr&auml;ch wird in deutscher Sprache gef&uuml;hrt.<\/p>\n<p>&Uuml;bersteigt die Anzahl der Bewerber:innen die festgelegte Anzahl der Lehrgangspl&auml;tze, wird anhand folgender Kriterien eine Reihung getroffen:<\/p>\n<ul>\n<li>Bewerbungsunterlagen \/ pers&ouml;nliche Motivation: 25 %<\/li>\n<li>Assessment \/ Aufnahmegespr&auml;ch: 50 %<\/li>\n<li>Erreichte Punkteanzahl des Sprachnachweises Deutsch Niveau B1: 25 %<\/li>\n<\/ul>\n\n            <\/div>\n        <\/div>\n            <\/div>\n<\/div>\n","protected":false},"excerpt":{"rendered":"<p>Hier erfahren sie allen zur Bewerbung und zum Aufnahmeverfahren.<\/p>\n","protected":false},"author":11,"featured_media":10000050,"parent":10000036,"menu_order":13,"comment_status":"closed","ping_status":"closed","template":"","meta":{"_acf_changed":false,"footnotes":""},"acf":[],"aioseo_notices":[],"_links":{"self":[{"href":"https:\/\/www.fh-joanneum.at\/studienvorbereitung-deutsch\/certificate_programme\/wp-json\/wp\/v2\/pages\/10000039"}],"collection":[{"href":"https:\/\/www.fh-joanneum.at\/studienvorbereitung-deutsch\/certificate_programme\/wp-json\/wp\/v2\/pages"}],"about":[{"href":"https:\/\/www.fh-joanneum.at\/studienvorbereitung-deutsch\/certificate_programme\/wp-json\/wp\/v2\/types\/page"}],"author":[{"embeddable":true,"href":"https:\/\/www.fh-joanneum.at\/studienvorbereitung-deutsch\/certificate_programme\/wp-json\/wp\/v2\/users\/11"}],"replies":[{"embeddable":true,"href":"https:\/\/www.fh-joanneum.at\/studienvorbereitung-deutsch\/certificate_programme\/wp-json\/wp\/v2\/comments?post=10000039"}],"version-history":[{"count":4,"href":"https:\/\/www.fh-joanneum.at\/studienvorbereitung-deutsch\/certificate_programme\/wp-json\/wp\/v2\/pages\/10000039\/revisions"}],"predecessor-version":[{"id":10000163,"href":"https:\/\/www.fh-joanneum.at\/studienvorbereitung-deutsch\/certificate_programme\/wp-json\/wp\/v2\/pages\/10000039\/revisions\/10000163"}],"up":[{"embeddable":true,"href":"https:\/\/www.fh-joanneum.at\/studienvorbereitung-deutsch\/certificate_programme\/wp-json\/wp\/v2\/pages\/10000036"}],"wp:featuredmedia":[{"embeddable":true,"href":"https:\/\/www.fh-joanneum.at\/studienvorbereitung-deutsch\/certificate_programme\/wp-json\/wp\/v2\/media\/10000050"}],"wp:attachment":[{"href":"https:\/\/www.fh-joanneum.at\/studienvorbereitung-deutsch\/certificate_programme\/wp-json\/wp\/v2\/media?parent=10000039"}],"curies":[{"name":"wp","href":"https:\/\/api.w.org\/{rel}","templated":true}]}}