{"id":10000043,"date":"2022-03-18T13:04:53","date_gmt":"2022-03-18T12:04:53","guid":{"rendered":"https:\/\/www.fh-joanneum.at\/studienvorbereitung-deutsch\/certificate_programme\/?page_id=43"},"modified":"2025-08-05T13:41:43","modified_gmt":"2025-08-05T11:41:43","slug":"der-lehrgang","status":"publish","type":"page","link":"https:\/\/www.fh-joanneum.at\/studienvorbereitung-deutsch\/certificate_programme\/im-lehrgang\/der-lehrgang\/","title":{"rendered":"Der  Lehrgang"},"content":{"rendered":"<div id=\"\" class=\"wp-block-text-content margin-bottom-none\">\n    <div class=\"container-lg\">\n        <div class=\"row\">\n            <div class=\"col\">\n                <div class=\"module-migration-headline\">\n<h3>Ausbildung und Qualifikation<\/h3>\n<\/div>\n\n            <\/div>\n        <\/div>\n            <\/div>\n<\/div>\n\n\n<div id=\"\" class=\"wp-block-text-content margin-bottom-normal\">\n    <div class=\"container-lg\">\n        <div class=\"row\">\n            <div class=\"col\">\n                <p>Der Zertifikatslehrgang ist in vier Module eingeteilt. Das erste bringt Sie auf das notwendige allgemeine Sprachniveau B2. Das zweite Modul erweitert Ihre auf B2 erworbenen Kompetenzen um jene, die besonders f&uuml;r ein Studium relevant sind. Das dritte Modul ist eine Projektarbeit, die das Verfassen einer Hausarbeit zu einem selbst gew&auml;hlten Thema des zuk&uuml;nftigen Studienfaches sowie deren Verteidigung zum Inhalt hat. Das letzte Modul bereitet Sie als Teilnehmer:in auf den Reihungstest und auf den sprachlichen akademischen Kontext vor: Hier erwerben Sie fachsprachliche und textsortenspezifische Kompetenzen.<\/p>\n<h3>Schwerpunkte des Lehrgangs<\/h3>\n<ul>\n<li>Modul 1: Deutschkompetenz B2\n<ul>\n<li>Deutschkompetenz B2\/1<\/li>\n<li>Deutschkompetenz B2\/2<\/li>\n<\/ul>\n<\/li>\n<li>Modul 2: Deutschkompetenz B2+<\/li>\n<li>Modul 3: Projektarbeit<\/li>\n<li>Modul 4: Deutsch-Kompetenztraining\n<ul>\n<li>Kommunikations- und interkulturelles Training<\/li>\n<li>Kompetenztraining schriftliche Rezeption und Produktion im akademischen Kontext<\/li>\n<li>Kompetenztraining m&uuml;ndliche Rezeption und Produktion im akademischen Kontext<\/li>\n<\/ul>\n<\/li>\n<\/ul>\n\n            <\/div>\n        <\/div>\n            <\/div>\n<\/div>\n\n\n<div\n    id=\"\"\n    class=\"wp-block-blockquote margin-bottom-normal\"\n>\n    <div class=\"container-lg\">\n        <div class=\"row\">\n            <div class=\"col\">\n                <div class=\"d-block mb-2 fs-5 major-text-color\">\u201eUns liegt nicht nur Ihre sprachliche Entwicklung auf akademischem Niveau am Herzen, wir m\u00f6chten auch, dass Sie sich bereits w\u00e4hrend des Zertifikatslehrgangs mit Ihrer k\u00fcnftigen Hochschule vertraut machen: Das bedeutet einerseits einen intensiven Kontakt zu Ihrem gew\u00e4hlten Studiengang und andererseits das Kennenlernen aller relevanten FH-Services, die Sie w\u00e4hrend Ihres Studiums unterst\u00fctzen.\u201c<br \/>\r\n<\/div>\n                <span class=\"d-flex justify-content-end\">Internationale Beziehungen<\/span>\n            <\/div>\n        <\/div>\n    <\/div>\n<\/div>\n\n\n<div id=\"\" class=\"wp-block-text-content margin-bottom-normal\">\n    <div class=\"container-lg\">\n        <div class=\"row\">\n            <div class=\"col\">\n                <h4>Studienzeiten<\/h4>\n<p>Der Zertifikatslehrgang beginnt jeweils Anfang September (3 Wochen vor Studienbeginn) und endet mit dem Ende des Studienjahrs Ende Juni mit der &Ouml;SD-Pr&uuml;fung Zertifikat B2. Er umfasst damit 38 Wochen (exklusive Ferien) beziehungsweise 543 Stunden Pr&auml;senzlehre von Montag bis Freitag sowie 360 Stunden Selbststudium. Das ergibt eine Gesamtworkload von 900 Stunden beziehungsweise 36 Wochen. Der Lehrgang ist als Vollzeitlehrgang konzipiert.<\/p>\n<ul>\n<li>Pr&auml;senzzeiten an der Hochschule: 543 Stunden<\/li>\n<li>E-Learning: nicht vorgesehen<\/li>\n<li>Selbststudium: ca. 360 Stunden<\/li>\n<li>ECTS: 36<\/li>\n<li>Anwesenheit: mindestens 80 %<\/li>\n<\/ul>\n\n            <\/div>\n        <\/div>\n            <\/div>\n<\/div>\n","protected":false},"excerpt":{"rendered":"<p>Hier erfahren Sie alles zur Ausbildung.<\/p>\n","protected":false},"author":11,"featured_media":10000072,"parent":10000044,"menu_order":19,"comment_status":"closed","ping_status":"closed","template":"","meta":{"_acf_changed":false,"footnotes":""},"acf":[],"aioseo_notices":[],"_links":{"self":[{"href":"https:\/\/www.fh-joanneum.at\/studienvorbereitung-deutsch\/certificate_programme\/wp-json\/wp\/v2\/pages\/10000043"}],"collection":[{"href":"https:\/\/www.fh-joanneum.at\/studienvorbereitung-deutsch\/certificate_programme\/wp-json\/wp\/v2\/pages"}],"about":[{"href":"https:\/\/www.fh-joanneum.at\/studienvorbereitung-deutsch\/certificate_programme\/wp-json\/wp\/v2\/types\/page"}],"author":[{"embeddable":true,"href":"https:\/\/www.fh-joanneum.at\/studienvorbereitung-deutsch\/certificate_programme\/wp-json\/wp\/v2\/users\/11"}],"replies":[{"embeddable":true,"href":"https:\/\/www.fh-joanneum.at\/studienvorbereitung-deutsch\/certificate_programme\/wp-json\/wp\/v2\/comments?post=10000043"}],"version-history":[{"count":4,"href":"https:\/\/www.fh-joanneum.at\/studienvorbereitung-deutsch\/certificate_programme\/wp-json\/wp\/v2\/pages\/10000043\/revisions"}],"predecessor-version":[{"id":10000140,"href":"https:\/\/www.fh-joanneum.at\/studienvorbereitung-deutsch\/certificate_programme\/wp-json\/wp\/v2\/pages\/10000043\/revisions\/10000140"}],"up":[{"embeddable":true,"href":"https:\/\/www.fh-joanneum.at\/studienvorbereitung-deutsch\/certificate_programme\/wp-json\/wp\/v2\/pages\/10000044"}],"wp:featuredmedia":[{"embeddable":true,"href":"https:\/\/www.fh-joanneum.at\/studienvorbereitung-deutsch\/certificate_programme\/wp-json\/wp\/v2\/media\/10000072"}],"wp:attachment":[{"href":"https:\/\/www.fh-joanneum.at\/studienvorbereitung-deutsch\/certificate_programme\/wp-json\/wp\/v2\/media?parent=10000043"}],"curies":[{"name":"wp","href":"https:\/\/api.w.org\/{rel}","templated":true}]}}