{"id":37,"date":"2024-06-28T08:26:10","date_gmt":"2024-06-28T08:26:10","guid":{"rendered":"https:\/\/www.fh-joanneum.at\/supply-chain-engineering\/berufsbegleitend\/?page_id=37"},"modified":"2025-05-09T06:53:56","modified_gmt":"2025-05-09T06:53:56","slug":"internationale-bewerberinnen-bewerber","status":"publish","type":"page","link":"https:\/\/www.fh-joanneum.at\/supply-chain-engineering\/berufsbegleitend\/vor-dem-studium\/internationale-bewerberinnen-bewerber\/","title":{"rendered":"Internationale Bewerberinnen und Bewerber"},"content":{"rendered":"<div id=\"\" class=\"wp-block-text-content margin-bottom-normal\">\n    <div class=\"container-lg\">\n        <div class=\"row\">\n            <div class=\"col\">\n                <h3>Zulassung<\/h3>\n<h4>Als internationale Bewerberinnen und Bewerber gelten:<\/h4>\n<p>Personen, die keine &ouml;sterreichische Staatsb&uuml;rgerschaft haben und<\/p>\n<ul>\n<li>aus einem EU-Staat, dem EWR, der Schweiz oder<\/li>\n<li>aus einem Drittstaat<\/li>\n<\/ul>\n<p>kommen.<\/p>\n<h4>Voraussetzungen<\/h4>\n<p>Grunds&auml;tzlich gelten f&uuml;r Sie dieselben Voraussetzungen wie f&uuml;r inl&auml;ndische Studierende. Sie haben die gleichen Chancen auf einen Studienplatz. Allerdings m&uuml;ssen Sie einige Besonderheiten beachten.<\/p>\n\n            <\/div>\n        <\/div>\n            <\/div>\n<\/div>\n\n\n<div\n    id=\"\"\n    class=\"wp-block-tipp-box margin-bottom-normal\"\n>\n    <div class=\"container-lg\">\n        <div class=\"row\">\n            <div class=\"col\">\n                <div class=\"tipp-box border border-warning\">\n                    <div class=\"tipp-box-inner p-2 p-md-3\">\n                        <h4 class=\"\">Tipp<\/h4>\n                        <p>Weiterf\u00fchrende Informationen zu Bewerbung und Aufnahme f\u00fcr internationale Bewerber:innen <a href=\"https:\/\/www.fh-joanneum.at\/international\/internationale-studierende\/vor-dem-studium\/\">finden Sie hier<\/a>.<\/p>\n\n                    <\/div>\n                <\/div>\n            <\/div>\n        <\/div>\n    <\/div>\n<\/div>\n\n\n<div id=\"\" class=\"wp-block-text-content margin-bottom-normal\">\n    <div class=\"container-lg\">\n        <div class=\"row\">\n            <div class=\"col\">\n                <h4>Bewerbung<\/h4>\n<p>Ihre Bewerbung setzt sich aus den gleichen Dokumenten zusammen, wie die von &ouml;sterreichischen Bewerberinnen und Bewerbern. Zus&auml;tzlich enth&auml;lt sie jedoch<\/p>\n<ul>\n<li>einen Nachweis &uuml;ber ausreichende Kenntnisse der Unterrichtssprache Deutsch (gilt nur f&uuml;r Personen mit nicht-deutscher Muttersprache). Dieser Nachweis muss dem <strong>Niveau B2<\/strong> nach dem <a href=\"http:\/\/www.goethe.de\/referenzrahmen\/\" target=\"_blank\" rel=\"noopener noreferrer\">europ&auml;ischen Referenzrahmen<\/a> entsprechen und kann beispielsweise durch\n<ul>\n<li>ein <a title=\"&Ouml;sterreichisches Sprachdiplom Deutsch\" href=\"http:\/\/www.osd.at\" target=\"_blank\" rel=\"noopener noreferrer\">&Ouml;sterreichisches Sprachdiplom Deutsch (&Ouml;SD),<\/a><\/li>\n<li>ein <a title=\"Goethe-Institut\" href=\"http:\/\/www.goethe.de\/\" target=\"_blank\" rel=\"noopener noreferrer\">Goethe-Zertifikat,<\/a><\/li>\n<li>ein <a title=\"telc\" href=\"http:\/\/www.telc.net\/\" target=\"_blank\" rel=\"noopener noreferrer\">TELC-Zertifikat,<\/a><\/li>\n<li>ein <a href=\"https:\/\/eclexam.eu\/\" target=\"_blank\" rel=\"noopener noreferrer\">ECL-Zertifikat,<\/a><\/li>\n<li>ein Zeugnis TestDaF (Deutsch als Fremdsprache) oder<\/li>\n<li>einen geeigneten Schulabschluss erbracht werden.<\/li>\n<\/ul>\n<\/li>\n<li>und einen Nachweis &uuml;ber ausreichende Kenntnisse der englischen Sprache. Dieser Nachweis muss dem <strong>Niveau B2<\/strong> nach dem <a href=\"http:\/\/www.goethe.de\/referenzrahmen\/\" target=\"_blank\" rel=\"noopener noreferrer\">europ&auml;ischen Referenzrahmen<\/a> entsprechen und kann beispielsweise durch\n<ul>\n<li>ein <a href=\"http:\/\/www.europaeischer-referenzrahmen.de\/toefl.php\" target=\"_blank\" rel=\"noopener noreferrer\">TOEFL-Zertifikat (mindestens 87 Punkte),<\/a><\/li>\n<li>ein <a title=\"telc\" href=\"http:\/\/www.telc.net\/\" target=\"_blank\" rel=\"noopener noreferrer\">TELC-Zertifikat,<\/a><\/li>\n<li>ein <a href=\"http:\/\/www.cambridgeenglish.org\/exams\/first\/\" target=\"_blank\" rel=\"noopener noreferrer\">Cambridge-Zertifikat (First Certificate in English &ndash; FCE),<\/a><\/li>\n<li>ein <a href=\"http:\/\/www.europaeischer-referenzrahmen.de\/ielts.php\" target=\"_blank\" rel=\"noopener noreferrer\">IELTS-Zertifikat,<\/a><\/li>\n<li>ein PTE Academic Zertifikat (Pearson Test of English; mindestens 59 Punkte)<\/li>\n<li>ein &ouml;sterreichisches Maturazeugnis oder<\/li>\n<li>einen sonstigen geeigneten Schulabschluss erbracht werden.<\/li>\n<\/ul>\n<\/li>\n<\/ul>\n\n            <\/div>\n        <\/div>\n            <\/div>\n<\/div>\n\n\n<div\n    id=\"\"\n    class=\"wp-block-tipp-box margin-bottom-normal\"\n>\n    <div class=\"container-lg\">\n        <div class=\"row\">\n            <div class=\"col\">\n                <div class=\"tipp-box border border-info\">\n                    <div class=\"tipp-box-inner p-2 p-md-3\">\n                        <h4 class=\"\">Hinweis<\/h4>\n                        <p>Das Motivations- beziehungsweise Bewerbungsschreiben und der Lebenslauf sind in Englisch einzureichen. Alle \u00fcbrigen Bewerbungsunterlagen (Ausnahme: Originaldokumente in Kopie) k\u00f6nnen sowohl in englischer als auch in deutscher Sprache eingereicht werden.<\/p>\n\n                    <\/div>\n                <\/div>\n            <\/div>\n        <\/div>\n    <\/div>\n<\/div>\n\n\n<div\n    id=\"\"\n    class=\"wp-block-tipp-box margin-bottom-normal\"\n>\n    <div class=\"container-lg\">\n        <div class=\"row\">\n            <div class=\"col\">\n                <div class=\"tipp-box border border-warning\">\n                    <div class=\"tipp-box-inner p-2 p-md-3\">\n                        <h4 class=\"\">Tipp<\/h4>\n                        <p>Der Zertifikatslehrgang <a href=\"https:\/\/www.fh-joanneum.at\/studienvorbereitung-deutsch\/certificate_programme\/\">\u201eStudienvorbereitung Deutsch\u201c<\/a> bereitet Sie als Bewerber:in nicht-deutscher Muttersprache mit Deutschkenntnissen auf mindestens Niveau A2 auf ein Studium an der FH JOANNEUM vor. Sie schlie\u00dfen den Lehrgang mit einem Zertifikatszeugnis und der \u00d6SD-Pr\u00fcfung \u201eZertifikat Deutsch B2\u201c ab. Somit erf\u00fcllen Sie die sprachliche Voraussetzung Deutsch.<\/p>\n\n                    <\/div>\n                <\/div>\n            <\/div>\n        <\/div>\n    <\/div>\n<\/div>\n\n\n<div id=\"\" class=\"wp-block-text-content margin-bottom-normal\">\n    <div class=\"container-lg\">\n        <div class=\"row\">\n            <div class=\"col\">\n                <h4>Regeln f&uuml;r internationale Dokumente<\/h4>\n<p>F&uuml;r nicht-&ouml;sterreichische Dokumente gibt es Sonderregeln. Diese m&uuml;ssen Sie einhalten, damit Ihre Bewerbung akzeptiert werden kann. Welche Richtlinien einzuhalten sind, h&auml;ngt davon ab, in welchem Land die Dokumente ausgestellt wurden: <a href=\"https:\/\/www.fh-joanneum.at\/beglaubigungs-und-uebersetzungsrichtlinien\/\">Beglaubigungs- und &Uuml;bersetzungsrichtlinien nach L&auml;ndern<\/a>.<\/p>\n\n            <\/div>\n        <\/div>\n            <\/div>\n<\/div>\n\n\n<div\n    id=\"\"\n    class=\"wp-block-tipp-box margin-bottom-normal\"\n>\n    <div class=\"container-lg\">\n        <div class=\"row\">\n            <div class=\"col\">\n                <div class=\"tipp-box border border-info\">\n                    <div class=\"tipp-box-inner p-2 p-md-3\">\n                        <h4 class=\"\">Hinweis<\/h4>\n                        <p>S\u00e4mtliche Beglaubigungen und \u00dcbersetzungen in Kopie sind mit der Bewerbung einzureichen. Ebenfalls sind Kopien s\u00e4mtlicher Zeugnisse und Dokumente f\u00fcr die \u00dcberpr\u00fcfung der Zugangsvoraussetzungen in <strong>Originalsprache<\/strong> an uns zu schicken!<\/p>\n\n                    <\/div>\n                <\/div>\n            <\/div>\n        <\/div>\n    <\/div>\n<\/div>\n\n\n<div id=\"\" class=\"wp-block-text-content margin-bottom-normal\">\n    <div class=\"container-lg\">\n        <div class=\"row\">\n            <div class=\"col\">\n                <h4>Termine und Fristen<\/h4>\n<h5>Fristen f&uuml;r die Erbringung der Zugangsvoraussetzung<\/h5>\n<ul>\n<li>Bewerberinnen und Bewerber mit Bildungsdokumenten aus <strong>der EU, dem EWR und der Schweiz: bis sp&auml;testens Studienbeginn<\/strong><\/li>\n<li>Bewerberinnen und Bewerber mit Bildungsdokumenten aus <strong>einem Drittstaat: bis sp&auml;testens zur Immatrikulation<\/strong><\/li>\n<\/ul>\n<h5>Termine f&uuml;r das Aufnahmeverfahren<\/h5>\n<p>Beim Aufnahmeverfahren gelten f&uuml;r Sie dieselben Termine wie f&uuml;r &ouml;sterreichische Bewerberinnen und Bewerber.<\/p>\n<h4>Aufnahmeverfahren<\/h4>\n<p>Sie nehmen wie inl&auml;ndische Bewerberinnen und Bewerber am Aufnahmeverfahren teil und werden im Anschluss &uuml;ber Ihr Ergebnis informiert.<\/p>\n\n            <\/div>\n        <\/div>\n            <\/div>\n<\/div>\n\n\n<div\n    id=\"\"\n    class=\"wp-block-tipp-box margin-bottom-normal\"\n>\n    <div class=\"container-lg\">\n        <div class=\"row\">\n            <div class=\"col\">\n                <div class=\"tipp-box border border-warning\">\n                    <div class=\"tipp-box-inner p-2 p-md-3\">\n                        <h4 class=\"\">Tipp<\/h4>\n                        <p>Die Pr\u00fcfung Ihrer internationalen Dokumente dauert einige Zeit. Daher sollten Sie Ihre Unterlagen sp\u00e4testens 14 Tage vor Ende der Bewerbungsfrist einreichen.<\/p>\n\n                    <\/div>\n                <\/div>\n            <\/div>\n        <\/div>\n    <\/div>\n<\/div>\n\n\n<div id=\"\" class=\"wp-block-text-content margin-bottom-normal\">\n    <div class=\"container-lg\">\n        <div class=\"row\">\n            <div class=\"col\">\n                <h4>Kosten und Studiengeb&uuml;hren<\/h4>\n<h5>Personen aus der EU, dem EWR und der Schweiz<\/h5>\n<p>F&uuml;r Studierende aus der EU, dem EWR und der Schweiz f&auml;llt kein Kostenbeitrag an. Pro Semester ist der &Ouml;H-Beitrag an die FH JOANNEUM zu &uuml;berweisen. Die genauen Unterlagen dazu bekommen Sie zu Studienbeginn.<\/p>\n<h5>Personen aus einem Drittstaat<\/h5>\n<p>F&uuml;r Studierende aus Drittstaaten f&auml;llt ein Kostenbeitrag von 727 Euro pro Semester an. Diesen m&uuml;ssen Sie vor der Studienplatzzusage f&uuml;r die ersten beiden Semester (1.454 Euro) vorab an die FH JOANNEUM &uuml;berweisen. Erst dann bekommen Sie eine fixe Studienplatzzusage.<\/p>\n\n            <\/div>\n        <\/div>\n            <\/div>\n<\/div>\n\n\n<div\n    id=\"\"\n    class=\"wp-block-downloads margin-bottom-normal\"\n>\n    <div class=\"container-lg\">\n        <div class=\"row\">\n                                                                        <div class=\"col-12 col-md-6 mb-4\">\n                            <a\n                                download\n                                href=\"https:\/\/cdn3.fh-joanneum.at\/media\/sites\/116\/2024\/06\/Kostenbeitragsregelung-Studierende-aus-Drittstaaten_2016-1.pdf\"\n                                target=\"_blank\"\n                                class=\"d-block text-decoration-none major-text-color-hover border p-2\"\n                            >\n                                <div class=\"d-flex align-items-center\">\n                                    <?xml version=\"1.0\" encoding=\"UTF-8\"?>\n<svg class=\"me-2 flex-shrink-0\" xmlns=\"http:\/\/www.w3.org\/2000\/svg\"  width=\"44\" height=\"48\" viewBox=\"0 0 512 512\">\n      <path d=\"m21 53l0 406c0 29 24 53 54 53l170 0c6 0 11-5 11-11 0-6-5-10-11-10l-170 0c-18 0-32-15-32-32l0-363c9 7 20 11 32 11l352 0 0 128c0 6 4 10 10 10 6 0 11-4 11-10l0-150-373 0c-18 0-32-14-32-32 0-17 14-32 32-32l362 0c6 0 11-4 11-10 0-6-5-11-11-11l-362 0c-30 0-54 24-54 53z m342 459c-71 0-128-57-128-128 0-71 57-128 128-128 70 0 128 57 128 128 0 71-58 128-128 128z m-8-67c0 0 0 0 0 0l-43-43c-4-4-4-11 0-15 5-4 11-4 16 0l24 25 0-81c0-6 5-11 11-11 6 0 10 5 10 11l0 81 25-25c4-4 11-4 15 0 4 4 4 11 0 15l-43 43c0 0 0 0 0 0l-7 7z m8-168c-59 0-107 48-107 107 0 59 48 107 107 107 58 0 106-48 106-107 0-59-48-107-106-107z m-288-234l0 21 352 0 0-21z\"\/>\n<\/svg>                                    <div class=\"download-info\">\n                                        <span class=\"download-title fw-bold\">\n                                            Informationen \u00fcber die Regelung \u00fcber die Einhebung und R\u00fcckerstattung sowie den Erlass des Kostenbeitrages f\u00fcr Studierende aus Drittstaaten\n                                        <\/span>\n\n                                        <div class=\"download-meta\">\n                                            <span class=\"download-size\">263 kB<\/span>\n                                            <span class=\"download-cta\">PDF<\/span>\n                                        <\/div>\n                                    <\/div>\n                                <\/div>\n                            <\/a>\n                        <\/div>\n                                                        <\/div>\n    <\/div>\n<\/div>\n\n\n<div id=\"\" class=\"wp-block-text-content margin-bottom-normal\">\n    <div class=\"container-lg\">\n        <div class=\"row\">\n            <div class=\"col\">\n                <p>Eine <strong>R&uuml;ckerstattung dieses Kostenbeitrages<\/strong> ist auf Antrag bei Vorliegen von Ausnahmeregelungen, z. B. gem&auml;&szlig; &sect; 1 Personengruppenverordnung, m&ouml;glich.<\/p>\n<p>Zus&auml;tzlich ist der &Ouml;H-Beitrag pro Semester zu bezahlen.<\/p>\n\n            <\/div>\n        <\/div>\n            <\/div>\n<\/div>\n\n\n<div\n    id=\"\"\n    class=\"wp-block-downloads margin-bottom-normal\"\n>\n    <div class=\"container-lg\">\n        <div class=\"row\">\n                                                                        <div class=\"col-12 col-md-6 mb-4\">\n                            <a\n                                download\n                                href=\"https:\/\/cdn3.fh-joanneum.at\/media\/sites\/116\/2024\/06\/Rueckerstattungsantrag_-Kostenbeitraege-2017-1.pdf\"\n                                target=\"_blank\"\n                                class=\"d-block text-decoration-none major-text-color-hover border p-2\"\n                            >\n                                <div class=\"d-flex align-items-center\">\n                                    <?xml version=\"1.0\" encoding=\"UTF-8\"?>\n<svg class=\"me-2 flex-shrink-0\" xmlns=\"http:\/\/www.w3.org\/2000\/svg\"  width=\"44\" height=\"48\" viewBox=\"0 0 512 512\">\n      <path d=\"m21 53l0 406c0 29 24 53 54 53l170 0c6 0 11-5 11-11 0-6-5-10-11-10l-170 0c-18 0-32-15-32-32l0-363c9 7 20 11 32 11l352 0 0 128c0 6 4 10 10 10 6 0 11-4 11-10l0-150-373 0c-18 0-32-14-32-32 0-17 14-32 32-32l362 0c6 0 11-4 11-10 0-6-5-11-11-11l-362 0c-30 0-54 24-54 53z m342 459c-71 0-128-57-128-128 0-71 57-128 128-128 70 0 128 57 128 128 0 71-58 128-128 128z m-8-67c0 0 0 0 0 0l-43-43c-4-4-4-11 0-15 5-4 11-4 16 0l24 25 0-81c0-6 5-11 11-11 6 0 10 5 10 11l0 81 25-25c4-4 11-4 15 0 4 4 4 11 0 15l-43 43c0 0 0 0 0 0l-7 7z m8-168c-59 0-107 48-107 107 0 59 48 107 107 107 58 0 106-48 106-107 0-59-48-107-106-107z m-288-234l0 21 352 0 0-21z\"\/>\n<\/svg>                                    <div class=\"download-info\">\n                                        <span class=\"download-title fw-bold\">\n                                            Antrag auf R\u00fcckerstattung des Kostenbeitrages\n                                        <\/span>\n\n                                        <div class=\"download-meta\">\n                                            <span class=\"download-size\">254 kB<\/span>\n                                            <span class=\"download-cta\">PDF<\/span>\n                                        <\/div>\n                                    <\/div>\n                                <\/div>\n                            <\/a>\n                        <\/div>\n                                                                                <div class=\"col-12 col-md-6 mb-4\">\n                            <a\n                                download\n                                href=\"https:\/\/cdn3.fh-joanneum.at\/media\/sites\/116\/2024\/06\/Personengruppenverordnung.pdf\"\n                                target=\"_blank\"\n                                class=\"d-block text-decoration-none major-text-color-hover border p-2\"\n                            >\n                                <div class=\"d-flex align-items-center\">\n                                    <?xml version=\"1.0\" encoding=\"UTF-8\"?>\n<svg class=\"me-2 flex-shrink-0\" xmlns=\"http:\/\/www.w3.org\/2000\/svg\"  width=\"44\" height=\"48\" viewBox=\"0 0 512 512\">\n      <path d=\"m21 53l0 406c0 29 24 53 54 53l170 0c6 0 11-5 11-11 0-6-5-10-11-10l-170 0c-18 0-32-15-32-32l0-363c9 7 20 11 32 11l352 0 0 128c0 6 4 10 10 10 6 0 11-4 11-10l0-150-373 0c-18 0-32-14-32-32 0-17 14-32 32-32l362 0c6 0 11-4 11-10 0-6-5-11-11-11l-362 0c-30 0-54 24-54 53z m342 459c-71 0-128-57-128-128 0-71 57-128 128-128 70 0 128 57 128 128 0 71-58 128-128 128z m-8-67c0 0 0 0 0 0l-43-43c-4-4-4-11 0-15 5-4 11-4 16 0l24 25 0-81c0-6 5-11 11-11 6 0 10 5 10 11l0 81 25-25c4-4 11-4 15 0 4 4 4 11 0 15l-43 43c0 0 0 0 0 0l-7 7z m8-168c-59 0-107 48-107 107 0 59 48 107 107 107 58 0 106-48 106-107 0-59-48-107-106-107z m-288-234l0 21 352 0 0-21z\"\/>\n<\/svg>                                    <div class=\"download-info\">\n                                        <span class=\"download-title fw-bold\">\n                                            Personengruppenverordnung \n                                        <\/span>\n\n                                        <div class=\"download-meta\">\n                                            <span class=\"download-size\">84 kB<\/span>\n                                            <span class=\"download-cta\">PDF<\/span>\n                                        <\/div>\n                                    <\/div>\n                                <\/div>\n                            <\/a>\n                        <\/div>\n                                                        <\/div>\n    <\/div>\n<\/div>\n\n\n<div id=\"\" class=\"wp-block-text-content margin-bottom-normal\">\n    <div class=\"container-lg\">\n        <div class=\"row\">\n            <div class=\"col\">\n                <h4>Vorbereitung<\/h4>\n<h5>Einreise<\/h5>\n<p>Bitte beachten Sie<\/p>\n<ul>\n<li>vor der Einreise die fremdenrechtlichen Vorschriften f&uuml;r Visa und Aufenthaltstitel<\/li>\n<li>nach der Ankunft die melderechtliche Vorschriften f&uuml;r das Anmelden am Wohnort<\/li>\n<\/ul>\n<p>S&auml;mtliche Informationen zu Ihrer Einreise finden Sie unter <a href=\"https:\/\/oead.at\/de\/nach-oesterreich\/einreise-und-aufenthalt\/\" target=\"_blank\" rel=\"noopener noreferrer\">OeAD (Austrian Exchange Service)<\/a>.<\/p>\n<p>Weitere Fragen zum Fremdenrecht senden Sie bitte an <a title=\"OeAD per E-Mail kontaktieren\" href=\"mailto:info@oead.at\">info@oead.at<\/a>.<\/p>\n\n            <\/div>\n        <\/div>\n            <\/div>\n<\/div>\n\n\n<div\n    id=\"\"\n    class=\"wp-block-tipp-box margin-bottom-normal\"\n>\n    <div class=\"container-lg\">\n        <div class=\"row\">\n            <div class=\"col\">\n                <div class=\"tipp-box border border-warning\">\n                    <div class=\"tipp-box-inner p-2 p-md-3\">\n                        <h4 class=\"\">Tipp<\/h4>\n                        <p>Nutzen Sie au\u00dferdem die Sprachkurse, das Orientierungsprogramm und weitere Angebote der <a title=\"Abteilung f\u00fcr internationale Beziehungen\" href=\"https:\/\/www.fh-joanneum.at\/international\/\">Abteilung f\u00fcr internationale Beziehungen<\/a>, um sich an der FH JOANNEUM einzuleben.<\/p>\n\n                    <\/div>\n                <\/div>\n            <\/div>\n        <\/div>\n    <\/div>\n<\/div>\n\n\n<div id=\"\" class=\"wp-block-text-content margin-bottom-normal\">\n    <div class=\"container-lg\">\n        <div class=\"row\">\n            <div class=\"col\">\n                <h4>Weitere Informationen<\/h4>\n<p>Unser Team der <strong>Studienberatung<\/strong> beantwortet gerne Ihre Fragen und helfen Ihnen bei der Orientierung.<\/p>\n<p>Alle<strong> Informationen zu den Beratungszeiten<\/strong> sowie die <strong>Kontaktdaten<\/strong> unserer Studienberatung <a href=\"https:\/\/www.fh-joanneum.at\/hochschule\/services\/studienberatung\/\">finden Sie hier.<\/a><\/p>\n\n            <\/div>\n        <\/div>\n            <\/div>\n<\/div>\n","protected":false},"excerpt":{"rendered":"<p>Was m\u00fcssen Studieninteressierte aus dem Ausland bei der Bewerbung beachten? Alle Bewerber:innen, unabh\u00e4ngig von ihrer Herkunft, haben dieselben Chancen auf einen Studienplatz. Es gibt nur wenige Unterschiede. Welche das sind, finden Sie hier.<\/p>\n","protected":false},"author":143,"featured_media":0,"parent":6,"menu_order":60,"comment_status":"closed","ping_status":"closed","template":"","meta":{"_acf_changed":false,"footnotes":""},"acf":[],"aioseo_notices":[],"_links":{"self":[{"href":"https:\/\/www.fh-joanneum.at\/supply-chain-engineering\/berufsbegleitend\/wp-json\/wp\/v2\/pages\/37"}],"collection":[{"href":"https:\/\/www.fh-joanneum.at\/supply-chain-engineering\/berufsbegleitend\/wp-json\/wp\/v2\/pages"}],"about":[{"href":"https:\/\/www.fh-joanneum.at\/supply-chain-engineering\/berufsbegleitend\/wp-json\/wp\/v2\/types\/page"}],"author":[{"embeddable":true,"href":"https:\/\/www.fh-joanneum.at\/supply-chain-engineering\/berufsbegleitend\/wp-json\/wp\/v2\/users\/143"}],"replies":[{"embeddable":true,"href":"https:\/\/www.fh-joanneum.at\/supply-chain-engineering\/berufsbegleitend\/wp-json\/wp\/v2\/comments?post=37"}],"version-history":[{"count":5,"href":"https:\/\/www.fh-joanneum.at\/supply-chain-engineering\/berufsbegleitend\/wp-json\/wp\/v2\/pages\/37\/revisions"}],"predecessor-version":[{"id":193,"href":"https:\/\/www.fh-joanneum.at\/supply-chain-engineering\/berufsbegleitend\/wp-json\/wp\/v2\/pages\/37\/revisions\/193"}],"up":[{"embeddable":true,"href":"https:\/\/www.fh-joanneum.at\/supply-chain-engineering\/berufsbegleitend\/wp-json\/wp\/v2\/pages\/6"}],"wp:attachment":[{"href":"https:\/\/www.fh-joanneum.at\/supply-chain-engineering\/berufsbegleitend\/wp-json\/wp\/v2\/media?parent=37"}],"curies":[{"name":"wp","href":"https:\/\/api.w.org\/{rel}","templated":true}]}}