{"id":10000043,"date":"2022-07-21T11:25:10","date_gmt":"2022-07-21T09:25:10","guid":{"rendered":"https:\/\/www.fh-joanneum.at\/supply-chain-management\/academic_certificate_programme\/?page_id=43"},"modified":"2024-11-29T08:37:45","modified_gmt":"2024-11-29T07:37:45","slug":"voraussetzungen","status":"publish","type":"page","link":"https:\/\/www.fh-joanneum.at\/supply-chain-management\/academic_certificate_programme\/vor-dem-lehrgang\/voraussetzungen\/","title":{"rendered":"Voraussetzungen"},"content":{"rendered":"<div id=\"\" class=\"wp-block-text-content margin-bottom-none\">\n    <div class=\"container-lg\">\n        <div class=\"row\">\n            <div class=\"col\">\n                <div class=\"module-migration-headline\">\n<h3>Zugangsvoraussetzungen<\/h3>\n<\/div>\n\n            <\/div>\n        <\/div>\n            <\/div>\n<\/div>\n\n\n<div id=\"\" class=\"wp-block-text-content margin-bottom-normal\">\n    <div class=\"container-lg\">\n        <div class=\"row\">\n            <div class=\"col\">\n                <p>F&uuml;r die Teilnahme am akademischen Lehrgang &bdquo;Supply Chain Management&ldquo; ist mindestens eine allgemeine Zugangsberechtigung zu einem Studium an einer &ouml;sterreichischen Universit&auml;t oder Fachhochschule erforderlich. Bewerber:innen ben&ouml;tigen eine mindestens dreij&auml;hrige Berufserfahrung im Einkauf, in der Logistik oder im Supply Chain Management.<\/p>\n<p>Sollten Sie daran interessiert sein, den Masterlehrgang <a href=\"https:\/\/www.fh-joanneum.at\/einkauf-und-supply-chain-management\/postgraduate\/\" target=\"_blank\" rel=\"noopener\">&bdquo;Einkauf und Supply Chain Management&rdquo;<\/a> abzuschlie&szlig;en, k&ouml;nnen Sie auch mit dem akademischen Lehrgang starten und die notwendige Berufs- oder F&uuml;hrungserfahrung nachholen und zu einem sp&auml;teren Zeitpunkt die ausst&auml;ndigen Module absolvieren.<\/p>\n<p>Die Erf&uuml;llung der formalen Zugangsvoraussetzungen wird durch die Abteilung WSA, im Zweifelsfall gemeinsam mit der Lehrgangsleitung, gepr&uuml;ft.<\/p>\n\n            <\/div>\n        <\/div>\n            <\/div>\n<\/div>\n\n\n<div\n    id=\"\"\n    class=\"wp-block-tipp-box margin-bottom-normal\"\n>\n    <div class=\"container-lg\">\n        <div class=\"row\">\n            <div class=\"col\">\n                <div class=\"tipp-box border border-info\">\n                    <div class=\"tipp-box-inner p-2 p-md-3\">\n                        <h4 class=\"\">Hinweis<\/h4>\n                        <p>Deutsch und Englisch sind Unterrichtssprachen und deren Kenntnis wird als erforderlich vorausgesetzt.<\/p>\n\n                    <\/div>\n                <\/div>\n            <\/div>\n        <\/div>\n    <\/div>\n<\/div>\n","protected":false},"excerpt":{"rendered":"<p>Welche Voraussetzungen m\u00fcssen Sie f\u00fcr den Lehrgang erf\u00fcllen? Die Antwort auf diese Frage geben wir Ihnen hier.<\/p>\n","protected":false},"author":11,"featured_media":0,"parent":10000041,"menu_order":8,"comment_status":"closed","ping_status":"closed","template":"","meta":{"_acf_changed":false,"footnotes":""},"acf":[],"aioseo_notices":[],"_links":{"self":[{"href":"https:\/\/www.fh-joanneum.at\/supply-chain-management\/academic_certificate_programme\/wp-json\/wp\/v2\/pages\/10000043"}],"collection":[{"href":"https:\/\/www.fh-joanneum.at\/supply-chain-management\/academic_certificate_programme\/wp-json\/wp\/v2\/pages"}],"about":[{"href":"https:\/\/www.fh-joanneum.at\/supply-chain-management\/academic_certificate_programme\/wp-json\/wp\/v2\/types\/page"}],"author":[{"embeddable":true,"href":"https:\/\/www.fh-joanneum.at\/supply-chain-management\/academic_certificate_programme\/wp-json\/wp\/v2\/users\/11"}],"replies":[{"embeddable":true,"href":"https:\/\/www.fh-joanneum.at\/supply-chain-management\/academic_certificate_programme\/wp-json\/wp\/v2\/comments?post=10000043"}],"version-history":[{"count":3,"href":"https:\/\/www.fh-joanneum.at\/supply-chain-management\/academic_certificate_programme\/wp-json\/wp\/v2\/pages\/10000043\/revisions"}],"predecessor-version":[{"id":10000084,"href":"https:\/\/www.fh-joanneum.at\/supply-chain-management\/academic_certificate_programme\/wp-json\/wp\/v2\/pages\/10000043\/revisions\/10000084"}],"up":[{"embeddable":true,"href":"https:\/\/www.fh-joanneum.at\/supply-chain-management\/academic_certificate_programme\/wp-json\/wp\/v2\/pages\/10000041"}],"wp:attachment":[{"href":"https:\/\/www.fh-joanneum.at\/supply-chain-management\/academic_certificate_programme\/wp-json\/wp\/v2\/media?parent=10000043"}],"curies":[{"name":"wp","href":"https:\/\/api.w.org\/{rel}","templated":true}]}}