{"id":10000010,"date":"2019-10-29T13:41:52","date_gmt":"2019-10-29T12:41:52","guid":{"rendered":"https:\/\/www.fh-joanneum.at\/system-test-engineering\/master\/?page_id=10"},"modified":"2024-09-06T10:11:58","modified_gmt":"2024-09-06T08:11:58","slug":"voraussetzungen","status":"publish","type":"page","link":"https:\/\/www.fh-joanneum.at\/system-test-engineering\/master\/vor-dem-studium\/voraussetzungen\/","title":{"rendered":"Voraussetzungen"},"content":{"rendered":"<div id=\"\" class=\"wp-block-text-content margin-bottom-none\">\n    <div class=\"container-lg\">\n        <div class=\"row\">\n            <div class=\"col\">\n                <div class=\"module-migration-headline\">\n<h3>Voraussetzungen f&uuml;r das Studium<\/h3>\n<\/div>\n\n            <\/div>\n        <\/div>\n            <\/div>\n<\/div>\n\n\n<div id=\"\" class=\"wp-block-text-content margin-bottom-normal\">\n    <div class=\"container-lg\">\n        <div class=\"row\">\n            <div class=\"col\">\n                <p>Die Zugangsvoraussetzungen erf&uuml;llen:<\/p>\n<p>Bachelorabsolvent:innen eines <strong>technischen Bachelorstudiums im Umfang von 180 ECTS<\/strong>, wenn mindestens 30 ECTS an erfolgreich absolvierten Lehrveranstaltungen aus den Bereichen <strong>Elektronik<\/strong> und <strong>Technische Informatik<\/strong> an einer anerkannten Hochschule nachgewiesen werden k&ouml;nnen.<\/p>\n<p>Der Zugang zum Masterstudium kann aus einem breiten Spektrum von Bachelorstudieng&auml;ngen an unterschiedlichen Universit&auml;ten und Hochschulen erfolgen, zum Beispiel:<\/p>\n<ul>\n<li>Angewandte Elektronik und Technische Informatik<\/li>\n<li>Automatisierungstechnik<\/li>\n<li>Biomedical Engineering<\/li>\n<li>Digital Engineering<\/li>\n<li>Electrical Engineering<\/li>\n<li>Elektronik<\/li>\n<li>Elektronik und Computer Engineering<\/li>\n<li>Elektronik und Informationstechnik<\/li>\n<li>Elektrotechnik<\/li>\n<li>Elektrotechnik &ndash; Toningenieur<\/li>\n<li>Elektrotechnik und Informationstechnik<\/li>\n<li>Fahrzeugtechnik \/ Automotive Engineering<\/li>\n<li>Hardware-Software-Design<\/li>\n<li>Industrielle Mechatronik<\/li>\n<li>Information and Computer Engineering<\/li>\n<li>Informations- und Kommunikationssysteme<\/li>\n<li>Informationstechnologien &ndash; Netzwerk- und Kommunikationstechnik<\/li>\n<li>Mechatronik<\/li>\n<li>Mechatronik &ndash; Mikrosystemtechnik<\/li>\n<li>Smart Automation<\/li>\n<li>Smart Homes und Assistive Technologien<\/li>\n<li>Systems Engineering<\/li>\n<\/ul>\n<p>Auch bei Abschluss eines inhaltlich &auml;quivalenten Studiums von Hochschulen aus anderen L&auml;ndern freuen wir uns &uuml;ber Ihre Bewerbung.<\/p>\n<p>F&uuml;r den Fall, dass eine Gleichwertigkeit Ihres Studienabschlusses gegeben ist und nur einzelne Erg&auml;nzungen fehlen, wird eine Teilnahme am Studiengang mit der Auflage von Pr&uuml;fungen verbunden, die Sie im Zuge des ersten Studienjahres ablegen k&ouml;nnen.<\/p>\n<h4>Sprachkenntnisse<\/h4>\n<p>Englisch ist die Unterrichtssprache am Studiengang. Mit Sprachkenntnissen auf Level B2 k&ouml;nnen Sie den Studieninhalten ohne Probleme folgen. Best&auml;tigen Sie uns Ihre Sprachkenntnisse bitte mit einem Zertifikat sofern Sie nicht in Maturazeugnissen oder &auml;hnlichen Diplomen genannt sind.<\/p>\n\n            <\/div>\n        <\/div>\n            <\/div>\n<\/div>\n\n\n<div\n    id=\"\"\n    class=\"wp-block-tipp-box margin-bottom-normal\"\n>\n    <div class=\"container-lg\">\n        <div class=\"row\">\n            <div class=\"col\">\n                <div class=\"tipp-box border border-info\">\n                    <div class=\"tipp-box-inner p-2 p-md-3\">\n                        <h4 class=\"\">Hinweis<\/h4>\n                        <p>Sollten Sie diese Voraussetzung nicht erf\u00fcllen, empfehlen wir Ihnen unseren Bachelorstudiengang <a href=\"https:\/\/www.fh-joanneum.at\/elektronik-und-computer-engineering\/bachelor\/\">&#8220;Elektronik und Computer Engineering&#8221;<\/a>, der Sie perfekt auf das Masterstudium vorbereitet. <\/p>\n\n                    <\/div>\n                <\/div>\n            <\/div>\n        <\/div>\n    <\/div>\n<\/div>\n\n\n<div id=\"\" class=\"wp-block-text-content margin-bottom-normal\">\n    <div class=\"container-lg\">\n        <div class=\"row\">\n            <div class=\"col\">\n                <p>In fraglichen F&auml;llen obliegt es der Studiengangsleitung zu entscheiden, ob die Zugangsvoraussetzungen erf&uuml;llt sind. Eine verbindliche Auskunft dar&uuml;ber erhalten Sie nach Einlangen Ihrer vollst&auml;ndigen Bewerbungsunterlagen. <\/p>\n<h4>Sie sind keine &ouml;sterreichische Staatsb&uuml;rgerin oder kein &ouml;sterreichischer Staatsb&uuml;rger?<\/h4>\n<p>F&uuml;r Sie gibt es einige Besonderheiten zu beachten. Mehr Informationen dazu finden Sie in unter dem Men&uuml;punkt <a href=\"https:\/\/www.fh-joanneum.at\/system-test-engineering\/master\/vor-dem-studium\/internationale-bewerberinnen-bewerber\/\"><strong>Internationale Bewerber:innen<\/strong>.<\/a><\/p>\n\n            <\/div>\n        <\/div>\n            <\/div>\n<\/div>\n","protected":false},"excerpt":{"rendered":"<p>Diese Voraussetzungen m\u00fcssen Sie f\u00fcr das Studium erf\u00fcllen.<\/p>\n","protected":false},"author":11,"featured_media":0,"parent":10000008,"menu_order":11,"comment_status":"closed","ping_status":"closed","template":"","meta":{"_acf_changed":false,"footnotes":""},"acf":[],"aioseo_notices":[],"_links":{"self":[{"href":"https:\/\/www.fh-joanneum.at\/system-test-engineering\/master\/wp-json\/wp\/v2\/pages\/10000010"}],"collection":[{"href":"https:\/\/www.fh-joanneum.at\/system-test-engineering\/master\/wp-json\/wp\/v2\/pages"}],"about":[{"href":"https:\/\/www.fh-joanneum.at\/system-test-engineering\/master\/wp-json\/wp\/v2\/types\/page"}],"author":[{"embeddable":true,"href":"https:\/\/www.fh-joanneum.at\/system-test-engineering\/master\/wp-json\/wp\/v2\/users\/11"}],"replies":[{"embeddable":true,"href":"https:\/\/www.fh-joanneum.at\/system-test-engineering\/master\/wp-json\/wp\/v2\/comments?post=10000010"}],"version-history":[{"count":1,"href":"https:\/\/www.fh-joanneum.at\/system-test-engineering\/master\/wp-json\/wp\/v2\/pages\/10000010\/revisions"}],"predecessor-version":[{"id":10000335,"href":"https:\/\/www.fh-joanneum.at\/system-test-engineering\/master\/wp-json\/wp\/v2\/pages\/10000010\/revisions\/10000335"}],"up":[{"embeddable":true,"href":"https:\/\/www.fh-joanneum.at\/system-test-engineering\/master\/wp-json\/wp\/v2\/pages\/10000008"}],"wp:attachment":[{"href":"https:\/\/www.fh-joanneum.at\/system-test-engineering\/master\/wp-json\/wp\/v2\/media?parent=10000010"}],"curies":[{"name":"wp","href":"https:\/\/api.w.org\/{rel}","templated":true}]}}