{"id":10000028,"date":"2019-10-29T14:25:45","date_gmt":"2019-10-29T13:25:45","guid":{"rendered":"https:\/\/www.fh-joanneum.at\/system-test-engineering\/master\/?page_id=28"},"modified":"2025-03-07T09:55:47","modified_gmt":"2025-03-07T08:55:47","slug":"das-studium","status":"publish","type":"page","link":"https:\/\/www.fh-joanneum.at\/system-test-engineering\/master\/im-studium\/das-studium\/","title":{"rendered":"Das Studium"},"content":{"rendered":"<div\n    id=\"\"\n    class=\"wp-block-blockquote margin-bottom-normal\"\n>\n    <div class=\"container-lg\">\n        <div class=\"row\">\n            <div class=\"col\">\n                <div class=\"d-block mb-2 fs-5 major-text-color\">\u201eDas systematische Testen komplexer intelligenter Systeme ist eine der anspruchsvollsten Aufgaben der Zukunft. Mit unserer Ausbildung stellen wir uns dieser Herausforderung, indem wir unseren Studierenden das Wissen und die F\u00e4higkeiten f\u00fchrender Expert:innen aus Industrie und Wissenschaft zur Verf\u00fcgung stellen.\u201c<\/div>\n                <span class=\"d-flex justify-content-end\">FH-Prof. Priv.-Doz. DI Dr. techn. Christian Vogel, Leiter des Instituts Electronic Engineering<\/span>\n            <\/div>\n        <\/div>\n    <\/div>\n<\/div>\n\n\n<div id=\"\" class=\"wp-block-text-content margin-bottom-none\">\n    <div class=\"container-lg\">\n        <div class=\"row\">\n            <div class=\"col\">\n                <div class=\"module-migration-headline\">\n<h3>Die Schwerpunkte des Masterstudiums<\/h3>\n<\/div>\n\n            <\/div>\n        <\/div>\n            <\/div>\n<\/div>\n\n\n<div id=\"\" class=\"wp-block-text-content margin-bottom-normal\">\n    <div class=\"container-lg\">\n        <div class=\"row\">\n            <div class=\"col\">\n                <h4>KI. Maschinelles Lernen und Datenanalyse.<\/h4>\n<p>Sie vertiefen Ihr Verst&auml;ndnis f&uuml;r statistische Methoden und Datenanalyse, um datengetriebene L&ouml;sungen f&uuml;r verschiedene Anwendungsgebiete zu entwickeln. Sie lernen fortschrittliche Techniken und Algorithmen des maschinellen Lernens zu verstehen und anzuwenden, um Muster und Erkenntnisse aus gro&szlig;en Datens&auml;tzen zu extrahieren.<\/p>\n<h4>Innovativ. Testautomatisierung.<\/h4>\n<p>Sie erwerben tiefgreifendes Wissen &uuml;ber den Einsatz spezifischer Software-Tools und Programmiersprachen, um automatisierte Tests f&uuml;r High-Tech-Produkte zu entwickeln und anzuwenden. Mit diesen F&auml;higkeiten verbessern Sie die Qualit&auml;tssicherung in der High-Tech-Industrie und unterst&uuml;tzen diese dabei innovative Produkte schneller auf den Markt zu bringen.<\/p>\n<h4>Zuverl&auml;ssig. Automotives Testen.<\/h4>\n<p>Das intensive Testen von elektronischen Systemen in der Automobilindustrie ist entscheidend, um die Sicherheit von Fahrzeugen zu gew&auml;hrleisten. Sie lernen elektronische Assistenzsysteme von Notbremssystemen &uuml;ber Spurhalteassistenten bis hin zu autonomen Fahrsystemen zu verstehen und daf&uuml;r Testsysteme zu entwickeln, um die Zuverl&auml;ssigkeit solcher Systeme sicherzustellen.<\/p>\n<h4>High-Tech. Chipfertigung.<\/h4>\n<p>In der High-Tech-Chipfertigung ist ein effizienter Testprozess von entscheidender Bedeutung, um integrierte Schaltungen zuverl&auml;ssig und in hoher Qualit&auml;t herstellen zu k&ouml;nnen. Die Studierenden lernen effiziente Testverfahren f&uuml;r die Chipindustrie zu entwickeln und anzuwenden sowie entsprechende Teststrukturen auf dem Chip zu integrieren. Es stehen Ihnen daf&uuml;r Speziallabore mit Chip-Testern zur Verf&uuml;gung.<\/p>\n<h4>Angewandte Forschung.<\/h4>\n<p>Nationale und internationale Kooperationen mit Hochschulen und Unternehmen erm&ouml;glichen Ihnen die direkte Mitarbeit an innovativen Technologieprojekten. Au&szlig;erdem vertiefen Sie Ihr Wissen auf dem Gebiet Ihrer Masterarbeit.<\/p>\n\n            <\/div>\n        <\/div>\n            <\/div>\n<\/div>\n\n\n\n\n<!-- TODO:\n      Short Code und Cookie Notice anpassen\n      Barrierefreiheit Texte\n-->\n<div\n    id=\"\"\n    class=\"wp-block-video margin-bottom-normal\"\n>\n    <div class=\"container-lg\">\n        <div class=\"row\">\n            <div class=\"col\">\n\n                                    <div class='embed-container'> <div class=\"brlbs-cmpnt-container brlbs-cmpnt-content-blocker\" data-borlabs-cookie-content-blocker-id=\"youtube-content-blocker\" data-borlabs-cookie-content=\"PGlmcmFtZSBpZD0ndmlkZW8nIHNyYz0nLy93d3cueW91dHViZS5jb20vZW1iZWQvdkVqNFZxa2gzSEU\/cmVsPTAmY29udHJvbHM9MCZzaG93aW5mbz0wJmVuYWJsZWpzYXBpPTEmbW9kZXN0YnJhbmRpbmc9MScgZnJhbWVib3JkZXI9JzAnIGFsbG93ZnVsbHNjcmVlbj48L2lmcmFtZT4=\" ><div class=\"brlbs-cmpnt-cb-preset-b\"> <div class=\"brlbs-cmpnt-cb-thumbnail\" style=\"background-image: url('https:\/\/cdn.fh-joanneum.at\/media\/2021\/02\/conversory-fh-joanneum-video-overlay-bg.jpg')\"><\/div> <div class=\"brlbs-cmpnt-cb-main\"> <div class=\"brlbs-cmpnt-cb-content\"> <h4 class=\"brlbs-cmpnt-cb-description\">Mit dem Laden des Videos stimmen Sie der <a href=\"https:\/\/www.youtube.com\/intl\/ALL_at\/howyoutubeworks\/user-settings\/privacy\/\" target=\"_blank\">Datenschutzerkl\u00e4rung<\/a> von YouTube zu.<\/h4> <\/div> <div class=\"brlbs-cmpnt-cb-buttons\"> <a class=\"brlbs-cmpnt-cb-btn\" href=\"#\" data-borlabs-cookie-accept-service role=\"button\" style=\"display: inherit\">Video laden<\/a> <\/div> <\/div> <\/div><\/div><\/div>                            <\/div>\n        <\/div>\n    <\/div>\n<\/div>\n\n\n<div id=\"\" class=\"wp-block-text-content margin-bottom-none\">\n    <div class=\"container-lg\">\n        <div class=\"row\">\n            <div class=\"col\">\n                <div class=\"module-migration-headline\">\n<h3>Organisation<\/h3>\n<\/div>\n\n            <\/div>\n        <\/div>\n            <\/div>\n<\/div>\n\n\n<div id=\"\" class=\"wp-block-text-content margin-bottom-normal\">\n    <div class=\"container-lg\">\n        <div class=\"row\">\n            <div class=\"col\">\n                <p>Unsere Studienorganisation zeichnet sich durch eine &auml;u&szlig;erst praxisorientierte Herangehensweise aus. In exzellent ausgestatteten Laboren arbeiten Studierende in kleinen Gruppen, um eine individuelle Betreuung und viele praktische Erfahrungen zu gew&auml;hrleisten. Dar&uuml;ber hinaus b&uuml;ndeln wir die Studien- und Pr&auml;senzzeiten von Mittwoch bis Freitag. Das erm&ouml;glicht es Ihnen durch eine Teilzeitbesch&auml;ftigung in einem facheinschl&auml;gigen Unternehmen zus&auml;tzliche Praxis zu sammeln.<\/p>\n\n            <\/div>\n        <\/div>\n            <\/div>\n<\/div>\n","protected":false},"excerpt":{"rendered":"<p>Durch eine inhaltlich umfangreiche und fachlich fundierte Ausbildung schaffen wir die Basis f\u00fcr Ihre berufliche Zukunft. Welche allgemeinen Inhalte, fachlichen Themen und spezifischen Schwerpunkte Sie im Studium erwarten, erfahren Sie hier.<\/p>\n","protected":false},"author":11,"featured_media":10000155,"parent":10000027,"menu_order":21,"comment_status":"closed","ping_status":"closed","template":"","meta":{"_acf_changed":false,"footnotes":""},"acf":[],"aioseo_notices":[],"_links":{"self":[{"href":"https:\/\/www.fh-joanneum.at\/system-test-engineering\/master\/wp-json\/wp\/v2\/pages\/10000028"}],"collection":[{"href":"https:\/\/www.fh-joanneum.at\/system-test-engineering\/master\/wp-json\/wp\/v2\/pages"}],"about":[{"href":"https:\/\/www.fh-joanneum.at\/system-test-engineering\/master\/wp-json\/wp\/v2\/types\/page"}],"author":[{"embeddable":true,"href":"https:\/\/www.fh-joanneum.at\/system-test-engineering\/master\/wp-json\/wp\/v2\/users\/11"}],"replies":[{"embeddable":true,"href":"https:\/\/www.fh-joanneum.at\/system-test-engineering\/master\/wp-json\/wp\/v2\/comments?post=10000028"}],"version-history":[{"count":2,"href":"https:\/\/www.fh-joanneum.at\/system-test-engineering\/master\/wp-json\/wp\/v2\/pages\/10000028\/revisions"}],"predecessor-version":[{"id":10000394,"href":"https:\/\/www.fh-joanneum.at\/system-test-engineering\/master\/wp-json\/wp\/v2\/pages\/10000028\/revisions\/10000394"}],"up":[{"embeddable":true,"href":"https:\/\/www.fh-joanneum.at\/system-test-engineering\/master\/wp-json\/wp\/v2\/pages\/10000027"}],"wp:featuredmedia":[{"embeddable":true,"href":"https:\/\/www.fh-joanneum.at\/system-test-engineering\/master\/wp-json\/wp\/v2\/media\/10000155"}],"wp:attachment":[{"href":"https:\/\/www.fh-joanneum.at\/system-test-engineering\/master\/wp-json\/wp\/v2\/media?parent=10000028"}],"curies":[{"name":"wp","href":"https:\/\/api.w.org\/{rel}","templated":true}]}}