{"id":22,"date":"2025-03-20T13:03:45","date_gmt":"2025-03-20T12:03:45","guid":{"rendered":"https:\/\/www.fh-joanneum.at\/technische-dokumentation-und-content-management\/academic_certificate_programme\/?page_id=22"},"modified":"2025-12-12T08:04:35","modified_gmt":"2025-12-12T07:04:35","slug":"termine-fristen","status":"publish","type":"page","link":"https:\/\/www.fh-joanneum.at\/technische-dokumentation-und-content-management\/academic_certificate_programme\/vor-dem-lehrgang\/termine-fristen\/","title":{"rendered":"Termine"},"content":{"rendered":"<div\n        id=\"\"\n        class=\"wp-block-major-termine margin-bottom-normal\"\n    >\n        <div class=\"container-lg\">\n\n                            <div class=\"row \">\n                    <div class=\"col-12 \">\n                        <div class=\"mb-3\">\n                            <h3 class=\"border-bottom border-light\">2026<\/h3>\n                            <strong class=\"d-block mb-1\">Studienbeginn<\/strong>\n                                                            <p>28.09.2026<\/p>\n                                                    <\/div>\n\n                                                    \n                            <div x-data=\"{ open: 0 }\">\n                                                                    <div class=\"mb-2\">\n                                        \n                                        <button\n                                            id=\"item-2026-0-trigger\"\n                                            x-on:click=\"open === 0 ? open = null : open = 0\"\n                                            class=\"arrow-link large-arrow pb-2 border-bottom border-light major-text-color w-100\"\n                                            :class=\"open === 0 ? 'open' : ''\"\n                                            :aria-expanded=\"open === 0 ? 'true' : 'false'\"\n                                            aria-controls=\"item-2026-0\"\n                                        >\n                                            <h4\n                                                class=\"accordion-title mb-0 d-flex align-items-center justify-content-between w-100\">\n                                                <span>\n                                                    Bewerbung\n                                                    September\n                                                <\/span>\n                                                <svg width=\"12\" height=\"24\" viewBox=\"0 0 9 15\" fill=\"none\" xmlns=\"http:\/\/www.w3.org\/2000\/svg\">\n<path id=\"accordion_chevron\" d=\"M1.5 1.5L7.5 7.5L1.5 13.5\" stroke=\"currentColor\" stroke-width=\"1.5\" stroke-linecap=\"round\"\/>\n<\/svg>                                            <\/h4>\n                                        <\/button>\n\n                                        <div\n                                            x-show=\"open === 0\"\n                                            class=\"row my-2 month-item-content\"\n                                            id=\"item-2026-0\"\n                                            aria-labelledby=\"item-2026-0-trigger\"\n                                        >\n                                                                                            <div class=\"col-12 col-md-6\">\n                                                    <strong\n                                                        class=\"d-block mb-1\">Bewerbungsperiode bis: <\/strong>\n                                                    <p>07.09.2026\n                                                    <\/p>\n                                                <\/div>\n                                            \n                                            \n                                            \n                                            \n                                            \n                                            \n                                        <\/div>\n                                    <\/div>\n                                                            <\/div>\n                                            <\/div>\n                <\/div>\n                    <\/div>\n    <\/div>\n\n\n<div id=\"\" class=\"wp-block-text-content margin-bottom-normal\">\n    <div class=\"container-lg\">\n        <div class=\"row\">\n            <div class=\"col\">\n                <h3>Termine<\/h3>\n<p><strong>N&auml;chster geplanter Lehrgangsstart:<\/strong> Wintersemester 2026\/2027<\/p>\n<p>Unter &bdquo;Bewerbungsperiode&ldquo; finden Sie den letzten m&ouml;glichen Bewerbungstag f&uuml;r den jeweiligen Studienbeginn. Bewerbungen sind bis zu diesem Datum jederzeit m&ouml;glich.<\/p>\n\n            <\/div>\n        <\/div>\n            <\/div>\n<\/div>\n\n\n\n\n<div id=\"\" class=\"wp-block-text-content margin-bottom-normal\">\n    <div class=\"container-lg\">\n        <div class=\"row\">\n            <div class=\"col\">\n                <p>F&uuml;r weitere Informationen zu Terminen und Fristen kontaktieren Sie bitte direkt die Lehrgangsleiterin unter:<\/p>\n<p><a href=\"mailto:martina.koenig@fh-joanneum.at\">martina.koenig@fh-joanneum.at<\/a> oder <a href=\"tel:+43664804538632\">+43664 80453 8632<\/a><\/p>\n\n            <\/div>\n        <\/div>\n            <\/div>\n<\/div>\n\n\n<div\n    id=\"\"\n    class=\"wp-block-person-cards margin-bottom-normal\"\n>\n    <div class=\"container-lg\">\n      <div class=\"row\">\n                                                          <div class=\"col-6 col-sm-4 col-md-6 col-lg-4 col-xl-3 mb-4\">\n                    <a href=\"https:\/\/www.fh-joanneum.at\/hochschule\/person\/martina-koenig\"\n    class=\"person-card\">\n    <div class=\"border border-light h-100\">\n\n        <div class=\"image-wrapper\">\n            <picture>\n        <img decoding=\"async\"\n        class=\"img-fluid\"\n        src=\"https:\/\/online.fh-joanneum.at\/JOANNEUMonline\/visitenkarte.showImage?pPersonenGruppe=3&amp;pPersonenId=AD7496CE06F7A880\"\n        alt=\"\"\n        title=\"\"\n                 onerror=\"this.src = 'https:\/\/www.fh-joanneum.at\/app\/themes\/fh\/public\/images\/avatar_dummy.e5edf9.png'\"     >\n<\/picture>\n\n        <\/div>\n        <div class=\"p-2 p-xl-3\">\n                            <p class=\"mb-1 hyphens\">Mag.a<\/p>\n                        <h6>Martina K\u00f6nig<\/h6>\n                        <p class=\"mb-0 hyphens\">\n              FH-Vizerektorin<br>interim. Institutsleiterin &#8220;Journalismus und Digitale Medien&#8221;<br>Dozentin (FH)<br>\n            <\/p>\n        <\/div>\n    <\/div>\n<\/a>                  <\/div>\n                                              <\/div>\n    <\/div>\n<\/div>\n\n\n<div\n    id=\"\"\n    class=\"wp-block-tipp-box margin-bottom-normal\"\n>\n    <div class=\"container-lg\">\n        <div class=\"row\">\n            <div class=\"col\">\n                <div class=\"tipp-box border border-warning\">\n                    <div class=\"tipp-box-inner p-2 p-md-3\">\n                        <h4 class=\"\">Tipp<\/h4>\n                        <p>Pers\u00f6nliche Aufnahmegespr\u00e4che finden laufend statt.<\/p>\n<p>Wenn die verf\u00fcgbaren Studienpl\u00e4tze vergeben sind, wird die Aufnahme abgeschlossen. Die Lehrgangsleitung kann jedoch dar\u00fcber hinaus Studienpl\u00e4tze vergeben.<\/p>\n\n                    <\/div>\n                <\/div>\n            <\/div>\n        <\/div>\n    <\/div>\n<\/div>\n","protected":false},"excerpt":{"rendered":"","protected":false},"author":143,"featured_media":0,"parent":6,"menu_order":10,"comment_status":"closed","ping_status":"closed","template":"","meta":{"_acf_changed":false,"footnotes":""},"acf":[],"aioseo_notices":[],"_links":{"self":[{"href":"https:\/\/www.fh-joanneum.at\/technische-dokumentation-und-content-management\/academic_certificate_programme\/wp-json\/wp\/v2\/pages\/22"}],"collection":[{"href":"https:\/\/www.fh-joanneum.at\/technische-dokumentation-und-content-management\/academic_certificate_programme\/wp-json\/wp\/v2\/pages"}],"about":[{"href":"https:\/\/www.fh-joanneum.at\/technische-dokumentation-und-content-management\/academic_certificate_programme\/wp-json\/wp\/v2\/types\/page"}],"author":[{"embeddable":true,"href":"https:\/\/www.fh-joanneum.at\/technische-dokumentation-und-content-management\/academic_certificate_programme\/wp-json\/wp\/v2\/users\/143"}],"replies":[{"embeddable":true,"href":"https:\/\/www.fh-joanneum.at\/technische-dokumentation-und-content-management\/academic_certificate_programme\/wp-json\/wp\/v2\/comments?post=22"}],"version-history":[{"count":6,"href":"https:\/\/www.fh-joanneum.at\/technische-dokumentation-und-content-management\/academic_certificate_programme\/wp-json\/wp\/v2\/pages\/22\/revisions"}],"predecessor-version":[{"id":90,"href":"https:\/\/www.fh-joanneum.at\/technische-dokumentation-und-content-management\/academic_certificate_programme\/wp-json\/wp\/v2\/pages\/22\/revisions\/90"}],"up":[{"embeddable":true,"href":"https:\/\/www.fh-joanneum.at\/technische-dokumentation-und-content-management\/academic_certificate_programme\/wp-json\/wp\/v2\/pages\/6"}],"wp:attachment":[{"href":"https:\/\/www.fh-joanneum.at\/technische-dokumentation-und-content-management\/academic_certificate_programme\/wp-json\/wp\/v2\/media?parent=22"}],"curies":[{"name":"wp","href":"https:\/\/api.w.org\/{rel}","templated":true}]}}