{"id":24,"date":"2025-03-20T13:07:47","date_gmt":"2025-03-20T12:07:47","guid":{"rendered":"https:\/\/www.fh-joanneum.at\/technische-dokumentation-und-content-management\/academic_certificate_programme\/?page_id=24"},"modified":"2025-03-20T13:07:49","modified_gmt":"2025-03-20T12:07:49","slug":"voraussetzungen","status":"publish","type":"page","link":"https:\/\/www.fh-joanneum.at\/technische-dokumentation-und-content-management\/academic_certificate_programme\/vor-dem-lehrgang\/voraussetzungen\/","title":{"rendered":"Voraussetzungen"},"content":{"rendered":"<div id=\"\" class=\"wp-block-text-content margin-bottom-normal\">\n    <div class=\"container-lg\">\n        <div class=\"row\">\n            <div class=\"col\">\n                <h3>Voraussetzungen f&uuml;r den Lehrgang<\/h3>\n<p>Welche Voraussetzungen m&uuml;ssen Sie erf&uuml;llen, um den Lehrgang besuchen zu k&ouml;nnen?<\/p>\n<p>&nbsp;<\/p>\n<h4><strong>Zugangsvoraussetzungen: Dreisemestriger Akademischer Lehrgang<\/strong><\/h4>\n<p>Sie k&ouml;nnen sich f&uuml;r den Lehrgang bewerben, wenn Sie<\/p>\n<ul>\n<li>die allgemeine Hochschulreife<\/li>\n<li>und eine zumindest 2-j&auml;hrige einschl&auml;gige Berufserfahrung (im CV ersichtlich)<\/li>\n<\/ul>\n<p>vorweisen k&ouml;nnen.<\/p>\n\n            <\/div>\n        <\/div>\n            <\/div>\n<\/div>\n\n\n<div\n    id=\"\"\n    class=\"wp-block-tipp-box margin-bottom-normal\"\n>\n    <div class=\"container-lg\">\n        <div class=\"row\">\n            <div class=\"col\">\n                <div class=\"tipp-box border border-warning\">\n                    <div class=\"tipp-box-inner p-2 p-md-3\">\n                        <h4 class=\"\">Tipp<\/h4>\n                        <p><strong>F\u00f6rderm\u00f6glichkeiten: <\/strong>Der Lehrgang \u201eTechnische Dokumentation und Content Management\u201c (\u201eTechnische Dokumentation\u201c) an der FH JOANNEUM ist in der SFG-Kursdatenbank f\u00fcr f\u00f6rderungsf\u00e4hige Qualifizierungsma\u00dfnahmen registriert. <a href=\"https:\/\/www.sfg.at\/cms\/745\/true&amp;kursid=2494596\">Hier<\/a> finden Sie Informationen dazu.<\/p>\n\n                    <\/div>\n                <\/div>\n            <\/div>\n        <\/div>\n    <\/div>\n<\/div>\n\n\n<div id=\"\" class=\"wp-block-text-content margin-bottom-normal\">\n    <div class=\"container-lg\">\n        <div class=\"row\">\n            <div class=\"col\">\n                <p>F&ouml;rderungen der Steirischen Wirtschaftsf&ouml;rderung SFG k&ouml;nnen von Arbeitgebern &ndash; also Firmen f&uuml;r ihre Mitarbeiter:innen &ndash; in Anspruch genommen werden. Sie sind im konkreten Fall beschr&auml;nkt auf Klein- und Mittelunternehmen. Ob eine Firma in diese Kategorie f&auml;llt, kann man bei der SFG direkt erfragen. Das F&ouml;rderansuchen muss vom Arbeitgeber gestellt werden.<\/p>\n\n            <\/div>\n        <\/div>\n            <\/div>\n<\/div>\n","protected":false},"excerpt":{"rendered":"<p>Diese Voraussetzungen m\u00fcssen Sie f\u00fcr den Lehrgang erf\u00fcllen.<\/p>\n","protected":false},"author":143,"featured_media":0,"parent":6,"menu_order":20,"comment_status":"closed","ping_status":"closed","template":"","meta":{"_acf_changed":false,"footnotes":""},"acf":[],"aioseo_notices":[],"_links":{"self":[{"href":"https:\/\/www.fh-joanneum.at\/technische-dokumentation-und-content-management\/academic_certificate_programme\/wp-json\/wp\/v2\/pages\/24"}],"collection":[{"href":"https:\/\/www.fh-joanneum.at\/technische-dokumentation-und-content-management\/academic_certificate_programme\/wp-json\/wp\/v2\/pages"}],"about":[{"href":"https:\/\/www.fh-joanneum.at\/technische-dokumentation-und-content-management\/academic_certificate_programme\/wp-json\/wp\/v2\/types\/page"}],"author":[{"embeddable":true,"href":"https:\/\/www.fh-joanneum.at\/technische-dokumentation-und-content-management\/academic_certificate_programme\/wp-json\/wp\/v2\/users\/143"}],"replies":[{"embeddable":true,"href":"https:\/\/www.fh-joanneum.at\/technische-dokumentation-und-content-management\/academic_certificate_programme\/wp-json\/wp\/v2\/comments?post=24"}],"version-history":[{"count":1,"href":"https:\/\/www.fh-joanneum.at\/technische-dokumentation-und-content-management\/academic_certificate_programme\/wp-json\/wp\/v2\/pages\/24\/revisions"}],"predecessor-version":[{"id":25,"href":"https:\/\/www.fh-joanneum.at\/technische-dokumentation-und-content-management\/academic_certificate_programme\/wp-json\/wp\/v2\/pages\/24\/revisions\/25"}],"up":[{"embeddable":true,"href":"https:\/\/www.fh-joanneum.at\/technische-dokumentation-und-content-management\/academic_certificate_programme\/wp-json\/wp\/v2\/pages\/6"}],"wp:attachment":[{"href":"https:\/\/www.fh-joanneum.at\/technische-dokumentation-und-content-management\/academic_certificate_programme\/wp-json\/wp\/v2\/media?parent=24"}],"curies":[{"name":"wp","href":"https:\/\/api.w.org\/{rel}","templated":true}]}}