{"id":26,"date":"2025-03-20T13:18:14","date_gmt":"2025-03-20T12:18:14","guid":{"rendered":"https:\/\/www.fh-joanneum.at\/technische-dokumentation-und-content-management\/academic_certificate_programme\/?page_id=26"},"modified":"2025-03-20T13:19:01","modified_gmt":"2025-03-20T12:19:01","slug":"bewerbung","status":"publish","type":"page","link":"https:\/\/www.fh-joanneum.at\/technische-dokumentation-und-content-management\/academic_certificate_programme\/vor-dem-lehrgang\/bewerbung\/","title":{"rendered":"Bewerbung"},"content":{"rendered":"<div id=\"\" class=\"wp-block-text-content margin-bottom-normal\">\n    <div class=\"container-lg\">\n        <div class=\"row\">\n            <div class=\"col\">\n                <h3>Bewerbung<\/h3>\n<p>F&uuml;r die Bewerbung zum<strong> dreisemestrigen Akademischen Lehrgang<\/strong>&nbsp;ben&ouml;tigen Sie die folgenden Unterlagen:<\/p>\n<ul>\n<li>unterzeichnetes Bewerbungsschreiben \/ Motivationsschreiben<\/li>\n<li>unterzeichneter Lebenslauf<\/li>\n<li>Kopie des Staatsb&uuml;rgerschaftsnachweises oder des Reisepasses<\/li>\n<li>Nachweis &uuml;ber die allgemeine Hochschulreife<\/li>\n<li>Nachweis &uuml;ber eine zumindest 2-j&auml;hrige einschl&auml;gige Berufserfahrung (im CV ersichtlich)<\/li>\n<\/ul>\n<p>Die Bewerbungsunterlagen werden vertraulich behandelt.<\/p>\n\n            <\/div>\n        <\/div>\n            <\/div>\n<\/div>\n\n\n<div\n    id=\"\"\n    class=\"wp-block-tipp-box margin-bottom-normal\"\n>\n    <div class=\"container-lg\">\n        <div class=\"row\">\n            <div class=\"col\">\n                <div class=\"tipp-box border border-info\">\n                    <div class=\"tipp-box-inner p-2 p-md-3\">\n                        <h4 class=\"\">Hinweis<\/h4>\n                        <p><strong>Welche Regeln gelten f\u00fcr internationalen Dokumente?<\/strong><\/p>\n<p>F\u00fcr nicht-\u00f6sterreichische Dokumente gibt es Sonderregeln. Diese m\u00fcssen Sie einhalten, damit Ihre Bewerbung akzeptiert werden kann. Welche Richtlinien einzuhalten sind, h\u00e4ngt davon ab, in welchem Land die Dokumente ausgestellt wurden: <a href=\"https:\/\/www.fh-joanneum.at\/beglaubigungs-und-uebersetzungsrichtlinien\/\">Beglaubigungs- und \u00dcbersetzungsrichtlinien nach L\u00e4ndern<\/a>.<\/p>\n\n                    <\/div>\n                <\/div>\n            <\/div>\n        <\/div>\n    <\/div>\n<\/div>\n\n\n<div\n    id=\"\"\n    class=\"wp-block-tipp-box margin-bottom-normal\"\n>\n    <div class=\"container-lg\">\n        <div class=\"row\">\n            <div class=\"col\">\n                <div class=\"tipp-box border border-warning\">\n                    <div class=\"tipp-box-inner p-2 p-md-3\">\n                        <h4 class=\"\">Tipp<\/h4>\n                        <p>Falls Sie die Dokumente wie Bachelor- oder Diplomurkunde zum Zeitpunkt der Bewerbung noch nicht haben, k\u00f6nnen Sie diese bis zum Studienbeginn nachreichen.<\/p>\n\n                    <\/div>\n                <\/div>\n            <\/div>\n        <\/div>\n    <\/div>\n<\/div>\n\n\n<div id=\"\" class=\"wp-block-text-content margin-bottom-normal\">\n    <div class=\"container-lg\">\n        <div class=\"row\">\n            <div class=\"col\">\n                <h5>Onlinebewerbung<\/h5>\n<p><strong><a href=\"https:\/\/www.fh-joanneum.at\/studium\/online-bewerbung\/\">Hier geht es zur Onlinebewerbung.<\/a><\/strong><\/p>\n<p>&nbsp;<\/p>\n<h4>Einladung zum pers&ouml;nlichen Gespr&auml;ch<\/h4>\n<p>Ihre Bewerbung wird von der Lehrgangsleitung &uuml;berpr&uuml;ft. Alle Bewerber:innen, die die formalen Voraussetzungen erf&uuml;llen, werden zu einem pers&ouml;nlichen Gespr&auml;ch eingeladen.<\/p>\n\n            <\/div>\n        <\/div>\n            <\/div>\n<\/div>\n","protected":false},"excerpt":{"rendered":"<p>Alle Informationen \u00fcber Bewerbung und ben\u00f6tigte Unterlagen.<\/p>\n","protected":false},"author":143,"featured_media":0,"parent":6,"menu_order":30,"comment_status":"closed","ping_status":"closed","template":"","meta":{"_acf_changed":false,"footnotes":""},"acf":[],"aioseo_notices":[],"_links":{"self":[{"href":"https:\/\/www.fh-joanneum.at\/technische-dokumentation-und-content-management\/academic_certificate_programme\/wp-json\/wp\/v2\/pages\/26"}],"collection":[{"href":"https:\/\/www.fh-joanneum.at\/technische-dokumentation-und-content-management\/academic_certificate_programme\/wp-json\/wp\/v2\/pages"}],"about":[{"href":"https:\/\/www.fh-joanneum.at\/technische-dokumentation-und-content-management\/academic_certificate_programme\/wp-json\/wp\/v2\/types\/page"}],"author":[{"embeddable":true,"href":"https:\/\/www.fh-joanneum.at\/technische-dokumentation-und-content-management\/academic_certificate_programme\/wp-json\/wp\/v2\/users\/143"}],"replies":[{"embeddable":true,"href":"https:\/\/www.fh-joanneum.at\/technische-dokumentation-und-content-management\/academic_certificate_programme\/wp-json\/wp\/v2\/comments?post=26"}],"version-history":[{"count":2,"href":"https:\/\/www.fh-joanneum.at\/technische-dokumentation-und-content-management\/academic_certificate_programme\/wp-json\/wp\/v2\/pages\/26\/revisions"}],"predecessor-version":[{"id":28,"href":"https:\/\/www.fh-joanneum.at\/technische-dokumentation-und-content-management\/academic_certificate_programme\/wp-json\/wp\/v2\/pages\/26\/revisions\/28"}],"up":[{"embeddable":true,"href":"https:\/\/www.fh-joanneum.at\/technische-dokumentation-und-content-management\/academic_certificate_programme\/wp-json\/wp\/v2\/pages\/6"}],"wp:attachment":[{"href":"https:\/\/www.fh-joanneum.at\/technische-dokumentation-und-content-management\/academic_certificate_programme\/wp-json\/wp\/v2\/media?parent=26"}],"curies":[{"name":"wp","href":"https:\/\/api.w.org\/{rel}","templated":true}]}}