{"id":10000041,"date":"2016-09-22T17:21:29","date_gmt":"2016-09-22T15:21:29","guid":{"rendered":"https:\/\/www.fh-joanneum.at\/technische-dokumentation\/postgraduate\/?page_id=41"},"modified":"2025-03-21T10:43:31","modified_gmt":"2025-03-21T09:43:31","slug":"voraussetzungen","status":"publish","type":"page","link":"https:\/\/www.fh-joanneum.at\/technische-dokumentation\/postgraduate\/vor-dem-studium\/voraussetzungen\/","title":{"rendered":"Voraussetzungen"},"content":{"rendered":"<div id=\"\" class=\"wp-block-text-content margin-bottom-none\">\n    <div class=\"container-lg\">\n        <div class=\"row\">\n            <div class=\"col\">\n                <div class=\"module-migration-headline\">\n<h3>Voraussetzungen f&uuml;r den Lehrgang<\/h3>\n<\/div>\n\n            <\/div>\n        <\/div>\n            <\/div>\n<\/div>\n\n\n<div id=\"\" class=\"wp-block-text-content margin-bottom-normal\">\n    <div class=\"container-lg\">\n        <div class=\"row\">\n            <div class=\"col\">\n                <p>Welche Voraussetzungen m&uuml;ssen Sie erf&uuml;llen, um den Lehrgang besuchen zu k&ouml;nnen?<\/p>\n\n            <\/div>\n        <\/div>\n            <\/div>\n<\/div>\n\n\n<div id=\"\" class=\"wp-block-text-content margin-bottom-none\">\n    <div class=\"container-lg\">\n        <div class=\"row\">\n            <div class=\"col\">\n                <div class=\"module-migration-headline\">\n<h4><strong>Zugangsvoraussetzungen: Viersemestriger Hochschullehrgang<\/strong> mit Masterabschluss<\/h4>\n<p>Sie k&ouml;nnen sich f&uuml;r den Lehrgang bewerben, wenn Sie<\/p>\n<ul>\n<li>ein abgeschlossenes facheinschl&auml;giges Fachhochschul-Bachelorstudium oder<\/li>\n<li>den Abschluss eines anderen fachlich in Frage kommenden Studiums mindestens desselben hochschulischen Bildungsniveaus an einer anerkannten inl&auml;ndischen oder ausl&auml;ndischen postsekund&auml;ren Bildungseinrichtung<\/li>\n<li>und eine zumindest 2-j&auml;hrige einschl&auml;gige Berufserfahrung (im CV ersichtlich)<\/li>\n<\/ul>\n<p>vorweisen k&ouml;nnen.<\/p>\n<\/div>\n\n            <\/div>\n        <\/div>\n            <\/div>\n<\/div>\n\n\n<div id=\"\" class=\"wp-block-text-content margin-bottom-none\">\n    <div class=\"container-lg\">\n        <div class=\"row\">\n            <div class=\"col\">\n                <div class=\"module-migration-headline\">\n<h4>F&ouml;rderm&ouml;glichkeiten<\/h4>\n<\/div>\n\n            <\/div>\n        <\/div>\n            <\/div>\n<\/div>\n\n\n<div\n    id=\"\"\n    class=\"wp-block-tipp-box margin-bottom-normal\"\n>\n    <div class=\"container-lg\">\n        <div class=\"row\">\n            <div class=\"col\">\n                <div class=\"tipp-box border border-warning\">\n                    <div class=\"tipp-box-inner p-2 p-md-3\">\n                        <h4 class=\"\">Tipp<\/h4>\n                        <p>Der Lehrgang \u201eTechnische Dokumentation und Content Management\u201c (\u201eTechnische Dokumentation\u201c) an der FH JOANNEUM ist in der SFG-Kursdatenbank f\u00fcr f\u00f6rderungsf\u00e4hige Qualifizierungsma\u00dfnahmen registriert. <a href=\"https:\/\/www.sfg.at\/cms\/745\/true&amp;kursid=2494596\">Hier<\/a> finden Sie Informationen dazu.<\/p>\n\n                    <\/div>\n                <\/div>\n            <\/div>\n        <\/div>\n    <\/div>\n<\/div>\n\n\n<div id=\"\" class=\"wp-block-text-content margin-bottom-normal\">\n    <div class=\"container-lg\">\n        <div class=\"row\">\n            <div class=\"col\">\n                <p>F&ouml;rderungen der Steirischen Wirtschaftsf&ouml;rderung SFG k&ouml;nnen von Arbeitgebern &ndash; also Firmen f&uuml;r ihre Mitarbeiterinnen und Mitarbeiter &ndash; in Anspruch genommen werden. Sie sind im konkreten Fall beschr&auml;nkt auf Klein- und Mittelunternehmen. Ob eine Firma in diese Kategorie f&auml;llt, kann man bei der SFG direkt erfragen. Das F&ouml;rderansuchen muss vom Arbeitgeber gestellt werden.<\/p>\n\n            <\/div>\n        <\/div>\n            <\/div>\n<\/div>\n","protected":false},"excerpt":{"rendered":"<p>Diese Voraussetzungen m\u00fcssen Sie f\u00fcr den Lehrgang erf\u00fcllen.<\/p>\n","protected":false},"author":11,"featured_media":0,"parent":10000039,"menu_order":12,"comment_status":"closed","ping_status":"closed","template":"","meta":{"_acf_changed":false,"footnotes":""},"acf":[],"aioseo_notices":[],"_links":{"self":[{"href":"https:\/\/www.fh-joanneum.at\/technische-dokumentation\/postgraduate\/wp-json\/wp\/v2\/pages\/10000041"}],"collection":[{"href":"https:\/\/www.fh-joanneum.at\/technische-dokumentation\/postgraduate\/wp-json\/wp\/v2\/pages"}],"about":[{"href":"https:\/\/www.fh-joanneum.at\/technische-dokumentation\/postgraduate\/wp-json\/wp\/v2\/types\/page"}],"author":[{"embeddable":true,"href":"https:\/\/www.fh-joanneum.at\/technische-dokumentation\/postgraduate\/wp-json\/wp\/v2\/users\/11"}],"replies":[{"embeddable":true,"href":"https:\/\/www.fh-joanneum.at\/technische-dokumentation\/postgraduate\/wp-json\/wp\/v2\/comments?post=10000041"}],"version-history":[{"count":6,"href":"https:\/\/www.fh-joanneum.at\/technische-dokumentation\/postgraduate\/wp-json\/wp\/v2\/pages\/10000041\/revisions"}],"predecessor-version":[{"id":10000348,"href":"https:\/\/www.fh-joanneum.at\/technische-dokumentation\/postgraduate\/wp-json\/wp\/v2\/pages\/10000041\/revisions\/10000348"}],"up":[{"embeddable":true,"href":"https:\/\/www.fh-joanneum.at\/technische-dokumentation\/postgraduate\/wp-json\/wp\/v2\/pages\/10000039"}],"wp:attachment":[{"href":"https:\/\/www.fh-joanneum.at\/technische-dokumentation\/postgraduate\/wp-json\/wp\/v2\/media?parent=10000041"}],"curies":[{"name":"wp","href":"https:\/\/api.w.org\/{rel}","templated":true}]}}