{"id":10000042,"date":"2016-09-22T17:30:12","date_gmt":"2016-09-22T15:30:12","guid":{"rendered":"https:\/\/www.fh-joanneum.at\/technische-dokumentation\/postgraduate\/?page_id=42"},"modified":"2025-03-21T10:44:33","modified_gmt":"2025-03-21T09:44:33","slug":"bewerbung","status":"publish","type":"page","link":"https:\/\/www.fh-joanneum.at\/technische-dokumentation\/postgraduate\/vor-dem-studium\/bewerbung\/","title":{"rendered":"Bewerbung"},"content":{"rendered":"<div id=\"\" class=\"wp-block-text-content margin-bottom-none\">\n    <div class=\"container-lg\">\n        <div class=\"row\">\n            <div class=\"col\">\n                <div class=\"module-migration-headline\">\n<h3>Bewerbung<\/h3>\n<\/div>\n\n            <\/div>\n        <\/div>\n            <\/div>\n<\/div>\n\n\n<div id=\"\" class=\"wp-block-text-content margin-bottom-normal\">\n    <div class=\"container-lg\">\n        <div class=\"row\">\n            <div class=\"col\">\n                <p>Wenn Sie die Voraussetzungen erf&uuml;llen, k&ouml;nnen Sie sich f&uuml;r den Lehrgang bewerben.<\/p>\n<p>F&uuml;r die Bewerbung zum <strong>viersemestrigen Hochschullehrgang<\/strong> mit Masterabschluss ben&ouml;tigen Sie die folgenden Unterlagen:<\/p>\n<ul>\n<li>unterzeichnetes Bewerbungsschreiben \/ Motivationsschreiben<\/li>\n<li>unterzeichneter Lebenslauf<\/li>\n<li>Kopie des Staatsb&uuml;rgerschaftsnachweises oder des Reisepasses<\/li>\n<li>Nachweis &uuml;ber den Abschluss eines facheinschl&auml;gigen Bachelorstudiums oder einer gleichwertigen Ausbildung<\/li>\n<li>Nachweis &uuml;ber eine zumindest 2-j&auml;hrige einschl&auml;gige Berufserfahrung (im CV ersichtlich)<\/li>\n<\/ul>\n<p>Die Bewerbungsunterlagen werden vertraulich behandelt.<\/p>\n\n            <\/div>\n        <\/div>\n            <\/div>\n<\/div>\n\n\n<div\n    id=\"\"\n    class=\"wp-block-tipp-box margin-bottom-normal\"\n>\n    <div class=\"container-lg\">\n        <div class=\"row\">\n            <div class=\"col\">\n                <div class=\"tipp-box border border-info\">\n                    <div class=\"tipp-box-inner p-2 p-md-3\">\n                        <h4 class=\"\">Hinweis<\/h4>\n                        <p><strong>Welche Regeln gelten f\u00fcr internationalen Dokumente?<\/strong><\/p>\n<p>F\u00fcr nicht-\u00f6sterreichische Dokumente gibt es Sonderregeln. Diese m\u00fcssen Sie einhalten, damit Ihre Bewerbung akzeptiert werden kann. Welche Richtlinien einzuhalten sind, h\u00e4ngt davon ab, in welchem Land die Dokumente ausgestellt wurden: <a href=\"https:\/\/www.fh-joanneum.at\/beglaubigungs-und-uebersetzungsrichtlinien\/\">Beglaubigungs- und \u00dcbersetzungsrichtlinien nach L\u00e4ndern<\/a>. <\/p>\n\n                    <\/div>\n                <\/div>\n            <\/div>\n        <\/div>\n    <\/div>\n<\/div>\n\n\n<div\n    id=\"\"\n    class=\"wp-block-tipp-box margin-bottom-normal\"\n>\n    <div class=\"container-lg\">\n        <div class=\"row\">\n            <div class=\"col\">\n                <div class=\"tipp-box border border-warning\">\n                    <div class=\"tipp-box-inner p-2 p-md-3\">\n                        <h4 class=\"\">Tipp<\/h4>\n                        <p>Falls Sie die Dokumente wie Bachelor- oder Diplomurkunde zum Zeitpunkt der Bewerbung noch nicht haben, k\u00f6nnen Sie diese bis zum Studienbeginn nachreichen.<\/p>\n\n                    <\/div>\n                <\/div>\n            <\/div>\n        <\/div>\n    <\/div>\n<\/div>\n\n\n<div id=\"\" class=\"wp-block-text-content margin-bottom-normal\">\n    <div class=\"container-lg\">\n        <div class=\"row\">\n            <div class=\"col\">\n                <h5>Onlinebewerbung<\/h5>\n<p><strong><a href=\"https:\/\/www.fh-joanneum.at\/studium\/online-bewerbung\/\">Hier geht es zur Onlinebewerbung.<\/a><\/strong><\/p>\n\n            <\/div>\n        <\/div>\n            <\/div>\n<\/div>\n\n\n<div id=\"\" class=\"wp-block-text-content margin-bottom-normal\">\n    <div class=\"container-lg\">\n        <div class=\"row\">\n            <div class=\"col\">\n                <h4>Einladung zum pers&ouml;nlichen Gespr&auml;ch<\/h4>\n<p>Ihre Bewerbung wird von der Lehrgangsleitung &uuml;berpr&uuml;ft. Alle Bewerber:innen, die die formalen Voraussetzungen erf&uuml;llen, werden zu einem pers&ouml;nlichen Gespr&auml;ch eingeladen.<\/p>\n\n            <\/div>\n        <\/div>\n            <\/div>\n<\/div>\n","protected":false},"excerpt":{"rendered":"<p>Alle Informationen \u00fcber Bewerbung und ben\u00f6tigte Unterlagen.<\/p>\n","protected":false},"author":11,"featured_media":0,"parent":10000039,"menu_order":13,"comment_status":"closed","ping_status":"closed","template":"","meta":{"_acf_changed":false,"footnotes":""},"acf":[],"aioseo_notices":[],"_links":{"self":[{"href":"https:\/\/www.fh-joanneum.at\/technische-dokumentation\/postgraduate\/wp-json\/wp\/v2\/pages\/10000042"}],"collection":[{"href":"https:\/\/www.fh-joanneum.at\/technische-dokumentation\/postgraduate\/wp-json\/wp\/v2\/pages"}],"about":[{"href":"https:\/\/www.fh-joanneum.at\/technische-dokumentation\/postgraduate\/wp-json\/wp\/v2\/types\/page"}],"author":[{"embeddable":true,"href":"https:\/\/www.fh-joanneum.at\/technische-dokumentation\/postgraduate\/wp-json\/wp\/v2\/users\/11"}],"replies":[{"embeddable":true,"href":"https:\/\/www.fh-joanneum.at\/technische-dokumentation\/postgraduate\/wp-json\/wp\/v2\/comments?post=10000042"}],"version-history":[{"count":4,"href":"https:\/\/www.fh-joanneum.at\/technische-dokumentation\/postgraduate\/wp-json\/wp\/v2\/pages\/10000042\/revisions"}],"predecessor-version":[{"id":10000350,"href":"https:\/\/www.fh-joanneum.at\/technische-dokumentation\/postgraduate\/wp-json\/wp\/v2\/pages\/10000042\/revisions\/10000350"}],"up":[{"embeddable":true,"href":"https:\/\/www.fh-joanneum.at\/technische-dokumentation\/postgraduate\/wp-json\/wp\/v2\/pages\/10000039"}],"wp:attachment":[{"href":"https:\/\/www.fh-joanneum.at\/technische-dokumentation\/postgraduate\/wp-json\/wp\/v2\/media?parent=10000042"}],"curies":[{"name":"wp","href":"https:\/\/api.w.org\/{rel}","templated":true}]}}